{"id":100,"date":"2023-03-23T13:03:01","date_gmt":"2023-03-23T05:03:01","guid":{"rendered":"http:\/\/citech.com.au\/?page_id=100"},"modified":"2025-02-05T22:41:16","modified_gmt":"2025-02-05T14:41:16","slug":"emergency-services","status":"publish","type":"page","link":"https:\/\/citech.com.au\/de\/sectors\/emergency-services\/","title":{"rendered":"Notdienste"},"content":{"rendered":"<h1>\n\t\t\tNotdienste\n\t\t<\/h1>\n\t\t\t<p>Stellen Sie die \u00f6ffentliche Kommunikation und andere wichtige Dienste in weniger als einer Stunde schnell wieder her, wo und wann immer sie ben\u00f6tigt werden.<\/p>\n\t\t\t\t\t\t\t\t\t<img loading=\"lazy\" decoding=\"async\" src=\"https:\/\/citech.com.au\/wp-content\/uploads\/2023\/04\/nexus-extended-transparent.png\" alt=\"nexus-extended-transparent\" itemprop=\"image\" height=\"1024\" width=\"566\" srcset=\"https:\/\/citech.com.au\/wp-content\/uploads\/2023\/04\/nexus-extended-transparent.png 566w, https:\/\/citech.com.au\/wp-content\/uploads\/2023\/04\/nexus-extended-transparent-166x300.png 166w\" sizes=\"auto, (max-width: 566px) 100vw, 566px\" title=\"nexus-extended-transparent\" onerror=\"this.style.display='none'\"  \/>\n\t\t<h2>\n\t\t\tWir stellen vor: Nexus 16\n\t\t<\/h2>\n\t\t\t<p>The emergency services sector plays a critical role in protecting communities from the harm caused by natural disasters, severe weather accidents, and other incidents. In these situations, establishing reliable communication networks is essential for effective response and coordination among emergency services personnel.The rapidly deployable <a href=\"https:\/\/citech.com.au\/de\/products\/nexus-16\/\">Nexus 16<\/a> telecommunication towers can provide a solution to this challenge, allowing for the quick deployment of communication infrastructure in emergency situations. With these towers, emergency responders can stay connected with each other, receive necessary updates and information, and coordinate their efforts more efficiently, ultimately improving their response times and ability to save lives.<\/p>\t\t\n\t\t<h3>Schnelle Bereitstellung<\/h3>\n\t\t\t<p>In Notsituationen wie Naturkatastrophen oder Terroranschl\u00e4gen ist der schnelle Aufbau zuverl\u00e4ssiger Kommunikationsnetzwerke von entscheidender Bedeutung, weshalb das Nexus 16 unverzichtbar ist.<\/p>\t\t\n\t\t<h3>Verbesserte Koordination<\/h3>\n\t\t\t<p>Eine effektive Koordinierung ist f\u00fcr Notfallhelfer von entscheidender Bedeutung. Sie m\u00fcssen klare Kommunikationswege schaffen, um die Bem\u00fchungen ihrer Rettungsdienste effizienter zu koordinieren.<\/p>\t\t\n\t\t<h3>Safety &#038; Security<\/h3>\n\t\t\t<p>Zuverl\u00e4ssige Kommunikationsnetzwerke gew\u00e4hrleisten die Sicherheit der Einsatzkr\u00e4fte und erm\u00f6glichen es ihnen, untereinander und mit der Zentrale in Verbindung zu bleiben und die erforderlichen Updates zu erhalten.<\/p>\t\t\n\t\t<h3>Vielseitigkeit<\/h3>\n\t\t\t<p>Schnell einsetzbare Telekommunikationsmasten k\u00f6nnen in einer Vielzahl von Notfallsituationen eingesetzt werden, darunter an schwer zug\u00e4nglichen Orten, tempor\u00e4ren Einrichtungen und Katastrophenhilfelagern.<\/p>\t\t\n\t\t<h3>\n\t\t\tKritische Kommunikation\n\t\t<\/h3>\n\t\t\t<p>Above all else, it is communications that bind communities together. During a crisis, the ability to talk to one another becomes more than a convenience, it is a necessity.When communications infrastructure is lost during an emergency not only do Government Departments and Emergency Services lose the ability to warn or advise the population but when family members can&#8217;t contact each other it creates enormous anxiety. &#8211; And poor decision making.Mobile phones are the communications backbone of all communities and when the supporting infrastructure fails due to natural (or unnatural) forces, people are without their most critical resource.<\/p>\t\t\n\t\t\t\t\t\t\t\t\t<img loading=\"lazy\" decoding=\"async\" src=\"https:\/\/citech.com.au\/wp-content\/uploads\/2023\/05\/nexus-16-southwest.jpg\" alt=\"Nexus 16 setup down south in Western Australia.\" itemprop=\"image\" height=\"1089\" width=\"1200\" srcset=\"https:\/\/citech.com.au\/wp-content\/uploads\/2023\/05\/nexus-16-southwest.jpg 1200w, https:\/\/citech.com.au\/wp-content\/uploads\/2023\/05\/nexus-16-southwest-300x272.jpg 300w, https:\/\/citech.com.au\/wp-content\/uploads\/2023\/05\/nexus-16-southwest-1024x929.jpg 1024w, https:\/\/citech.com.au\/wp-content\/uploads\/2023\/05\/nexus-16-southwest-768x697.jpg 768w\" sizes=\"auto, (max-width: 1200px) 100vw, 1200px\" title=\"Nexus 16 setup down south in Western Australia\" onerror=\"this.style.display='none'\"  \/>\n\t\t\t\t\t\t\t\t\t\t\tDer Nexus k\u00f6nnte die Mobiltelefonkommunikation (LTE-Sprache und -Text) einer mittelgro\u00dfen Stadt mit einer Abdeckung von 700 Quadratkilometern und mehreren tausend Teilnehmern ersetzen. Dar\u00fcber hinaus k\u00f6nnen die beiden 600-mm-Mikrowellenantennen Multi-Gigabit-Verbindungen zur\u00fcck in die bestehenden Netzwerke bereitstellen.\n\t\t<h3>\n\t\t\tVorteile des Nexus 16\n\t\t<\/h3>\n\t\t\t<p>Das Nexus 16 kann vor Ort geliefert, selbst entladen und innerhalb weniger Stunden in Betrieb genommen werden, um kommunale Mobilfunkdienste zu ersetzen.<\/p><ul><li>Telco grade tower. Strong enough to support two multi gigabit links 40 kilometers across flat ground &#8211; In near cyclonic winds.<\/li><li>Enough power to support 3 sector mobile network and thousands of subscribers &#8211; for many months.<\/li><li>Kann per LKW auf einen Berg transportiert werden und ist innerhalb von 30 Minuten nach dem Entladen betriebsbereit.<\/li><li>Vollst\u00e4ndig autonomer Betrieb mit Fern\u00fcberwachung und -steuerung.<\/li><\/ul>\t\t\n\t\t\t\t\t\t\t\t\t<img loading=\"lazy\" decoding=\"async\" src=\"https:\/\/citech.com.au\/wp-content\/uploads\/2023\/05\/nexus-16-kalbarri.jpg\" alt=\"What the Nexus 16 radius would be in Kalbarri, Australia.\" itemprop=\"image\" height=\"1168\" width=\"1200\" srcset=\"https:\/\/citech.com.au\/wp-content\/uploads\/2023\/05\/nexus-16-kalbarri.jpg 1200w, https:\/\/citech.com.au\/wp-content\/uploads\/2023\/05\/nexus-16-kalbarri-300x292.jpg 300w, https:\/\/citech.com.au\/wp-content\/uploads\/2023\/05\/nexus-16-kalbarri-1024x997.jpg 1024w, https:\/\/citech.com.au\/wp-content\/uploads\/2023\/05\/nexus-16-kalbarri-768x748.jpg 768w\" sizes=\"auto, (max-width: 1200px) 100vw, 1200px\" title=\"What the Nexus 16 radius would be in Kalbarri, Australia\" onerror=\"this.style.display='none'\"  \/>\n\t\t\t\t\t\t\t\t\t\t\tF\u00fcr den Fall, dass sich das Nexus 16 nicht in der Reichweite eines Netzverbindungspunkts eines Mobilfunkanbieters befindet, kann ein eingebautes Starlink-Terminal 200\/25 Mbit\/s Backhaul bereitstellen, um Rundfunk- und m\u00f6glicherweise Mobilfunkkonnektivit\u00e4t bereitzustellen.\n\t\t<h2>\n\t\t\tFunktionsweise des Nexus 16\n\t\t<\/h2>\n\t\t\t<p>Das einzigartige Design des Nexus 16 reduziert den Bedarf an zertifizierten Monteuren, verringert Sicherheitsbedenken und spart Betriebskosten. Sehen Sie sich das gesamte Spektrum an Vorteilen und Spezifikationen an, indem Sie das PDF unten herunterladen.<a href=\"https:\/\/citech.com.au\/wp-content\/uploads\/2023\/04\/NEXUS-16-Brochure-v2.pdf\" target=\"_blank\" rel=\"noopener\"><strong>Nexus 16-Brosch\u00fcre \u00bb<\/strong><\/a><\/p>\t\t\n\t\t\t\t\t\t\t\t\t<img loading=\"lazy\" decoding=\"async\" src=\"https:\/\/citech.com.au\/wp-content\/uploads\/2023\/05\/nexus-16-transportation.png\" alt=\"nexus-16-transportation\" itemprop=\"image\" height=\"400\" width=\"600\" srcset=\"https:\/\/citech.com.au\/wp-content\/uploads\/2023\/05\/nexus-16-transportation.png 600w, https:\/\/citech.com.au\/wp-content\/uploads\/2023\/05\/nexus-16-transportation-300x200.png 300w\" sizes=\"auto, (max-width: 600px) 100vw, 600px\" title=\"nexus-16-transportation\" onerror=\"this.style.display='none'\"  \/>\n\t\t\tSchritt 01\n\t\t<h3>\n\t\t\tTransport\n\t\t<\/h3>\n\t\t\t<p>The Nexus 16 complies with the dimensions of an in-gauge 20 foot high-cube container complete with all 8 container locks.At an operating weight of 9.6T, Nexus can be lifted, stored and transported by any asset that can handle sea containers.<\/p>\t\t\n\t\t\t\t\t\t\t\t\t<img loading=\"lazy\" decoding=\"async\" src=\"https:\/\/citech.com.au\/wp-content\/uploads\/2023\/05\/nexus-16-unloading.png\" alt=\"nexus-16-unloading\" itemprop=\"image\" height=\"400\" width=\"600\" srcset=\"https:\/\/citech.com.au\/wp-content\/uploads\/2023\/05\/nexus-16-unloading.png 600w, https:\/\/citech.com.au\/wp-content\/uploads\/2023\/05\/nexus-16-unloading-300x200.png 300w\" sizes=\"auto, (max-width: 600px) 100vw, 600px\" title=\"nexus-16-unloading\" onerror=\"this.style.display='none'\"  \/>\n\t\t\tSchritt 02\n\t\t<h3>\n\t\t\tEntladung\n\t\t<\/h3>\n\t\t\t<p>Sobald das Nexus 16 an Ihrem Standort angekommen ist, schaltet ein einziger Tastendruck auf der drahtlosen Steuerung die Hydraulik ein und das NX16 hebt sich automatisch vom Transportwagen ab und setzt sich auf den Boden. Vom Boden aus k\u00f6nnen Arbeiten im Ger\u00e4teraum oder am Turm durchgef\u00fchrt werden, wodurch Sicherheitsbedenken minimiert werden.<\/p>\t\t\n\t\t\t\t\t\t\t\t\t<img loading=\"lazy\" decoding=\"async\" src=\"https:\/\/citech.com.au\/wp-content\/uploads\/2023\/05\/nexus-16-stabilisation.png\" alt=\"nexus-16-stabilisation\" itemprop=\"image\" height=\"400\" width=\"600\" srcset=\"https:\/\/citech.com.au\/wp-content\/uploads\/2023\/05\/nexus-16-stabilisation.png 600w, https:\/\/citech.com.au\/wp-content\/uploads\/2023\/05\/nexus-16-stabilisation-300x200.png 300w\" sizes=\"auto, (max-width: 600px) 100vw, 600px\" title=\"nexus-16-stabilisation\" onerror=\"this.style.display='none'\"  \/>\n\t\t\tSchritt 03\n\t\t<h3>\n\t\t\tStabilisierung\n\t\t<\/h3>\n\t\t\t<p>Nachdem alle \u00dcberpr\u00fcfungen oder \u00c4nderungen abgeschlossen sind, werden durch einen weiteren Knopfdruck die vier doppelgelenkigen Beine ausgefahren und die Plattform automatisch nivelliert und stabilisiert. Bodenunebenheiten und Neigungen von +\/-10 Grad k\u00f6nnen durch den autonomen Nivellieralgorithmus ausgeglichen werden.<\/p>\t\t\n\t\t\t\t\t\t\t\t\t<img loading=\"lazy\" decoding=\"async\" src=\"https:\/\/citech.com.au\/wp-content\/uploads\/2023\/05\/nexus-16-power.png\" alt=\"nexus-16-power\" itemprop=\"image\" height=\"400\" width=\"600\" srcset=\"https:\/\/citech.com.au\/wp-content\/uploads\/2023\/05\/nexus-16-power.png 600w, https:\/\/citech.com.au\/wp-content\/uploads\/2023\/05\/nexus-16-power-300x200.png 300w\" sizes=\"auto, (max-width: 600px) 100vw, 600px\" title=\"nexus-16-power\" onerror=\"this.style.display='none'\"  \/>\n\t\t\tSchritt 04\n\t\t<h3>\n\t\t\tLeistung\n\t\t<\/h3>\n\t\t\t<p>Sobald der NX16 waagerecht und stabil steht, wird die Solaranlage automatisch ausgefahren. Die resultierenden 4,8-kW-Module k\u00f6nnen eine 800-W-Ger\u00e4telast fast unbegrenzt unterst\u00fctzen und laden bis zu 1,2 kW f\u00fcr ein Jahr zwischen dem Nachf\u00fcllen des Generators. Lasten bis zu 7 kW k\u00f6nnen durch zus\u00e4tzlichen Dieselverbrauch und sogar noch mehr durch Leistungssteigerungen unterst\u00fctzt werden.<\/p>\t\t\n\t\t\t\t\t\t\t\t\t<img loading=\"lazy\" decoding=\"async\" src=\"https:\/\/citech.com.au\/wp-content\/uploads\/2023\/05\/nexus-16-expansion.png\" alt=\"nexus-16-expansion\" itemprop=\"image\" height=\"400\" width=\"600\" srcset=\"https:\/\/citech.com.au\/wp-content\/uploads\/2023\/05\/nexus-16-expansion.png 600w, https:\/\/citech.com.au\/wp-content\/uploads\/2023\/05\/nexus-16-expansion-300x200.png 300w\" sizes=\"auto, (max-width: 600px) 100vw, 600px\" title=\"nexus-16-expansion\" onerror=\"this.style.display='none'\"  \/>\n\t\t\tSchritt 05\n\t\t<h3>\n\t\t\tErweiterung\n\t\t<\/h3>\n\t\t\t<p>Tower lift comes next and like all other tasks, is a 1 button deploy. Driven by a locking lead screw in the base, the scissor-based tower will lift to a full height of 16 meters. Supporting large payloads weighing up to 250kG in 100km\/h winds with compete stability and safety.Electrically driven and self-aligning antenna mounts completes the installation by locking onto the coordinates of far end microwave radio systems.<\/p>\t\t\n\t\t\t\t\t\t\t\t\t<img loading=\"lazy\" decoding=\"async\" src=\"https:\/\/citech.com.au\/wp-content\/uploads\/2023\/05\/nexus-16-built-in-reliability-safety.png\" alt=\"nexus-16-built-in-reliability-safety\" itemprop=\"image\" height=\"400\" width=\"600\" srcset=\"https:\/\/citech.com.au\/wp-content\/uploads\/2023\/05\/nexus-16-built-in-reliability-safety.png 600w, https:\/\/citech.com.au\/wp-content\/uploads\/2023\/05\/nexus-16-built-in-reliability-safety-300x200.png 300w\" sizes=\"auto, (max-width: 600px) 100vw, 600px\" title=\"nexus-16-built-in-reliability-safety\" onerror=\"this.style.display='none'\"  \/>\n\t\t\tSchritt 06\n\t\t<h3>\n\t\t\tBuilt-in Reliability &#038; Safety\n\t\t<\/h3>\n\t\t\t<p>The heavily researched and patented 16-meter tower is driven at the base by a lead screw which must be driven to raise or lower the tower thereby eliminating safety issues that plague stored energy systems using pneumatics or hydraulics.In addition to the vastly improved safety case, the screw drive and completely mechanical construction of the tower translates to many years of reliable operation in the world&#8217;s most demanding environments.<\/p>\t\t\n\t\t\t<video src=\"https:\/\/citech.com.au\/wp-content\/uploads\/2023\/04\/Mechanical-Animation.mp4\" autoplay=\"\" webkit-playsinline=\"\" playsinline=\"\" loop=\"\" controls=\"\" muted=\"muted\"><\/video>\n\t\t<h3>\n\t\t\tBuchen Sie eine Pr\u00e4sentation\n\t\t<\/h3>\n\t\t\t<p>Want to see the Nexus 16 rapidly deployable system in person?Based in Fremantle, Western Australia, our experienced team will happily organise a demonstration to showcase the capabilities of Nexus 16 and what sets it apart from the current standard telecommunication towers used by emergency services personnel.<\/p>\t\t\n\t<a href=\"https:\/\/citech.com.au\/de\/contact\/\" target=\"_self\" role=\"button\" aria-label=\"Buchen Sie jetzt\">\n\t\t\t\t\t\tBuchen Sie jetzt\n\t\t\t\t\t<\/a>","protected":false},"excerpt":{"rendered":"<p>Emergency Services Quickly restore public communications and other vital services in under an hour, wherever and whenever they are needed. Introducing Nexus 16 The emergency services sector plays a critical role in protecting communities from the harm caused by natural disasters, severe weather accidents, and other incidents. In these situations, establishing reliable communication networks is&hellip;<\/p>","protected":false},"author":1,"featured_media":0,"parent":87,"menu_order":0,"comment_status":"closed","ping_status":"closed","template":"","meta":{"_acf_changed":false,"footnotes":""},"class_list":["post-100","page","type-page","status-publish","hentry"],"acf":[],"_links":{"self":[{"href":"https:\/\/citech.com.au\/de\/wp-json\/wp\/v2\/pages\/100","targetHints":{"allow":["GET"]}}],"collection":[{"href":"https:\/\/citech.com.au\/de\/wp-json\/wp\/v2\/pages"}],"about":[{"href":"https:\/\/citech.com.au\/de\/wp-json\/wp\/v2\/types\/page"}],"author":[{"embeddable":true,"href":"https:\/\/citech.com.au\/de\/wp-json\/wp\/v2\/users\/1"}],"replies":[{"embeddable":true,"href":"https:\/\/citech.com.au\/de\/wp-json\/wp\/v2\/comments?post=100"}],"version-history":[{"count":3,"href":"https:\/\/citech.com.au\/de\/wp-json\/wp\/v2\/pages\/100\/revisions"}],"predecessor-version":[{"id":423,"href":"https:\/\/citech.com.au\/de\/wp-json\/wp\/v2\/pages\/100\/revisions\/423"}],"up":[{"embeddable":true,"href":"https:\/\/citech.com.au\/de\/wp-json\/wp\/v2\/pages\/87"}],"wp:attachment":[{"href":"https:\/\/citech.com.au\/de\/wp-json\/wp\/v2\/media?parent=100"}],"curies":[{"name":"wp","href":"https:\/\/api.w.org\/{rel}","templated":true}]}}