{"id":101,"date":"2023-03-23T13:03:13","date_gmt":"2023-03-23T05:03:13","guid":{"rendered":"http:\/\/citech.com.au\/?page_id=101"},"modified":"2025-02-05T22:46:38","modified_gmt":"2025-02-05T14:46:38","slug":"defence","status":"publish","type":"page","link":"https:\/\/citech.com.au\/de\/sectors\/defence\/","title":{"rendered":"Verteidigung"},"content":{"rendered":"<h1>\n\t\t\tVerteidigungssektor\n\t\t<\/h1>\n\t\t\t<p>Schnell einsetzbare Ressourcen, die eine Vielzahl kritischer Ausr\u00fcstungsnutzlasten wie Kommunikation und Radar unterst\u00fctzen k\u00f6nnen, um die Effektivit\u00e4t auf dem Schlachtfeld zu verbessern.<\/p>\n\t\t\t\t\t\t\t\t\t<img loading=\"lazy\" decoding=\"async\" src=\"https:\/\/citech.com.au\/wp-content\/uploads\/2023\/04\/nexus-extended-transparent.png\" alt=\"nexus-extended-transparent\" itemprop=\"image\" height=\"1024\" width=\"566\" srcset=\"https:\/\/citech.com.au\/wp-content\/uploads\/2023\/04\/nexus-extended-transparent.png 566w, https:\/\/citech.com.au\/wp-content\/uploads\/2023\/04\/nexus-extended-transparent-166x300.png 166w\" sizes=\"auto, (max-width: 566px) 100vw, 566px\" title=\"nexus-extended-transparent\" onerror=\"this.style.display='none'\"  \/>\n\t\t<h2>\n\t\t\tWir stellen vor: Nexus 16\n\t\t<\/h2>\n\t\t\t<p>With the demand for high bandwidth situational awareness tools increasing, it is expected that legacy voice or low speed telemetry communications equipment may no longer viable in modern, fast-moving warfare.The Nexus 16 is unique in its ability to provide a fully self-contained and rapidly deployable asset capable of supporting a wide verity of critical equipment payloads. (Communications \/ radar).Nexus 16 provides leading edge advantages:<\/p><ul><li>Self-unloading &#8211; The Nexus 16 can be deployed within 15 minutes and without leaving an armoured cab &#8211; if required.<\/li><li>Der Turm kann zur Antennenanpassung\/-aktualisierung eingefahren werden, um zu vermeiden, dass das Personal in der H\u00f6he exponiert wird.<\/li><li>Aufgrund der Abmessungen eines 20-Fu\u00df-Transportcontainers sind keine Spezialfahrzeuge oder Bediener erforderlich, bei Bedarf k\u00f6nnen zivile Fahrzeuge eingesetzt werden.<\/li><li>Autonomer Betrieb, solarbetrieben und hochredundant bedeutet, dass es in Betrieb bleiben kann, auch wenn es \u00fcber l\u00e4ngere Zeitr\u00e4ume unbeaufsichtigt bleibt.<\/li><li>Vollst\u00e4ndig mit Gleichstrom betrieben, was zu geringen internen EMF-Emissionen f\u00fchrt.<\/li><\/ul>\t\t\n\t\t<h3>Operative Flexibilit\u00e4t<\/h3>\n\t\t\t<p>Die Mobilit\u00e4t und Flexibilit\u00e4t schnell einsetzbarer T\u00fcrme erm\u00f6glichen es dem Verteidigungssektor, schnell und effektiv eine Kommunikationsinfrastruktur in abgelegenen oder feindlichen Umgebungen aufzubauen.<\/p>\t\t\n\t\t<h3>Fern\u00fcberwachung<\/h3>\n\t\t\t<p>Schnell einsetzbare Telekommunikationst\u00fcrme k\u00f6nnen mit Sensoren und Fern\u00fcberwachungsfunktionen ausgestattet werden, sodass Verteidigungspersonal kritische Infrastrukturen oder Bereiche aus der Ferne \u00fcberwachen kann.<\/p>\t\t\n\t\t<h3>Schnelle Bereitstellung<\/h3>\n\t\t\t<p>Nexus 16 kann schnell und einfach an verschiedene Standorte transportiert werden, sodass der Verteidigungssektor als Reaktion auf sich \u00e4ndernde Situationen oder Bedrohungen schnell eine Kommunikationsinfrastruktur aufbauen kann.<\/p>\t\t\n\t\t<h3>Erweiterte Kommunikation<\/h3>\n\t\t\t<p>Schnell einsetzbare Telekommunikationst\u00fcrme k\u00f6nnen sichere und zuverl\u00e4ssige verschl\u00fcsselte Kommunikationsnetzwerke f\u00fcr den Verteidigungssektor bereitstellen, um das Risiko von Cyberangriffen zu verringern.<\/p>\t\t\n\t\t\t\t\t\t\t\t\t\t\t\t\t\t\t\t\t<a href=\"https:\/\/citech.com.au\/wp-content\/uploads\/2023\/05\/anti-drone-system.jpg\" target=\"_self\" data-caption=\"Anti Drone Systems - Detection and jamming.\" aria-label=\"Anti Drone Systems - Detection and jamming.\">\n\t\t\t\t\t\t<figure>\n\t\t\t\t\t\t\t<img loading=\"lazy\" decoding=\"async\" src=\"https:\/\/citech.com.au\/wp-content\/uploads\/2023\/05\/anti-drone-system.jpg\" alt=\"Anti Drone Systems - Detection and jamming.\" srcset=\"https:\/\/citech.com.au\/wp-content\/uploads\/2023\/05\/anti-drone-system.jpg 600w, https:\/\/citech.com.au\/wp-content\/uploads\/2023\/05\/anti-drone-system-300x200.jpg 300w\" width=\"600\" height=\"400\" \/>\n\t\t\t\t\t\t\t\t\t\t\t\t\t<\/figure>\n\t\t\t\t\t\t\t\t\t\t<\/a>\n\t\t\t\t\t\t\t\t\t\t\t\t\t\t\t\t\t<a href=\"https:\/\/citech.com.au\/wp-content\/uploads\/2023\/05\/long-range-marine-surveillance.png\" target=\"_self\" data-caption=\"Long range marine surveillance.\" aria-label=\"Long range marine surveillance.\">\n\t\t\t\t\t\t<figure>\n\t\t\t\t\t\t\t<img loading=\"lazy\" decoding=\"async\" src=\"https:\/\/citech.com.au\/wp-content\/uploads\/2023\/05\/long-range-marine-surveillance.png\" alt=\"Long range marine surveillance.\" srcset=\"https:\/\/citech.com.au\/wp-content\/uploads\/2023\/05\/long-range-marine-surveillance.png 515w, https:\/\/citech.com.au\/wp-content\/uploads\/2023\/05\/long-range-marine-surveillance-300x245.png 300w\" width=\"515\" height=\"420\" \/>\n\t\t\t\t\t\t\t\t\t\t\t\t\t<\/figure>\n\t\t\t\t\t\t\t\t\t\t<\/a>\n\t\t\t\t\t\t\t\t\t\t\t\t\t\t\t\t\t<a href=\"https:\/\/citech.com.au\/wp-content\/uploads\/2023\/05\/cctv-border-security.jpg\" target=\"_self\" data-caption=\"CCTV Border Security.\" aria-label=\"CCTV Border Security.\">\n\t\t\t\t\t\t<figure>\n\t\t\t\t\t\t\t<img loading=\"lazy\" decoding=\"async\" src=\"https:\/\/citech.com.au\/wp-content\/uploads\/2023\/05\/cctv-border-security.jpg\" alt=\"CCTV Border Security.\" srcset=\"https:\/\/citech.com.au\/wp-content\/uploads\/2023\/05\/cctv-border-security.jpg 375w, https:\/\/citech.com.au\/wp-content\/uploads\/2023\/05\/cctv-border-security-300x300.jpg 300w, https:\/\/citech.com.au\/wp-content\/uploads\/2023\/05\/cctv-border-security-150x150.jpg 150w\" width=\"375\" height=\"375\" \/>\n\t\t\t\t\t\t\t\t\t\t\t\t\t<\/figure>\n\t\t\t\t\t\t\t\t\t\t<\/a>\n\t\t\t\t\t\t\t\t\t\t\t\t\t\t\t\t\t<a href=\"https:\/\/citech.com.au\/wp-content\/uploads\/2023\/05\/emergency-air-traffic-control.jpg\" target=\"_self\" data-caption=\"mergency air traffic control.\" aria-label=\"mergency air traffic control.\">\n\t\t\t\t\t\t<figure>\n\t\t\t\t\t\t\t<img loading=\"lazy\" decoding=\"async\" src=\"https:\/\/citech.com.au\/wp-content\/uploads\/2023\/05\/emergency-air-traffic-control.jpg\" alt=\"mergency air traffic control.\" srcset=\"https:\/\/citech.com.au\/wp-content\/uploads\/2023\/05\/emergency-air-traffic-control.jpg 815w, https:\/\/citech.com.au\/wp-content\/uploads\/2023\/05\/emergency-air-traffic-control-300x180.jpg 300w, https:\/\/citech.com.au\/wp-content\/uploads\/2023\/05\/emergency-air-traffic-control-768x462.jpg 768w\" width=\"815\" height=\"490\" \/>\n\t\t\t\t\t\t\t\t\t\t\t\t\t<\/figure>\n\t\t\t\t\t\t\t\t\t\t<\/a>\n\t\t\t\t\t\t\t\t\t\t\t\t\t\t\t\t\t<a href=\"https:\/\/citech.com.au\/wp-content\/uploads\/2023\/05\/surveillance-radar.png\" target=\"_self\" data-caption=\"Surveillance RADAR.\" aria-label=\"Surveillance RADAR.\">\n\t\t\t\t\t\t<figure>\n\t\t\t\t\t\t\t<img loading=\"lazy\" decoding=\"async\" src=\"https:\/\/citech.com.au\/wp-content\/uploads\/2023\/05\/surveillance-radar.png\" alt=\"Surveillance RADAR.\" srcset=\"https:\/\/citech.com.au\/wp-content\/uploads\/2023\/05\/surveillance-radar.png 320w, https:\/\/citech.com.au\/wp-content\/uploads\/2023\/05\/surveillance-radar-300x201.png 300w\" width=\"320\" height=\"214\" \/>\n\t\t\t\t\t\t\t\t\t\t\t\t\t<\/figure>\n\t\t\t\t\t\t\t\t\t\t<\/a>\n\t\t\t\t\t\t\t\t\t\t\t<!-- pagination -->\n\t\t<h2>\n\t\t\tFunktionsweise des Nexus 16\n\t\t<\/h2>\n\t\t\t<p>Das einzigartige Design des Nexus 16 reduziert den Bedarf an zertifizierten Monteuren, verringert Sicherheitsbedenken und spart Betriebskosten. Sehen Sie sich das gesamte Spektrum an Vorteilen und Spezifikationen an, indem Sie das PDF unten herunterladen.<a href=\"https:\/\/citech.com.au\/wp-content\/uploads\/2023\/04\/NEXUS-16-Brochure-v2.pdf\" target=\"_blank\" rel=\"noopener\"><strong>Nexus 16-Brosch\u00fcre \u00bb<\/strong><\/a><\/p>\t\t\n\t\t\t\t\t\t\t\t\t<img loading=\"lazy\" decoding=\"async\" src=\"https:\/\/citech.com.au\/wp-content\/uploads\/2023\/05\/nexus-16-transportation.png\" alt=\"nexus-16-transportation\" itemprop=\"image\" height=\"400\" width=\"600\" srcset=\"https:\/\/citech.com.au\/wp-content\/uploads\/2023\/05\/nexus-16-transportation.png 600w, https:\/\/citech.com.au\/wp-content\/uploads\/2023\/05\/nexus-16-transportation-300x200.png 300w\" sizes=\"auto, (max-width: 600px) 100vw, 600px\" title=\"nexus-16-transportation\" onerror=\"this.style.display='none'\"  \/>\n\t\t\tSchritt 01\n\t\t<h3>\n\t\t\tTransport\n\t\t<\/h3>\n\t\t\t<p>The Nexus 16 complies with the dimensions of an in-gauge 20 foot high-cube container complete with all 8 container locks.At an operating weight of 9.6T, Nexus can be lifted, stored and transported by any asset that can handle sea containers.<\/p>\t\t\n\t\t\t\t\t\t\t\t\t<img loading=\"lazy\" decoding=\"async\" src=\"https:\/\/citech.com.au\/wp-content\/uploads\/2023\/05\/nexus-16-unloading.png\" alt=\"nexus-16-unloading\" itemprop=\"image\" height=\"400\" width=\"600\" srcset=\"https:\/\/citech.com.au\/wp-content\/uploads\/2023\/05\/nexus-16-unloading.png 600w, https:\/\/citech.com.au\/wp-content\/uploads\/2023\/05\/nexus-16-unloading-300x200.png 300w\" sizes=\"auto, (max-width: 600px) 100vw, 600px\" title=\"nexus-16-unloading\" onerror=\"this.style.display='none'\"  \/>\n\t\t\tSchritt 02\n\t\t<h3>\n\t\t\tEntladung\n\t\t<\/h3>\n\t\t\t<p>Sobald das Nexus 16 an Ihrem Standort angekommen ist, schaltet ein einziger Tastendruck auf der drahtlosen Steuerung die Hydraulik ein und das NX16 hebt sich automatisch vom Transportwagen ab und setzt sich auf den Boden. Vom Boden aus k\u00f6nnen Arbeiten im Ger\u00e4teraum oder am Turm durchgef\u00fchrt werden, wodurch Sicherheitsbedenken minimiert werden.<\/p>\t\t\n\t\t\t\t\t\t\t\t\t<img loading=\"lazy\" decoding=\"async\" src=\"https:\/\/citech.com.au\/wp-content\/uploads\/2023\/05\/nexus-16-stabilisation.png\" alt=\"nexus-16-stabilisation\" itemprop=\"image\" height=\"400\" width=\"600\" srcset=\"https:\/\/citech.com.au\/wp-content\/uploads\/2023\/05\/nexus-16-stabilisation.png 600w, https:\/\/citech.com.au\/wp-content\/uploads\/2023\/05\/nexus-16-stabilisation-300x200.png 300w\" sizes=\"auto, (max-width: 600px) 100vw, 600px\" title=\"nexus-16-stabilisation\" onerror=\"this.style.display='none'\"  \/>\n\t\t\tSchritt 03\n\t\t<h3>\n\t\t\tStabilisierung\n\t\t<\/h3>\n\t\t\t<p>Nachdem alle \u00dcberpr\u00fcfungen oder \u00c4nderungen abgeschlossen sind, werden durch einen weiteren Knopfdruck die vier doppelgelenkigen Beine ausgefahren und die Plattform automatisch nivelliert und stabilisiert. Bodenunebenheiten und Neigungen von +\/-10 Grad k\u00f6nnen durch den autonomen Nivellieralgorithmus ausgeglichen werden.<\/p>\t\t\n\t\t\t\t\t\t\t\t\t<img loading=\"lazy\" decoding=\"async\" src=\"https:\/\/citech.com.au\/wp-content\/uploads\/2023\/05\/nexus-16-power.png\" alt=\"nexus-16-power\" itemprop=\"image\" height=\"400\" width=\"600\" srcset=\"https:\/\/citech.com.au\/wp-content\/uploads\/2023\/05\/nexus-16-power.png 600w, https:\/\/citech.com.au\/wp-content\/uploads\/2023\/05\/nexus-16-power-300x200.png 300w\" sizes=\"auto, (max-width: 600px) 100vw, 600px\" title=\"nexus-16-power\" onerror=\"this.style.display='none'\"  \/>\n\t\t\tSchritt 04\n\t\t<h3>\n\t\t\tLeistung\n\t\t<\/h3>\n\t\t\t<p>Sobald der NX16 waagerecht und stabil steht, wird die Solaranlage automatisch ausgefahren. Die resultierenden 4,8-kW-Module k\u00f6nnen eine 800-W-Ger\u00e4telast fast unbegrenzt unterst\u00fctzen und laden bis zu 1,2 kW f\u00fcr ein Jahr zwischen dem Nachf\u00fcllen des Generators. Lasten bis zu 7 kW k\u00f6nnen durch zus\u00e4tzlichen Dieselverbrauch und sogar noch mehr durch Leistungssteigerungen unterst\u00fctzt werden.<\/p>\t\t\n\t\t\t\t\t\t\t\t\t<img loading=\"lazy\" decoding=\"async\" src=\"https:\/\/citech.com.au\/wp-content\/uploads\/2023\/05\/nexus-16-expansion.png\" alt=\"nexus-16-expansion\" itemprop=\"image\" height=\"400\" width=\"600\" srcset=\"https:\/\/citech.com.au\/wp-content\/uploads\/2023\/05\/nexus-16-expansion.png 600w, https:\/\/citech.com.au\/wp-content\/uploads\/2023\/05\/nexus-16-expansion-300x200.png 300w\" sizes=\"auto, (max-width: 600px) 100vw, 600px\" title=\"nexus-16-expansion\" onerror=\"this.style.display='none'\"  \/>\n\t\t\tSchritt 05\n\t\t<h3>\n\t\t\tErweiterung\n\t\t<\/h3>\n\t\t\t<p>Tower lift comes next and like all other tasks, is a 1 button deploy. Driven by a locking lead screw in the base, the scissor-based tower will lift to a full height of 16 meters. Supporting large payloads weighing up to 250kG in 100km\/h winds with compete stability and safety.Electrically driven and self-aligning antenna mounts completes the installation by locking onto the coordinates of far end microwave radio systems.<\/p>\t\t\n\t\t\t\t\t\t\t\t\t<img loading=\"lazy\" decoding=\"async\" src=\"https:\/\/citech.com.au\/wp-content\/uploads\/2023\/05\/nexus-16-built-in-reliability-safety.png\" alt=\"nexus-16-built-in-reliability-safety\" itemprop=\"image\" height=\"400\" width=\"600\" srcset=\"https:\/\/citech.com.au\/wp-content\/uploads\/2023\/05\/nexus-16-built-in-reliability-safety.png 600w, https:\/\/citech.com.au\/wp-content\/uploads\/2023\/05\/nexus-16-built-in-reliability-safety-300x200.png 300w\" sizes=\"auto, (max-width: 600px) 100vw, 600px\" title=\"nexus-16-built-in-reliability-safety\" onerror=\"this.style.display='none'\"  \/>\n\t\t\tSchritt 06\n\t\t<h3>\n\t\t\tBuilt-in Reliability &#038; Safety\n\t\t<\/h3>\n\t\t\t<p>The heavily researched and patented 16-meter tower is driven at the base by a lead screw which must be driven to raise or lower the tower thereby eliminating safety issues that plague stored energy systems using pneumatics or hydraulics.In addition to the vastly improved safety case, the screw drive and completely mechanical construction of the tower translates to many years of reliable operation in the world&#8217;s most demanding environments.<\/p>\t\t\n\t\t\t<video src=\"https:\/\/citech.com.au\/wp-content\/uploads\/2023\/04\/Mechanical-Animation.mp4\" autoplay=\"\" webkit-playsinline=\"\" playsinline=\"\" loop=\"\" controls=\"\" muted=\"muted\"><\/video>\n\t\t<h3>\n\t\t\tBuchen Sie eine Pr\u00e4sentation\n\t\t<\/h3>\n\t\t\t<p>Want to see the Nexus 16 rapidly deployable system in person?Based in Fremantle, Western Australia, our experienced team will happily organise a demonstration to showcase the capabilities of Nexus 16 and what sets it apart from the current standard telecommunication towers used by defence personnel.<\/p>\t\t\n\t<a href=\"https:\/\/citech.com.au\/de\/contact\/\" target=\"_self\" role=\"button\" aria-label=\"Buchen Sie jetzt\">\n\t\t\t\t\t\tBuchen Sie jetzt\n\t\t\t\t\t<\/a>","protected":false},"excerpt":{"rendered":"<p>Defence Sector Rapidly deployable assets capable of supporting a wide variety of critical equipment payloads like communications and radar to enhance battlefield effectiveness. Introducing Nexus 16 With the demand for high bandwidth situational awareness tools increasing, it is expected that legacy voice or low speed telemetry communications equipment may no longer viable in modern, fast-moving&hellip;<\/p>","protected":false},"author":1,"featured_media":0,"parent":87,"menu_order":0,"comment_status":"closed","ping_status":"closed","template":"","meta":{"_acf_changed":false,"footnotes":""},"class_list":["post-101","page","type-page","status-publish","hentry"],"acf":[],"_links":{"self":[{"href":"https:\/\/citech.com.au\/de\/wp-json\/wp\/v2\/pages\/101","targetHints":{"allow":["GET"]}}],"collection":[{"href":"https:\/\/citech.com.au\/de\/wp-json\/wp\/v2\/pages"}],"about":[{"href":"https:\/\/citech.com.au\/de\/wp-json\/wp\/v2\/types\/page"}],"author":[{"embeddable":true,"href":"https:\/\/citech.com.au\/de\/wp-json\/wp\/v2\/users\/1"}],"replies":[{"embeddable":true,"href":"https:\/\/citech.com.au\/de\/wp-json\/wp\/v2\/comments?post=101"}],"version-history":[{"count":4,"href":"https:\/\/citech.com.au\/de\/wp-json\/wp\/v2\/pages\/101\/revisions"}],"predecessor-version":[{"id":425,"href":"https:\/\/citech.com.au\/de\/wp-json\/wp\/v2\/pages\/101\/revisions\/425"}],"up":[{"embeddable":true,"href":"https:\/\/citech.com.au\/de\/wp-json\/wp\/v2\/pages\/87"}],"wp:attachment":[{"href":"https:\/\/citech.com.au\/de\/wp-json\/wp\/v2\/media?parent=101"}],"curies":[{"name":"wp","href":"https:\/\/api.w.org\/{rel}","templated":true}]}}