{"id":12,"date":"2023-03-13T13:49:54","date_gmt":"2023-03-13T13:49:54","guid":{"rendered":"http:\/\/citech.com.au\/?page_id=12"},"modified":"2025-02-05T20:49:22","modified_gmt":"2025-02-05T12:49:22","slug":"home","status":"publish","type":"page","link":"https:\/\/citech.com.au\/de\/","title":{"rendered":"Heim"},"content":{"rendered":"<h1>\n\t\t\tWir schaffen L\u00f6sungen\n\t\t<\/h1>\n\t\t\t<p>Schaffung leistungsstarker, schnell einsetzbarer Kommunikationstechnologie, die wichtige Dienste dort bereitstellt, wo sie am meisten ben\u00f6tigt werden.<\/p>\n\t\t\t\t\t\t\t\t\t<img loading=\"lazy\" decoding=\"async\" src=\"https:\/\/citech.com.au\/wp-content\/uploads\/2023\/04\/nexus-extended-transparent.png\" alt=\"nexus-extended-transparent\" itemprop=\"image\" height=\"1024\" width=\"566\" srcset=\"https:\/\/citech.com.au\/wp-content\/uploads\/2023\/04\/nexus-extended-transparent.png 566w, https:\/\/citech.com.au\/wp-content\/uploads\/2023\/04\/nexus-extended-transparent-166x300.png 166w\" sizes=\"auto, (max-width: 566px) 100vw, 566px\" title=\"nexus-extended-transparent\" onerror=\"this.style.display='none'\"  \/>\n\t\t<h2>\n\t\t\tWir stellen den Funkturm Nexus 16 vor\n\t\t<\/h2>\n\t\t\t<p>The Nexus 16 is an innovative and versatile radio communications tower that is rapidly deployable to remote locations and for critical sectors. Contained within the dimensions of a standard 20-foot shipping container, it houses a walk-in equipment room, battery reserves, solar arrays, and generators to create a fully self-contained communications solution.Able to be transported by any truck that accommodates a 20-foot container, the Nexus 16 promises exceptional adaptability. It can load and unload itself and smoothly adapt to uneven or sloping terrain. Then, within the span of just 30 minutes, it can deploy its robust, cyclone-rated 16m radio tower &#8211; all contributing to its unparalleled efficiency and utility in the field.<a href=\"https:\/\/citech.com.au\/de\/products\/nexus-16\/\">Entdecken Sie das Nexus 16 \u00bb<\/a><\/p>\t\t\n\t\t<h3>Funkturmtechnologie<\/h3>\n\t\t\t<p class=\"translation-block\">The robust Nexus 16 radio tower is enhanced by our ever <a href=\"https:\/\/citech.com.au\/de\/products\/technology\/\" target=\"_self\">developing technological advancements<\/a>, improving the efficiency, range and effectiveness of its communication capabilities.<\/p>\t\t\n\t\t<h3>CiNet-Netzwerkmanagement<\/h3>\n\t\t\t<p class=\"translation-block\">CiTech hat unser eigenes <a href=\"https:\/\/citech.com.au\/de\/products\/cinet\/\" target=\"_self\">CiNet-Netzwerkmanagementsystem<\/a> entwickelt, um eine nahtlose Integration mit dem mobilen Antennenmast Nexus 16 zu erm\u00f6glichen. CiNet bietet eine verschl\u00fcsselte und sichere Ferndatenerfassung.<\/p>\t\t\n\t\t<h2>\n\t\t\tRessourcensektor\n\t\t<\/h2>\n\t\t\t<p>Sicherheit der Arbeiter und betriebliche Effizienz sind entscheidende Erfolgsfaktoren f\u00fcr die Minenbetreiber des 21. Jahrhunderts. Dieser Sektor muss die beste sichere, leistungsstarke und zuverl\u00e4ssige Funkkommunikationstechnologie nutzen, die CiTech entwickelt und liefert.<\/p>\t\t\n\t\t<h3>Erh\u00f6hte Sicherheit<\/h3>\n\t\t\t<p>Unsere schnell einsetzbaren Nexus 16-Funkt\u00fcrme k\u00f6nnen schnell Kommunikationsnetzwerke an abgelegenen oder schwer erreichbaren Orten bereitstellen, ohne dass geschulte Monteure erforderlich sind.<\/p>\t\t\n\t\t<h3>Erh\u00f6hte Effizienz<\/h3>\n\t\t\t<p>Mit zuverl\u00e4ssigen Kommunikationsnetzwerken k\u00f6nnen Mitarbeiter schnell und einfach auf Informationen und Ressourcen zugreifen und so effizienter und produktiver arbeiten.<\/p>\t\t\n\t\t<h3>Kosteneinsparungen<\/h3>\n\t\t\t<p>Nexus 16-Telekommunikationsfunkt\u00fcrme k\u00f6nnen der Bergbauindustrie auf lange Sicht Ressourcen und Geld sparen, indem sie den Bedarf an permanenter Infrastruktur oder einer gro\u00dfen Flotte von Kommunikationsanh\u00e4ngern reduzieren.<\/p>\t\t\n\t<a href=\"https:\/\/citech.com.au\/de\/sectors\/resources\/\" target=\"_self\" role=\"button\" aria-label=\"Ressourcensektor\">\n\t\t\t\t\t\tRessourcensektor\n\t\t\t<\/a>\n\t\t<h2>\n\t\t\tNotdienste\n\t\t<\/h2>\n\t\t\t<p>Unsere schnell einsetzbaren Nexus 16-Funkt\u00fcrme k\u00f6nnen die \u00f6ffentliche Kommunikation und andere wichtige Dienste in weniger als einer Stunde wiederherstellen, wo und wann immer sie ben\u00f6tigt werden.<\/p>\t\t\n\t\t<h3>Schnelle Bereitstellung<\/h3>\n\t\t\t<p>In Notsituationen wie Naturkatastrophen, von Menschen verursachten Katastrophen oder Terroranschl\u00e4gen ist der schnelle Aufbau zuverl\u00e4ssiger Kommunikationsnetzwerke von entscheidender Bedeutung, weshalb das Nexus 16 unverzichtbar ist.<\/p>\t\t\n\t\t<h3>Verbesserte Koordination<\/h3>\n\t\t\t<p>Eine effektive Koordinierung ist f\u00fcr Notfallhelfer von entscheidender Bedeutung. Sie m\u00fcssen klare Kommunikationswege zu Mobilfunkantennenmasten einrichten, um ihre Rettungsdienste effizienter koordinieren zu k\u00f6nnen.<\/p>\t\t\n\t\t<h3>Safety &#038; Security<\/h3>\n\t\t\t<p>Zuverl\u00e4ssige Kommunikationsnetzwerke gew\u00e4hrleisten die Sicherheit der Einsatzkr\u00e4fte und erm\u00f6glichen es ihnen, untereinander und mit der Zentrale in Verbindung zu bleiben und die erforderlichen Updates zu erhalten.<\/p>\t\t\n\t<a href=\"https:\/\/citech.com.au\/de\/sectors\/emergency-services\/\" target=\"_self\" role=\"button\" aria-label=\"Notdienste\">\n\t\t\t\t\t\tNotdienste\n\t\t\t<\/a>\n\t\t<h2>\n\t\t\tVerteidigung\n\t\t<\/h2>\n\t\t\t<p>CiTech entwickelt vollst\u00e4ndig eigenst\u00e4ndige und schnell einsetzbare Anlagen, die eine Vielzahl kritischer Ausr\u00fcstungsnutzlasten wie Kommunikation und Radar unterst\u00fctzen k\u00f6nnen, um die Effektivit\u00e4t auf dem Schlachtfeld zu verbessern.<\/p>\t\t\n\t\t<h3>Operative Flexibilit\u00e4t<\/h3>\n\t\t\t<p>Die Mobilit\u00e4t und Flexibilit\u00e4t schnell einsetzbarer Funkt\u00fcrme erm\u00f6glichen es dem Verteidigungssektor, schnell und effektiv eine Kommunikationsinfrastruktur in abgelegenen oder feindlichen Umgebungen aufzubauen.<\/p>\t\t\n\t\t<h3>Fern\u00fcberwachung<\/h3>\n\t\t\t<p>Schnell einsetzbare Telekommunikationst\u00fcrme k\u00f6nnen mit Sensoren, Fern\u00fcberwachungsfunktionen und mobilen Antennen ausgestattet werden, sodass Verteidigungspersonal kritische Infrastrukturen oder Bereiche aus der Ferne \u00fcberwachen kann.<\/p>\t\t\n\t\t<h3>Schnelle Bereitstellung<\/h3>\n\t\t\t<p>Der Nexus 16-Funkturm kann schnell und einfach an verschiedene Standorte transportiert werden, sodass der Verteidigungssektor als Reaktion auf sich \u00e4ndernde Situationen oder Bedrohungen schnell eine Kommunikationsinfrastruktur aufbauen kann.<\/p>\t\t\n\t<a href=\"https:\/\/citech.com.au\/de\/sectors\/defence\/\" target=\"_self\" role=\"button\" aria-label=\"Verteidigungssektor\">\n\t\t\t\t\t\tVerteidigungssektor\n\t\t\t<\/a>\n\t\t<h2>\n\t\t\tDen Weg weisen\n\t\t<\/h2>\n\t<p>Alle Branchen, Regierungen, das Milit\u00e4r und die Gesellschaft sind immer mehr auf ihre Kommunikations- und Energiesysteme angewiesen, um wichtige Dienste bereitzustellen, Leben zu sch\u00fctzen und die Betriebseffizienz zu verbessern. Kommunikations- und unterst\u00fctzende Infrastrukturen wie schnell einsetzbare Funkt\u00fcrme sind zu entscheidenden Faktoren f\u00fcr alle geworden.<\/p>\n<p>Whilst fixed infrastructure providers (carrier and private) have seen a step function in expansion, the mobile or rapidly deployable sector has fallen way behind &#8211; effectively constraining the capability of modern communication systems and the organisations they serve.<\/p>\n<p>CiTech entwickelt und fertigt eine Reihe mobiler Antennenturmplattformen mit sehr hoher Kapazit\u00e4t, die eine Vielzahl von Technologienutzlasten unterst\u00fctzen k\u00f6nnen, sodass Unternehmen die Vorteile moderner Technologien voll aussch\u00f6pfen k\u00f6nnen.<\/p>\n\t\t\t<video src=\"https:\/\/citech.com.au\/wp-content\/uploads\/2023\/04\/Mechanical-Animation.mp4\" controls=\"\"><\/video>\n\t<a href=\"https:\/\/citech.com.au\/de\/products\/\" target=\"_self\" role=\"button\" aria-label=\"Unsere Produkte\">\n\t\t\t\t\t\tUnsere Produkte\n\t\t\t\t\t<\/a>\n\t\t<h2>\n\t\t\tUnser erfahrenes Team\n\t\t<\/h2>\n\t\t\t<p>Das CiTech-Team wird von einem erfahrenen Management- und Produktionsteam unterst\u00fctzt, das die Mobilfunkturmtechnologie kontinuierlich weiterentwickelt und revolutioniert. Lernen Sie unten einige unserer Teammitglieder kennen.<\/p>\t\t\n\t\t\t<img loading=\"lazy\" decoding=\"async\" src=\"https:\/\/citech.com.au\/wp-content\/uploads\/2023\/04\/imants-225x300.jpg\" alt=\"Imants Kins - Citech.\" data-no-lazy=\"1\" itemprop=\"thumbnail\" width=\"225\" height=\"300\" \/>\n\t\t\t<!-- Overlay Wrapper -->\n\t\t\t <!-- Overlay Wrapper Closed -->\n\t\t\t\t\t\t\t<meta itemprop=\"width\" content=\"225\" \/>\n\t\t\t<meta itemprop=\"height\" content=\"300\" \/>\n\t\t\t<img loading=\"lazy\" decoding=\"async\" src=\"https:\/\/citech.com.au\/wp-content\/uploads\/2023\/04\/brenton-chief-executive-officer-citech-225x300.jpg\" alt=\"Brenton Scott Citech.\" data-no-lazy=\"1\" itemprop=\"thumbnail\" width=\"225\" height=\"300\" \/>\n\t\t\t<!-- Overlay Wrapper -->\n\t\t\t <!-- Overlay Wrapper Closed -->\n\t\t\t\t\t\t\t<meta itemprop=\"width\" content=\"225\" \/>\n\t\t\t<meta itemprop=\"height\" content=\"300\" \/>\n\t\t\t<img loading=\"lazy\" decoding=\"async\" src=\"https:\/\/citech.com.au\/wp-content\/uploads\/2023\/04\/andrew-hill-225x300.jpg\" alt=\"Andrew Hill Citech.\" data-no-lazy=\"1\" itemprop=\"thumbnail\" width=\"225\" height=\"300\" \/>\n\t\t\t<!-- Overlay Wrapper -->\n\t\t\t <!-- Overlay Wrapper Closed -->\n\t\t\t\t\t\t\t<meta itemprop=\"width\" content=\"225\" \/>\n\t\t\t<meta itemprop=\"height\" content=\"300\" \/>\n\t\t\t<img loading=\"lazy\" decoding=\"async\" src=\"https:\/\/citech.com.au\/wp-content\/uploads\/2023\/04\/eugene-hodgson-citech-225x300.jpg\" alt=\"Eugene Hodson Citech.\" data-no-lazy=\"1\" itemprop=\"thumbnail\" width=\"225\" height=\"300\" \/>\n\t\t\t<!-- Overlay Wrapper -->\n\t\t\t <!-- Overlay Wrapper Closed -->\n\t\t\t\t\t\t\t<meta itemprop=\"width\" content=\"225\" \/>\n\t\t\t<meta itemprop=\"height\" content=\"300\" \/>\n\t\t\t<img loading=\"lazy\" decoding=\"async\" src=\"https:\/\/citech.com.au\/wp-content\/uploads\/2023\/04\/rich-palone-225x300.jpg\" alt=\"Richard Paolone Citech.\" data-no-lazy=\"1\" itemprop=\"thumbnail\" width=\"225\" height=\"300\" \/>\n\t\t\t<!-- Overlay Wrapper -->\n\t\t\t <!-- Overlay Wrapper Closed -->\n\t\t\t\t\t\t\t<meta itemprop=\"width\" content=\"225\" \/>\n\t\t\t<meta itemprop=\"height\" content=\"300\" \/>\n\t\t\t<img loading=\"lazy\" decoding=\"async\" src=\"https:\/\/citech.com.au\/wp-content\/uploads\/2023\/04\/rodney-louden-citech-sdp-225x300.jpg\" alt=\"Rodney Louden Citech.\" data-no-lazy=\"1\" itemprop=\"thumbnail\" width=\"225\" height=\"300\" \/>\n\t\t\t<!-- Overlay Wrapper -->\n\t\t\t <!-- Overlay Wrapper Closed -->\n\t\t\t\t\t\t\t<meta itemprop=\"width\" content=\"225\" \/>\n\t\t\t<meta itemprop=\"height\" content=\"300\" \/>\n\t\t\t<img loading=\"lazy\" decoding=\"async\" src=\"https:\/\/citech.com.au\/wp-content\/uploads\/2023\/04\/greg-taylor-225x300.jpg\" alt=\"Greg Taylor Citech.\" data-no-lazy=\"1\" itemprop=\"thumbnail\" width=\"225\" height=\"300\" \/>\n\t\t\t<!-- Overlay Wrapper -->\n\t\t\t <!-- Overlay Wrapper Closed -->\n\t\t\t\t\t\t\t<meta itemprop=\"width\" content=\"225\" \/>\n\t\t\t<meta itemprop=\"height\" content=\"300\" \/>\n\t\t\t<img loading=\"lazy\" decoding=\"async\" src=\"https:\/\/citech.com.au\/wp-content\/uploads\/2023\/07\/janelle-theron-control-systems-engineer-225x300.jpg\" alt=\"Janelle Theron, Control Systems Engineer at CiTech.\" data-no-lazy=\"1\" itemprop=\"thumbnail\" width=\"225\" height=\"300\" \/>\n\t\t\t<!-- Overlay Wrapper -->\n\t\t\t <!-- Overlay Wrapper Closed -->\n\t\t\t\t\t\t\t<meta itemprop=\"width\" content=\"225\" \/>\n\t\t\t<meta itemprop=\"height\" content=\"300\" \/>\n\t<a href=\"https:\/\/citech.com.au\/de\/about\/team\/\" target=\"_self\" role=\"button\" aria-label=\"Lernen Sie das Team kennen\">\n\t\t\t\t\t\tLernen Sie das Team kennen\n\t\t\t\t\t<\/a>\n\t\t<h3>\n\t\t\tKarriere bei CiTech\n\t\t<\/h3>\n\t\t\t<p>M\u00f6chten Sie eine lohnende Karriere bei CiTech beginnen, w\u00e4hrend wir weiterhin f\u00fchrend in der schnell einsetzbaren Funkturmtechnologie sind? Sehen Sie sich unsere aktuellen Stellenangebote an und bewerben Sie sich online.<\/p>\t\t\n\t<a href=\"https:\/\/citech.com.au\/de\/careers\/\" target=\"_self\" role=\"button\" aria-label=\"Legen Sie los\">\n\t\t\t\t\t\tLegen Sie los\n\t\t\t\t\t<\/a>","protected":false},"excerpt":{"rendered":"<p>We Create Solutions Creating high-capacity, rapidly deployable communications technology that delivers essential services to where they are needed most. Introducing The Nexus 16 Radio Tower The Nexus 16 is an innovative and versatile radio communications tower that is rapidly deployable to remote locations and for critical sectors. Contained within the dimensions of a standard 20-foot&hellip;<\/p>","protected":false},"author":1,"featured_media":0,"parent":0,"menu_order":0,"comment_status":"closed","ping_status":"closed","template":"","meta":{"_acf_changed":false,"footnotes":""},"class_list":["post-12","page","type-page","status-publish","hentry"],"acf":[],"_links":{"self":[{"href":"https:\/\/citech.com.au\/de\/wp-json\/wp\/v2\/pages\/12","targetHints":{"allow":["GET"]}}],"collection":[{"href":"https:\/\/citech.com.au\/de\/wp-json\/wp\/v2\/pages"}],"about":[{"href":"https:\/\/citech.com.au\/de\/wp-json\/wp\/v2\/types\/page"}],"author":[{"embeddable":true,"href":"https:\/\/citech.com.au\/de\/wp-json\/wp\/v2\/users\/1"}],"replies":[{"embeddable":true,"href":"https:\/\/citech.com.au\/de\/wp-json\/wp\/v2\/comments?post=12"}],"version-history":[{"count":19,"href":"https:\/\/citech.com.au\/de\/wp-json\/wp\/v2\/pages\/12\/revisions"}],"predecessor-version":[{"id":398,"href":"https:\/\/citech.com.au\/de\/wp-json\/wp\/v2\/pages\/12\/revisions\/398"}],"wp:attachment":[{"href":"https:\/\/citech.com.au\/de\/wp-json\/wp\/v2\/media?parent=12"}],"curies":[{"name":"wp","href":"https:\/\/api.w.org\/{rel}","templated":true}]}}