{"id":3,"date":"2023-03-13T13:24:53","date_gmt":"2023-03-13T13:24:53","guid":{"rendered":"http:\/\/citech.com.au\/?page_id=3"},"modified":"2023-07-07T09:06:19","modified_gmt":"2023-07-07T01:06:19","slug":"privacy-policy","status":"publish","type":"page","link":"https:\/\/citech.com.au\/de\/privacy-policy\/","title":{"rendered":"Datenschutzrichtlinie"},"content":{"rendered":"<p>Citech is committed to providing quality services to you and this policy outlines our ongoing obligations to you in respect of how we manage your Personal Information.We have adopted the Australian Privacy Principles (APPs) contained in the Privacy Act 1988 (Cth) (the Privacy Act). The NPPs govern the way in which we collect, use, disclose, store, secure and dispose of your Personal Information.A copy of the Australian Privacy Principles may be obtained from the website of The Office of the Australian Information Commissioner at www.aoic.gov.au.<\/p>\r\n<h3>Was sind personenbezogene Daten und warum sammeln wir sie?<\/h3>\r\n<p>Personal Information is information or an opinion that identifies an individual. Examples of Personal Information we collect include: names, addresses, email addresses, phone and facsimile numbers.This Personal Information is obtained in many ways including interviews, correspondence, by telephone and facsimile, by email, via our website, from your website, from media and publications, from other publicly available sources, from cookies and from third parties. We don&#8217;t guarantee website links or policy of authorised third parties.We collect your Personal Information for the primary purpose of providing our services to you, providing information to our clients and marketing. We may also use your Personal Information for secondary purposes closely related to the primary purpose, in circumstances where you would reasonably expect such use or disclosure. You may unsubscribe from our mailing\/marketing lists at any time by contacting us in writing.When we collect Personal Information we will, where appropriate and where possible, explain to you why we are collecting the information and how we plan to use it.<\/p>\r\n<h3>Sensible Informationen<\/h3>\r\n<p>Sensitive information is defined in the Privacy Act to include information or opinion about such things as an individual&#8217;s racial or ethnic origin, political opinions, membership of a political association, religious or philosophical beliefs, membership of a trade union or other professional body, criminal record or health information.Sensitive information will be used by us only:<\/p>\r\n<ul>\r\n<li>F\u00fcr den Hauptzweck, f\u00fcr den es erworben wurde<\/li>\r\n<li>F\u00fcr einen sekund\u00e4ren Zweck, der in direktem Zusammenhang mit dem prim\u00e4ren Zweck steht<\/li>\r\n<li>Mit Ihrer Zustimmung; oder wenn dies gesetzlich vorgeschrieben oder zul\u00e4ssig ist.<\/li>\r\n<\/ul>\r\n<h3>Dritte<\/h3>\r\n<p>Soweit dies sinnvoll und praktikabel ist, erheben wir Ihre personenbezogenen Daten nur von Ihnen. Unter bestimmten Umst\u00e4nden erhalten wir jedoch m\u00f6glicherweise Informationen von Dritten. In einem solchen Fall werden wir angemessene Ma\u00dfnahmen ergreifen, um sicherzustellen, dass Sie \u00fcber die Informationen informiert werden, die uns der Dritte zur Verf\u00fcgung gestellt hat.<\/p>\r\n<h3>Offenlegung personenbezogener Daten<\/h3>\r\n<p>Ihre personenbezogenen Daten k\u00f6nnen unter verschiedenen Umst\u00e4nden weitergegeben werden, einschlie\u00dflich der folgenden:<\/p>\r\n<ul>\r\n<li>Dritte, bei denen Sie der Nutzung oder Offenlegung zustimmen; Und<\/li>\r\n<li>Sofern gesetzlich vorgeschrieben oder zul\u00e4ssig.<\/li>\r\n<\/ul>\r\n<h3>Sicherheit personenbezogener Daten<\/h3>\r\n<p>Your Personal Information is stored in a manner that reasonably protects it from misuse and loss and from unauthorized access, modification or disclosure.When your Personal Information is no longer needed for the purpose for which it was obtained, we will take reasonable steps to destroy or permanently de-identify your Personal Information. However, most of the Personal Information is or will be stored in client files which will be kept by us for a minimum of 7 years.<\/p>\r\n<h3>Zugriff auf Ihre pers\u00f6nlichen Daten<\/h3>\r\n<p>You may access the Personal Information we hold about you and to update and\/or correct it, subject to certain exceptions. If you wish to access your Personal Information, please contact us in writing.Citech will not charge any fee for your access request, but may charge an administrative fee for providing a copy of your Personal Information.In order to protect your Personal Information we may require identification from you before releasing the requested information.<\/p>\r\n<h3>Aufrechterhaltung der Qualit\u00e4t Ihrer pers\u00f6nlichen Daten<\/h3>\r\n<p>Es ist uns wichtig, dass Ihre pers\u00f6nlichen Daten aktuell sind. Wir werden angemessene Ma\u00dfnahmen ergreifen, um sicherzustellen, dass Ihre personenbezogenen Daten korrekt, vollst\u00e4ndig und aktuell sind. Wenn Sie feststellen, dass die uns vorliegenden Informationen nicht aktuell oder ungenau sind, benachrichtigen Sie uns bitte so schnell wie m\u00f6glich, damit wir unsere Aufzeichnungen aktualisieren und sicherstellen k\u00f6nnen, dass wir Ihnen weiterhin qualitativ hochwertige Dienstleistungen anbieten k\u00f6nnen.<\/p>\r\n<h3>Richtlinienaktualisierungen<\/h3>\r\n<p>Diese Richtlinie kann sich von Zeit zu Zeit \u00e4ndern und ist auf unserer Website verf\u00fcgbar.<\/p>\r\n<h3>Datenschutzbestimmungen f\u00fcr Beschwerden und Anfragen<\/h3>\r\n<p class=\"translation-block\">Wenn Sie Fragen oder Beschwerden zu unserer Datenschutzrichtlinie haben, <a href=\"https:\/\/citech.com.au\/de\/contact\/\" target=\"_self\">kontaktieren Sie uns bitte<\/a>.<\/p>","protected":false},"excerpt":{"rendered":"<p>Citech is committed to providing quality services to you and this policy outlines our ongoing obligations to you in respect of how we manage your Personal Information.We have adopted the Australian Privacy Principles (APPs) contained in the Privacy Act 1988 (Cth) (the Privacy Act). The NPPs govern the way in which we collect, use, disclose,&hellip;<\/p>","protected":false},"author":1,"featured_media":0,"parent":0,"menu_order":0,"comment_status":"closed","ping_status":"open","template":"","meta":{"_acf_changed":false,"footnotes":""},"class_list":["post-3","page","type-page","status-publish","hentry"],"acf":[],"_links":{"self":[{"href":"https:\/\/citech.com.au\/de\/wp-json\/wp\/v2\/pages\/3","targetHints":{"allow":["GET"]}}],"collection":[{"href":"https:\/\/citech.com.au\/de\/wp-json\/wp\/v2\/pages"}],"about":[{"href":"https:\/\/citech.com.au\/de\/wp-json\/wp\/v2\/types\/page"}],"author":[{"embeddable":true,"href":"https:\/\/citech.com.au\/de\/wp-json\/wp\/v2\/users\/1"}],"replies":[{"embeddable":true,"href":"https:\/\/citech.com.au\/de\/wp-json\/wp\/v2\/comments?post=3"}],"version-history":[{"count":2,"href":"https:\/\/citech.com.au\/de\/wp-json\/wp\/v2\/pages\/3\/revisions"}],"predecessor-version":[{"id":347,"href":"https:\/\/citech.com.au\/de\/wp-json\/wp\/v2\/pages\/3\/revisions\/347"}],"wp:attachment":[{"href":"https:\/\/citech.com.au\/de\/wp-json\/wp\/v2\/media?parent=3"}],"curies":[{"name":"wp","href":"https:\/\/api.w.org\/{rel}","templated":true}]}}