{"id":464,"date":"2025-09-21T13:07:25","date_gmt":"2025-09-21T05:07:25","guid":{"rendered":"https:\/\/citech.com.au\/?page_id=464"},"modified":"2025-09-21T13:07:25","modified_gmt":"2025-09-21T05:07:25","slug":"nexus-20","status":"publish","type":"page","link":"https:\/\/citech.com.au\/de\/products\/nexus-20\/","title":{"rendered":"Nexus 20"},"content":{"rendered":"<h1>\n\t\t\tNexus 20\n\t\t<\/h1>\n\t\t\t<p>The next step of evolution in the Nexus product line, the Nexus 20 builds on everything that made the Nexus 16 great &#8211; now with improved height, faster deployment, enhanced power systems.<\/p>\t\t\n\t\t\t\t\t\t\t\t\t<img loading=\"lazy\" decoding=\"async\" src=\"https:\/\/citech.com.au\/wp-content\/uploads\/2025\/09\/NX20_Overview_01.png\" alt=\"NX20_Overview_01\" itemprop=\"image\" height=\"1632\" width=\"816\" srcset=\"https:\/\/citech.com.au\/wp-content\/uploads\/2025\/09\/NX20_Overview_01.png 816w, https:\/\/citech.com.au\/wp-content\/uploads\/2025\/09\/NX20_Overview_01-150x300.png 150w, https:\/\/citech.com.au\/wp-content\/uploads\/2025\/09\/NX20_Overview_01-512x1024.png 512w, https:\/\/citech.com.au\/wp-content\/uploads\/2025\/09\/NX20_Overview_01-768x1536.png 768w, https:\/\/citech.com.au\/wp-content\/uploads\/2025\/09\/NX20_Overview_01-6x12.png 6w\" sizes=\"auto, (max-width: 816px) 100vw, 816px\" title=\"NX20_Overview_01\" onerror=\"this.style.display='none'\"  \/>\n\t\t<h2>\n\t\t\tGezielte Entwicklung\n\t\t<\/h2>\n\t\t\t<p><strong>Von Kunden getrieben<\/strong>The first release of the Nexus 16 performed beyond expectations, including one unit surviving a direct hit from a category 4 cyclone.Building on this robust and reliable base, Citech Engineers were tasked by the Ministry of Defence of Ukraine to build a taller, high-capacity tower to increase range and capability in even thickly wooded areas.The result is the <strong>Nexus 20<\/strong>: Standardm\u00e4\u00dfig mit einem 20 m langen, ausfahrbaren Mast ausgestattet, plus einer optionalen Teleskopverl\u00e4ngerung, die die Gesamth\u00f6he auf \u00fcber 24 m erh\u00f6ht. Neben der gr\u00f6\u00dferen Reichweite bietet der Nexus-20 mehr Leistung, schnellere Ausfahrsysteme, erweiterte Nutzlastoptionen und eine geh\u00e4rtete Basis.<\/p>\t\t\n\t\t\t\t\t\t<h3>H\u00f6herer Turm<\/h3>\t\t\t\t\t\n\t\t\t<p>With a broadcast range of over <strong>20 km<\/strong> and point-to-point capability of over <strong>36 km<\/strong>, the Nexus-20 extends communications further than ever.The additional height doesn&#8217;t just mean longer distances, it also improves performance for other technologies such as <strong>surveillance systems<\/strong> and <strong>UAS detection<\/strong>, both of which benefit directly from the elevated sensor platforms.<\/p>\t\t\n\t\t\t\t\t\t<h3>Schnellere Bereitstellung<\/h3>\t\t\t\t\t\n\t\t\t<p>Upgraded leadscrews, motors and hydraulics enable a faster deployment than the Nexus 16.While the Nexus-16 was more than fast enough for industrial deployments like mine sites, the Nexus 20 gives <strong>emergency services<\/strong> and <strong>military operators<\/strong> the critical advantage of faster setup or pack-down &#8211; where every minute can mean lives.<\/p>\t\t\n\t\t\t\t\t\t<h3>Verbesserte Energieoptionen<\/h3>\t\t\t\t\t\n\t\t\t<p>In sun-drenched Australia, the Nexus 16 power systems proved more than sufficient. But in dark European winters and forested environments, solar alone isn&#8217;t enough.The Nexus 20 addresses this with 50% larger generators fitted as standard, with the option to equip even more powerful units if required. Its battery system begins at 130kWh and can be scaled up to 310kWh, ensuring reliable operation anywhere in the world.<\/p>\t\t\n\t\t\t\t\t\t<h3>Verbesserte \u00dcberlebensf\u00e4higkeit<\/h3>\t\t\t\t\t\n\t\t\t<p>The Nexus-20 is engineered for resilience in contested environments. It can be fitted with an armoured enclosure, providing G2\/S1 protection as standard, with upgrade options to R2 without reducing usable space.The retracted mast and external plant can also be enclosed with ballistic cladding, offering G1 protection as standard and upgrades up to R2.<\/p>\t\t\n\t\t<h2>\n\t\t\tMultimissionsf\u00e4higkeit\n\t\t<\/h2>\n\t\t\t<p><strong>Unterst\u00fctzung einer dynamischen Umgebung<\/strong>Der Nexus-20 unterst\u00fctzt eine breite Palette unternehmenskritischer Nutzlasten und ist daher f\u00fcr Kommunikations-, \u00dcberwachungs- und Verteidigungsanwendungen anpassbar.<ul><li class=\"translation-block\"><strong>Tageslicht- und Nachtsichtoptik<\/strong> mit Erfassungsreichweiten von bis zu 15 km gegen Bodenziele<\/li><li class=\"translation-block\"><strong>Infrarot- und W\u00e4rmesensoren<\/strong> zur Identifizierung von Personen und Fahrzeugen auf Entfernungen von bis zu 10 km<\/li><li class=\"translation-block\"><strong>Erkennung und Verfolgung feindlicher Drohnen<\/strong> \u00fcber elektrooptische, Radar- oder elektromagnetische Systeme<\/li><li class=\"translation-block\"><strong>Aktive UAV-Gegenma\u00dfnahmen<\/strong> f\u00fcr umk\u00e4mpfte Umgebungen<\/li><li class=\"translation-block\"><strong>Radarintegration<\/strong>, wobei das hochstabile Design des Turms Nutzlasten von bis zu 150 kg unterst\u00fctzt, einschlie\u00dflich beliebter 360-Grad-Modelle<\/li><li class=\"translation-block\"><strong>Digitale Kommunikationsverbindungen<\/strong>, einschlie\u00dflich Mikrowellen, Digitalradio, Glasfaser und kompakten Satellitenl\u00f6sungen wie Starlink und Viasat<\/li><\/ul>Dank seines modularen, nutzlastunabh\u00e4ngigen Designs kann der Nexus-20 auch im Feld neu konfiguriert werden. Nutzlasten k\u00f6nnen hinzugef\u00fcgt, entfernt oder ausgetauscht werden, um ver\u00e4nderten Anforderungen gerecht zu werden. So k\u00f6nnen sich die Betreiber schnell anpassen und das System f\u00fcr verschiedene Missionen neu ausr\u00fcsten, ohne zur Basis zur\u00fcckkehren zu m\u00fcssen.<\/p>\t\t\n\t\t\t\t\t\t\t\t\t<img loading=\"lazy\" decoding=\"async\" src=\"https:\/\/citech.com.au\/wp-content\/uploads\/2025\/09\/NX20_Payload_Droneshield_01.png\" alt=\"Mixed Communications Payload with Drone Detection and Countermeasures.\" itemprop=\"image\" height=\"1700\" width=\"2200\" srcset=\"https:\/\/citech.com.au\/wp-content\/uploads\/2025\/09\/NX20_Payload_Droneshield_01.png 2200w, https:\/\/citech.com.au\/wp-content\/uploads\/2025\/09\/NX20_Payload_Droneshield_01-300x232.png 300w, https:\/\/citech.com.au\/wp-content\/uploads\/2025\/09\/NX20_Payload_Droneshield_01-1024x791.png 1024w, https:\/\/citech.com.au\/wp-content\/uploads\/2025\/09\/NX20_Payload_Droneshield_01-768x593.png 768w, https:\/\/citech.com.au\/wp-content\/uploads\/2025\/09\/NX20_Payload_Droneshield_01-1536x1187.png 1536w, https:\/\/citech.com.au\/wp-content\/uploads\/2025\/09\/NX20_Payload_Droneshield_01-2048x1583.png 2048w, https:\/\/citech.com.au\/wp-content\/uploads\/2025\/09\/NX20_Payload_Droneshield_01-16x12.png 16w\" sizes=\"auto, (max-width: 2200px) 100vw, 2200px\" title=\"NX20_Payload_Droneshield_01\" onerror=\"this.style.display='none'\"  \/>\n\t\t\t\t\t\t\t\t\t\t\tGemischte Kommunikationsnutzlast mit Drohnenerkennung und Gegenma\u00dfnahmen.\n\t\t\t\t\t\t\t\t\t<img loading=\"lazy\" decoding=\"async\" src=\"https:\/\/citech.com.au\/wp-content\/uploads\/2025\/09\/NX20_Payload_Telco_01.png\" alt=\"Telco: Microwave and 3-sector LTE package.\" itemprop=\"image\" height=\"1926\" width=\"1926\" srcset=\"https:\/\/citech.com.au\/wp-content\/uploads\/2025\/09\/NX20_Payload_Telco_01.png 1926w, https:\/\/citech.com.au\/wp-content\/uploads\/2025\/09\/NX20_Payload_Telco_01-300x300.png 300w, https:\/\/citech.com.au\/wp-content\/uploads\/2025\/09\/NX20_Payload_Telco_01-1024x1024.png 1024w, https:\/\/citech.com.au\/wp-content\/uploads\/2025\/09\/NX20_Payload_Telco_01-150x150.png 150w, https:\/\/citech.com.au\/wp-content\/uploads\/2025\/09\/NX20_Payload_Telco_01-768x768.png 768w, https:\/\/citech.com.au\/wp-content\/uploads\/2025\/09\/NX20_Payload_Telco_01-1536x1536.png 1536w, https:\/\/citech.com.au\/wp-content\/uploads\/2025\/09\/NX20_Payload_Telco_01-12x12.png 12w\" sizes=\"auto, (max-width: 1926px) 100vw, 1926px\" title=\"NX20_Payload_Telco_01\" onerror=\"this.style.display='none'\"  \/>\n\t\t\t\t\t\t\t\t\t\t\tTelco: Microwave and 3-sector LTE package.\n\t\t\t\t\t\t\t\t\t<img loading=\"lazy\" decoding=\"async\" src=\"https:\/\/citech.com.au\/wp-content\/uploads\/2025\/09\/NX20_Payload_C4ISR.png\" alt=\"Surveillance: Optical and FLIR.\" itemprop=\"image\" height=\"1064\" width=\"1064\" srcset=\"https:\/\/citech.com.au\/wp-content\/uploads\/2025\/09\/NX20_Payload_C4ISR.png 1064w, https:\/\/citech.com.au\/wp-content\/uploads\/2025\/09\/NX20_Payload_C4ISR-300x300.png 300w, https:\/\/citech.com.au\/wp-content\/uploads\/2025\/09\/NX20_Payload_C4ISR-1024x1024.png 1024w, https:\/\/citech.com.au\/wp-content\/uploads\/2025\/09\/NX20_Payload_C4ISR-150x150.png 150w, https:\/\/citech.com.au\/wp-content\/uploads\/2025\/09\/NX20_Payload_C4ISR-768x768.png 768w, https:\/\/citech.com.au\/wp-content\/uploads\/2025\/09\/NX20_Payload_C4ISR-12x12.png 12w\" sizes=\"auto, (max-width: 1064px) 100vw, 1064px\" title=\"NX20_Payload_C4ISR\" onerror=\"this.style.display='none'\"  \/>\n\t\t\t\t\t\t\t\t\t\t\t\u00dcberwachung: Optisch und FLIR.\n\t\t\t\t\t\t\t\t\t<img loading=\"lazy\" decoding=\"async\" src=\"https:\/\/citech.com.au\/wp-content\/uploads\/2025\/09\/NX20_Payload_Legacy_01.png\" alt=\"Legacy Comms: Microwave, VHF\/UHF, WiFi, Dual PtMP, CCTV.\" itemprop=\"image\" height=\"1432\" width=\"1432\" srcset=\"https:\/\/citech.com.au\/wp-content\/uploads\/2025\/09\/NX20_Payload_Legacy_01.png 1432w, https:\/\/citech.com.au\/wp-content\/uploads\/2025\/09\/NX20_Payload_Legacy_01-300x300.png 300w, https:\/\/citech.com.au\/wp-content\/uploads\/2025\/09\/NX20_Payload_Legacy_01-1024x1024.png 1024w, https:\/\/citech.com.au\/wp-content\/uploads\/2025\/09\/NX20_Payload_Legacy_01-150x150.png 150w, https:\/\/citech.com.au\/wp-content\/uploads\/2025\/09\/NX20_Payload_Legacy_01-768x768.png 768w, https:\/\/citech.com.au\/wp-content\/uploads\/2025\/09\/NX20_Payload_Legacy_01-12x12.png 12w\" sizes=\"auto, (max-width: 1432px) 100vw, 1432px\" title=\"NX20_Payload_Legacy_01\" onerror=\"this.style.display='none'\"  \/>\n\t\t\t\t\t\t\t\t\t\t\tLegacy-Kommunikation: Mikrowelle, VHF\/UHF, WLAN, Dual PtMP, CCTV.\n\t\t\t\t\t\t\t\t\t<img loading=\"lazy\" decoding=\"async\" src=\"https:\/\/citech.com.au\/wp-content\/uploads\/2025\/09\/NX20_Payload_AllExternal_01.png\" alt=\"Rapid Telco: Microwave and 2-sector LTE, external RRH\/ODUs.\" itemprop=\"image\" height=\"1672\" width=\"1672\" srcset=\"https:\/\/citech.com.au\/wp-content\/uploads\/2025\/09\/NX20_Payload_AllExternal_01.png 1672w, https:\/\/citech.com.au\/wp-content\/uploads\/2025\/09\/NX20_Payload_AllExternal_01-300x300.png 300w, https:\/\/citech.com.au\/wp-content\/uploads\/2025\/09\/NX20_Payload_AllExternal_01-1024x1024.png 1024w, https:\/\/citech.com.au\/wp-content\/uploads\/2025\/09\/NX20_Payload_AllExternal_01-150x150.png 150w, https:\/\/citech.com.au\/wp-content\/uploads\/2025\/09\/NX20_Payload_AllExternal_01-768x768.png 768w, https:\/\/citech.com.au\/wp-content\/uploads\/2025\/09\/NX20_Payload_AllExternal_01-1536x1536.png 1536w, https:\/\/citech.com.au\/wp-content\/uploads\/2025\/09\/NX20_Payload_AllExternal_01-12x12.png 12w\" sizes=\"auto, (max-width: 1672px) 100vw, 1672px\" title=\"NX20_Payload_AllExternal_01\" onerror=\"this.style.display='none'\"  \/>\n\t\t\t\t\t\t\t\t\t\t\tRapid Telco: Mikrowelle und 2-Sektor-LTE, externe RRH\/ODUs.\n\t\t<h2>\n\t\t\tNexus 24: Nexus 20 mit Teleskopverl\u00e4ngerung\n\t\t<\/h2>\n\t\t\t<p>The <strong>Nexus 24<\/strong> is an evolution of the Nexus 20, fitted with a <strong>4-metre telescopic headframe extension<\/strong> that increases total mast height to more than 24 metres.This added reach provides even greater line-of-sight for communications, surveillance, radar, and counter-UAS payloads &#8211; further enhancing performance in dense terrain or challenging operational environments.<\/p>\t\t\n\t\t\t\t\t\t\t\t\t<img loading=\"lazy\" decoding=\"async\" src=\"https:\/\/citech.com.au\/wp-content\/uploads\/2025\/09\/NX24_Overview_01.png\" alt=\"NX24_Overview_01\" itemprop=\"image\" height=\"2104\" width=\"1403\" srcset=\"https:\/\/citech.com.au\/wp-content\/uploads\/2025\/09\/NX24_Overview_01.png 1403w, https:\/\/citech.com.au\/wp-content\/uploads\/2025\/09\/NX24_Overview_01-200x300.png 200w, https:\/\/citech.com.au\/wp-content\/uploads\/2025\/09\/NX24_Overview_01-683x1024.png 683w, https:\/\/citech.com.au\/wp-content\/uploads\/2025\/09\/NX24_Overview_01-768x1152.png 768w, https:\/\/citech.com.au\/wp-content\/uploads\/2025\/09\/NX24_Overview_01-1024x1536.png 1024w, https:\/\/citech.com.au\/wp-content\/uploads\/2025\/09\/NX24_Overview_01-1366x2048.png 1366w, https:\/\/citech.com.au\/wp-content\/uploads\/2025\/09\/NX24_Overview_01-8x12.png 8w\" sizes=\"auto, (max-width: 1403px) 100vw, 1403px\" title=\"NX24_Overview_01\" onerror=\"this.style.display='none'\"  \/>\n\t\t\t\t\t\t\t\t\t<img loading=\"lazy\" decoding=\"async\" src=\"https:\/\/citech.com.au\/wp-content\/uploads\/2025\/09\/NX24_Payload_Descriptive_01.png\" alt=\"24m Surveillance (Multispectral)UAS Detection (Radar + EM) LTE Panel Antennas600mm Microwave.\" itemprop=\"image\" height=\"1920\" width=\"855\" srcset=\"https:\/\/citech.com.au\/wp-content\/uploads\/2025\/09\/NX24_Payload_Descriptive_01.png 855w, https:\/\/citech.com.au\/wp-content\/uploads\/2025\/09\/NX24_Payload_Descriptive_01-134x300.png 134w, https:\/\/citech.com.au\/wp-content\/uploads\/2025\/09\/NX24_Payload_Descriptive_01-456x1024.png 456w, https:\/\/citech.com.au\/wp-content\/uploads\/2025\/09\/NX24_Payload_Descriptive_01-768x1725.png 768w, https:\/\/citech.com.au\/wp-content\/uploads\/2025\/09\/NX24_Payload_Descriptive_01-684x1536.png 684w, https:\/\/citech.com.au\/wp-content\/uploads\/2025\/09\/NX24_Payload_Descriptive_01-5x12.png 5w\" sizes=\"auto, (max-width: 855px) 100vw, 855px\" title=\"NX24_Payload_Descriptive_01\" onerror=\"this.style.display='none'\"  \/>\n\t\t\t\t\t\t\t\t\t\t\t24 m \u00dcberwachung (multispektral)\nUAS-Erkennung (Radar + EM) LTE-Panelantennen\n600 mm Mikrowelle.\n\t\t\t\t\t\t\t\t\t<img loading=\"lazy\" decoding=\"async\" src=\"https:\/\/citech.com.au\/wp-content\/uploads\/2025\/09\/NX24_Payload_Comms_01.png\" alt=\"24m 3-sector LTE Panel Ant Headframe mounted RRH Dual 600mm Microwave.\" itemprop=\"image\" height=\"1920\" width=\"512\" srcset=\"https:\/\/citech.com.au\/wp-content\/uploads\/2025\/09\/NX24_Payload_Comms_01.png 512w, https:\/\/citech.com.au\/wp-content\/uploads\/2025\/09\/NX24_Payload_Comms_01-80x300.png 80w, https:\/\/citech.com.au\/wp-content\/uploads\/2025\/09\/NX24_Payload_Comms_01-273x1024.png 273w, https:\/\/citech.com.au\/wp-content\/uploads\/2025\/09\/NX24_Payload_Comms_01-3x12.png 3w\" sizes=\"auto, (max-width: 512px) 100vw, 512px\" title=\"NX24_Payload_Comms_01\" onerror=\"this.style.display='none'\"  \/>\n\t\t\t\t\t\t\t\t\t\t\t24 m 3-Sektor-LTE-Panel, Ant-Kopfrahmenmontage, RRH Dual 600 mm Mikrowelle.\n\t\t\t\t\t\t\t\t\t<img loading=\"lazy\" decoding=\"async\" src=\"https:\/\/citech.com.au\/wp-content\/uploads\/2025\/09\/NX24_Payload_LTE_01.png\" alt=\"24m Surveillance 6-sector LTE Panel AntDual 600mm Microwave.\" itemprop=\"image\" height=\"1920\" width=\"480\" srcset=\"https:\/\/citech.com.au\/wp-content\/uploads\/2025\/09\/NX24_Payload_LTE_01.png 480w, https:\/\/citech.com.au\/wp-content\/uploads\/2025\/09\/NX24_Payload_LTE_01-75x300.png 75w, https:\/\/citech.com.au\/wp-content\/uploads\/2025\/09\/NX24_Payload_LTE_01-256x1024.png 256w, https:\/\/citech.com.au\/wp-content\/uploads\/2025\/09\/NX24_Payload_LTE_01-384x1536.png 384w, https:\/\/citech.com.au\/wp-content\/uploads\/2025\/09\/NX24_Payload_LTE_01-3x12.png 3w\" sizes=\"auto, (max-width: 480px) 100vw, 480px\" title=\"NX24_Payload_LTE_01\" onerror=\"this.style.display='none'\"  \/>\n\t\t\t\t\t\t\t\t\t\t\t24-m-\u00dcberwachung\n6-Sektor-LTE-Panel-Antenne\nDoppelte 600-mm-Mikrowelle.\n\t\t<h2>\n\t\t\tNexus 20: In Aktion\n\t\t<\/h2>\n\t\t\t<video src=\"https:\/\/citech.com.au\/wp-content\/uploads\/2025\/09\/Cammo-Animation-Rev-C.mp4\" autoplay=\"\" webkit-playsinline=\"\" playsinline=\"\" loop=\"\" controls=\"\" muted=\"muted\"><\/video>","protected":false},"excerpt":{"rendered":"<p>Nexus 20 The next step of evolution in the Nexus product line, the Nexus 20 builds on everything that made the Nexus 16 great &#8211; now with improved height, faster deployment, enhanced power systems. Targeted Development Driven By CustomersThe first release of the Nexus 16 performed beyond expectations, including one unit surviving a direct hit&hellip;<\/p>","protected":false},"author":1,"featured_media":0,"parent":13,"menu_order":0,"comment_status":"closed","ping_status":"closed","template":"","meta":{"_acf_changed":false,"footnotes":""},"class_list":["post-464","page","type-page","status-publish","hentry"],"acf":[],"_links":{"self":[{"href":"https:\/\/citech.com.au\/de\/wp-json\/wp\/v2\/pages\/464","targetHints":{"allow":["GET"]}}],"collection":[{"href":"https:\/\/citech.com.au\/de\/wp-json\/wp\/v2\/pages"}],"about":[{"href":"https:\/\/citech.com.au\/de\/wp-json\/wp\/v2\/types\/page"}],"author":[{"embeddable":true,"href":"https:\/\/citech.com.au\/de\/wp-json\/wp\/v2\/users\/1"}],"replies":[{"embeddable":true,"href":"https:\/\/citech.com.au\/de\/wp-json\/wp\/v2\/comments?post=464"}],"version-history":[{"count":2,"href":"https:\/\/citech.com.au\/de\/wp-json\/wp\/v2\/pages\/464\/revisions"}],"predecessor-version":[{"id":481,"href":"https:\/\/citech.com.au\/de\/wp-json\/wp\/v2\/pages\/464\/revisions\/481"}],"up":[{"embeddable":true,"href":"https:\/\/citech.com.au\/de\/wp-json\/wp\/v2\/pages\/13"}],"wp:attachment":[{"href":"https:\/\/citech.com.au\/de\/wp-json\/wp\/v2\/media?parent=464"}],"curies":[{"name":"wp","href":"https:\/\/api.w.org\/{rel}","templated":true}]}}