{"id":54,"date":"2023-03-22T20:43:06","date_gmt":"2023-03-22T12:43:06","guid":{"rendered":"http:\/\/citech.com.au\/?page_id=54"},"modified":"2025-02-05T22:21:41","modified_gmt":"2025-02-05T14:21:41","slug":"technology","status":"publish","type":"page","link":"https:\/\/citech.com.au\/de\/products\/technology\/","title":{"rendered":"Technologie"},"content":{"rendered":"<h1>\n\t\t\tUnsere Technologie\n\t\t<\/h1>\n\t\t\t<p>Durch die Kombination von Branchenerfahrung, Vorstellungskraft und einem tiefen Technologieverst\u00e4ndnis ist CiTech in der Lage, Produkte zu entwickeln, die wirklich einzigartig sind.<\/p>\n\t\t<h2>\n\t\t\tDesign und Entwicklung\n\t\t<\/h2>\n\t<p>Fusing industry experience, imagination and a deep understanding of technology allow CiTech&#8217;s team of engineers to envisage and develop products that are truly unique.<\/p>\n<p>Designs, die leistungsstarke computergest\u00fctzte Design- und Analysetools nutzen, gepaart mit dem Zugriff auf die neuesten Fortschritte in der Materialtechnologie, erm\u00f6glichen die Entwicklung von Produkten, die vor 10 Jahren nahezu unm\u00f6glich gewesen w\u00e4ren.<\/p>\n<p>Fachwissen in mechanischem Design, eingebetteten Steuerungssystemen, maschinellem Lernen und Cybersicherheit bedeutet, dass Produkte von Grund auf sicher, zuverl\u00e4ssig, effizient und vor allem sicher entwickelt werden.<\/p>\n<p>We take pride in our technology patents &#8211; granted and pending.<\/p>\n\t<a href=\"https:\/\/citech.com.au\/de\/products\/nexus-16\/\" target=\"_self\" role=\"button\" aria-label=\"Nexus 16\">\n\t\t\t\t\t\tNexus 16\n\t\t\t\t\t<\/a>\n\t\t\t\t\t\t\t\t\t<img loading=\"lazy\" decoding=\"async\" src=\"https:\/\/citech.com.au\/wp-content\/uploads\/2023\/05\/nexus-16-stabilisation.png\" alt=\"nexus-16-stabilisation\" itemprop=\"image\" height=\"400\" width=\"600\" srcset=\"https:\/\/citech.com.au\/wp-content\/uploads\/2023\/05\/nexus-16-stabilisation.png 600w, https:\/\/citech.com.au\/wp-content\/uploads\/2023\/05\/nexus-16-stabilisation-300x200.png 300w\" sizes=\"auto, (max-width: 600px) 100vw, 600px\" title=\"nexus-16-stabilisation\" onerror=\"this.style.display='none'\"  \/>","protected":false},"excerpt":{"rendered":"<p>Our Technology Fusing industry experience, imagination and a deep understanding of technology allow CiTech to develop products that are truly unique. Design and Development Fusing industry experience, imagination and a deep understanding of technology allow CiTech&#8217;s team of engineers to envisage and develop products that are truly unique. Designs leveraging powerful computer-aided design and analysis&hellip;<\/p>","protected":false},"author":1,"featured_media":0,"parent":13,"menu_order":0,"comment_status":"closed","ping_status":"closed","template":"","meta":{"_acf_changed":false,"footnotes":""},"class_list":["post-54","page","type-page","status-publish","hentry"],"acf":[],"_links":{"self":[{"href":"https:\/\/citech.com.au\/de\/wp-json\/wp\/v2\/pages\/54","targetHints":{"allow":["GET"]}}],"collection":[{"href":"https:\/\/citech.com.au\/de\/wp-json\/wp\/v2\/pages"}],"about":[{"href":"https:\/\/citech.com.au\/de\/wp-json\/wp\/v2\/types\/page"}],"author":[{"embeddable":true,"href":"https:\/\/citech.com.au\/de\/wp-json\/wp\/v2\/users\/1"}],"replies":[{"embeddable":true,"href":"https:\/\/citech.com.au\/de\/wp-json\/wp\/v2\/comments?post=54"}],"version-history":[{"count":3,"href":"https:\/\/citech.com.au\/de\/wp-json\/wp\/v2\/pages\/54\/revisions"}],"predecessor-version":[{"id":415,"href":"https:\/\/citech.com.au\/de\/wp-json\/wp\/v2\/pages\/54\/revisions\/415"}],"up":[{"embeddable":true,"href":"https:\/\/citech.com.au\/de\/wp-json\/wp\/v2\/pages\/13"}],"wp:attachment":[{"href":"https:\/\/citech.com.au\/de\/wp-json\/wp\/v2\/media?parent=54"}],"curies":[{"name":"wp","href":"https:\/\/api.w.org\/{rel}","templated":true}]}}