{"id":55,"date":"2023-03-22T20:43:21","date_gmt":"2023-03-22T12:43:21","guid":{"rendered":"http:\/\/citech.com.au\/?page_id=55"},"modified":"2025-09-21T12:41:33","modified_gmt":"2025-09-21T04:41:33","slug":"nexus-16","status":"publish","type":"page","link":"https:\/\/citech.com.au\/de\/products\/nexus-16\/","title":{"rendered":"Nexus 16"},"content":{"rendered":"<h1>\n\t\t\tNexus 16\n\t\t<\/h1>\n\t\t\t<p>NEXUS 16 wird das erste seiner Art sein, das eine selbst einsetzbare Kommunikationsplattform mit branchenf\u00fchrenden Spezifikationen bietet.<\/p>\n\t\t\t\t\t\t\t\t\t<img loading=\"lazy\" decoding=\"async\" src=\"https:\/\/citech.com.au\/wp-content\/uploads\/2023\/04\/nexus-extended-transparent.png\" alt=\"nexus-extended-transparent\" itemprop=\"image\" height=\"1024\" width=\"566\" srcset=\"https:\/\/citech.com.au\/wp-content\/uploads\/2023\/04\/nexus-extended-transparent.png 566w, https:\/\/citech.com.au\/wp-content\/uploads\/2023\/04\/nexus-extended-transparent-166x300.png 166w\" sizes=\"auto, (max-width: 566px) 100vw, 566px\" title=\"nexus-extended-transparent\" onerror=\"this.style.display='none'\"  \/>\n\t\t<h2>\n\t\t\tWir stellen vor: Nexus 16\n\t\t<\/h2>\n\t\t\t<p>The Nexus 16 is a 20ft container sized, technology-agnostic platform that supports a walk-in equipment room, batteries, solar arrays and generators along with a 16m folding tower.Able to be transported to site on any truck that can take a standard 20ft container, the Nexis 16 can unload itself, adapt to sloping or uneven ground and then deploy 16m cyclone rated tower. &#8211; All within 30 minutes.<\/p>\t\t\n\t\t\t\t\t\t<h3>Erh\u00f6hte Sicherheit<\/h3>\t\t\t\t\t\n\t\t\t<p>Unsere schnell einsetzbaren Nexus 16-T\u00fcrme sind selbstentladend, mechanisch verriegelt und werden mit Niederspannung und Gleichstrom betrieben, sodass kein Kran, keine Turmmonteure und Elektriker erforderlich sind.<\/p>\t\t\n\t\t\t\t\t\t<h3>Erh\u00f6hte Effizienz<\/h3>\t\t\t\t\t\n\t\t\t<p>Endlich eine L\u00f6sung, die Kommunikation mit hoher Kapazit\u00e4t (LTE) dorthin liefert, wo und wann Sie sie ben\u00f6tigen. Leistungsstarker und vollst\u00e4ndig redundanter Support f\u00fcr Ihre lebens-, missions- oder gesch\u00e4ftskritischen Anwendungen.<\/p>\t\t\n\t\t\t\t\t\t<h3>Kosteneinsparungen<\/h3>\t\t\t\t\t\n\t\t\t<p>Die selbstbereitstellenden Kommunikationsplattformen Nexus 16 k\u00f6nnen nahezu jede Ger\u00e4tenutzlast unterst\u00fctzen und k\u00f6nnen in weniger als 30 Minuten entladen und in Betrieb genommen werden. Keine Vorarbeiten oder geschulte Bediener erforderlich.<\/p>\t\t\n\t\t\t\t\t\t<h3>Reduzierung der Umweltbelastung<\/h3>\t\t\t\t\t\n\t\t\t<p>Der N16 muss weder den Boden ebnen noch Beton aufbringen und schont die Umwelt. Da die Nutzlast mit 4,8 kW Solarpaneelen betrieben wird, ist nur minimaler Diesel- oder Standortzugang erforderlich.<\/p>\t\t\n\t\t\t\t\t\t<figure>\n\t\t\t\t\t\t\t<img loading=\"lazy\" decoding=\"async\" src=\"https:\/\/citech.com.au\/wp-content\/uploads\/2023\/05\/nexus-16-1.jpg\" alt=\"Nexus 16 wiring and organisation.\" srcset=\"https:\/\/citech.com.au\/wp-content\/uploads\/2023\/05\/nexus-16-1.jpg 1200w, https:\/\/citech.com.au\/wp-content\/uploads\/2023\/05\/nexus-16-1-300x200.jpg 300w, https:\/\/citech.com.au\/wp-content\/uploads\/2023\/05\/nexus-16-1-1024x683.jpg 1024w, https:\/\/citech.com.au\/wp-content\/uploads\/2023\/05\/nexus-16-1-768x512.jpg 768w\" width=\"1200\" height=\"800\" \/>\n\t\t\t\t\t\t\t\t\t\t\t\t\t<\/figure>\n\t\t\t\t\t\t<figure>\n\t\t\t\t\t\t\t<img loading=\"lazy\" decoding=\"async\" src=\"https:\/\/citech.com.au\/wp-content\/uploads\/2023\/05\/nexus-16-6.jpg\" alt=\"Wiring and structure of the Nexus 16.\" srcset=\"https:\/\/citech.com.au\/wp-content\/uploads\/2023\/05\/nexus-16-6.jpg 1200w, https:\/\/citech.com.au\/wp-content\/uploads\/2023\/05\/nexus-16-6-300x200.jpg 300w, https:\/\/citech.com.au\/wp-content\/uploads\/2023\/05\/nexus-16-6-1024x683.jpg 1024w, https:\/\/citech.com.au\/wp-content\/uploads\/2023\/05\/nexus-16-6-768x512.jpg 768w\" width=\"1200\" height=\"800\" \/>\n\t\t\t\t\t\t\t\t\t\t\t\t\t<\/figure>\n\t\t\t\t\t\t<figure>\n\t\t\t\t\t\t\t<img loading=\"lazy\" decoding=\"async\" src=\"https:\/\/citech.com.au\/wp-content\/uploads\/2023\/05\/nexus-16-5.jpg\" alt=\"Unique pin system on the Nexus 16.\" srcset=\"https:\/\/citech.com.au\/wp-content\/uploads\/2023\/05\/nexus-16-5.jpg 1200w, https:\/\/citech.com.au\/wp-content\/uploads\/2023\/05\/nexus-16-5-300x200.jpg 300w, https:\/\/citech.com.au\/wp-content\/uploads\/2023\/05\/nexus-16-5-1024x683.jpg 1024w, https:\/\/citech.com.au\/wp-content\/uploads\/2023\/05\/nexus-16-5-768x512.jpg 768w\" width=\"1200\" height=\"800\" \/>\n\t\t\t\t\t\t\t\t\t\t\t\t\t<\/figure>\n\t\t\t\t\t\t<figure>\n\t\t\t\t\t\t\t<img loading=\"lazy\" decoding=\"async\" src=\"https:\/\/citech.com.au\/wp-content\/uploads\/2023\/05\/nexus-16-4.jpg\" alt=\"Valves and tank mounts on the Nexus 16.\" srcset=\"https:\/\/citech.com.au\/wp-content\/uploads\/2023\/05\/nexus-16-4.jpg 1200w, https:\/\/citech.com.au\/wp-content\/uploads\/2023\/05\/nexus-16-4-300x200.jpg 300w, https:\/\/citech.com.au\/wp-content\/uploads\/2023\/05\/nexus-16-4-1024x683.jpg 1024w, https:\/\/citech.com.au\/wp-content\/uploads\/2023\/05\/nexus-16-4-768x512.jpg 768w\" width=\"1200\" height=\"800\" \/>\n\t\t\t\t\t\t\t\t\t\t\t\t\t<\/figure>\n\t\t\t\t\t\t<figure>\n\t\t\t\t\t\t\t<img loading=\"lazy\" decoding=\"async\" src=\"https:\/\/citech.com.au\/wp-content\/uploads\/2023\/05\/nexus-16-3.jpg\" alt=\"Unique screw lifting system in the Nexus 16.\" srcset=\"https:\/\/citech.com.au\/wp-content\/uploads\/2023\/05\/nexus-16-3.jpg 1200w, https:\/\/citech.com.au\/wp-content\/uploads\/2023\/05\/nexus-16-3-300x200.jpg 300w, https:\/\/citech.com.au\/wp-content\/uploads\/2023\/05\/nexus-16-3-1024x683.jpg 1024w, https:\/\/citech.com.au\/wp-content\/uploads\/2023\/05\/nexus-16-3-768x512.jpg 768w\" width=\"1200\" height=\"800\" \/>\n\t\t\t\t\t\t\t\t\t\t\t\t\t<\/figure>\n\t\t\t\t\t\t<figure>\n\t\t\t\t\t\t\t<img loading=\"lazy\" decoding=\"async\" src=\"https:\/\/citech.com.au\/wp-content\/uploads\/2023\/05\/nexus-16-2.jpg\" alt=\"Hydraulic systems within the Nexus 16 system.\" srcset=\"https:\/\/citech.com.au\/wp-content\/uploads\/2023\/05\/nexus-16-2.jpg 1200w, https:\/\/citech.com.au\/wp-content\/uploads\/2023\/05\/nexus-16-2-300x200.jpg 300w, https:\/\/citech.com.au\/wp-content\/uploads\/2023\/05\/nexus-16-2-1024x683.jpg 1024w, https:\/\/citech.com.au\/wp-content\/uploads\/2023\/05\/nexus-16-2-768x512.jpg 768w\" width=\"1200\" height=\"800\" \/>\n\t\t\t\t\t\t\t\t\t\t\t\t\t<\/figure>\n\t\t<h2>\n\t\t\tSo funktioniert das Nexus 16\n\t\t<\/h2>\n\t\t\t<p>Powered by cutting-edge PLC technology, the Nexus 16 self-deploying platform has been designed form the ground up to be completely autonomous in deployment and operation.All critical systems are duplicated resulting in an infrastructure asset that can be relied upon in the harshest of environments.The advanced autonomous systems allow the N16 to be deployed and set to operate by a single operator with minimal training.<a href=\"https:\/\/citech.com.au\/wp-content\/uploads\/2023\/04\/NEXUS-16-Brochure-v2.pdf\" target=\"_blank\" rel=\"noopener\"><strong>Nexus 16-Brosch\u00fcre \u00bb<\/strong><\/a><\/p>\t\t\n\t\t\t\t\t\t\t\t\t<img loading=\"lazy\" decoding=\"async\" src=\"https:\/\/citech.com.au\/wp-content\/uploads\/2023\/05\/nexus-16-transportation.png\" alt=\"nexus-16-transportation\" itemprop=\"image\" height=\"400\" width=\"600\" srcset=\"https:\/\/citech.com.au\/wp-content\/uploads\/2023\/05\/nexus-16-transportation.png 600w, https:\/\/citech.com.au\/wp-content\/uploads\/2023\/05\/nexus-16-transportation-300x200.png 300w\" sizes=\"auto, (max-width: 600px) 100vw, 600px\" title=\"nexus-16-transportation\" onerror=\"this.style.display='none'\"  \/>\n\t\t\tSchritt 01\n\t\t<h3>\n\t\t\tTransport\n\t\t<\/h3>\n\t\t\t<p>The Nexus 16 complies with the dimensions of an in-gauge 20 foot high-cube container complete with all 8 container locks.At an operating weight of 9.6T, Nexus can be lifted, stored and transported by any asset that can handle sea containers.<\/p>\t\t\n\t\t\tSchritt 02\n\t\t<h3>\n\t\t\tEntladung\n\t\t<\/h3>\n\t\t\t<p>Sobald das Nexus 16 an Ihrem Standort angekommen ist, schaltet ein einziger Tastendruck auf der drahtlosen Steuerung die Hydraulik ein und das NX16 hebt sich automatisch vom Transportwagen ab und setzt sich auf den Boden. Vom Boden aus k\u00f6nnen Arbeiten im Ger\u00e4teraum oder am Turm durchgef\u00fchrt werden, wodurch Sicherheitsbedenken minimiert werden.<\/p>\t\t\n\t\t\t\t\t\t\t\t\t<img loading=\"lazy\" decoding=\"async\" src=\"https:\/\/citech.com.au\/wp-content\/uploads\/2023\/05\/nexus-16-unloading.png\" alt=\"nexus-16-unloading\" itemprop=\"image\" height=\"400\" width=\"600\" srcset=\"https:\/\/citech.com.au\/wp-content\/uploads\/2023\/05\/nexus-16-unloading.png 600w, https:\/\/citech.com.au\/wp-content\/uploads\/2023\/05\/nexus-16-unloading-300x200.png 300w\" sizes=\"auto, (max-width: 600px) 100vw, 600px\" title=\"nexus-16-unloading\" onerror=\"this.style.display='none'\"  \/>\n\t\t\t\t\t\t\t\t\t<img loading=\"lazy\" decoding=\"async\" src=\"https:\/\/citech.com.au\/wp-content\/uploads\/2023\/05\/nexus-16-stabilisation.png\" alt=\"nexus-16-stabilisation\" itemprop=\"image\" height=\"400\" width=\"600\" srcset=\"https:\/\/citech.com.au\/wp-content\/uploads\/2023\/05\/nexus-16-stabilisation.png 600w, https:\/\/citech.com.au\/wp-content\/uploads\/2023\/05\/nexus-16-stabilisation-300x200.png 300w\" sizes=\"auto, (max-width: 600px) 100vw, 600px\" title=\"nexus-16-stabilisation\" onerror=\"this.style.display='none'\"  \/>\n\t\t\tSchritt 03\n\t\t<h3>\n\t\t\tStabilisierung\n\t\t<\/h3>\n\t\t\t<p>Nachdem alle \u00dcberpr\u00fcfungen oder \u00c4nderungen abgeschlossen sind, werden durch einen weiteren Knopfdruck die vier doppelgelenkigen Beine ausgefahren und die Plattform automatisch nivelliert und stabilisiert. Bodenunebenheiten und Neigungen von +\/-10 Grad k\u00f6nnen durch den autonomen Nivellieralgorithmus ausgeglichen werden.<\/p>\t\t\n\t\t\tSchritt 04\n\t\t<h3>\n\t\t\tLeistung\n\t\t<\/h3>\n\t\t\t<p>Sobald der NX16 waagerecht und stabil steht, wird die Solaranlage automatisch ausgefahren. Die resultierenden 4,8-kW-Module k\u00f6nnen eine 800-W-Ger\u00e4telast fast unbegrenzt unterst\u00fctzen und laden bis zu 1,2 kW f\u00fcr ein Jahr zwischen dem Nachf\u00fcllen des Generators. Lasten bis zu 7 kW k\u00f6nnen durch zus\u00e4tzlichen Dieselverbrauch und sogar noch mehr durch Leistungssteigerungen unterst\u00fctzt werden.<\/p>\t\t\n\t\t\t\t\t\t\t\t\t<img loading=\"lazy\" decoding=\"async\" src=\"https:\/\/citech.com.au\/wp-content\/uploads\/2023\/05\/nexus-16-power.png\" alt=\"nexus-16-power\" itemprop=\"image\" height=\"400\" width=\"600\" srcset=\"https:\/\/citech.com.au\/wp-content\/uploads\/2023\/05\/nexus-16-power.png 600w, https:\/\/citech.com.au\/wp-content\/uploads\/2023\/05\/nexus-16-power-300x200.png 300w\" sizes=\"auto, (max-width: 600px) 100vw, 600px\" title=\"nexus-16-power\" onerror=\"this.style.display='none'\"  \/>\n\t\t\t\t\t\t\t\t\t<img loading=\"lazy\" decoding=\"async\" src=\"https:\/\/citech.com.au\/wp-content\/uploads\/2023\/05\/nexus-16-expansion.png\" alt=\"nexus-16-expansion\" itemprop=\"image\" height=\"400\" width=\"600\" srcset=\"https:\/\/citech.com.au\/wp-content\/uploads\/2023\/05\/nexus-16-expansion.png 600w, https:\/\/citech.com.au\/wp-content\/uploads\/2023\/05\/nexus-16-expansion-300x200.png 300w\" sizes=\"auto, (max-width: 600px) 100vw, 600px\" title=\"nexus-16-expansion\" onerror=\"this.style.display='none'\"  \/>\n\t\t\tSchritt 05\n\t\t<h3>\n\t\t\tErweiterung\n\t\t<\/h3>\n\t\t\t<p>Tower lift comes next and like all other tasks, is a 1 button deploy. Driven by a locking lead screw in the base, the scissor-based tower will lift to a full height of 16 meters. Supporting large payloads weighing up to 250kG in 100km\/h winds with compete stability and safety.Electrically driven and self-aligning antenna mounts completes the installation by locking onto the coordinates of far end microwave radio systems.<\/p>\t\t\n\t\t\tSchritt 06\n\t\t<h3>\n\t\t\tBuilt-in Reliability &#038; Safety\n\t\t<\/h3>\n\t\t\t<p>The heavily researched and patented 16-meter tower is driven at the base by a lead screw which must be driven to raise or lower the tower thereby eliminating safety issues that plague stored energy systems using pneumatics or hydraulics.In addition to the vastly improved safety case, the screw drive and completely mechanical construction of the tower translates to many years of reliable operation in the world&#8217;s most demanding environments.<\/p>\t\t\n\t\t\t\t\t\t\t\t\t<img loading=\"lazy\" decoding=\"async\" src=\"https:\/\/citech.com.au\/wp-content\/uploads\/2023\/05\/nexus-16-built-in-reliability-safety.png\" alt=\"nexus-16-built-in-reliability-safety\" itemprop=\"image\" height=\"400\" width=\"600\" srcset=\"https:\/\/citech.com.au\/wp-content\/uploads\/2023\/05\/nexus-16-built-in-reliability-safety.png 600w, https:\/\/citech.com.au\/wp-content\/uploads\/2023\/05\/nexus-16-built-in-reliability-safety-300x200.png 300w\" sizes=\"auto, (max-width: 600px) 100vw, 600px\" title=\"nexus-16-built-in-reliability-safety\" onerror=\"this.style.display='none'\"  \/>\n\t\t<h2>\n\t\t\tSpezifikationen\n\t\t<\/h2>\n\t\t\t\tHintergrund\n\t\t\t\t<p>Alle Branchen, Regierung, Milit\u00e4r und Gesellschaft sind auf Kommunikations- und Energiesysteme angewiesen, um wichtige Dienste bereitzustellen, Leben zu sch\u00fctzen und die Betriebseffizienz zu verbessern. Die Kommunikationsinfrastruktur ist zu einem entscheidenden Faktor f\u00fcr alle geworden.<\/p>\n<p>Die Bedeutung der Batterietechnologie hat ebenfalls stark an Bedeutung gewonnen, da Lithium-Derivate den Markt und die Presse dominieren, w\u00e4hrend die Welt nach hoher Kapazit\u00e4t, saubererer und tragbarerer Energie dr\u00e4ngt.<\/p>\n\t\t\t\tDesignziele\n\t\t\t\t<p>Der Bedarf an schnell einsetzbaren Technologieplattformen mit hoher Kapazit\u00e4t erstreckt sich auf die meisten Ressourcensektoren, Verteidigungs- und Notfalldienste.<\/p>\n<p>CiTech wird mit seinem NEXUS 16 der erste seiner Art sein, der eine selbst einsetzbare Kommunikationsplattform mit den folgenden Spezifikationen liefert:<\/p>\n<ul>\n<li>Sicherer und schneller Container-\u00e4hnlicher Transport, Einsatz und Bergung.<\/li>\n<li>Geh\u00e4rtet, um extremen Umgebungen standzuhalten (Bergbaustaub, Beleuchtung, Zyklonregen und Wind).<\/li>\n<li>Vollst\u00e4ndig redundante Systeme, sehr hohe Fehlertoleranz, Selbstdiagnose und Statusmeldung.<\/li>\n<li>Sichere Wartung durch angelernte Bediener mit sehr hohen Sicherheitsbewertungen (das gesamte Produkt wird mit sicherem Niederspannungs-Gleichstrom betrieben).<\/li>\n<li>Unterst\u00fctzt ein breites Spektrum an Ausr\u00fcstungsnutzlasten in H\u00f6hen von 16 Metern \u00fcber dem Boden und einem Gewicht von bis zu 250 kg.<\/li>\n<li>Autonomer Betrieb und Fern\u00fcberwachung.<\/li>\n<li>F\u00fchrend in seiner Klasse in Bezug auf Turmh\u00f6he und -st\u00e4rke.<\/li>\n<li>Kann bis zu einem Jahr lang vollst\u00e4ndig solarbetrieben sein (abh\u00e4ngig von der Ger\u00e4teauslastung).<\/li>\n<\/ul>\n\t\t\t\tSpezifikationen\n\t\t\t\t<p><strong>New category &#8211; Self-Deploying Communications Skid (NEXUS 16) &#8211; Critical Performance Metrics<\/strong><\/p>\n<p>Der NEXUS 16 wurde speziell entwickelt, um die Ausf\u00e4lle und betrieblichen Einschr\u00e4nkungen bestehender Produkte zu beheben und eine schnell einsetzbare Netzwerkinfrastruktur mit hoher Kapazit\u00e4t bereitzustellen.<\/p>\n<p><strong>Leistungs\u00fcbersicht<\/strong><\/p>\n<p>Das NEXUS 16-Stromversorgungssystem wurde so dimensioniert, dass es eine Nutzlast von 1200 W das ganze Jahr \u00fcber zuverl\u00e4ssig mit Strom versorgt, auch in den widrigsten Umgebungen. Die PV-Anlage wird die prim\u00e4re Energiequelle sein, mit Gleichstrom-Dieselgeneratoren (2 davon) als Backup oder in Zeiten au\u00dfergew\u00f6hnlicher Lasten (taktische Notwendigkeit, wesentlich mehr Ausr\u00fcstung hinzuzuf\u00fcgen).<\/p>\n<p>Die aktiven Systeme haben keinen gemeinsamen Fehlerpunkt. Passive Systeme wie Verkabelung und Verteilung sind als N+0 ausgelegt, wobei die MTBF ausreichend lang ist, sodass die Komplexit\u00e4t redundanter Systeme und Umstellungen insgesamt zu einem weniger zuverl\u00e4ssigen System f\u00fchrt.<\/p>\n<ul>\n<li><strong>Gesamtabmessungen:<\/strong> 6 x 2.4 x 2.8M<br \/><em>Kommentare: Erf\u00fcllt die Spezifikationen f\u00fcr 20-Fu\u00df-Container (High Cube).<\/em><\/li>\n<li><strong>Trockengewicht:<\/strong> 9.6T<br \/><em>Bemerkungen: Transportierbar mit voller Kraftstoffladung (1T)<\/em><\/li>\n<li><strong>Antennenh\u00f6he:<\/strong> 16.5m<br \/><em>Kommentare: Vollst\u00e4ndig mechanisches, von der Basis angetriebenes, scherenbasiertes Design.<\/em><\/li>\n<li><strong>Antennenkapazit\u00e4t:<\/strong> 250kg<br \/><em>Kommentare: Geeignet f\u00fcr gro\u00dfe Antennen (Radar oder Kommunikation)<\/em><\/li>\n<li><strong>Operation Wind limits &#8211; (600mm microwave link):<\/strong> 28m\/s<br \/><em>Kommentare: Der Punkt, an dem die Mastauslenkung die Mikrowellenleistung beeintr\u00e4chtigt (1,5 Grad)<\/em><\/li>\n<li><strong>\u00dcberlebenswindgrenzen:<\/strong> 35m\/s<br \/><em>Bemerkungen: M\u00f6gliche unelastische Durchbiegung<\/em><\/li>\n<li><strong>Solarenergie:<\/strong> 4.8kW<br \/><em>Kommentare: Redundante Strings und Controller<\/em><\/li>\n<li><strong>Generatorleistung:<\/strong> 2 x 4kW<br \/><em>Kommentare: Redundante Konfiguration<\/em><\/li>\n<li><strong>Kraftstoffkapazit\u00e4t des Generators:<\/strong> 2 x 500L<br \/><em>Kommentare: Redundante Konfiguration<\/em><\/li>\n<li><strong>Batteriekapazit\u00e4t:<\/strong> Bis zu 130 kWh<br \/><em>Kommentare: Aufr\u00fcstbar auf 216 kWh<\/em><\/li>\n<li><strong>Kapazit\u00e4t der Nutzlastausr\u00fcstung:<\/strong> 60RU<br \/><em>Kommentare: 2 x 800 x 800 + 1\/2 x 600 \u00d7 600 Rack<\/em><\/li>\n<li><strong>Batterieautonomie bei 1 kW Last:<\/strong> 4 Tage<br \/><em>Anmerkungen: Es wird davon ausgegangen, dass kein Solar- oder Generatorstrom verf\u00fcgbar ist<\/em><\/li>\n<li><strong>Klimatisiert (Klimaanlage):<\/strong> 2 x Gleichstromversorgung<br \/><em>Kommentare: Redundante Konfiguration<\/em><\/li>\n<li><strong>Hydraulikpumpen:<\/strong> 2 x Gleichstromversorgung<br \/><em>Kommentare: Redundante Konfiguration<\/em><\/li>\n<\/ul>\n\t\t\t\tSt\u00e4rke und Flexibilit\u00e4t\n\t\t\t\t<p><strong>NEXUS 16 bietet durch Innovation einen Leistungssprung.<\/strong><\/p>\n<p>Durch den Einsatz patentierter Technologien, die noch nie zuvor im Kommunikationssektor eingesetzt wurden, \u00fcberwindet das NEXUS 16 zwei der gr\u00f6\u00dften Einschr\u00e4nkungen aktueller, schnell einsetzbarer Systeme.<\/p>\n<ul>\n<li>St\u00e4rke des Turms.<\/li>\n<li>F\u00e4higkeit zur schnellen Selbstbereitstellung und zum Einsatz in nahezu jeder Situation.<\/li>\n<\/ul>\n\t\t\t\tTurmst\u00e4rke und Kapazit\u00e4t\n\t\t\t\t<p>Developed on a revolutionary multi segment system, the tower is 4 times stronger than a conventional telescopic product which means its able to carry 4 times the equipment and maintain its performance in near cyclonic winds. &#8211; It is also much more reliable in operation and safer to work on.<\/p>\n\t\t\t\tSchnelle Bereitstellung und Betrieb\n\t\t\t\t<p>Hydraulic legs coupled to a machine learning control system allow the NEXUS 16 to lift itself off a truck and lower itself back onto the ground &#8211; fully automatically. Once safely on the ground, the system can then extend its legs out to form a very wide support base for maximum stability and then self-level.<\/p>\n<p>Das bedeutet, dass es praktisch \u00fcberall dort eingesetzt und eingesetzt werden kann, wo ein Gel\u00e4ndewagen hinkommt.<\/p>\n<p>Diese Funktionen sind alle f\u00fcr Verteidigungs- und Rettungsdienste von entscheidender Bedeutung.<\/p>\n\t\t\t\tGrundlegende Verbesserungen der Bedienersicherheit\n\t\t\t\t<p>Im NEXUS 16 sind viele Sicherheitsinnovationen integriert, es gibt jedoch drei entscheidende Innovationen, die gro\u00dfe Sicherheitsprobleme aktueller Technologien l\u00f6sen:<\/p>\n<ul>\n<li>The NEXUS 16 is carried by a standard truck and will self-unload remotely from a safe distance &#8211; Reducing the risk of towing accidents and rollovers.<\/li>\n<li>Maintenance access to the radio antennas is via two walkways. &#8211; No climbing towers or hanging over narrow platforms trying to work on antennas.<\/li>\n<li>Vollmechanisches Turmdesign. Sie sind nicht auf Pneumatik oder Hydraulik angewiesen, um die Last in der Schwebe zu halten. Der Turm wird durch die Leitspindel nach oben gefahren und der Turm nach unten gefahren.<\/li>\n<\/ul>\n\t\t\t\tMachtautonomie\n\t\t\t\t<p><strong>Solaranlagen mit hoher Kapazit\u00e4t sorgen f\u00fcr Energieautonomie.<\/strong><\/p>\n<p>Das faltbare 5-kW-Solarpanel-Array kann eine gesunde 800-W-Ger\u00e4telast mit Strom versorgen, ohne die Notstromaggregate in Anspruch nehmen zu m\u00fcssen. Bei hoher Ausr\u00fcstungslast (1,2 kW) k\u00f6nnen der integrierte Dieselspeicher und die Generatoren mit langen Wartungsintervallen bis zu einem Jahr ohne Nachtanken laufen.<\/p>\n<p><em>Hinweis: Die maximal verf\u00fcgbare Leistung f\u00fcr Nutzlastausr\u00fcstung betr\u00e4gt \u00fcber 7 kW. Die einzige Auswirkung ist ein h\u00f6herer Dieselverbrauch.<\/em><\/p>\n\t\t\t\tFederleichte Ber\u00fchrung des Bodens\n\t\t\t\t<p>Wenn es nur auf seinen vier F\u00fc\u00dfen und einer Ecke des Sockels ruht, kann der gesamte Aufprall auf den Boden weniger als 1 Quadratmeter betragen. In Kombination mit der Selbststabilisierung sind keine bodenbeeintr\u00e4chtigenden Arbeiten vor Ort erforderlich. Kein R\u00e4umen, F\u00fcllen, Bohren oder Nivellieren. Mit anderen Worten: schnell und umweltfreundlich.<\/p>\n\t\t\t\tVersiegelter und sto\u00dffest montierter Ger\u00e4teraum\n\t\t\t\t<p>Der Standardaufbau umfasst:<\/p>\n<ul>\n<li>4 Ger\u00e4test\u00e4nder, davon 3 f\u00fcr Kundenger\u00e4te.<\/li>\n<li>Redundante und \u00fcberwachte Klimaanlagen.<\/li>\n<li>Redundante Stromverteilung. Redundante und \u00fcberwachte Lithiumbatteriesysteme.<\/li>\n<li>Kabelmanagement, \u00dcberspannungsableiter, Beleuchtung, Brand- und Einbruch\u00fcberwachung.<\/li>\n<\/ul>\n\t\t\t<video src=\"https:\/\/citech.com.au\/wp-content\/uploads\/2023\/04\/Mechanical-Animation.mp4\" autoplay=\"\" webkit-playsinline=\"\" playsinline=\"\" loop=\"\" controls=\"\" muted=\"muted\"><\/video>\n\t\t<h3>\n\t\t\tBuchen Sie eine Pr\u00e4sentation\n\t\t<\/h3>\n\t\t\t<p>Want to see the Nexus 16 rapidly deployable system in person?Based in Fremantle, Western Australia, our experienced team will happily organise a demonstration to showcase the capabilities of Nexus 16 and what sets it apart from previous portable communication tower infrastructure.<\/p>\t\t\n\t<a href=\"https:\/\/citech.com.au\/de\/contact\/\" target=\"_self\" role=\"button\" aria-label=\"Buchen Sie jetzt\">\n\t\t\t\t\t\tBuchen Sie jetzt\n\t\t\t\t\t<\/a>","protected":false},"excerpt":{"rendered":"<p>Nexus 16 NEXUS 16 will be the first of its type to deliver a self-deployable communications platform with industry-leading specifications. Introducing Nexus 16 The Nexus 16 is a 20ft container sized, technology-agnostic platform that supports a walk-in equipment room, batteries, solar arrays and generators along with a 16m folding tower.Able to be transported to site&hellip;<\/p>","protected":false},"author":1,"featured_media":0,"parent":13,"menu_order":0,"comment_status":"closed","ping_status":"closed","template":"","meta":{"_acf_changed":false,"footnotes":""},"class_list":["post-55","page","type-page","status-publish","hentry"],"acf":[],"_links":{"self":[{"href":"https:\/\/citech.com.au\/de\/wp-json\/wp\/v2\/pages\/55","targetHints":{"allow":["GET"]}}],"collection":[{"href":"https:\/\/citech.com.au\/de\/wp-json\/wp\/v2\/pages"}],"about":[{"href":"https:\/\/citech.com.au\/de\/wp-json\/wp\/v2\/types\/page"}],"author":[{"embeddable":true,"href":"https:\/\/citech.com.au\/de\/wp-json\/wp\/v2\/users\/1"}],"replies":[{"embeddable":true,"href":"https:\/\/citech.com.au\/de\/wp-json\/wp\/v2\/comments?post=55"}],"version-history":[{"count":4,"href":"https:\/\/citech.com.au\/de\/wp-json\/wp\/v2\/pages\/55\/revisions"}],"predecessor-version":[{"id":463,"href":"https:\/\/citech.com.au\/de\/wp-json\/wp\/v2\/pages\/55\/revisions\/463"}],"up":[{"embeddable":true,"href":"https:\/\/citech.com.au\/de\/wp-json\/wp\/v2\/pages\/13"}],"wp:attachment":[{"href":"https:\/\/citech.com.au\/de\/wp-json\/wp\/v2\/media?parent=55"}],"curies":[{"name":"wp","href":"https:\/\/api.w.org\/{rel}","templated":true}]}}