{"id":56,"date":"2023-03-22T20:43:54","date_gmt":"2023-03-22T12:43:54","guid":{"rendered":"http:\/\/citech.com.au\/?page_id=56"},"modified":"2025-09-21T12:53:55","modified_gmt":"2025-09-21T04:53:55","slug":"cinet","status":"publish","type":"page","link":"https:\/\/citech.com.au\/de\/products\/cinet\/","title":{"rendered":"CiNet"},"content":{"rendered":"<h1>\n\t\t\tCiNet\n\t\t<\/h1>\n\t\t\t<p>CiNet was built to support the Nexus range of products and provide seamless integration into the operator&#8217;s own Network Management Systems.<\/p>\n\t\t<h2>\n\t\t\tNetzwerkmanagementsystem\n\t\t<\/h2>\n\t<p>Developed in conjunction with the Nexus embedded control and telemetry systems, CiNet was built to support the Nexus range of products and provide seamless integration into the operator&#8217;s own Network Management Systems.<\/p>\n\t<p>With the ability to run stand alone, hosted in CiTech&#8217;s secure Network Operations Centre or hosted entirely within a client&#8217;s secure web or cloud storage CiNet is powerful and flexible.<\/p>\n\t\t\t\t\t\t<h3>Webbasiert<\/h3>\t\t\t\t\t\n\t\t\t<p>Keine dedizierte Hardware erforderlich. Kann mit den meisten modernen Webbrowsern verwendet werden.<\/p>\t\t\n\t\t\t\t\t\t<h3>Docker-Containerbasiert<\/h3>\t\t\t\t\t\n\t\t\t<p>Die flexible gemeinsame Nutzung von Ressourcen sorgt f\u00fcr Redundanz und schnellere Reaktionszeiten.<\/p>\t\t\n\t\t\t\t\t\t<h3>Netzwerkflexibilit\u00e4t<\/h3>\t\t\t\t\t\n\t\t\t<p>Flexibilit\u00e4t, das sichere Netzwerk eines Kunden oder \u00f6ffentliches Hosting zu nutzen, einschlie\u00dflich der Ausf\u00fchrung auf internen\/privaten Cloud- oder \u00f6ffentlichen Cloud-Diensten.<\/p>\t\t\n\t\t\t\t\t\t<h3>Regelbasierte \u00dcberwachung<\/h3>\t\t\t\t\t\n\t\t\t<p>Rules-based alarms\/warnings\/alerts for monitoring that can be customised to meet the client&#8217;s priorities and reduce complexity.<\/p>\t\t\n\t\t\t\t\t\t<h3>Benutzerdefiniertes Dashboard<\/h3>\t\t\t\t\t\n\t\t\t<p>Integration in Anwendungen von Drittanbietern (wie Power BI) f\u00fcr umfassende Analysen.<\/p>\t\t\n\t\t\t\t\t\t<h3>Ferndatenerfassung<\/h3>\t\t\t\t\t\n\t\t\t<p>Die Ferndatenerfassung von Modbus-, IOT-, Seriell- und 485-Ger\u00e4ten kann so konfiguriert werden, dass Client-Ger\u00e4te von Drittanbietern innerhalb des nativen NMS \u00fcberwacht werden.<\/p>\t\t\n\t\t\t\t\t\t\t\t\t<img loading=\"lazy\" decoding=\"async\" src=\"https:\/\/citech.com.au\/wp-content\/uploads\/2023\/03\/cinet-asset-view.jpg\" alt=\"CiNet asset view.\" itemprop=\"image\" height=\"895\" width=\"1576\" srcset=\"https:\/\/citech.com.au\/wp-content\/uploads\/2023\/03\/cinet-asset-view.jpg 1576w, https:\/\/citech.com.au\/wp-content\/uploads\/2023\/03\/cinet-asset-view-300x170.jpg 300w, https:\/\/citech.com.au\/wp-content\/uploads\/2023\/03\/cinet-asset-view-1024x582.jpg 1024w, https:\/\/citech.com.au\/wp-content\/uploads\/2023\/03\/cinet-asset-view-768x436.jpg 768w, https:\/\/citech.com.au\/wp-content\/uploads\/2023\/03\/cinet-asset-view-1536x872.jpg 1536w\" sizes=\"auto, (max-width: 1576px) 100vw, 1576px\" title=\"cinet-asset-view\" onerror=\"this.style.display='none'\"  \/>\n\t\t\t\t\t\t\t\t\t\t\tCiNet-Asset-Ansicht.\n\t\t\t\t\t\t\t\t\t<img loading=\"lazy\" decoding=\"async\" src=\"https:\/\/citech.com.au\/wp-content\/uploads\/2023\/03\/nexus-status-summary-page.png\" alt=\"Nexus status summary page.\" itemprop=\"image\" height=\"690\" width=\"1384\" srcset=\"https:\/\/citech.com.au\/wp-content\/uploads\/2023\/03\/nexus-status-summary-page.png 1384w, https:\/\/citech.com.au\/wp-content\/uploads\/2023\/03\/nexus-status-summary-page-300x150.png 300w, https:\/\/citech.com.au\/wp-content\/uploads\/2023\/03\/nexus-status-summary-page-1024x511.png 1024w, https:\/\/citech.com.au\/wp-content\/uploads\/2023\/03\/nexus-status-summary-page-768x383.png 768w\" sizes=\"auto, (max-width: 1384px) 100vw, 1384px\" title=\"nexus-status-summary-page\" onerror=\"this.style.display='none'\"  \/>\n\t\t\t\t\t\t\t\t\t\t\tSeite mit der Zusammenfassung des Nexus-Status.\n\t\t\t\t\t\t\t\t\t<img loading=\"lazy\" decoding=\"async\" src=\"https:\/\/citech.com.au\/wp-content\/uploads\/2023\/03\/intuitive-dashboard-for-all-nexus-elements.png\" alt=\"Intuitive dashboard for all Nexus Elements.\" itemprop=\"image\" height=\"736\" width=\"1384\" srcset=\"https:\/\/citech.com.au\/wp-content\/uploads\/2023\/03\/intuitive-dashboard-for-all-nexus-elements.png 1384w, https:\/\/citech.com.au\/wp-content\/uploads\/2023\/03\/intuitive-dashboard-for-all-nexus-elements-300x160.png 300w, https:\/\/citech.com.au\/wp-content\/uploads\/2023\/03\/intuitive-dashboard-for-all-nexus-elements-1024x545.png 1024w, https:\/\/citech.com.au\/wp-content\/uploads\/2023\/03\/intuitive-dashboard-for-all-nexus-elements-768x408.png 768w\" sizes=\"auto, (max-width: 1384px) 100vw, 1384px\" title=\"intuitive-dashboard-for-all-nexus-elements\" onerror=\"this.style.display='none'\"  \/>\n\t\t\t\t\t\t\t\t\t\t\tIntuitives Dashboard f\u00fcr alle Nexus Elements.\n\t\t\t\t\t\t\t\t\t<img loading=\"lazy\" decoding=\"async\" src=\"https:\/\/citech.com.au\/wp-content\/uploads\/2023\/03\/self-aligning-microwave-system.png\" alt=\"Self aligning microwave system uses public and private information to locate and lock onto radio towers.\" itemprop=\"image\" height=\"791\" width=\"1384\" srcset=\"https:\/\/citech.com.au\/wp-content\/uploads\/2023\/03\/self-aligning-microwave-system.png 1384w, https:\/\/citech.com.au\/wp-content\/uploads\/2023\/03\/self-aligning-microwave-system-300x171.png 300w, https:\/\/citech.com.au\/wp-content\/uploads\/2023\/03\/self-aligning-microwave-system-1024x585.png 1024w, https:\/\/citech.com.au\/wp-content\/uploads\/2023\/03\/self-aligning-microwave-system-768x439.png 768w\" sizes=\"auto, (max-width: 1384px) 100vw, 1384px\" title=\"self-aligning-microwave-system\" onerror=\"this.style.display='none'\"  \/>\n\t\t\t\t\t\t\t\t\t\t\tDas selbstausrichtende Mikrowellensystem nutzt \u00f6ffentliche und private Informationen, um Funkt\u00fcrme zu lokalisieren und zu erfassen.\n\t<a href=\"https:\/\/citech.com.au\/de\/contact\/\" target=\"_self\" role=\"button\" aria-label=\"Kontakt\">\n\t\t\t\t\t\tKontakt\n\t\t\t\t\t<\/a>","protected":false},"excerpt":{"rendered":"<p>CiNet CiNet was built to support the Nexus range of products and provide seamless integration into the operator&#8217;s own Network Management Systems. Network Management System Developed in conjunction with the Nexus embedded control and telemetry systems, CiNet was built to support the Nexus range of products and provide seamless integration into the operator&#8217;s own Network&hellip;<\/p>","protected":false},"author":1,"featured_media":0,"parent":13,"menu_order":0,"comment_status":"closed","ping_status":"closed","template":"","meta":{"_acf_changed":false,"footnotes":""},"class_list":["post-56","page","type-page","status-publish","hentry"],"acf":[],"_links":{"self":[{"href":"https:\/\/citech.com.au\/de\/wp-json\/wp\/v2\/pages\/56","targetHints":{"allow":["GET"]}}],"collection":[{"href":"https:\/\/citech.com.au\/de\/wp-json\/wp\/v2\/pages"}],"about":[{"href":"https:\/\/citech.com.au\/de\/wp-json\/wp\/v2\/types\/page"}],"author":[{"embeddable":true,"href":"https:\/\/citech.com.au\/de\/wp-json\/wp\/v2\/users\/1"}],"replies":[{"embeddable":true,"href":"https:\/\/citech.com.au\/de\/wp-json\/wp\/v2\/comments?post=56"}],"version-history":[{"count":4,"href":"https:\/\/citech.com.au\/de\/wp-json\/wp\/v2\/pages\/56\/revisions"}],"predecessor-version":[{"id":470,"href":"https:\/\/citech.com.au\/de\/wp-json\/wp\/v2\/pages\/56\/revisions\/470"}],"up":[{"embeddable":true,"href":"https:\/\/citech.com.au\/de\/wp-json\/wp\/v2\/pages\/13"}],"wp:attachment":[{"href":"https:\/\/citech.com.au\/de\/wp-json\/wp\/v2\/media?parent=56"}],"curies":[{"name":"wp","href":"https:\/\/api.w.org\/{rel}","templated":true}]}}