{"id":57,"date":"2023-03-22T20:44:10","date_gmt":"2023-03-22T12:44:10","guid":{"rendered":"http:\/\/citech.com.au\/?page_id=57"},"modified":"2025-02-05T21:25:00","modified_gmt":"2025-02-05T13:25:00","slug":"team","status":"publish","type":"page","link":"https:\/\/citech.com.au\/de\/about\/team\/","title":{"rendered":"Unser Team"},"content":{"rendered":"<h1>\n\t\t\tLernen Sie das Team kennen\n\t\t<\/h1>\n\t\t\t<p>Das CiTech-Team wird von einem erfahrenen Management- und Produktionsteam unterst\u00fctzt, das branchenf\u00fchrende Technologie entwickelt.<\/p>\n\t\t<h2>\n\t\t\tUnser Management-Team\n\t\t<\/h2>\n\t<meta itemscope itemprop=\"mainEntityOfPage\" itemtype=\"https:\/\/schema.org\/WebPage\" itemid=\"http:\/\/131\" content=\"Imants Kins\" \/><meta itemprop=\"datePublished\" content=\"2023-04-03\" \/><meta itemprop=\"dateModified\" content=\"2023-07-07\" \/><meta itemprop=\"name\" content=\"Citech\"\/><meta itemprop=\"url\" content=\"https:\/\/citech.com.au\/author\/citech\/\" \/><meta itemprop=\"name\" content=\"citech\" \/><meta itemprop=\"url\" content=\"https:\/\/citech.com.au\/wp-content\/uploads\/2023\/04\/imants.jpg\" \/><meta itemprop=\"width\" content=\"600\" \/><meta itemprop=\"height\" content=\"800\" \/><meta itemprop=\"interactionType\" content=\"https:\/\/schema.org\/CommentAction\" \/><meta itemprop=\"userInteractionCount\" content=\"0\" \/>\n\t<a href='https:\/\/citech.com.au\/de\/about\/team\/imants-kins\/' title='Imants Kins'><img width=\"600\" height=\"800\" src=\"https:\/\/citech.com.au\/wp-content\/uploads\/2023\/04\/imants.jpg\" alt=\"Imants Kins - Citech.\" itemprop=\"image\" decoding=\"async\" loading=\"lazy\" srcset=\"https:\/\/citech.com.au\/wp-content\/uploads\/2023\/04\/imants.jpg 600w, https:\/\/citech.com.au\/wp-content\/uploads\/2023\/04\/imants-225x300.jpg 225w\" sizes=\"auto, (max-width: 600px) 100vw, 600px\" \/><\/a>\n    <h3>Imants Kins<\/h3>\n    \n    \tVorsitzende\n    \n    \n    \t<p>Imants verf\u00fcgt \u00fcber mehr als 40 Jahre Erfahrung im Ressourcen- und Technologiesektor im \u00f6ffentlichen und privaten Sektor.<\/p>\n    \n    \n    \t<a href=\"https:\/\/citech.com.au\/de\/about\/team\/imants-kins\/\"> Treffen Sie Imants Kins<\/a>\n    \n\t<meta itemscope itemprop=\"mainEntityOfPage\" itemtype=\"https:\/\/schema.org\/WebPage\" itemid=\"http:\/\/133\" content=\"Brenton Scott\" \/><meta itemprop=\"datePublished\" content=\"2023-04-03\" \/><meta itemprop=\"dateModified\" content=\"2023-07-07\" \/><meta itemprop=\"name\" content=\"Citech\"\/><meta itemprop=\"url\" content=\"https:\/\/citech.com.au\/author\/citech\/\" \/><meta itemprop=\"name\" content=\"citech\" \/><meta itemprop=\"url\" content=\"https:\/\/citech.com.au\/wp-content\/uploads\/2023\/04\/brenton-chief-executive-officer-citech.jpg\" \/><meta itemprop=\"width\" content=\"600\" \/><meta itemprop=\"height\" content=\"800\" \/><meta itemprop=\"interactionType\" content=\"https:\/\/schema.org\/CommentAction\" \/><meta itemprop=\"userInteractionCount\" content=\"0\" \/>\n\t<a href='https:\/\/citech.com.au\/de\/about\/team\/brenton-scott\/' title='Brenton Scott'><img width=\"600\" height=\"800\" src=\"https:\/\/citech.com.au\/wp-content\/uploads\/2023\/04\/brenton-chief-executive-officer-citech.jpg\" alt=\"Brenton Scott Citech.\" itemprop=\"image\" decoding=\"async\" loading=\"lazy\" srcset=\"https:\/\/citech.com.au\/wp-content\/uploads\/2023\/04\/brenton-chief-executive-officer-citech.jpg 600w, https:\/\/citech.com.au\/wp-content\/uploads\/2023\/04\/brenton-chief-executive-officer-citech-225x300.jpg 225w\" sizes=\"auto, (max-width: 600px) 100vw, 600px\" \/><\/a>\n    <h3>Brenton Scott<\/h3>\n    \n    \tChief Executive Officer (Direktor)\n    \n    \n    \t<p>Brenton ist Mitbegr\u00fcnder von CiTech und verf\u00fcgt \u00fcber umfassende Erfahrung in den Bereichen Aktienm\u00e4rkte, Kapitalbeschaffung sowie Rechnungslegung und Pr\u00fcfung \u00f6ffentlicher Unternehmen.<\/p>\n    \n    \n    \t<a href=\"https:\/\/citech.com.au\/de\/about\/team\/brenton-scott\/\"> Treffen Sie Brenton Scott<\/a>\n    \n\t<meta itemscope itemprop=\"mainEntityOfPage\" itemtype=\"https:\/\/schema.org\/WebPage\" itemid=\"http:\/\/138\" content=\"Andrew Hill\" \/><meta itemprop=\"datePublished\" content=\"2023-04-12\" \/><meta itemprop=\"dateModified\" content=\"2023-07-07\" \/><meta itemprop=\"name\" content=\"Citech\"\/><meta itemprop=\"url\" content=\"https:\/\/citech.com.au\/author\/citech\/\" \/><meta itemprop=\"name\" content=\"citech\" \/><meta itemprop=\"url\" content=\"https:\/\/citech.com.au\/wp-content\/uploads\/2023\/04\/andrew-hill.jpg\" \/><meta itemprop=\"width\" content=\"600\" \/><meta itemprop=\"height\" content=\"800\" \/><meta itemprop=\"interactionType\" content=\"https:\/\/schema.org\/CommentAction\" \/><meta itemprop=\"userInteractionCount\" content=\"0\" \/>\n\t<a href='https:\/\/citech.com.au\/de\/about\/team\/andrew-hill\/' title='Andrew Hill'><img width=\"600\" height=\"800\" src=\"https:\/\/citech.com.au\/wp-content\/uploads\/2023\/04\/andrew-hill.jpg\" alt=\"Andrew Hill Citech.\" itemprop=\"image\" decoding=\"async\" loading=\"lazy\" srcset=\"https:\/\/citech.com.au\/wp-content\/uploads\/2023\/04\/andrew-hill.jpg 600w, https:\/\/citech.com.au\/wp-content\/uploads\/2023\/04\/andrew-hill-225x300.jpg 225w\" sizes=\"auto, (max-width: 600px) 100vw, 600px\" \/><\/a>\n    <h3>Andrew Hill<\/h3>\n    \n    \tElektronikingenieur\n    \n    \n    \t<p>Andrew und Brenton Scott sind die Gr\u00fcnder von CiTech und liefern die Inspiration f\u00fcr die einzigartige Produkt- und Technologiepalette des Unternehmens.<\/p>\n    \n    \n    \t<a href=\"https:\/\/citech.com.au\/de\/about\/team\/andrew-hill\/\"> Treffen Sie Andrew Hill<\/a>\n    \n\t<meta itemscope itemprop=\"mainEntityOfPage\" itemtype=\"https:\/\/schema.org\/WebPage\" itemid=\"http:\/\/139\" content=\"Eugene Hodgson\" \/><meta itemprop=\"datePublished\" content=\"2023-04-12\" \/><meta itemprop=\"dateModified\" content=\"2023-07-07\" \/><meta itemprop=\"name\" content=\"Citech\"\/><meta itemprop=\"url\" content=\"https:\/\/citech.com.au\/author\/citech\/\" \/><meta itemprop=\"name\" content=\"citech\" \/><meta itemprop=\"url\" content=\"https:\/\/citech.com.au\/wp-content\/uploads\/2023\/04\/eugene-hodgson-citech.jpg\" \/><meta itemprop=\"width\" content=\"600\" \/><meta itemprop=\"height\" content=\"800\" \/><meta itemprop=\"interactionType\" content=\"https:\/\/schema.org\/CommentAction\" \/><meta itemprop=\"userInteractionCount\" content=\"0\" \/>\n\t<a href='https:\/\/citech.com.au\/de\/about\/team\/eugene-hodgson\/' title='Eugene Hodgson'><img width=\"600\" height=\"800\" src=\"https:\/\/citech.com.au\/wp-content\/uploads\/2023\/04\/eugene-hodgson-citech.jpg\" alt=\"Eugene Hodson Citech.\" itemprop=\"image\" decoding=\"async\" loading=\"lazy\" srcset=\"https:\/\/citech.com.au\/wp-content\/uploads\/2023\/04\/eugene-hodgson-citech.jpg 600w, https:\/\/citech.com.au\/wp-content\/uploads\/2023\/04\/eugene-hodgson-citech-225x300.jpg 225w\" sizes=\"auto, (max-width: 600px) 100vw, 600px\" \/><\/a>\n    <h3>Eugene Hodgson<\/h3>\n    \n    \tFinanzvorstand (Direktor)\n    \n    \n    \t<p>Eugene kam nach einer umfangreichen Karriere in den Kapitalm\u00e4rkten und bei \u00f6ffentlichen Unternehmen zu CiTech, wo er in F\u00fchrungspositionen in der Privatwirtschaft t\u00e4tig war, zuletzt als CFO.<\/p>\n    \n    \n    \t<a href=\"https:\/\/citech.com.au\/de\/about\/team\/eugene-hodgson\/\"> Treffen Sie Eugene Hodgson<\/a>\n    \n\t<meta itemscope itemprop=\"mainEntityOfPage\" itemtype=\"https:\/\/schema.org\/WebPage\" itemid=\"http:\/\/140\" content=\"Rich Paolone\" \/><meta itemprop=\"datePublished\" content=\"2023-04-12\" \/><meta itemprop=\"dateModified\" content=\"2023-07-07\" \/><meta itemprop=\"name\" content=\"Citech\"\/><meta itemprop=\"url\" content=\"https:\/\/citech.com.au\/author\/citech\/\" \/><meta itemprop=\"name\" content=\"citech\" \/><meta itemprop=\"url\" content=\"https:\/\/citech.com.au\/wp-content\/uploads\/2023\/04\/rich-palone.jpg\" \/><meta itemprop=\"width\" content=\"600\" \/><meta itemprop=\"height\" content=\"800\" \/><meta itemprop=\"interactionType\" content=\"https:\/\/schema.org\/CommentAction\" \/><meta itemprop=\"userInteractionCount\" content=\"0\" \/>\n\t<a href='https:\/\/citech.com.au\/de\/about\/team\/rich-paolone\/' title='Rich Paolone'><img width=\"600\" height=\"800\" src=\"https:\/\/citech.com.au\/wp-content\/uploads\/2023\/04\/rich-palone.jpg\" alt=\"Richard Paolone Citech.\" itemprop=\"image\" decoding=\"async\" loading=\"lazy\" srcset=\"https:\/\/citech.com.au\/wp-content\/uploads\/2023\/04\/rich-palone.jpg 600w, https:\/\/citech.com.au\/wp-content\/uploads\/2023\/04\/rich-palone-225x300.jpg 225w\" sizes=\"auto, (max-width: 600px) 100vw, 600px\" \/><\/a>\n    <h3>Rich Paolone<\/h3>\n    \n    \tUnabh\u00e4ngiger Direktor\n    \n    \n    \t<p>Richard hat seinen Sitz in Toronto und ist ein Wertpapieranwalt, der in einer Privatpraxis mit Erfahrung in \u00f6ffentlichen Unternehmen, Kapitalm\u00e4rkten, Fusionen und \u00dcbernahmen t\u00e4tig ist.<\/p>\n    \n    \n    \t<a href=\"https:\/\/citech.com.au\/de\/about\/team\/rich-paolone\/\"> Treffen Sie Rich Paolone<\/a>\n    \n\t\t<!-- .pp-content-posts -->\n\t\t<h2>\n\t\t\tUnsere Teamleiter\n\t\t<\/h2>\n\t<meta itemscope itemprop=\"mainEntityOfPage\" itemtype=\"https:\/\/schema.org\/WebPage\" itemid=\"http:\/\/141\" content=\"Rodney Louden\" \/><meta itemprop=\"datePublished\" content=\"2023-04-12\" \/><meta itemprop=\"dateModified\" content=\"2023-07-07\" \/><meta itemprop=\"name\" content=\"Citech\"\/><meta itemprop=\"url\" content=\"https:\/\/citech.com.au\/author\/citech\/\" \/><meta itemprop=\"name\" content=\"citech\" \/><meta itemprop=\"url\" content=\"https:\/\/citech.com.au\/wp-content\/uploads\/2023\/04\/rodney-louden-citech-sdp.jpg\" \/><meta itemprop=\"width\" content=\"600\" \/><meta itemprop=\"height\" content=\"800\" \/><meta itemprop=\"interactionType\" content=\"https:\/\/schema.org\/CommentAction\" \/><meta itemprop=\"userInteractionCount\" content=\"0\" \/>\n\t<a href='https:\/\/citech.com.au\/de\/about\/team\/rodney-louden\/' title='Rodney Louden'><img width=\"600\" height=\"800\" src=\"https:\/\/citech.com.au\/wp-content\/uploads\/2023\/04\/rodney-louden-citech-sdp.jpg\" alt=\"Rodney Louden Citech.\" itemprop=\"image\" decoding=\"async\" loading=\"lazy\" srcset=\"https:\/\/citech.com.au\/wp-content\/uploads\/2023\/04\/rodney-louden-citech-sdp.jpg 600w, https:\/\/citech.com.au\/wp-content\/uploads\/2023\/04\/rodney-louden-citech-sdp-225x300.jpg 225w\" sizes=\"auto, (max-width: 600px) 100vw, 600px\" \/><\/a>\n    <h3>Rodney Louden<\/h3>\n    \n    \tSDP-Entwicklungsmanager\n    \n    \n    \t<p>With his disciplined approach to engineering and leadership skills, Rodney guides CiTech&#8217;s development team through the product creation process.<\/p>\n    \n    \n    \t<a href=\"https:\/\/citech.com.au\/de\/about\/team\/rodney-louden\/\"> Treffen Sie Rodney Louden<\/a>\n    \n\t<meta itemscope itemprop=\"mainEntityOfPage\" itemtype=\"https:\/\/schema.org\/WebPage\" itemid=\"http:\/\/142\" content=\"Greg Taylor\" \/><meta itemprop=\"datePublished\" content=\"2023-04-12\" \/><meta itemprop=\"dateModified\" content=\"2023-07-07\" \/><meta itemprop=\"name\" content=\"Citech\"\/><meta itemprop=\"url\" content=\"https:\/\/citech.com.au\/author\/citech\/\" \/><meta itemprop=\"name\" content=\"citech\" \/><meta itemprop=\"url\" content=\"https:\/\/citech.com.au\/wp-content\/uploads\/2023\/04\/greg-taylor.jpg\" \/><meta itemprop=\"width\" content=\"600\" \/><meta itemprop=\"height\" content=\"800\" \/><meta itemprop=\"interactionType\" content=\"https:\/\/schema.org\/CommentAction\" \/><meta itemprop=\"userInteractionCount\" content=\"0\" \/>\n\t<a href='https:\/\/citech.com.au\/de\/about\/team\/greg-taylor\/' title='Greg Taylor'><img width=\"600\" height=\"800\" src=\"https:\/\/citech.com.au\/wp-content\/uploads\/2023\/04\/greg-taylor.jpg\" alt=\"Greg Taylor Citech.\" itemprop=\"image\" decoding=\"async\" loading=\"lazy\" srcset=\"https:\/\/citech.com.au\/wp-content\/uploads\/2023\/04\/greg-taylor.jpg 600w, https:\/\/citech.com.au\/wp-content\/uploads\/2023\/04\/greg-taylor-225x300.jpg 225w\" sizes=\"auto, (max-width: 600px) 100vw, 600px\" \/><\/a>\n    <h3>Greg Taylor<\/h3>\n    \n    \tAnwendungsentwicklungsingenieur\n    \n    \n    \t<p>Aufbauend auf Fachwissen in der Elektronik- und Softwareentwicklung verf\u00fcgt Greg \u00fcber jahrzehntelange, umfassende Erfahrung in Kommunikationsnetzwerken, Au\u00dfendienst, Anwendungsentwicklung und Produktionssystemen.<\/p>\n    \n    \n    \t<a href=\"https:\/\/citech.com.au\/de\/about\/team\/greg-taylor\/\"> Treffen Sie Greg Taylor<\/a>\n    \n\t<meta itemscope itemprop=\"mainEntityOfPage\" itemtype=\"https:\/\/schema.org\/WebPage\" itemid=\"http:\/\/373\" content=\"Janelle Theron\" \/><meta itemprop=\"datePublished\" content=\"2023-04-12\" \/><meta itemprop=\"dateModified\" content=\"2023-07-11\" \/><meta itemprop=\"name\" content=\"Citech\"\/><meta itemprop=\"url\" content=\"https:\/\/citech.com.au\/author\/citech\/\" \/><meta itemprop=\"name\" content=\"citech\" \/><meta itemprop=\"url\" content=\"https:\/\/citech.com.au\/wp-content\/uploads\/2023\/07\/janelle-theron-control-systems-engineer.jpg\" \/><meta itemprop=\"width\" content=\"600\" \/><meta itemprop=\"height\" content=\"800\" \/><meta itemprop=\"interactionType\" content=\"https:\/\/schema.org\/CommentAction\" \/><meta itemprop=\"userInteractionCount\" content=\"0\" \/>\n\t<a href='https:\/\/citech.com.au\/de\/about\/team\/janelle-theron\/' title='Janelle Theron'><img width=\"600\" height=\"800\" src=\"https:\/\/citech.com.au\/wp-content\/uploads\/2023\/07\/janelle-theron-control-systems-engineer.jpg\" alt=\"Janelle Theron, Control Systems Engineer at CiTech.\" itemprop=\"image\" decoding=\"async\" loading=\"lazy\" srcset=\"https:\/\/citech.com.au\/wp-content\/uploads\/2023\/07\/janelle-theron-control-systems-engineer.jpg 600w, https:\/\/citech.com.au\/wp-content\/uploads\/2023\/07\/janelle-theron-control-systems-engineer-225x300.jpg 225w\" sizes=\"auto, (max-width: 600px) 100vw, 600px\" \/><\/a>\n    <h3>Janelle Theron<\/h3>\n    \n    \tIngenieur f\u00fcr Steuerungssysteme\n    \n    \n    \t<p>Janelle hat einen Master-Abschluss in Biomedizintechnik und verf\u00fcgt \u00fcber fundierte Kenntnisse in den Bereichen Softwareentwicklung, industrielle Prozesskontrollsysteme sowie Test und Messung.<\/p>\n    \n    \n    \t<a href=\"https:\/\/citech.com.au\/de\/about\/team\/janelle-theron\/\"> Treffen Sie Janelle Theron<\/a>\n    \n\t<meta itemscope itemprop=\"mainEntityOfPage\" itemtype=\"https:\/\/schema.org\/WebPage\" itemid=\"http:\/\/146\" content=\"Andrew Ford\" \/><meta itemprop=\"datePublished\" content=\"2023-04-12\" \/><meta itemprop=\"dateModified\" content=\"2023-07-07\" \/><meta itemprop=\"name\" content=\"Citech\"\/><meta itemprop=\"url\" content=\"https:\/\/citech.com.au\/author\/citech\/\" \/><meta itemprop=\"name\" content=\"citech\" \/><meta itemprop=\"url\" content=\"https:\/\/citech.com.au\/wp-content\/uploads\/2023\/04\/andrew-ford-bio.jpg\" \/><meta itemprop=\"width\" content=\"600\" \/><meta itemprop=\"height\" content=\"800\" \/><meta itemprop=\"interactionType\" content=\"https:\/\/schema.org\/CommentAction\" \/><meta itemprop=\"userInteractionCount\" content=\"0\" \/>\n\t<a href='https:\/\/citech.com.au\/de\/about\/team\/andrew-ford\/' title='Andrew Ford'><img width=\"600\" height=\"800\" src=\"https:\/\/citech.com.au\/wp-content\/uploads\/2023\/04\/andrew-ford-bio.jpg\" alt=\"Andrew Ford Citech.\" itemprop=\"image\" decoding=\"async\" loading=\"lazy\" srcset=\"https:\/\/citech.com.au\/wp-content\/uploads\/2023\/04\/andrew-ford-bio.jpg 600w, https:\/\/citech.com.au\/wp-content\/uploads\/2023\/04\/andrew-ford-bio-225x300.jpg 225w\" sizes=\"auto, (max-width: 600px) 100vw, 600px\" \/><\/a>\n    <h3>Andrew Ford<\/h3>\n    \n    \tLeitender Maschinenbauingenieur\n    \n    \n    \t<p>Andrew has been involved in the development of the company&#8217;s products since inception and now leads the mechanical engineering team responsible for design, testing and certification.<\/p>\n    \n    \n    \t<a href=\"https:\/\/citech.com.au\/de\/about\/team\/andrew-ford\/\"> Treffen Sie Andrew Ford<\/a>\n    \n\t<meta itemscope itemprop=\"mainEntityOfPage\" itemtype=\"https:\/\/schema.org\/WebPage\" itemid=\"http:\/\/253\" content=\"Jonathan Knight\" \/><meta itemprop=\"datePublished\" content=\"2023-05-05\" \/><meta itemprop=\"dateModified\" content=\"2023-07-07\" \/><meta itemprop=\"name\" content=\"Citech\"\/><meta itemprop=\"url\" content=\"https:\/\/citech.com.au\/author\/citech\/\" \/><meta itemprop=\"name\" content=\"citech\" \/><meta itemprop=\"url\" content=\"https:\/\/citech.com.au\/wp-content\/uploads\/2023\/05\/jonathan-knight.jpg\" \/><meta itemprop=\"width\" content=\"600\" \/><meta itemprop=\"height\" content=\"800\" \/><meta itemprop=\"interactionType\" content=\"https:\/\/schema.org\/CommentAction\" \/><meta itemprop=\"userInteractionCount\" content=\"0\" \/>\n\t<a href='https:\/\/citech.com.au\/de\/about\/team\/jonathan-knight\/' title='Jonathan Knight'><img width=\"600\" height=\"800\" src=\"https:\/\/citech.com.au\/wp-content\/uploads\/2023\/05\/jonathan-knight.jpg\" alt=\"Jonathan Knight Citech.\" itemprop=\"image\" decoding=\"async\" loading=\"lazy\" srcset=\"https:\/\/citech.com.au\/wp-content\/uploads\/2023\/05\/jonathan-knight.jpg 600w, https:\/\/citech.com.au\/wp-content\/uploads\/2023\/05\/jonathan-knight-225x300.jpg 225w\" sizes=\"auto, (max-width: 600px) 100vw, 600px\" \/><\/a>\n    <h3>Jonathan Knight<\/h3>\n    \n    \tQualit\u00e4ts- und Managementsysteme\n    \n    \n    \t<p>Jonathan arbeitet mit dem CiTech-Team an der Einrichtung seines Qualit\u00e4tsmanagementsystems und der Erlangung der ISO 9001-Zertifizierung.<\/p>\n    \n    \n    \t<a href=\"https:\/\/citech.com.au\/de\/about\/team\/jonathan-knight\/\"> Treffen Sie Jonathan Knight<\/a>\n    \n\t\t<!-- .pp-content-posts -->\n\t\t<h2>\n\t\t\tManagement &#038; Engineering\n\t\t<\/h2>\n\t<meta itemscope itemprop=\"mainEntityOfPage\" itemtype=\"https:\/\/schema.org\/WebPage\" itemid=\"http:\/\/145\" content=\"Jay Ellis\" \/><meta itemprop=\"datePublished\" content=\"2023-04-12\" \/><meta itemprop=\"dateModified\" content=\"2023-07-07\" \/><meta itemprop=\"name\" content=\"Citech\"\/><meta itemprop=\"url\" content=\"https:\/\/citech.com.au\/author\/citech\/\" \/><meta itemprop=\"name\" content=\"citech\" \/><meta itemprop=\"url\" content=\"https:\/\/citech.com.au\/wp-content\/uploads\/2023\/04\/jay.jpg\" \/><meta itemprop=\"width\" content=\"600\" \/><meta itemprop=\"height\" content=\"800\" \/><meta itemprop=\"interactionType\" content=\"https:\/\/schema.org\/CommentAction\" \/><meta itemprop=\"userInteractionCount\" content=\"0\" \/>\n\t<a href='https:\/\/citech.com.au\/de\/about\/team\/jay-ellis\/' title='Jay Ellis'><img width=\"600\" height=\"800\" src=\"https:\/\/citech.com.au\/wp-content\/uploads\/2023\/04\/jay.jpg\" alt=\"\" itemprop=\"image\" decoding=\"async\" loading=\"lazy\" srcset=\"https:\/\/citech.com.au\/wp-content\/uploads\/2023\/04\/jay.jpg 600w, https:\/\/citech.com.au\/wp-content\/uploads\/2023\/04\/jay-225x300.jpg 225w\" sizes=\"auto, (max-width: 600px) 100vw, 600px\" \/><\/a>\n    <h3>Jay Ellis<\/h3>\n    \n    \tWorkshop &#038; Warehouse Manager\n    \n    \n    \t<p>Jay ist ein handwerklicher Klempner mit \u00fcber 12 Jahren Erfahrung in Industriesystemen, einschlie\u00dflich Bauwesen, Hochdruckrohrleitungen, Stahlherstellung und Sicherheitsmanagement.<\/p>\n    \n    \n    \t<a href=\"https:\/\/citech.com.au\/de\/about\/team\/jay-ellis\/\"> Treffen Sie Jay Ellis<\/a>\n    \n\t<meta itemscope itemprop=\"mainEntityOfPage\" itemtype=\"https:\/\/schema.org\/WebPage\" itemid=\"http:\/\/147\" content=\"Theo Lotter\" \/><meta itemprop=\"datePublished\" content=\"2023-04-12\" \/><meta itemprop=\"dateModified\" content=\"2023-07-07\" \/><meta itemprop=\"name\" content=\"Citech\"\/><meta itemprop=\"url\" content=\"https:\/\/citech.com.au\/author\/citech\/\" \/><meta itemprop=\"name\" content=\"citech\" \/><meta itemprop=\"url\" content=\"https:\/\/citech.com.au\/wp-content\/uploads\/2023\/04\/theo.jpg\" \/><meta itemprop=\"width\" content=\"600\" \/><meta itemprop=\"height\" content=\"800\" \/><meta itemprop=\"interactionType\" content=\"https:\/\/schema.org\/CommentAction\" \/><meta itemprop=\"userInteractionCount\" content=\"0\" \/>\n\t<a href='https:\/\/citech.com.au\/de\/about\/team\/theo-lotter\/' title='Theo Lotter'><img width=\"600\" height=\"800\" src=\"https:\/\/citech.com.au\/wp-content\/uploads\/2023\/04\/theo.jpg\" alt=\"\" itemprop=\"image\" decoding=\"async\" loading=\"lazy\" srcset=\"https:\/\/citech.com.au\/wp-content\/uploads\/2023\/04\/theo.jpg 600w, https:\/\/citech.com.au\/wp-content\/uploads\/2023\/04\/theo-225x300.jpg 225w\" sizes=\"auto, (max-width: 600px) 100vw, 600px\" \/><\/a>\n    <h3>Theo Lotter<\/h3>\n    \n    \tMaschinenbau\n    \n    \n    \t<p>Mit einem Diplom in Maschinenbau und 25 Jahren Erfahrung in der mobilen Anlagen-, Telekommunikations- und Produktionstechnik.<\/p>\n    \n    \n    \t<a href=\"https:\/\/citech.com.au\/de\/about\/team\/theo-lotter\/\"> Treffen Sie Theo Lotter<\/a>\n    \n\t<meta itemscope itemprop=\"mainEntityOfPage\" itemtype=\"https:\/\/schema.org\/WebPage\" itemid=\"http:\/\/250\" content=\"Joshua Scott\" \/><meta itemprop=\"datePublished\" content=\"2023-05-05\" \/><meta itemprop=\"dateModified\" content=\"2023-07-07\" \/><meta itemprop=\"name\" content=\"Citech\"\/><meta itemprop=\"url\" content=\"https:\/\/citech.com.au\/author\/citech\/\" \/><meta itemprop=\"name\" content=\"citech\" \/><meta itemprop=\"url\" content=\"https:\/\/citech.com.au\/wp-content\/uploads\/2023\/05\/joshua-scott.jpg\" \/><meta itemprop=\"width\" content=\"600\" \/><meta itemprop=\"height\" content=\"800\" \/><meta itemprop=\"interactionType\" content=\"https:\/\/schema.org\/CommentAction\" \/><meta itemprop=\"userInteractionCount\" content=\"0\" \/>\n\t<a href='https:\/\/citech.com.au\/de\/about\/team\/joshua-scott\/' title='Joshua Scott'><img width=\"600\" height=\"800\" src=\"https:\/\/citech.com.au\/wp-content\/uploads\/2023\/05\/joshua-scott.jpg\" alt=\"Joshua Scott Citech.\" itemprop=\"image\" decoding=\"async\" loading=\"lazy\" srcset=\"https:\/\/citech.com.au\/wp-content\/uploads\/2023\/05\/joshua-scott.jpg 600w, https:\/\/citech.com.au\/wp-content\/uploads\/2023\/05\/joshua-scott-225x300.jpg 225w\" sizes=\"auto, (max-width: 600px) 100vw, 600px\" \/><\/a>\n    <h3>Joshua Scott<\/h3>\n    \n    \tTechnischer Berater\n    \n    \n    \t<p>Joshua konzentriert sich auf die Wartung der IT-Systeme und Netzwerke, um eine optimale Leistung sicherzustellen, und verf\u00fcgt \u00fcber Fachkenntnisse in verschiedenen Technologien und Programmiersprachen.<\/p>\n    \n    \n    \t<a href=\"https:\/\/citech.com.au\/de\/about\/team\/joshua-scott\/\"> Treffen Sie Joshua Scott<\/a>\n    \n\t\t<!-- .pp-content-posts -->","protected":false},"excerpt":{"rendered":"<p>Meet The Team The CiTech team is backed by an experienced management and production team that develop industry-leading technology. Our Management Team Imants Kins Chairman Imants has more than 40 years of experience in resources and technology sectors across the public and private sectors. Meet Imants Kins Brenton Scott Chief Executive Officer (Director) Brenton is&hellip;<\/p>","protected":false},"author":1,"featured_media":0,"parent":11,"menu_order":0,"comment_status":"closed","ping_status":"closed","template":"","meta":{"_acf_changed":false,"footnotes":""},"class_list":["post-57","page","type-page","status-publish","hentry"],"acf":[],"_links":{"self":[{"href":"https:\/\/citech.com.au\/de\/wp-json\/wp\/v2\/pages\/57","targetHints":{"allow":["GET"]}}],"collection":[{"href":"https:\/\/citech.com.au\/de\/wp-json\/wp\/v2\/pages"}],"about":[{"href":"https:\/\/citech.com.au\/de\/wp-json\/wp\/v2\/types\/page"}],"author":[{"embeddable":true,"href":"https:\/\/citech.com.au\/de\/wp-json\/wp\/v2\/users\/1"}],"replies":[{"embeddable":true,"href":"https:\/\/citech.com.au\/de\/wp-json\/wp\/v2\/comments?post=57"}],"version-history":[{"count":2,"href":"https:\/\/citech.com.au\/de\/wp-json\/wp\/v2\/pages\/57\/revisions"}],"predecessor-version":[{"id":404,"href":"https:\/\/citech.com.au\/de\/wp-json\/wp\/v2\/pages\/57\/revisions\/404"}],"up":[{"embeddable":true,"href":"https:\/\/citech.com.au\/de\/wp-json\/wp\/v2\/pages\/11"}],"wp:attachment":[{"href":"https:\/\/citech.com.au\/de\/wp-json\/wp\/v2\/media?parent=57"}],"curies":[{"name":"wp","href":"https:\/\/api.w.org\/{rel}","templated":true}]}}