{"id":87,"date":"2023-03-23T12:56:47","date_gmt":"2023-03-23T04:56:47","guid":{"rendered":"http:\/\/citech.com.au\/?page_id=87"},"modified":"2025-02-05T22:29:53","modified_gmt":"2025-02-05T14:29:53","slug":"sectors","status":"publish","type":"page","link":"https:\/\/citech.com.au\/de\/sectors\/","title":{"rendered":"Sektoren"},"content":{"rendered":"<h1>\n\t\t\tVon uns betreute Sektoren\n\t\t<\/h1>\n\t\t\t<p>In Zusammenarbeit mit mehreren Branchen entwickeln wir ma\u00dfgeschneiderte L\u00f6sungen zur L\u00f6sung von Branchenproblemen.<\/p>\n\t\t<h2>\n\t\t\tGemeinsame Sektoren umfassen\n\t\t<\/h2>\n\t\t\t\t\t\t\t\t\t<img loading=\"lazy\" decoding=\"async\" src=\"https:\/\/citech.com.au\/wp-content\/uploads\/bb-plugin\/cache\/resources-sector-panorama.jpg\" alt=\"citech working in the resources sector in Western Australia.\" itemprop=\"image\" height=\"1334\" width=\"2000\" title=\"citech working in the resources sector in Western Australia\" onerror=\"this.style.display='none'\"  \/>\n\t\t<h3>Ressourcensektor<\/h3>\n\t\t\t<p>Sicherheit der Arbeiter und betriebliche Effizienz sind entscheidende Erfolgsfaktoren f\u00fcr die Minenbetreiber des 21. Jahrhunderts. Dieser Sektor muss die beste sichere, leistungsstarke und zuverl\u00e4ssige Technologie nutzen, die CiTech entwickelt und liefert.<\/p>\t\t\n\t\t\t\t\n\t\t\t\t\t<a href=\"https:\/\/citech.com.au\/de\/sectors\/resources\/\" role=\"button\" target=\"_self\">\n\t\t\t\t\t\tRessourcensektor \u00bb\t\t\t\t\t<\/a>\n\t\t\t\t\n\t\t\t\t\t\t\t\t\t<img loading=\"lazy\" decoding=\"async\" src=\"https:\/\/citech.com.au\/wp-content\/uploads\/bb-plugin\/cache\/citect-emergency-services-panorama.jpg\" alt=\"citect-emergency-services\" itemprop=\"image\" height=\"1334\" width=\"2000\" title=\"citect-emergency-services\" onerror=\"this.style.display='none'\"  \/>\n\t\t<h3>Notdienste<\/h3>\n\t\t\t<p>Unsere schnell einsetzbaren Infrastrukturprodukte k\u00f6nnen die \u00f6ffentliche Kommunikation und andere wichtige Dienste in weniger als einer Stunde wiederherstellen, wo und wann immer sie ben\u00f6tigt werden.<\/p>\t\t\n\t\t\t\t\n\t\t\t\t\t<a href=\"https:\/\/citech.com.au\/de\/sectors\/emergency-services\/\" role=\"button\" target=\"_self\">\n\t\t\t\t\t\tNotdienste \u00bb\t\t\t\t\t<\/a>\n\t\t\t\t\n\t\t\t\t\t\t\t\t\t<img loading=\"lazy\" decoding=\"async\" src=\"https:\/\/citech.com.au\/wp-content\/uploads\/bb-plugin\/cache\/citech-defence-panorama.jpg\" alt=\"citech-defence\" itemprop=\"image\" height=\"1334\" width=\"2000\" title=\"citech-defence\" onerror=\"this.style.display='none'\"  \/>\n\t\t<h3>Verteidigungssektor<\/h3>\n\t\t\t<p>CiTech entwickelt vollst\u00e4ndig eigenst\u00e4ndige und schnell einsetzbare Anlagen, die eine Vielzahl kritischer Ausr\u00fcstungsnutzlasten wie Kommunikation und Radar unterst\u00fctzen k\u00f6nnen, um die Effektivit\u00e4t auf dem Schlachtfeld zu verbessern.<\/p>\t\t\n\t\t\t\t\n\t\t\t\t\t<a href=\"https:\/\/citech.com.au\/de\/sectors\/defence\/\" role=\"button\" target=\"_self\">\n\t\t\t\t\t\tVerteidigungssektor \u00bb\t\t\t\t\t<\/a>","protected":false},"excerpt":{"rendered":"<p>Sectors We Service Working with multiple sectors, we manufacture bespoke solutions to solve industry issues. Common Sectors Include Resources Sector Safety of workers and operational efficiency are critical success factors for the 21st century mine operators. This sector needs to leverage the very best in safe, powerful and reliable technology that CiTech designs and delivers.&hellip;<\/p>","protected":false},"author":1,"featured_media":0,"parent":0,"menu_order":0,"comment_status":"closed","ping_status":"closed","template":"","meta":{"_acf_changed":false,"footnotes":""},"class_list":["post-87","page","type-page","status-publish","hentry"],"acf":[],"_links":{"self":[{"href":"https:\/\/citech.com.au\/de\/wp-json\/wp\/v2\/pages\/87","targetHints":{"allow":["GET"]}}],"collection":[{"href":"https:\/\/citech.com.au\/de\/wp-json\/wp\/v2\/pages"}],"about":[{"href":"https:\/\/citech.com.au\/de\/wp-json\/wp\/v2\/types\/page"}],"author":[{"embeddable":true,"href":"https:\/\/citech.com.au\/de\/wp-json\/wp\/v2\/users\/1"}],"replies":[{"embeddable":true,"href":"https:\/\/citech.com.au\/de\/wp-json\/wp\/v2\/comments?post=87"}],"version-history":[{"count":4,"href":"https:\/\/citech.com.au\/de\/wp-json\/wp\/v2\/pages\/87\/revisions"}],"predecessor-version":[{"id":419,"href":"https:\/\/citech.com.au\/de\/wp-json\/wp\/v2\/pages\/87\/revisions\/419"}],"wp:attachment":[{"href":"https:\/\/citech.com.au\/de\/wp-json\/wp\/v2\/media?parent=87"}],"curies":[{"name":"wp","href":"https:\/\/api.w.org\/{rel}","templated":true}]}}