{"id":99,"date":"2023-03-23T13:02:43","date_gmt":"2023-03-23T05:02:43","guid":{"rendered":"http:\/\/citech.com.au\/?page_id=99"},"modified":"2025-02-05T22:31:49","modified_gmt":"2025-02-05T14:31:49","slug":"resources","status":"publish","type":"page","link":"https:\/\/citech.com.au\/de\/sectors\/resources\/","title":{"rendered":"Ressourcen"},"content":{"rendered":"<h1>\n\t\t\tRessourcensektor\n\t\t<\/h1>\n\t\t\t<p>Bergbaustandorte m\u00fcssen die beste sichere, leistungsstarke und zuverl\u00e4ssige Technologie nutzen, die CiTech entwickelt und liefert.<\/p>\n\t\t\t\t\t\t\t\t\t<img loading=\"lazy\" decoding=\"async\" src=\"https:\/\/citech.com.au\/wp-content\/uploads\/2023\/04\/nexus-extended-transparent.png\" alt=\"nexus-extended-transparent\" itemprop=\"image\" height=\"1024\" width=\"566\" srcset=\"https:\/\/citech.com.au\/wp-content\/uploads\/2023\/04\/nexus-extended-transparent.png 566w, https:\/\/citech.com.au\/wp-content\/uploads\/2023\/04\/nexus-extended-transparent-166x300.png 166w\" sizes=\"auto, (max-width: 566px) 100vw, 566px\" title=\"nexus-extended-transparent\" onerror=\"this.style.display='none'\"  \/>\n\t\t<h2>\n\t\t\tWir stellen vor: Nexus 16\n\t\t<\/h2>\n\t\t\t<p>Mining companies face some of the most difficult operating environments of any industry defined by very remote areas, hazardous working conditions and extremes in weather and other environmental challenges.Add to this, stringent compliance obligations, a mobile workforce and changing work conditions means that to remain profitable in a competitive environment successful mining companies leverage heavily off technology to maintain an edge.The <a href=\"https:\/\/citech.com.au\/de\/products\/nexus-16\/\">Nexus 16<\/a> is the first in its class to package all the critical elements needed to support high-capacity communications systems essential to run a modern mining operation. Systems like LTE and digital radio networks that are the backbone of most autonomous mining operations and manage the safety of the people that work there.<strong>Das Nexus 16 ist geeignet f\u00fcr:<\/strong><\/p><ul><li>Abgelegene und sehr lebensfeindliche Orte.<\/li><li>Tagebau einschlie\u00dflich sehr tiefer Gruben.<\/li><li>Dynamische Betriebsumgebung. St\u00e4ndige \u00c4nderungen der Topographie im Zuge des Bergbaufortschritts.<\/li><li>Sehr gro\u00dfe zu verwaltende Gebiete (Hunderte von Kilometern) f\u00fcr schienengebundene Minen.<\/li><li>Aggressive Automatisierungspl\u00e4ne.<\/li><\/ul>\t\t\n\t\t<h3>Erh\u00f6hte Sicherheit<\/h3>\n\t\t\t<p>Unsere schnell einsetzbaren Nexus 16-T\u00fcrme k\u00f6nnen schnell Kommunikationsnetzwerke an abgelegenen oder schwer erreichbaren Orten bereitstellen, ohne dass daf\u00fcr geschulte Monteure erforderlich sind.<\/p>\t\t\n\t\t<h3>Erh\u00f6hte Effizienz<\/h3>\n\t\t\t<p>Mit zuverl\u00e4ssigen Kommunikationsnetzwerken k\u00f6nnen Mitarbeiter schnell und einfach auf Informationen und Ressourcen zugreifen und so effizienter und produktiver arbeiten.<\/p>\t\t\n\t\t<h3>Kosteneinsparungen<\/h3>\n\t\t\t<p>Nexus 16-Telekommunikationst\u00fcrme k\u00f6nnen der Bergbauindustrie auf lange Sicht Ressourcen und Geld sparen, indem sie den Bedarf an permanenter Infrastruktur oder die Wartung hydraulischer Teile reduzieren.<\/p>\t\t\n\t\t<h3>Verbesserte Umweltauswirkungen<\/h3>\n\t\t\t<p>Die schnell einsetzbaren Nexus 16-T\u00fcrme k\u00f6nnen einfach und mit minimaler Unterbrechung entfernt werden, wodurch die Umweltbelastung f\u00fcr die Ressourcen- und Bergbauindustrie verringert wird.<\/p>\t\t\n\t\t<h3>\n\t\t\tMinenbetrieb\n\t\t<\/h3>\n\t\t\t<p>Das SDS bietet allen Betreibern des Rohstoffsektors nicht nur die M\u00f6glichkeit, CAPEX und OPEX zu reduzieren, sondern auch die Werkzeuge, um den hohen Automatisierungsgrad vollst\u00e4ndig zu realisieren, der erforderlich ist, um in einem volatilen Rohstoffmarkt wettbewerbsf\u00e4hig zu bleiben.<\/p>\t\t\n\t\t\t\t\t\t\t\t\t<img loading=\"lazy\" decoding=\"async\" src=\"https:\/\/citech.com.au\/wp-content\/uploads\/2023\/05\/minesite-example.jpg\" alt=\"Minesite example for Citech.\" itemprop=\"image\" height=\"960\" width=\"1200\" srcset=\"https:\/\/citech.com.au\/wp-content\/uploads\/2023\/05\/minesite-example.jpg 1200w, https:\/\/citech.com.au\/wp-content\/uploads\/2023\/05\/minesite-example-300x240.jpg 300w, https:\/\/citech.com.au\/wp-content\/uploads\/2023\/05\/minesite-example-1024x819.jpg 1024w, https:\/\/citech.com.au\/wp-content\/uploads\/2023\/05\/minesite-example-768x614.jpg 768w\" sizes=\"auto, (max-width: 1200px) 100vw, 1200px\" title=\"Minesite example for Citech\" onerror=\"this.style.display='none'\"  \/>\n\t\t\t\t\t\t\t\t\t\t\tEin Beispiel daf\u00fcr, wie drei Nexus 16 Self Deploying Platforms nahe am Rand einer Grube eingesetzt werden k\u00f6nnten, um LTE- und digitale Funkverbindungen mit sehr hoher Bandbreite in die Grube bereitzustellen. Dar\u00fcber hinaus sind alle drei Standorte \u00fcber redundante 10-Gbit\/s-Mikrowellenverbindungen mit der Einsatzzentrale verbunden.\n\t\t<h3>\n\t\t\tExplorations- und Baukommunikation\n\t\t<\/h3>\n\t\t\t<p>Eine m\u00f6glicherweise noch gr\u00f6\u00dfere Herausforderung f\u00fcr Rohstoffunternehmen besteht darin, den Explorations- und Baulagern eine Kommunikation auf st\u00e4dtischem Niveau bereitzustellen, um einer sehr wertvollen Belegschaft Sicherheit, Effizienz und Annehmlichkeiten auf st\u00e4dtischer Ebene zu bieten.<\/p>\t\t\n\t\t\t\t\t\t\t\t\t<img loading=\"lazy\" decoding=\"async\" src=\"https:\/\/citech.com.au\/wp-content\/uploads\/2023\/05\/exploration-construction-communications-example.jpg\" alt=\"Exploration and Construction Communications.\" itemprop=\"image\" height=\"698\" width=\"1200\" srcset=\"https:\/\/citech.com.au\/wp-content\/uploads\/2023\/05\/exploration-construction-communications-example.jpg 1200w, https:\/\/citech.com.au\/wp-content\/uploads\/2023\/05\/exploration-construction-communications-example-300x175.jpg 300w, https:\/\/citech.com.au\/wp-content\/uploads\/2023\/05\/exploration-construction-communications-example-1024x596.jpg 1024w, https:\/\/citech.com.au\/wp-content\/uploads\/2023\/05\/exploration-construction-communications-example-768x447.jpg 768w\" sizes=\"auto, (max-width: 1200px) 100vw, 1200px\" title=\"Exploration and Construction Communications.\" onerror=\"this.style.display='none'\"  \/>\n\t\t\t\t\t\t\t\t\t\t\tIn diesem Beispiel wird das Nexus 16 mit einer kommerziellen Version von Starlink gepaart, um eine Downlink-Verbindung mit 200 Mbit\/s und eine Backhaul-Verbindung mit 25 Mbit\/s Uplink zum \u00f6ffentlichen Internet und zu Unternehmensnetzwerken bereitzustellen. Sobald die Verbindung hergestellt ist, k\u00f6nnen Sprachmobilfunk, Datenleitungen und m\u00f6glicherweise LTE in einem Umkreis von 15 km um das Lager ausgestrahlt werden.\n\t\t<h2>\n\t\t\tFunktionsweise des Nexus 16\n\t\t<\/h2>\n\t\t\t<p>Das einzigartige Design des Nexus 16 reduziert den Bedarf an zertifizierten Monteuren, verringert Sicherheitsbedenken und spart Betriebskosten. Sehen Sie sich das gesamte Spektrum an Vorteilen und Spezifikationen an, indem Sie das PDF unten herunterladen.<a href=\"https:\/\/citech.com.au\/wp-content\/uploads\/2023\/04\/NEXUS-16-Brochure-v2.pdf\" target=\"_blank\" rel=\"noopener\"><strong>Nexus 16-Brosch\u00fcre \u00bb<\/strong><\/a><\/p>\t\t\n\t\t\t\t\t\t\t\t\t<img loading=\"lazy\" decoding=\"async\" src=\"https:\/\/citech.com.au\/wp-content\/uploads\/2023\/05\/nexus-16-transportation.png\" alt=\"nexus-16-transportation\" itemprop=\"image\" height=\"400\" width=\"600\" srcset=\"https:\/\/citech.com.au\/wp-content\/uploads\/2023\/05\/nexus-16-transportation.png 600w, https:\/\/citech.com.au\/wp-content\/uploads\/2023\/05\/nexus-16-transportation-300x200.png 300w\" sizes=\"auto, (max-width: 600px) 100vw, 600px\" title=\"nexus-16-transportation\" onerror=\"this.style.display='none'\"  \/>\n\t\t\tSchritt 01\n\t\t<h3>\n\t\t\tTransport\n\t\t<\/h3>\n\t\t\t<p>The Nexus 16 complies with the dimensions of an in-gauge 20 foot high-cube container complete with all 8 container locks.At an operating weight of 9.6T, Nexus can be lifted, stored and transported by any asset that can handle sea containers.<\/p>\t\t\n\t\t\t\t\t\t\t\t\t<img loading=\"lazy\" decoding=\"async\" src=\"https:\/\/citech.com.au\/wp-content\/uploads\/2023\/05\/nexus-16-unloading.png\" alt=\"nexus-16-unloading\" itemprop=\"image\" height=\"400\" width=\"600\" srcset=\"https:\/\/citech.com.au\/wp-content\/uploads\/2023\/05\/nexus-16-unloading.png 600w, https:\/\/citech.com.au\/wp-content\/uploads\/2023\/05\/nexus-16-unloading-300x200.png 300w\" sizes=\"auto, (max-width: 600px) 100vw, 600px\" title=\"nexus-16-unloading\" onerror=\"this.style.display='none'\"  \/>\n\t\t\tSchritt 02\n\t\t<h3>\n\t\t\tEntladung\n\t\t<\/h3>\n\t\t\t<p>Sobald das Nexus 16 an Ihrem Standort angekommen ist, schaltet ein einziger Tastendruck auf der drahtlosen Steuerung die Hydraulik ein und das NX16 hebt sich automatisch vom Transportwagen ab und setzt sich auf den Boden. Vom Boden aus k\u00f6nnen Arbeiten im Ger\u00e4teraum oder am Turm durchgef\u00fchrt werden, wodurch Sicherheitsbedenken minimiert werden.<\/p>\t\t\n\t\t\t\t\t\t\t\t\t<img loading=\"lazy\" decoding=\"async\" src=\"https:\/\/citech.com.au\/wp-content\/uploads\/2023\/05\/nexus-16-stabilisation.png\" alt=\"nexus-16-stabilisation\" itemprop=\"image\" height=\"400\" width=\"600\" srcset=\"https:\/\/citech.com.au\/wp-content\/uploads\/2023\/05\/nexus-16-stabilisation.png 600w, https:\/\/citech.com.au\/wp-content\/uploads\/2023\/05\/nexus-16-stabilisation-300x200.png 300w\" sizes=\"auto, (max-width: 600px) 100vw, 600px\" title=\"nexus-16-stabilisation\" onerror=\"this.style.display='none'\"  \/>\n\t\t\tSchritt 03\n\t\t<h3>\n\t\t\tStabilisierung\n\t\t<\/h3>\n\t\t\t<p>Nachdem alle \u00dcberpr\u00fcfungen oder \u00c4nderungen abgeschlossen sind, werden durch einen weiteren Knopfdruck die vier doppelgelenkigen Beine ausgefahren und die Plattform automatisch nivelliert und stabilisiert. Bodenunebenheiten und Neigungen von +\/-10 Grad k\u00f6nnen durch den autonomen Nivellieralgorithmus ausgeglichen werden.<\/p>\t\t\n\t\t\t\t\t\t\t\t\t<img loading=\"lazy\" decoding=\"async\" src=\"https:\/\/citech.com.au\/wp-content\/uploads\/2023\/05\/nexus-16-power.png\" alt=\"nexus-16-power\" itemprop=\"image\" height=\"400\" width=\"600\" srcset=\"https:\/\/citech.com.au\/wp-content\/uploads\/2023\/05\/nexus-16-power.png 600w, https:\/\/citech.com.au\/wp-content\/uploads\/2023\/05\/nexus-16-power-300x200.png 300w\" sizes=\"auto, (max-width: 600px) 100vw, 600px\" title=\"nexus-16-power\" onerror=\"this.style.display='none'\"  \/>\n\t\t\tSchritt 04\n\t\t<h3>\n\t\t\tLeistung\n\t\t<\/h3>\n\t\t\t<p>Sobald der NX16 waagerecht und stabil steht, wird die Solaranlage automatisch ausgefahren. Die resultierenden 4,8-kW-Module k\u00f6nnen eine 800-W-Ger\u00e4telast fast unbegrenzt unterst\u00fctzen und laden bis zu 1,2 kW f\u00fcr ein Jahr zwischen dem Nachf\u00fcllen des Generators. Lasten bis zu 7 kW k\u00f6nnen durch zus\u00e4tzlichen Dieselverbrauch und sogar noch mehr durch Leistungssteigerungen unterst\u00fctzt werden.<\/p>\t\t\n\t\t\t\t\t\t\t\t\t<img loading=\"lazy\" decoding=\"async\" src=\"https:\/\/citech.com.au\/wp-content\/uploads\/2023\/05\/nexus-16-expansion.png\" alt=\"nexus-16-expansion\" itemprop=\"image\" height=\"400\" width=\"600\" srcset=\"https:\/\/citech.com.au\/wp-content\/uploads\/2023\/05\/nexus-16-expansion.png 600w, https:\/\/citech.com.au\/wp-content\/uploads\/2023\/05\/nexus-16-expansion-300x200.png 300w\" sizes=\"auto, (max-width: 600px) 100vw, 600px\" title=\"nexus-16-expansion\" onerror=\"this.style.display='none'\"  \/>\n\t\t\tSchritt 05\n\t\t<h3>\n\t\t\tErweiterung\n\t\t<\/h3>\n\t\t\t<p>Tower lift comes next and like all other tasks, is a 1 button deploy. Driven by a locking lead screw in the base, the scissor-based tower will lift to a full height of 16 meters. Supporting large payloads weighing up to 250kG in 100km\/h winds with compete stability and safety.Electrically driven and self-aligning antenna mounts completes the installation by locking onto the coordinates of far end microwave radio systems.<\/p>\t\t\n\t\t\t\t\t\t\t\t\t<img loading=\"lazy\" decoding=\"async\" src=\"https:\/\/citech.com.au\/wp-content\/uploads\/2023\/05\/nexus-16-built-in-reliability-safety.png\" alt=\"nexus-16-built-in-reliability-safety\" itemprop=\"image\" height=\"400\" width=\"600\" srcset=\"https:\/\/citech.com.au\/wp-content\/uploads\/2023\/05\/nexus-16-built-in-reliability-safety.png 600w, https:\/\/citech.com.au\/wp-content\/uploads\/2023\/05\/nexus-16-built-in-reliability-safety-300x200.png 300w\" sizes=\"auto, (max-width: 600px) 100vw, 600px\" title=\"nexus-16-built-in-reliability-safety\" onerror=\"this.style.display='none'\"  \/>\n\t\t\tSchritt 06\n\t\t<h3>\n\t\t\tBuilt-in Reliability &#038; Safety\n\t\t<\/h3>\n\t\t\t<p>The heavily researched and patented 16-meter tower is driven at the base by a lead screw which must be driven to raise or lower the tower thereby eliminating safety issues that plague stored energy systems using pneumatics or hydraulics.In addition to the vastly improved safety case, the screw drive and completely mechanical construction of the tower translates to many years of reliable operation in the world&#8217;s most demanding environments.<\/p>\t\t\n\t\t\t<video src=\"https:\/\/citech.com.au\/wp-content\/uploads\/2023\/04\/Mechanical-Animation.mp4\" autoplay=\"\" webkit-playsinline=\"\" playsinline=\"\" loop=\"\" controls=\"\" muted=\"muted\"><\/video>\n\t\t<h3>\n\t\t\tBuchen Sie eine Pr\u00e4sentation\n\t\t<\/h3>\n\t\t\t<p>Want to see the Nexus 16 rapidly deployable system in person?Based in Fremantle, Western Australia, our experienced team will happily organise a demonstration to showcase the capabilities of Nexus 16 and what sets it apart from the current standard telecommunication towers used on minesites.<\/p>\t\t\n\t<a href=\"https:\/\/citech.com.au\/de\/contact\/\" target=\"_self\" role=\"button\" aria-label=\"Buchen Sie jetzt\">\n\t\t\t\t\t\tBuchen Sie jetzt\n\t\t\t\t\t<\/a>","protected":false},"excerpt":{"rendered":"<p>Resources Sector Minesites need to leverage the very best in safe, powerful and reliable technology that CiTech designs and delivers. Introducing Nexus 16 Mining companies face some of the most difficult operating environments of any industry defined by very remote areas, hazardous working conditions and extremes in weather and other environmental challenges.Add to this, stringent&hellip;<\/p>","protected":false},"author":1,"featured_media":0,"parent":87,"menu_order":0,"comment_status":"closed","ping_status":"closed","template":"","meta":{"_acf_changed":false,"footnotes":""},"class_list":["post-99","page","type-page","status-publish","hentry"],"acf":[],"_links":{"self":[{"href":"https:\/\/citech.com.au\/de\/wp-json\/wp\/v2\/pages\/99","targetHints":{"allow":["GET"]}}],"collection":[{"href":"https:\/\/citech.com.au\/de\/wp-json\/wp\/v2\/pages"}],"about":[{"href":"https:\/\/citech.com.au\/de\/wp-json\/wp\/v2\/types\/page"}],"author":[{"embeddable":true,"href":"https:\/\/citech.com.au\/de\/wp-json\/wp\/v2\/users\/1"}],"replies":[{"embeddable":true,"href":"https:\/\/citech.com.au\/de\/wp-json\/wp\/v2\/comments?post=99"}],"version-history":[{"count":5,"href":"https:\/\/citech.com.au\/de\/wp-json\/wp\/v2\/pages\/99\/revisions"}],"predecessor-version":[{"id":421,"href":"https:\/\/citech.com.au\/de\/wp-json\/wp\/v2\/pages\/99\/revisions\/421"}],"up":[{"embeddable":true,"href":"https:\/\/citech.com.au\/de\/wp-json\/wp\/v2\/pages\/87"}],"wp:attachment":[{"href":"https:\/\/citech.com.au\/de\/wp-json\/wp\/v2\/media?parent=99"}],"curies":[{"name":"wp","href":"https:\/\/api.w.org\/{rel}","templated":true}]}}