{"id":100,"date":"2023-03-23T13:03:01","date_gmt":"2023-03-23T05:03:01","guid":{"rendered":"http:\/\/citech.com.au\/?page_id=100"},"modified":"2025-02-05T22:41:16","modified_gmt":"2025-02-05T14:41:16","slug":"emergency-services","status":"publish","type":"page","link":"https:\/\/citech.com.au\/lv\/sectors\/emergency-services\/","title":{"rendered":"Neatliekam\u0101s pal\u012bdz\u012bbas dienesti"},"content":{"rendered":"<h1>\n\t\t\tNeatliekam\u0101s pal\u012bdz\u012bbas dienesti\n\t\t<\/h1>\n\t\t\t<p>\u0100tri atjaunojiet publiskos sakarus un citus svar\u012bgus pakalpojumus maz\u0101k nek\u0101 stundas laik\u0101, kur un kad vien tie ir nepiecie\u0161ami.<\/p>\n\t\t\t\t\t\t\t\t\t<img loading=\"lazy\" decoding=\"async\" src=\"https:\/\/citech.com.au\/wp-content\/uploads\/2023\/04\/nexus-extended-transparent.png\" alt=\"nexus-extended-transparent\" itemprop=\"image\" height=\"1024\" width=\"566\" srcset=\"https:\/\/citech.com.au\/wp-content\/uploads\/2023\/04\/nexus-extended-transparent.png 566w, https:\/\/citech.com.au\/wp-content\/uploads\/2023\/04\/nexus-extended-transparent-166x300.png 166w\" sizes=\"auto, (max-width: 566px) 100vw, 566px\" title=\"nexus-extended-transparent\" onerror=\"this.style.display='none'\"  \/>\n\t\t<h2>\n\t\t\tIepaz\u012bstin\u0101m ar Nexus\u00a016\n\t\t<\/h2>\n\t\t\t<p>The emergency services sector plays a critical role in protecting communities from the harm caused by natural disasters, severe weather accidents, and other incidents. In these situations, establishing reliable communication networks is essential for effective response and coordination among emergency services personnel.The rapidly deployable <a href=\"https:\/\/citech.com.au\/lv\/products\/nexus-16\/\">Nexus 16<\/a> telecommunication towers can provide a solution to this challenge, allowing for the quick deployment of communication infrastructure in emergency situations. With these towers, emergency responders can stay connected with each other, receive necessary updates and information, and coordinate their efforts more efficiently, ultimately improving their response times and ability to save lives.<\/p>\t\t\n\t\t<h3>\u0100tra izvieto\u0161ana<\/h3>\n\t\t\t<p>\u0100rk\u0101rtas situ\u0101cij\u0101s, piem\u0113ram, dabas katastrof\u0101s vai teroristu uzbrukumos, \u013coti svar\u012bgi ir \u0101tri izveidot uzticamus sakaru t\u012bklus, t\u0101d\u0113\u013c Nexus\u00a016 ir \u013coti svar\u012bgs.<\/p>\t\t\n\t\t<h3>Uzlabota koordin\u0101cija<\/h3>\n\t\t\t<p>Efekt\u012bva koordin\u0101cija ir \u013coti svar\u012bga neatliekam\u0101s pal\u012bdz\u012bbas sniedz\u0113jiem, izveidojot skaidras sazi\u0146as l\u012bnijas, lai efekt\u012bv\u0101k koordin\u0113tu vi\u0146u neatliekam\u0101s pal\u012bdz\u012bbas dienestu centienus.<\/p>\t\t\n\t\t<h3>Safety &#038; Security<\/h3>\n\t\t\t<p>Uzticami sakaru t\u012bkli nodro\u0161ina rea\u0123\u0113t\u0101ju dro\u0161\u012bbu, \u013caujot tiem uztur\u0113t sakarus vienam ar otru un ar centr\u0101lo komandu, sa\u0146emot nepiecie\u0161amos atjaunin\u0101jumus.<\/p>\t\t\n\t\t<h3>Daudzpus\u012bba<\/h3>\n\t\t\t<p>\u0100tri izvietojamus telekomunik\u0101ciju tor\u0146us var izmantot da\u017e\u0101d\u0101s \u0101rk\u0101rtas situ\u0101cij\u0101s, tostarp gr\u016bti sasniedzam\u0101s viet\u0101s, pagaidu apst\u0101k\u013cos un katastrofu seku likvid\u0113\u0161anas nometn\u0113s.<\/p>\t\t\n\t\t<h3>\n\t\t\tKritisk\u0101 komunik\u0101cija\n\t\t<\/h3>\n\t\t\t<p>Above all else, it is communications that bind communities together. During a crisis, the ability to talk to one another becomes more than a convenience, it is a necessity.When communications infrastructure is lost during an emergency not only do Government Departments and Emergency Services lose the ability to warn or advise the population but when family members can&#8217;t contact each other it creates enormous anxiety. &#8211; And poor decision making.Mobile phones are the communications backbone of all communities and when the supporting infrastructure fails due to natural (or unnatural) forces, people are without their most critical resource.<\/p>\t\t\n\t\t\t\t\t\t\t\t\t<img loading=\"lazy\" decoding=\"async\" src=\"https:\/\/citech.com.au\/wp-content\/uploads\/2023\/05\/nexus-16-southwest.jpg\" alt=\"Nexus 16 setup down south in Western Australia.\" itemprop=\"image\" height=\"1089\" width=\"1200\" srcset=\"https:\/\/citech.com.au\/wp-content\/uploads\/2023\/05\/nexus-16-southwest.jpg 1200w, https:\/\/citech.com.au\/wp-content\/uploads\/2023\/05\/nexus-16-southwest-300x272.jpg 300w, https:\/\/citech.com.au\/wp-content\/uploads\/2023\/05\/nexus-16-southwest-1024x929.jpg 1024w, https:\/\/citech.com.au\/wp-content\/uploads\/2023\/05\/nexus-16-southwest-768x697.jpg 768w\" sizes=\"auto, (max-width: 1200px) 100vw, 1200px\" title=\"Nexus 16 setup down south in Western Australia\" onerror=\"this.style.display='none'\"  \/>\n\t\t\t\t\t\t\t\t\t\t\tNexus var\u0113tu aizst\u0101t mobil\u0101 t\u0101lru\u0146a (LTE balss un teksta) sakarus vid\u0113ja lieluma pils\u0113t\u0101 ar p\u0101rkl\u0101jumu 700 kvadr\u0101tkilometru un vair\u0101kiem t\u016bksto\u0161iem abonentu. Turkl\u0101t divas 600\u00a0mm mikrovi\u013c\u0146u antenas var nodro\u0161in\u0101t vair\u0101ku gigabitu savienojumus atpaka\u013c uz izdz\u012bvoju\u0161ajiem t\u012bkliem.\n\t\t<h3>\n\t\t\tNexus\u00a016 priek\u0161roc\u012bbas\n\t\t<\/h3>\n\t\t\t<p>Nexus\u00a016 var pieg\u0101d\u0101t uz vietni, izl\u0101d\u0113t un darboties, lai da\u017eu stundu laik\u0101 aizst\u0101tu kopienas mobilo t\u0101lru\u0146u pakalpojumus.<\/p><ul><li>Telco grade tower. Strong enough to support two multi gigabit links 40 kilometers across flat ground &#8211; In near cyclonic winds.<\/li><li>Enough power to support 3 sector mobile network and thousands of subscribers &#8211; for many months.<\/li><li>Var p\u0101rvad\u0101t ar automa\u0161\u012bnu kaln\u0101 un darboties 30 min\u016b\u0161u laik\u0101 p\u0113c izkrau\u0161anas.<\/li><li>Piln\u012bb\u0101 autonoma darb\u012bba ar t\u0101lvad\u012bbas uzraudz\u012bbu un vad\u012bbu.<\/li><\/ul>\t\t\n\t\t\t\t\t\t\t\t\t<img loading=\"lazy\" decoding=\"async\" src=\"https:\/\/citech.com.au\/wp-content\/uploads\/2023\/05\/nexus-16-kalbarri.jpg\" alt=\"What the Nexus 16 radius would be in Kalbarri, Australia.\" itemprop=\"image\" height=\"1168\" width=\"1200\" srcset=\"https:\/\/citech.com.au\/wp-content\/uploads\/2023\/05\/nexus-16-kalbarri.jpg 1200w, https:\/\/citech.com.au\/wp-content\/uploads\/2023\/05\/nexus-16-kalbarri-300x292.jpg 300w, https:\/\/citech.com.au\/wp-content\/uploads\/2023\/05\/nexus-16-kalbarri-1024x997.jpg 1024w, https:\/\/citech.com.au\/wp-content\/uploads\/2023\/05\/nexus-16-kalbarri-768x748.jpg 768w\" sizes=\"auto, (max-width: 1200px) 100vw, 1200px\" title=\"What the Nexus 16 radius would be in Kalbarri, Australia\" onerror=\"this.style.display='none'\"  \/>\n\t\t\t\t\t\t\t\t\t\t\tGad\u012bjum\u0101, ja Nexus\u00a016 neatrodas operatora t\u012bkla savienojuma punkta diapazon\u0101, ieb\u016bv\u0113tais Starlink termin\u0101lis var nodro\u0161in\u0101t 200\/25\u00a0Mb\/s atvilces savienojumu, lai nodro\u0161in\u0101tu apraides radio un, iesp\u0113jams, mobil\u0101 t\u0101lru\u0146a savienojumu.\n\t\t<h2>\n\t\t\tK\u0101 darbojas Nexus\u00a016\n\t\t<\/h2>\n\t\t\t<p>Unik\u0101lais Nexus\u00a016 dizains samazina vajadz\u012bbu p\u0113c sertific\u0113tiem stiprin\u0101jumiem, mazina ba\u017eas par dro\u0161\u012bbu un ietaupa ekspluat\u0101cijas izmaksas. Skatiet visu priek\u0161roc\u012bbu un specifik\u0101ciju kl\u0101stu, lejupiel\u0101d\u0113jot t\u0101l\u0101k nor\u0101d\u012bto PDF.<a href=\"https:\/\/citech.com.au\/wp-content\/uploads\/2023\/04\/NEXUS-16-Brochure-v2.pdf\" target=\"_blank\" rel=\"noopener\"><strong>Nexus\u00a016 bro\u0161\u016bra \u00bb<\/strong><\/a><\/p>\t\t\n\t\t\t\t\t\t\t\t\t<img loading=\"lazy\" decoding=\"async\" src=\"https:\/\/citech.com.au\/wp-content\/uploads\/2023\/05\/nexus-16-transportation.png\" alt=\"nexus-16-transportation\" itemprop=\"image\" height=\"400\" width=\"600\" srcset=\"https:\/\/citech.com.au\/wp-content\/uploads\/2023\/05\/nexus-16-transportation.png 600w, https:\/\/citech.com.au\/wp-content\/uploads\/2023\/05\/nexus-16-transportation-300x200.png 300w\" sizes=\"auto, (max-width: 600px) 100vw, 600px\" title=\"nexus-16-transportation\" onerror=\"this.style.display='none'\"  \/>\n\t\t\t01.\u00a0darb\u012bba\n\t\t<h3>\n\t\t\tTransports\n\t\t<\/h3>\n\t\t\t<p>The Nexus 16 complies with the dimensions of an in-gauge 20 foot high-cube container complete with all 8 container locks.At an operating weight of 9.6T, Nexus can be lifted, stored and transported by any asset that can handle sea containers.<\/p>\t\t\n\t\t\t\t\t\t\t\t\t<img loading=\"lazy\" decoding=\"async\" src=\"https:\/\/citech.com.au\/wp-content\/uploads\/2023\/05\/nexus-16-unloading.png\" alt=\"nexus-16-unloading\" itemprop=\"image\" height=\"400\" width=\"600\" srcset=\"https:\/\/citech.com.au\/wp-content\/uploads\/2023\/05\/nexus-16-unloading.png 600w, https:\/\/citech.com.au\/wp-content\/uploads\/2023\/05\/nexus-16-unloading-300x200.png 300w\" sizes=\"auto, (max-width: 600px) 100vw, 600px\" title=\"nexus-16-unloading\" onerror=\"this.style.display='none'\"  \/>\n\t\t\t02.\u00a0darb\u012bba\n\t\t<h3>\n\t\t\tIzkrau\u0161ana\n\t\t<\/h3>\n\t\t\t<p>Kad Nexus\u00a016 ir non\u0101cis j\u016bsu vietn\u0113, nospie\u017eot vienu bezvadu pults pogu, tiks iesl\u0113gta hidraulika, un NX16 autom\u0101tiski pacelsies no transport\u0113\u0161anas kravas automa\u0161\u012bnas un nos\u0113d\u012bsies uz zemes. No zemes l\u012bme\u0146a darbu var veikt apr\u012bkojuma telp\u0101 vai torn\u012b, samazinot dro\u0161\u012bbas apsv\u0113rumus.<\/p>\t\t\n\t\t\t\t\t\t\t\t\t<img loading=\"lazy\" decoding=\"async\" src=\"https:\/\/citech.com.au\/wp-content\/uploads\/2023\/05\/nexus-16-stabilisation.png\" alt=\"nexus-16-stabilisation\" itemprop=\"image\" height=\"400\" width=\"600\" srcset=\"https:\/\/citech.com.au\/wp-content\/uploads\/2023\/05\/nexus-16-stabilisation.png 600w, https:\/\/citech.com.au\/wp-content\/uploads\/2023\/05\/nexus-16-stabilisation-300x200.png 300w\" sizes=\"auto, (max-width: 600px) 100vw, 600px\" title=\"nexus-16-stabilisation\" onerror=\"this.style.display='none'\"  \/>\n\t\t\t03.\u00a0darb\u012bba\n\t\t<h3>\n\t\t\tStabiliz\u0101cija\n\t\t<\/h3>\n\t\t\t<p>P\u0113c visu p\u0101rbau\u017eu vai izmai\u0146u pabeig\u0161anas, v\u0113lreiz nospie\u017eot pogu, 4 dubult\u0101 savienojuma k\u0101jas izvirz\u012bs un autom\u0101tiski izl\u012bdzin\u0101s un stabiliz\u0113s platformu. Autonomais nivel\u0113\u0161anas algoritms var nodro\u0161in\u0101t nel\u012bdzenu zemi un +\/-10 gr\u0101du nog\u0101zes.<\/p>\t\t\n\t\t\t\t\t\t\t\t\t<img loading=\"lazy\" decoding=\"async\" src=\"https:\/\/citech.com.au\/wp-content\/uploads\/2023\/05\/nexus-16-power.png\" alt=\"nexus-16-power\" itemprop=\"image\" height=\"400\" width=\"600\" srcset=\"https:\/\/citech.com.au\/wp-content\/uploads\/2023\/05\/nexus-16-power.png 600w, https:\/\/citech.com.au\/wp-content\/uploads\/2023\/05\/nexus-16-power-300x200.png 300w\" sizes=\"auto, (max-width: 600px) 100vw, 600px\" title=\"nexus-16-power\" onerror=\"this.style.display='none'\"  \/>\n\t\t\t04.\u00a0darb\u012bba\n\t\t<h3>\n\t\t\tJauda\n\t\t<\/h3>\n\t\t\t<p>Kad NX16 ir l\u012bdzens un stabils, saules bloks tiks autom\u0101tiski izvietots. Ieg\u016btie 4,8 kW pane\u013ci var iztur\u0113t 800\u00a0W iek\u0101rtas slodzi gandr\u012bz neierobe\u017eotu laiku un noslogo l\u012bdz 1,2\u00a0kW gadu starp \u0123eneratora uzpild\u012b\u0161anu. Slodzes l\u012bdz 7 kW var atbalst\u012bt ar papildu d\u012bze\u013cdegvielas izmanto\u0161anu un v\u0113l vair\u0101k ar jaudas uzlabojumiem.<\/p>\t\t\n\t\t\t\t\t\t\t\t\t<img loading=\"lazy\" decoding=\"async\" src=\"https:\/\/citech.com.au\/wp-content\/uploads\/2023\/05\/nexus-16-expansion.png\" alt=\"nexus-16-expansion\" itemprop=\"image\" height=\"400\" width=\"600\" srcset=\"https:\/\/citech.com.au\/wp-content\/uploads\/2023\/05\/nexus-16-expansion.png 600w, https:\/\/citech.com.au\/wp-content\/uploads\/2023\/05\/nexus-16-expansion-300x200.png 300w\" sizes=\"auto, (max-width: 600px) 100vw, 600px\" title=\"nexus-16-expansion\" onerror=\"this.style.display='none'\"  \/>\n\t\t\t05.\u00a0darb\u012bba\n\t\t<h3>\n\t\t\tPapla\u0161in\u0101\u0161an\u0101s\n\t\t<\/h3>\n\t\t\t<p>Tower lift comes next and like all other tasks, is a 1 button deploy. Driven by a locking lead screw in the base, the scissor-based tower will lift to a full height of 16 meters. Supporting large payloads weighing up to 250kG in 100km\/h winds with compete stability and safety.Electrically driven and self-aligning antenna mounts completes the installation by locking onto the coordinates of far end microwave radio systems.<\/p>\t\t\n\t\t\t\t\t\t\t\t\t<img loading=\"lazy\" decoding=\"async\" src=\"https:\/\/citech.com.au\/wp-content\/uploads\/2023\/05\/nexus-16-built-in-reliability-safety.png\" alt=\"nexus-16-built-in-reliability-safety\" itemprop=\"image\" height=\"400\" width=\"600\" srcset=\"https:\/\/citech.com.au\/wp-content\/uploads\/2023\/05\/nexus-16-built-in-reliability-safety.png 600w, https:\/\/citech.com.au\/wp-content\/uploads\/2023\/05\/nexus-16-built-in-reliability-safety-300x200.png 300w\" sizes=\"auto, (max-width: 600px) 100vw, 600px\" title=\"nexus-16-built-in-reliability-safety\" onerror=\"this.style.display='none'\"  \/>\n\t\t\t06.\u00a0darb\u012bba\n\t\t<h3>\n\t\t\tBuilt-in Reliability &#038; Safety\n\t\t<\/h3>\n\t\t\t<p>The heavily researched and patented 16-meter tower is driven at the base by a lead screw which must be driven to raise or lower the tower thereby eliminating safety issues that plague stored energy systems using pneumatics or hydraulics.In addition to the vastly improved safety case, the screw drive and completely mechanical construction of the tower translates to many years of reliable operation in the world&#8217;s most demanding environments.<\/p>\t\t\n\t\t\t<video src=\"https:\/\/citech.com.au\/wp-content\/uploads\/2023\/04\/Mechanical-Animation.mp4\" autoplay=\"\" webkit-playsinline=\"\" playsinline=\"\" loop=\"\" controls=\"\" muted=\"muted\"><\/video>\n\t\t<h3>\n\t\t\tGr\u0101matas prezent\u0101cija\n\t\t<\/h3>\n\t\t\t<p>Want to see the Nexus 16 rapidly deployable system in person?Based in Fremantle, Western Australia, our experienced team will happily organise a demonstration to showcase the capabilities of Nexus 16 and what sets it apart from the current standard telecommunication towers used by emergency services personnel.<\/p>\t\t\n\t<a href=\"https:\/\/citech.com.au\/lv\/contact\/\" target=\"_self\" role=\"button\" aria-label=\"Rezerv\u0113jiet t\u016bl\u012bt\">\n\t\t\t\t\t\tRezerv\u0113jiet t\u016bl\u012bt\n\t\t\t\t\t<\/a>","protected":false},"excerpt":{"rendered":"<p>Emergency Services Quickly restore public communications and other vital services in under an hour, wherever and whenever they are needed. Introducing Nexus 16 The emergency services sector plays a critical role in protecting communities from the harm caused by natural disasters, severe weather accidents, and other incidents. In these situations, establishing reliable communication networks is&hellip;<\/p>","protected":false},"author":1,"featured_media":0,"parent":87,"menu_order":0,"comment_status":"closed","ping_status":"closed","template":"","meta":{"_acf_changed":false,"footnotes":""},"class_list":["post-100","page","type-page","status-publish","hentry"],"acf":[],"_links":{"self":[{"href":"https:\/\/citech.com.au\/lv\/wp-json\/wp\/v2\/pages\/100","targetHints":{"allow":["GET"]}}],"collection":[{"href":"https:\/\/citech.com.au\/lv\/wp-json\/wp\/v2\/pages"}],"about":[{"href":"https:\/\/citech.com.au\/lv\/wp-json\/wp\/v2\/types\/page"}],"author":[{"embeddable":true,"href":"https:\/\/citech.com.au\/lv\/wp-json\/wp\/v2\/users\/1"}],"replies":[{"embeddable":true,"href":"https:\/\/citech.com.au\/lv\/wp-json\/wp\/v2\/comments?post=100"}],"version-history":[{"count":3,"href":"https:\/\/citech.com.au\/lv\/wp-json\/wp\/v2\/pages\/100\/revisions"}],"predecessor-version":[{"id":423,"href":"https:\/\/citech.com.au\/lv\/wp-json\/wp\/v2\/pages\/100\/revisions\/423"}],"up":[{"embeddable":true,"href":"https:\/\/citech.com.au\/lv\/wp-json\/wp\/v2\/pages\/87"}],"wp:attachment":[{"href":"https:\/\/citech.com.au\/lv\/wp-json\/wp\/v2\/media?parent=100"}],"curies":[{"name":"wp","href":"https:\/\/api.w.org\/{rel}","templated":true}]}}