{"id":101,"date":"2023-03-23T13:03:13","date_gmt":"2023-03-23T05:03:13","guid":{"rendered":"http:\/\/citech.com.au\/?page_id=101"},"modified":"2025-02-05T22:46:38","modified_gmt":"2025-02-05T14:46:38","slug":"defence","status":"publish","type":"page","link":"https:\/\/citech.com.au\/lv\/sectors\/defence\/","title":{"rendered":"Aizsardz\u012bba"},"content":{"rendered":"<h1>\n\t\t\tAizsardz\u012bbas sektors\n\t\t<\/h1>\n\t\t\t<p>\u0100tri izvietojami l\u012bdzek\u013ci, kas sp\u0113j atbalst\u012bt da\u017e\u0101du kritisko iek\u0101rtu kravnes\u012bbu, piem\u0113ram, sakarus un radaru, lai uzlabotu kaujas lauka efektivit\u0101ti.<\/p>\n\t\t\t\t\t\t\t\t\t<img loading=\"lazy\" decoding=\"async\" src=\"https:\/\/citech.com.au\/wp-content\/uploads\/2023\/04\/nexus-extended-transparent.png\" alt=\"nexus-extended-transparent\" itemprop=\"image\" height=\"1024\" width=\"566\" srcset=\"https:\/\/citech.com.au\/wp-content\/uploads\/2023\/04\/nexus-extended-transparent.png 566w, https:\/\/citech.com.au\/wp-content\/uploads\/2023\/04\/nexus-extended-transparent-166x300.png 166w\" sizes=\"auto, (max-width: 566px) 100vw, 566px\" title=\"nexus-extended-transparent\" onerror=\"this.style.display='none'\"  \/>\n\t\t<h2>\n\t\t\tIepaz\u012bstin\u0101m ar Nexus\u00a016\n\t\t<\/h2>\n\t\t\t<p>With the demand for high bandwidth situational awareness tools increasing, it is expected that legacy voice or low speed telemetry communications equipment may no longer viable in modern, fast-moving warfare.The Nexus 16 is unique in its ability to provide a fully self-contained and rapidly deployable asset capable of supporting a wide verity of critical equipment payloads. (Communications \/ radar).Nexus 16 provides leading edge advantages:<\/p><ul><li>Self-unloading &#8211; The Nexus 16 can be deployed within 15 minutes and without leaving an armoured cab &#8211; if required.<\/li><li>Torni var ievilkt, lai regul\u0113tu\/uzlabotu antenu, izvairoties no person\u0101la pak\u013cau\u0161anas augstum\u0101.<\/li><li>Atbilsto\u0161i 20 p\u0113du p\u0101rvad\u0101\u0161anas konteinera izm\u0113riem nav nepiecie\u0161amas specializ\u0113tas kravas automa\u0161\u012bnas vai operatori, p\u0113c vajadz\u012bbas var izmantot civilos transportl\u012bdzek\u013cus.<\/li><li>Autonom\u0101 darb\u012bba, ar saules ener\u0123iju darbin\u0101ma un \u013coti dubl\u0113jo\u0161a funkcija noz\u012bm\u0113, ka to var atst\u0101t darboties bez uzraudz\u012bbas ilgu laiku.<\/li><li>Piln\u012bb\u0101 darbojas l\u012bdzstr\u0101va, kas rada zemas iek\u0161\u0113j\u0101s EML emisijas.<\/li><\/ul>\t\t\n\t\t<h3>Darb\u012bbas elast\u012bba<\/h3>\n\t\t\t<p>\u0100tri izvietojamo tor\u0146u mobilit\u0101te un elast\u012bba \u013cauj aizsardz\u012bbas nozarei \u0101tri un efekt\u012bvi izveidot sakaru infrastrukt\u016bru att\u0101l\u0101 vai naid\u012bg\u0101 vid\u0113.<\/p>\t\t\n\t\t<h3>Att\u0101l\u0101 uzraudz\u012bba<\/h3>\n\t\t\t<p>\u0100tri izvietojamie telekomunik\u0101ciju tor\u0146i var tikt apr\u012bkoti ar sensoriem un att\u0101lin\u0101t\u0101s uzraudz\u012bbas iesp\u0113j\u0101m, \u013caujot aizsardz\u012bbas person\u0101lam att\u0101lin\u0101ti uzraudz\u012bt kritisko infrastrukt\u016bru vai teritorijas.<\/p>\t\t\n\t\t<h3>\u0100tra izvieto\u0161ana<\/h3>\n\t\t\t<p>Nexus\u00a016 var \u0101tri un \u0113rti transport\u0113t uz da\u017e\u0101d\u0101m viet\u0101m, \u013caujot aizsardz\u012bbas nozarei \u0101tri izveidot sakaru infrastrukt\u016bru, rea\u0123\u0113jot uz main\u012bg\u0101m situ\u0101cij\u0101m vai apdraud\u0113jumiem.<\/p>\t\t\n\t\t<h3>Uzlabota komunik\u0101cija<\/h3>\n\t\t\t<p>\u0100tri izvietojami telekomunik\u0101ciju tor\u0146i var nodro\u0161in\u0101t dro\u0161us un uzticamus sakaru t\u012bklus aizsardz\u012bbas nozarei, kas ir \u0161ifr\u0113ti, lai samazin\u0101tu kiberuzbrukumu iesp\u0113jam\u012bbu.<\/p>\t\t\n\t\t\t\t\t\t\t\t\t\t\t\t\t\t\t\t\t<a href=\"https:\/\/citech.com.au\/wp-content\/uploads\/2023\/05\/anti-drone-system.jpg\" target=\"_self\" data-caption=\"Anti Drone Systems - Detection and jamming.\" aria-label=\"Anti Drone Systems - Detection and jamming.\">\n\t\t\t\t\t\t<figure>\n\t\t\t\t\t\t\t<img loading=\"lazy\" decoding=\"async\" src=\"https:\/\/citech.com.au\/wp-content\/uploads\/2023\/05\/anti-drone-system.jpg\" alt=\"Anti Drone Systems - Detection and jamming.\" srcset=\"https:\/\/citech.com.au\/wp-content\/uploads\/2023\/05\/anti-drone-system.jpg 600w, https:\/\/citech.com.au\/wp-content\/uploads\/2023\/05\/anti-drone-system-300x200.jpg 300w\" width=\"600\" height=\"400\" \/>\n\t\t\t\t\t\t\t\t\t\t\t\t\t<\/figure>\n\t\t\t\t\t\t\t\t\t\t<\/a>\n\t\t\t\t\t\t\t\t\t\t\t\t\t\t\t\t\t<a href=\"https:\/\/citech.com.au\/wp-content\/uploads\/2023\/05\/long-range-marine-surveillance.png\" target=\"_self\" data-caption=\"Long range marine surveillance.\" aria-label=\"Long range marine surveillance.\">\n\t\t\t\t\t\t<figure>\n\t\t\t\t\t\t\t<img loading=\"lazy\" decoding=\"async\" src=\"https:\/\/citech.com.au\/wp-content\/uploads\/2023\/05\/long-range-marine-surveillance.png\" alt=\"Long range marine surveillance.\" srcset=\"https:\/\/citech.com.au\/wp-content\/uploads\/2023\/05\/long-range-marine-surveillance.png 515w, https:\/\/citech.com.au\/wp-content\/uploads\/2023\/05\/long-range-marine-surveillance-300x245.png 300w\" width=\"515\" height=\"420\" \/>\n\t\t\t\t\t\t\t\t\t\t\t\t\t<\/figure>\n\t\t\t\t\t\t\t\t\t\t<\/a>\n\t\t\t\t\t\t\t\t\t\t\t\t\t\t\t\t\t<a href=\"https:\/\/citech.com.au\/wp-content\/uploads\/2023\/05\/cctv-border-security.jpg\" target=\"_self\" data-caption=\"CCTV Border Security.\" aria-label=\"CCTV Border Security.\">\n\t\t\t\t\t\t<figure>\n\t\t\t\t\t\t\t<img loading=\"lazy\" decoding=\"async\" src=\"https:\/\/citech.com.au\/wp-content\/uploads\/2023\/05\/cctv-border-security.jpg\" alt=\"CCTV Border Security.\" srcset=\"https:\/\/citech.com.au\/wp-content\/uploads\/2023\/05\/cctv-border-security.jpg 375w, https:\/\/citech.com.au\/wp-content\/uploads\/2023\/05\/cctv-border-security-300x300.jpg 300w, https:\/\/citech.com.au\/wp-content\/uploads\/2023\/05\/cctv-border-security-150x150.jpg 150w\" width=\"375\" height=\"375\" \/>\n\t\t\t\t\t\t\t\t\t\t\t\t\t<\/figure>\n\t\t\t\t\t\t\t\t\t\t<\/a>\n\t\t\t\t\t\t\t\t\t\t\t\t\t\t\t\t\t<a href=\"https:\/\/citech.com.au\/wp-content\/uploads\/2023\/05\/emergency-air-traffic-control.jpg\" target=\"_self\" data-caption=\"mergency air traffic control.\" aria-label=\"mergency air traffic control.\">\n\t\t\t\t\t\t<figure>\n\t\t\t\t\t\t\t<img loading=\"lazy\" decoding=\"async\" src=\"https:\/\/citech.com.au\/wp-content\/uploads\/2023\/05\/emergency-air-traffic-control.jpg\" alt=\"mergency air traffic control.\" srcset=\"https:\/\/citech.com.au\/wp-content\/uploads\/2023\/05\/emergency-air-traffic-control.jpg 815w, https:\/\/citech.com.au\/wp-content\/uploads\/2023\/05\/emergency-air-traffic-control-300x180.jpg 300w, https:\/\/citech.com.au\/wp-content\/uploads\/2023\/05\/emergency-air-traffic-control-768x462.jpg 768w\" width=\"815\" height=\"490\" \/>\n\t\t\t\t\t\t\t\t\t\t\t\t\t<\/figure>\n\t\t\t\t\t\t\t\t\t\t<\/a>\n\t\t\t\t\t\t\t\t\t\t\t\t\t\t\t\t\t<a href=\"https:\/\/citech.com.au\/wp-content\/uploads\/2023\/05\/surveillance-radar.png\" target=\"_self\" data-caption=\"Surveillance RADAR.\" aria-label=\"Surveillance RADAR.\">\n\t\t\t\t\t\t<figure>\n\t\t\t\t\t\t\t<img loading=\"lazy\" decoding=\"async\" src=\"https:\/\/citech.com.au\/wp-content\/uploads\/2023\/05\/surveillance-radar.png\" alt=\"Surveillance RADAR.\" srcset=\"https:\/\/citech.com.au\/wp-content\/uploads\/2023\/05\/surveillance-radar.png 320w, https:\/\/citech.com.au\/wp-content\/uploads\/2023\/05\/surveillance-radar-300x201.png 300w\" width=\"320\" height=\"214\" \/>\n\t\t\t\t\t\t\t\t\t\t\t\t\t<\/figure>\n\t\t\t\t\t\t\t\t\t\t<\/a>\n\t\t\t\t\t\t\t\t\t\t\t<!-- pagination -->\n\t\t<h2>\n\t\t\tK\u0101 darbojas Nexus\u00a016\n\t\t<\/h2>\n\t\t\t<p>Unik\u0101lais Nexus\u00a016 dizains samazina vajadz\u012bbu p\u0113c sertific\u0113tiem stiprin\u0101jumiem, mazina ba\u017eas par dro\u0161\u012bbu un ietaupa ekspluat\u0101cijas izmaksas. Skatiet visu priek\u0161roc\u012bbu un specifik\u0101ciju kl\u0101stu, lejupiel\u0101d\u0113jot t\u0101l\u0101k nor\u0101d\u012bto PDF.<a href=\"https:\/\/citech.com.au\/wp-content\/uploads\/2023\/04\/NEXUS-16-Brochure-v2.pdf\" target=\"_blank\" rel=\"noopener\"><strong>Nexus\u00a016 bro\u0161\u016bra \u00bb<\/strong><\/a><\/p>\t\t\n\t\t\t\t\t\t\t\t\t<img loading=\"lazy\" decoding=\"async\" src=\"https:\/\/citech.com.au\/wp-content\/uploads\/2023\/05\/nexus-16-transportation.png\" alt=\"nexus-16-transportation\" itemprop=\"image\" height=\"400\" width=\"600\" srcset=\"https:\/\/citech.com.au\/wp-content\/uploads\/2023\/05\/nexus-16-transportation.png 600w, https:\/\/citech.com.au\/wp-content\/uploads\/2023\/05\/nexus-16-transportation-300x200.png 300w\" sizes=\"auto, (max-width: 600px) 100vw, 600px\" title=\"nexus-16-transportation\" onerror=\"this.style.display='none'\"  \/>\n\t\t\t01.\u00a0darb\u012bba\n\t\t<h3>\n\t\t\tTransports\n\t\t<\/h3>\n\t\t\t<p>The Nexus 16 complies with the dimensions of an in-gauge 20 foot high-cube container complete with all 8 container locks.At an operating weight of 9.6T, Nexus can be lifted, stored and transported by any asset that can handle sea containers.<\/p>\t\t\n\t\t\t\t\t\t\t\t\t<img loading=\"lazy\" decoding=\"async\" src=\"https:\/\/citech.com.au\/wp-content\/uploads\/2023\/05\/nexus-16-unloading.png\" alt=\"nexus-16-unloading\" itemprop=\"image\" height=\"400\" width=\"600\" srcset=\"https:\/\/citech.com.au\/wp-content\/uploads\/2023\/05\/nexus-16-unloading.png 600w, https:\/\/citech.com.au\/wp-content\/uploads\/2023\/05\/nexus-16-unloading-300x200.png 300w\" sizes=\"auto, (max-width: 600px) 100vw, 600px\" title=\"nexus-16-unloading\" onerror=\"this.style.display='none'\"  \/>\n\t\t\t02.\u00a0darb\u012bba\n\t\t<h3>\n\t\t\tIzkrau\u0161ana\n\t\t<\/h3>\n\t\t\t<p>Kad Nexus\u00a016 ir non\u0101cis j\u016bsu vietn\u0113, nospie\u017eot vienu bezvadu pults pogu, tiks iesl\u0113gta hidraulika, un NX16 autom\u0101tiski pacelsies no transport\u0113\u0161anas kravas automa\u0161\u012bnas un nos\u0113d\u012bsies uz zemes. No zemes l\u012bme\u0146a darbu var veikt apr\u012bkojuma telp\u0101 vai torn\u012b, samazinot dro\u0161\u012bbas apsv\u0113rumus.<\/p>\t\t\n\t\t\t\t\t\t\t\t\t<img loading=\"lazy\" decoding=\"async\" src=\"https:\/\/citech.com.au\/wp-content\/uploads\/2023\/05\/nexus-16-stabilisation.png\" alt=\"nexus-16-stabilisation\" itemprop=\"image\" height=\"400\" width=\"600\" srcset=\"https:\/\/citech.com.au\/wp-content\/uploads\/2023\/05\/nexus-16-stabilisation.png 600w, https:\/\/citech.com.au\/wp-content\/uploads\/2023\/05\/nexus-16-stabilisation-300x200.png 300w\" sizes=\"auto, (max-width: 600px) 100vw, 600px\" title=\"nexus-16-stabilisation\" onerror=\"this.style.display='none'\"  \/>\n\t\t\t03.\u00a0darb\u012bba\n\t\t<h3>\n\t\t\tStabiliz\u0101cija\n\t\t<\/h3>\n\t\t\t<p>P\u0113c visu p\u0101rbau\u017eu vai izmai\u0146u pabeig\u0161anas, v\u0113lreiz nospie\u017eot pogu, 4 dubult\u0101 savienojuma k\u0101jas izvirz\u012bs un autom\u0101tiski izl\u012bdzin\u0101s un stabiliz\u0113s platformu. Autonomais nivel\u0113\u0161anas algoritms var nodro\u0161in\u0101t nel\u012bdzenu zemi un +\/-10 gr\u0101du nog\u0101zes.<\/p>\t\t\n\t\t\t\t\t\t\t\t\t<img loading=\"lazy\" decoding=\"async\" src=\"https:\/\/citech.com.au\/wp-content\/uploads\/2023\/05\/nexus-16-power.png\" alt=\"nexus-16-power\" itemprop=\"image\" height=\"400\" width=\"600\" srcset=\"https:\/\/citech.com.au\/wp-content\/uploads\/2023\/05\/nexus-16-power.png 600w, https:\/\/citech.com.au\/wp-content\/uploads\/2023\/05\/nexus-16-power-300x200.png 300w\" sizes=\"auto, (max-width: 600px) 100vw, 600px\" title=\"nexus-16-power\" onerror=\"this.style.display='none'\"  \/>\n\t\t\t04.\u00a0darb\u012bba\n\t\t<h3>\n\t\t\tJauda\n\t\t<\/h3>\n\t\t\t<p>Kad NX16 ir l\u012bdzens un stabils, saules bloks tiks autom\u0101tiski izvietots. Ieg\u016btie 4,8 kW pane\u013ci var iztur\u0113t 800\u00a0W iek\u0101rtas slodzi gandr\u012bz neierobe\u017eotu laiku un noslogo l\u012bdz 1,2\u00a0kW gadu starp \u0123eneratora uzpild\u012b\u0161anu. Slodzes l\u012bdz 7 kW var atbalst\u012bt ar papildu d\u012bze\u013cdegvielas izmanto\u0161anu un v\u0113l vair\u0101k ar jaudas uzlabojumiem.<\/p>\t\t\n\t\t\t\t\t\t\t\t\t<img loading=\"lazy\" decoding=\"async\" src=\"https:\/\/citech.com.au\/wp-content\/uploads\/2023\/05\/nexus-16-expansion.png\" alt=\"nexus-16-expansion\" itemprop=\"image\" height=\"400\" width=\"600\" srcset=\"https:\/\/citech.com.au\/wp-content\/uploads\/2023\/05\/nexus-16-expansion.png 600w, https:\/\/citech.com.au\/wp-content\/uploads\/2023\/05\/nexus-16-expansion-300x200.png 300w\" sizes=\"auto, (max-width: 600px) 100vw, 600px\" title=\"nexus-16-expansion\" onerror=\"this.style.display='none'\"  \/>\n\t\t\t05.\u00a0darb\u012bba\n\t\t<h3>\n\t\t\tPapla\u0161in\u0101\u0161an\u0101s\n\t\t<\/h3>\n\t\t\t<p>Tower lift comes next and like all other tasks, is a 1 button deploy. Driven by a locking lead screw in the base, the scissor-based tower will lift to a full height of 16 meters. Supporting large payloads weighing up to 250kG in 100km\/h winds with compete stability and safety.Electrically driven and self-aligning antenna mounts completes the installation by locking onto the coordinates of far end microwave radio systems.<\/p>\t\t\n\t\t\t\t\t\t\t\t\t<img loading=\"lazy\" decoding=\"async\" src=\"https:\/\/citech.com.au\/wp-content\/uploads\/2023\/05\/nexus-16-built-in-reliability-safety.png\" alt=\"nexus-16-built-in-reliability-safety\" itemprop=\"image\" height=\"400\" width=\"600\" srcset=\"https:\/\/citech.com.au\/wp-content\/uploads\/2023\/05\/nexus-16-built-in-reliability-safety.png 600w, https:\/\/citech.com.au\/wp-content\/uploads\/2023\/05\/nexus-16-built-in-reliability-safety-300x200.png 300w\" sizes=\"auto, (max-width: 600px) 100vw, 600px\" title=\"nexus-16-built-in-reliability-safety\" onerror=\"this.style.display='none'\"  \/>\n\t\t\t06.\u00a0darb\u012bba\n\t\t<h3>\n\t\t\tBuilt-in Reliability &#038; Safety\n\t\t<\/h3>\n\t\t\t<p>The heavily researched and patented 16-meter tower is driven at the base by a lead screw which must be driven to raise or lower the tower thereby eliminating safety issues that plague stored energy systems using pneumatics or hydraulics.In addition to the vastly improved safety case, the screw drive and completely mechanical construction of the tower translates to many years of reliable operation in the world&#8217;s most demanding environments.<\/p>\t\t\n\t\t\t<video src=\"https:\/\/citech.com.au\/wp-content\/uploads\/2023\/04\/Mechanical-Animation.mp4\" autoplay=\"\" webkit-playsinline=\"\" playsinline=\"\" loop=\"\" controls=\"\" muted=\"muted\"><\/video>\n\t\t<h3>\n\t\t\tGr\u0101matas prezent\u0101cija\n\t\t<\/h3>\n\t\t\t<p>Want to see the Nexus 16 rapidly deployable system in person?Based in Fremantle, Western Australia, our experienced team will happily organise a demonstration to showcase the capabilities of Nexus 16 and what sets it apart from the current standard telecommunication towers used by defence personnel.<\/p>\t\t\n\t<a href=\"https:\/\/citech.com.au\/lv\/contact\/\" target=\"_self\" role=\"button\" aria-label=\"Rezerv\u0113jiet t\u016bl\u012bt\">\n\t\t\t\t\t\tRezerv\u0113jiet t\u016bl\u012bt\n\t\t\t\t\t<\/a>","protected":false},"excerpt":{"rendered":"<p>Defence Sector Rapidly deployable assets capable of supporting a wide variety of critical equipment payloads like communications and radar to enhance battlefield effectiveness. Introducing Nexus 16 With the demand for high bandwidth situational awareness tools increasing, it is expected that legacy voice or low speed telemetry communications equipment may no longer viable in modern, fast-moving&hellip;<\/p>","protected":false},"author":1,"featured_media":0,"parent":87,"menu_order":0,"comment_status":"closed","ping_status":"closed","template":"","meta":{"_acf_changed":false,"footnotes":""},"class_list":["post-101","page","type-page","status-publish","hentry"],"acf":[],"_links":{"self":[{"href":"https:\/\/citech.com.au\/lv\/wp-json\/wp\/v2\/pages\/101","targetHints":{"allow":["GET"]}}],"collection":[{"href":"https:\/\/citech.com.au\/lv\/wp-json\/wp\/v2\/pages"}],"about":[{"href":"https:\/\/citech.com.au\/lv\/wp-json\/wp\/v2\/types\/page"}],"author":[{"embeddable":true,"href":"https:\/\/citech.com.au\/lv\/wp-json\/wp\/v2\/users\/1"}],"replies":[{"embeddable":true,"href":"https:\/\/citech.com.au\/lv\/wp-json\/wp\/v2\/comments?post=101"}],"version-history":[{"count":4,"href":"https:\/\/citech.com.au\/lv\/wp-json\/wp\/v2\/pages\/101\/revisions"}],"predecessor-version":[{"id":425,"href":"https:\/\/citech.com.au\/lv\/wp-json\/wp\/v2\/pages\/101\/revisions\/425"}],"up":[{"embeddable":true,"href":"https:\/\/citech.com.au\/lv\/wp-json\/wp\/v2\/pages\/87"}],"wp:attachment":[{"href":"https:\/\/citech.com.au\/lv\/wp-json\/wp\/v2\/media?parent=101"}],"curies":[{"name":"wp","href":"https:\/\/api.w.org\/{rel}","templated":true}]}}