{"id":11,"date":"2023-03-13T13:49:27","date_gmt":"2023-03-13T13:49:27","guid":{"rendered":"http:\/\/citech.com.au\/?page_id=11"},"modified":"2025-02-05T21:17:07","modified_gmt":"2025-02-05T13:17:07","slug":"about","status":"publish","type":"page","link":"https:\/\/citech.com.au\/lv\/about\/","title":{"rendered":"Par"},"content":{"rendered":"<h1>\n\t\t\tPar mums\n\t\t<\/h1>\n\t\t\t<p>Uzziniet, k\u0101 m\u016bsu neticam\u0101 komanda ir l\u012bderis strauji izvietojamo tehnolo\u0123iju sasniegumos un inov\u0101cij\u0101s.<\/p>\n\t\t<h2>\n\t\t\tCiTech v\u0113sture\n\t\t<\/h2>\n\t<p class=\"translation-block\">Critical Infrastructure Technologies (<a href=\"https:\/\/citech.com.au\/lv\/\" target=\"_self\">CiTech<\/a>) izstr\u0101d\u0101 un att\u012bsta novatoriskas, \u0101tri izvietojamas infrastrukt\u016bras un energosist\u0113mas, lai atbalst\u012btu dz\u012bv\u012bbai un misijai kritiskas lietojumprogrammas.<\/p>\n<p>Hardware and software products that will support the activities of the world&#8217;s most modern mining operations and protect the lives of Emergency Service and Defence personnel.<\/p>\n<p>The company&#8217;s lead product set is a range of rapidly deployable, high-capacity communications platforms called the NEXUS 16.<\/p>\n<p class=\"translation-block\"><a href=\"https:\/\/citech.com.au\/lv\/products\/nexus-16\/\" target=\"_self\">NEXUS\u00a016<\/a> ir piln\u012bb\u0101 integr\u0113ta, lielas ietilp\u012bbas sakaru platforma, kuru var \u0101tri un dro\u0161i transport\u0113t uz att\u0101l\u0101m un naid\u012bg\u0101m viet\u0101m, un t\u0101 ir piln\u012bb\u0101 darbin\u0101ma un p\u0101rraid\u012bta maz\u0101k nek\u0101 60\u00a0min\u016b\u0161u laik\u0101.<\/p>\n\t<p class=\"translation-block\">CiTech ir speci\u0101listu in\u017eenieru komanda, no kuriem da\u017ei ir str\u0101d\u0101ju\u0161i kop\u0101 gandr\u012bz desmit gadus, izstr\u0101d\u0101jot sakaru produktus <a href=\"https:\/\/citech.com.au\/lv\/sectors\/resources\/\" target=\"_self\">ieguvei<\/a>, <a href=\"https:\/\/citech.com.au\/lv\/sectors\/defence\/\" target=\"_self\">aizsardz\u012bbai<\/a>, <a href=\"https:\/\/citech.com.au\/lv\/sectors\/emergency-services\/\" target=\"_self\">\u0100rk\u0101rtas pakalpojumi<\/a> un telekomunik\u0101cijas.<\/p>\n<p>The team&#8217;s expertise covers all major engineering disciplines including mechanical, electrical, embedded firmware, telemetry, communications, climate control, manufacturing, network management systems and cyber security.<\/p>\n<p>Located in South Fremantle Western Australia and situated between the head offices of the world&#8217;s largest resource companies and Perth&#8217;s heavy industry hub, CiTech operates from a 3,000m2 factory with R&amp;D laboratories, testing and production facilities.<\/p>\n\t<a href=\"https:\/\/citech.com.au\/lv\/about\/team\/\" target=\"_self\" role=\"button\" aria-label=\"Iepaz\u012bstieties ar komandu\">\n\t\t\t\t\t\tIepaz\u012bstieties ar komandu\n\t\t\t\t\t<\/a>","protected":false},"excerpt":{"rendered":"<p>About Us Learn how our incredible team are leading the way in rapidly deployable technology advancements and innovation. The History of CiTech Critical Infrastructure Technologies (CiTech) designs and develops innovative, rapidly deployable infrastructure and power systems to support life and mission-critical applications. Hardware and software products that will support the activities of the world&#8217;s most&hellip;<\/p>","protected":false},"author":1,"featured_media":0,"parent":0,"menu_order":0,"comment_status":"closed","ping_status":"closed","template":"","meta":{"_acf_changed":false,"footnotes":""},"class_list":["post-11","page","type-page","status-publish","hentry"],"acf":[],"_links":{"self":[{"href":"https:\/\/citech.com.au\/lv\/wp-json\/wp\/v2\/pages\/11","targetHints":{"allow":["GET"]}}],"collection":[{"href":"https:\/\/citech.com.au\/lv\/wp-json\/wp\/v2\/pages"}],"about":[{"href":"https:\/\/citech.com.au\/lv\/wp-json\/wp\/v2\/types\/page"}],"author":[{"embeddable":true,"href":"https:\/\/citech.com.au\/lv\/wp-json\/wp\/v2\/users\/1"}],"replies":[{"embeddable":true,"href":"https:\/\/citech.com.au\/lv\/wp-json\/wp\/v2\/comments?post=11"}],"version-history":[{"count":3,"href":"https:\/\/citech.com.au\/lv\/wp-json\/wp\/v2\/pages\/11\/revisions"}],"predecessor-version":[{"id":401,"href":"https:\/\/citech.com.au\/lv\/wp-json\/wp\/v2\/pages\/11\/revisions\/401"}],"wp:attachment":[{"href":"https:\/\/citech.com.au\/lv\/wp-json\/wp\/v2\/media?parent=11"}],"curies":[{"name":"wp","href":"https:\/\/api.w.org\/{rel}","templated":true}]}}