{"id":12,"date":"2023-03-13T13:49:54","date_gmt":"2023-03-13T13:49:54","guid":{"rendered":"http:\/\/citech.com.au\/?page_id=12"},"modified":"2025-02-05T20:49:22","modified_gmt":"2025-02-05T12:49:22","slug":"home","status":"publish","type":"page","link":"https:\/\/citech.com.au\/lv\/","title":{"rendered":"Home"},"content":{"rendered":"<h1>\n\t\t\tM\u0113s rad\u0101m risin\u0101jumus\n\t\t<\/h1>\n\t\t\t<p>Lielas ietilp\u012bbas, \u0101tri izvietojamas sakaru tehnolo\u0123ijas izveide, kas nodro\u0161ina b\u016btiskus pakalpojumus tur, kur tie visvair\u0101k nepiecie\u0161ami.<\/p>\n\t\t\t\t\t\t\t\t\t<img loading=\"lazy\" decoding=\"async\" src=\"https:\/\/citech.com.au\/wp-content\/uploads\/2023\/04\/nexus-extended-transparent.png\" alt=\"nexus-extended-transparent\" itemprop=\"image\" height=\"1024\" width=\"566\" srcset=\"https:\/\/citech.com.au\/wp-content\/uploads\/2023\/04\/nexus-extended-transparent.png 566w, https:\/\/citech.com.au\/wp-content\/uploads\/2023\/04\/nexus-extended-transparent-166x300.png 166w\" sizes=\"auto, (max-width: 566px) 100vw, 566px\" title=\"nexus-extended-transparent\" onerror=\"this.style.display='none'\"  \/>\n\t\t<h2>\n\t\t\tIepaz\u012bstin\u0101m ar Nexus\u00a016 radio torni\n\t\t<\/h2>\n\t\t\t<p>The Nexus 16 is an innovative and versatile radio communications tower that is rapidly deployable to remote locations and for critical sectors. Contained within the dimensions of a standard 20-foot shipping container, it houses a walk-in equipment room, battery reserves, solar arrays, and generators to create a fully self-contained communications solution.Able to be transported by any truck that accommodates a 20-foot container, the Nexus 16 promises exceptional adaptability. It can load and unload itself and smoothly adapt to uneven or sloping terrain. Then, within the span of just 30 minutes, it can deploy its robust, cyclone-rated 16m radio tower &#8211; all contributing to its unparalleled efficiency and utility in the field.<a href=\"https:\/\/citech.com.au\/lv\/products\/nexus-16\/\">Izp\u0113tiet t\u0101lruni Nexus\u00a016 \u00bb<\/a><\/p>\t\t\n\t\t<h3>Radiotor\u0146a tehnolo\u0123ija<\/h3>\n\t\t\t<p class=\"translation-block\">Iztur\u012bgo Nexus\u00a016 radiotorni uzlabo m\u016bsu past\u0101v\u012bgi <a href=\"https:\/\/citech.com.au\/lv\/products\/technology\/\" target=\"_self\">att\u012bsto\u0161ie tehnolo\u0123iskie sasniegumi<\/a>, uzlabojot t\u0101 sakaru iesp\u0113ju efektivit\u0101ti, diapazonu un efektivit\u0101ti.<\/p>\t\t\n\t\t<h3>CiNet t\u012bkla p\u0101rvald\u012bba<\/h3>\n\t\t\t<p class=\"translation-block\">Uz\u0146\u0113mums CiTech ir izstr\u0101d\u0101jis savu <a href=\"https:\/\/citech.com.au\/lv\/products\/cinet\/\" target=\"_self\">CiNet t\u012bkla p\u0101rvald\u012bbas sist\u0113mu<\/a>, lai nodro\u0161in\u0101tu netrauc\u0113tu integr\u0101ciju ar Nexus\u00a016 mobil\u0101s antenas torni. CiNet nodro\u0161ina \u0161ifr\u0113tu un dro\u0161u att\u0101lo datu v\u0101k\u0161anu.<\/p>\t\t\n\t\t<h2>\n\t\t\tResursu sektors\n\t\t<\/h2>\n\t\t\t<p>Darbinieku dro\u0161\u012bba un darb\u012bbas efektivit\u0101te ir iz\u0161\u0137iro\u0161i veiksmes faktori 21.\u00a0gadsimta raktuvju operatoriem. \u0160ai nozarei ir j\u0101izmanto lab\u0101k\u0101s dro\u0161\u0101s, jaud\u012bg\u0101s un uzticam\u0101s radiosakaru tehnolo\u0123ijas, ko CiTech izstr\u0101d\u0101 un pieg\u0101d\u0101.<\/p>\t\t\n\t\t<h3>Uzlabota dro\u0161\u012bba<\/h3>\n\t\t\t<p>M\u016bsu Nexus\u00a016 \u0101tri izvietojamie radio tor\u0146i var \u0101tri nodro\u0161in\u0101t sakaru t\u012bklus att\u0101l\u0101s vai gr\u016bti sasniedzam\u0101s viet\u0101s, neizmantojot apm\u0101c\u012btus mont\u0113t\u0101jus.<\/p>\t\t\n\t\t<h3>Paaugstin\u0101ta Efektivit\u0101te<\/h3>\n\t\t\t<p>Izmantojot uzticamus sakaru t\u012bklus, darbinieki var \u0101tri un viegli piek\u013c\u016bt inform\u0101cijai un resursiem, \u013caujot vi\u0146iem str\u0101d\u0101t efekt\u012bv\u0101k un produkt\u012bv\u0101k.<\/p>\t\t\n\t\t<h3>Izmaksu ietaup\u012bjumi<\/h3>\n\t\t\t<p>Nexus\u00a016 telekomunik\u0101ciju radio tor\u0146i ilgtermi\u0146\u0101 var ietaup\u012bt resursus un ieguves r\u016bpniec\u012bbas naudu, samazinot vajadz\u012bbu p\u0113c past\u0101v\u012bgas infrastrukt\u016bras vai liela sakaru piekabju parka.<\/p>\t\t\n\t<a href=\"https:\/\/citech.com.au\/lv\/sectors\/resources\/\" target=\"_self\" role=\"button\" aria-label=\"Resursu sektors\">\n\t\t\t\t\t\tResursu sektors\n\t\t\t<\/a>\n\t\t<h2>\n\t\t\tNeatliekam\u0101s pal\u012bdz\u012bbas dienesti\n\t\t<\/h2>\n\t\t\t<p>M\u016bsu \u0101tri izvietojamie Nexus\u00a016 radio tor\u0146i var \u0101tri atjaunot publiskos sakarus un citus svar\u012bgus pakalpojumus maz\u0101k nek\u0101 stundas laik\u0101, kur un kad vien tie ir nepiecie\u0161ami.<\/p>\t\t\n\t\t<h3>\u0100tra izvieto\u0161ana<\/h3>\n\t\t\t<p>\u0100rk\u0101rtas situ\u0101cij\u0101s, piem\u0113ram, dabas vai cilv\u0113ku izrais\u012bt\u0101s katastrof\u0101s vai teroristu uzbrukumos, \u013coti svar\u012bgi ir \u0101tri izveidot uzticamus sakaru t\u012bklus, t\u0101p\u0113c Nexus\u00a016 ir \u013coti svar\u012bgi.<\/p>\t\t\n\t\t<h3>Uzlabota koordin\u0101cija<\/h3>\n\t\t\t<p>Efekt\u012bva koordin\u0101cija ir \u013coti svar\u012bga \u0101rk\u0101rtas pal\u012bdz\u012bbas sniedz\u0113jiem, izveidojot skaidras sazi\u0146as l\u012bnijas ar mobilo antenu tor\u0146iem, lai efekt\u012bv\u0101k koordin\u0113tu vi\u0146u neatliekam\u0101s pal\u012bdz\u012bbas dienestu centienus.<\/p>\t\t\n\t\t<h3>Safety &#038; Security<\/h3>\n\t\t\t<p>Uzticami sakaru t\u012bkli nodro\u0161ina rea\u0123\u0113t\u0101ju dro\u0161\u012bbu, \u013caujot tiem uztur\u0113t sakarus vienam ar otru un ar centr\u0101lo komandu, sa\u0146emot nepiecie\u0161amos atjaunin\u0101jumus.<\/p>\t\t\n\t<a href=\"https:\/\/citech.com.au\/lv\/sectors\/emergency-services\/\" target=\"_self\" role=\"button\" aria-label=\"Neatliekam\u0101s pal\u012bdz\u012bbas dienesti\">\n\t\t\t\t\t\tNeatliekam\u0101s pal\u012bdz\u012bbas dienesti\n\t\t\t<\/a>\n\t\t<h2>\n\t\t\tAizsardz\u012bba\n\t\t<\/h2>\n\t\t\t<p>CiTech izstr\u0101d\u0101 piln\u012bb\u0101 autonomus un \u0101tri izvietojamus l\u012bdzek\u013cus, kas sp\u0113j atbalst\u012bt da\u017e\u0101du kritisko iek\u0101rtu kravnes\u012bbu, piem\u0113ram, sakarus un radarus, lai uzlabotu kaujas lauka efektivit\u0101ti.<\/p>\t\t\n\t\t<h3>Darb\u012bbas elast\u012bba<\/h3>\n\t\t\t<p>\u0100tri izvietojamo radio tor\u0146u mobilit\u0101te un elast\u012bba \u013cauj aizsardz\u012bbas nozarei \u0101tri un efekt\u012bvi izveidot sakaru infrastrukt\u016bru att\u0101l\u0101 vai naid\u012bg\u0101 vid\u0113.<\/p>\t\t\n\t\t<h3>Att\u0101l\u0101 uzraudz\u012bba<\/h3>\n\t\t\t<p>\u0100tri izvietojamus telekomunik\u0101ciju tor\u0146us var apr\u012bkot ar sensoriem, att\u0101lin\u0101t\u0101s uzraudz\u012bbas iesp\u0113j\u0101m un mobilaj\u0101m anten\u0101m, kas \u013cauj aizsardz\u012bbas person\u0101lam att\u0101lin\u0101ti uzraudz\u012bt kritisko infrastrukt\u016bru vai teritorijas.<\/p>\t\t\n\t\t<h3>\u0100tra izvieto\u0161ana<\/h3>\n\t\t\t<p>Nexus\u00a016 radiotorni var \u0101tri un \u0113rti transport\u0113t uz da\u017e\u0101d\u0101m viet\u0101m, \u013caujot aizsardz\u012bbas nozarei \u0101tri izveidot sakaru infrastrukt\u016bru, rea\u0123\u0113jot uz main\u012bg\u0101m situ\u0101cij\u0101m vai apdraud\u0113jumiem.<\/p>\t\t\n\t<a href=\"https:\/\/citech.com.au\/lv\/sectors\/defence\/\" target=\"_self\" role=\"button\" aria-label=\"Aizsardz\u012bbas sektors\">\n\t\t\t\t\t\tAizsardz\u012bbas sektors\n\t\t\t<\/a>\n\t\t<h2>\n\t\t\tVado\u0161ais ce\u013c\u0161\n\t\t<\/h2>\n\t<p>Visas nozares, vald\u012bba, milit\u0101rie sp\u0113ki un sabiedr\u012bba k\u013c\u016bst arvien vair\u0101k un vair\u0101k atkar\u012bgi no to sakaru un energosist\u0113m\u0101m, lai sniegtu svar\u012bgus pakalpojumus, aizsarg\u0101tu dz\u012bv\u012bbas un uzlabotu darb\u012bbas efektivit\u0101ti. Sakari un atbalsta infrastrukt\u016bra, piem\u0113ram, \u0101tri izvietojami radio tor\u0146i, ir k\u013cuvu\u0161i par b\u016btisk\u0101m iesp\u0113j\u0101m visiem.<\/p>\n<p>Whilst fixed infrastructure providers (carrier and private) have seen a step function in expansion, the mobile or rapidly deployable sector has fallen way behind &#8211; effectively constraining the capability of modern communication systems and the organisations they serve.<\/p>\n<p>CiTech izstr\u0101d\u0101 un ra\u017eo virkni \u013coti augstas ietilp\u012bbas mobilo antenu tor\u0146u platformu, kas var atbalst\u012bt pla\u0161u tehnolo\u0123iju lietder\u012bg\u0101s slodzes kl\u0101stu, \u013caujot organiz\u0101cij\u0101m piln\u012bb\u0101 realiz\u0113t priek\u0161roc\u012bbas, ko var pied\u0101v\u0101t modern\u0101s tehnolo\u0123ijas.<\/p>\n\t\t\t<video src=\"https:\/\/citech.com.au\/wp-content\/uploads\/2023\/04\/Mechanical-Animation.mp4\" controls=\"\"><\/video>\n\t<a href=\"https:\/\/citech.com.au\/lv\/products\/\" target=\"_self\" role=\"button\" aria-label=\"M\u016bsu produkti\">\n\t\t\t\t\t\tM\u016bsu produkti\n\t\t\t\t\t<\/a>\n\t\t<h2>\n\t\t\tM\u016bsu pieredz\u0113ju\u0161\u0101 komanda\n\t\t<\/h2>\n\t\t\t<p>CiTech komandu atbalsta pieredz\u0113jusi vad\u012bbas un ra\u017eo\u0161anas komanda, kas nep\u0101rtraukti att\u012bsta un maina mobilo radio tor\u0146u tehnolo\u0123iju. Iepaz\u012bstieties ar da\u017eiem m\u016bsu komandas locek\u013ciem zem\u0101k.<\/p>\t\t\n\t\t\t<img loading=\"lazy\" decoding=\"async\" src=\"https:\/\/citech.com.au\/wp-content\/uploads\/2023\/04\/imants-225x300.jpg\" alt=\"Imants Kins - Citech.\" data-no-lazy=\"1\" itemprop=\"thumbnail\" width=\"225\" height=\"300\" \/>\n\t\t\t<!-- Overlay Wrapper -->\n\t\t\t <!-- Overlay Wrapper Closed -->\n\t\t\t\t\t\t\t<meta itemprop=\"width\" content=\"225\" \/>\n\t\t\t<meta itemprop=\"height\" content=\"300\" \/>\n\t\t\t<img loading=\"lazy\" decoding=\"async\" src=\"https:\/\/citech.com.au\/wp-content\/uploads\/2023\/04\/brenton-chief-executive-officer-citech-225x300.jpg\" alt=\"Brenton Scott Citech.\" data-no-lazy=\"1\" itemprop=\"thumbnail\" width=\"225\" height=\"300\" \/>\n\t\t\t<!-- Overlay Wrapper -->\n\t\t\t <!-- Overlay Wrapper Closed -->\n\t\t\t\t\t\t\t<meta itemprop=\"width\" content=\"225\" \/>\n\t\t\t<meta itemprop=\"height\" content=\"300\" \/>\n\t\t\t<img loading=\"lazy\" decoding=\"async\" src=\"https:\/\/citech.com.au\/wp-content\/uploads\/2023\/04\/andrew-hill-225x300.jpg\" alt=\"Andrew Hill Citech.\" data-no-lazy=\"1\" itemprop=\"thumbnail\" width=\"225\" height=\"300\" \/>\n\t\t\t<!-- Overlay Wrapper -->\n\t\t\t <!-- Overlay Wrapper Closed -->\n\t\t\t\t\t\t\t<meta itemprop=\"width\" content=\"225\" \/>\n\t\t\t<meta itemprop=\"height\" content=\"300\" \/>\n\t\t\t<img loading=\"lazy\" decoding=\"async\" src=\"https:\/\/citech.com.au\/wp-content\/uploads\/2023\/04\/eugene-hodgson-citech-225x300.jpg\" alt=\"Eugene Hodson Citech.\" data-no-lazy=\"1\" itemprop=\"thumbnail\" width=\"225\" height=\"300\" \/>\n\t\t\t<!-- Overlay Wrapper -->\n\t\t\t <!-- Overlay Wrapper Closed -->\n\t\t\t\t\t\t\t<meta itemprop=\"width\" content=\"225\" \/>\n\t\t\t<meta itemprop=\"height\" content=\"300\" \/>\n\t\t\t<img loading=\"lazy\" decoding=\"async\" src=\"https:\/\/citech.com.au\/wp-content\/uploads\/2023\/04\/rich-palone-225x300.jpg\" alt=\"Richard Paolone Citech.\" data-no-lazy=\"1\" itemprop=\"thumbnail\" width=\"225\" height=\"300\" \/>\n\t\t\t<!-- Overlay Wrapper -->\n\t\t\t <!-- Overlay Wrapper Closed -->\n\t\t\t\t\t\t\t<meta itemprop=\"width\" content=\"225\" \/>\n\t\t\t<meta itemprop=\"height\" content=\"300\" \/>\n\t\t\t<img loading=\"lazy\" decoding=\"async\" src=\"https:\/\/citech.com.au\/wp-content\/uploads\/2023\/04\/rodney-louden-citech-sdp-225x300.jpg\" alt=\"Rodney Louden Citech.\" data-no-lazy=\"1\" itemprop=\"thumbnail\" width=\"225\" height=\"300\" \/>\n\t\t\t<!-- Overlay Wrapper -->\n\t\t\t <!-- Overlay Wrapper Closed -->\n\t\t\t\t\t\t\t<meta itemprop=\"width\" content=\"225\" \/>\n\t\t\t<meta itemprop=\"height\" content=\"300\" \/>\n\t\t\t<img loading=\"lazy\" decoding=\"async\" src=\"https:\/\/citech.com.au\/wp-content\/uploads\/2023\/04\/greg-taylor-225x300.jpg\" alt=\"Greg Taylor Citech.\" data-no-lazy=\"1\" itemprop=\"thumbnail\" width=\"225\" height=\"300\" \/>\n\t\t\t<!-- Overlay Wrapper -->\n\t\t\t <!-- Overlay Wrapper Closed -->\n\t\t\t\t\t\t\t<meta itemprop=\"width\" content=\"225\" \/>\n\t\t\t<meta itemprop=\"height\" content=\"300\" \/>\n\t\t\t<img loading=\"lazy\" decoding=\"async\" src=\"https:\/\/citech.com.au\/wp-content\/uploads\/2023\/07\/janelle-theron-control-systems-engineer-225x300.jpg\" alt=\"Janelle Theron, Control Systems Engineer at CiTech.\" data-no-lazy=\"1\" itemprop=\"thumbnail\" width=\"225\" height=\"300\" \/>\n\t\t\t<!-- Overlay Wrapper -->\n\t\t\t <!-- Overlay Wrapper Closed -->\n\t\t\t\t\t\t\t<meta itemprop=\"width\" content=\"225\" \/>\n\t\t\t<meta itemprop=\"height\" content=\"300\" \/>\n\t<a href=\"https:\/\/citech.com.au\/lv\/about\/team\/\" target=\"_self\" role=\"button\" aria-label=\"Iepaz\u012bstieties ar komandu\">\n\t\t\t\t\t\tIepaz\u012bstieties ar komandu\n\t\t\t\t\t<\/a>\n\t\t<h3>\n\t\t\tKarjera CiTech\n\t\t<\/h3>\n\t\t\t<p>Vai v\u0113laties s\u0101kt atalgojo\u0161u karjeru ar CiTech, jo m\u0113s turpin\u0101m b\u016bt l\u012bderi \u0101tri izvietojam\u0101s radio tor\u0146u tehnolo\u0123ij\u0101s? Apskatiet m\u016bsu pa\u0161reiz\u0113j\u0101s iesp\u0113jas un piesakieties tie\u0161saist\u0113.<\/p>\t\t\n\t<a href=\"https:\/\/citech.com.au\/lv\/careers\/\" target=\"_self\" role=\"button\" aria-label=\"S\u0101ciet darbu\">\n\t\t\t\t\t\tS\u0101ciet darbu\n\t\t\t\t\t<\/a>","protected":false},"excerpt":{"rendered":"<p>We Create Solutions Creating high-capacity, rapidly deployable communications technology that delivers essential services to where they are needed most. Introducing The Nexus 16 Radio Tower The Nexus 16 is an innovative and versatile radio communications tower that is rapidly deployable to remote locations and for critical sectors. Contained within the dimensions of a standard 20-foot&hellip;<\/p>","protected":false},"author":1,"featured_media":0,"parent":0,"menu_order":0,"comment_status":"closed","ping_status":"closed","template":"","meta":{"_acf_changed":false,"footnotes":""},"class_list":["post-12","page","type-page","status-publish","hentry"],"acf":[],"_links":{"self":[{"href":"https:\/\/citech.com.au\/lv\/wp-json\/wp\/v2\/pages\/12","targetHints":{"allow":["GET"]}}],"collection":[{"href":"https:\/\/citech.com.au\/lv\/wp-json\/wp\/v2\/pages"}],"about":[{"href":"https:\/\/citech.com.au\/lv\/wp-json\/wp\/v2\/types\/page"}],"author":[{"embeddable":true,"href":"https:\/\/citech.com.au\/lv\/wp-json\/wp\/v2\/users\/1"}],"replies":[{"embeddable":true,"href":"https:\/\/citech.com.au\/lv\/wp-json\/wp\/v2\/comments?post=12"}],"version-history":[{"count":19,"href":"https:\/\/citech.com.au\/lv\/wp-json\/wp\/v2\/pages\/12\/revisions"}],"predecessor-version":[{"id":398,"href":"https:\/\/citech.com.au\/lv\/wp-json\/wp\/v2\/pages\/12\/revisions\/398"}],"wp:attachment":[{"href":"https:\/\/citech.com.au\/lv\/wp-json\/wp\/v2\/media?parent=12"}],"curies":[{"name":"wp","href":"https:\/\/api.w.org\/{rel}","templated":true}]}}