{"id":13,"date":"2023-03-13T21:51:30","date_gmt":"2023-03-13T13:51:30","guid":{"rendered":"http:\/\/citech.com.au\/?page_id=13"},"modified":"2025-09-21T13:23:51","modified_gmt":"2025-09-21T05:23:51","slug":"products","status":"publish","type":"page","link":"https:\/\/citech.com.au\/lv\/products\/","title":{"rendered":"Produkti"},"content":{"rendered":"<h1>\n\t\t\tM\u016bsu produkti\n\t\t<\/h1>\n\t\t\t<p>CiTech lepojas iepaz\u012bstin\u0101t ar m\u016bsu nozar\u0113 vado\u0161o tehnolo\u0123iju kl\u0101stu, kas ir l\u012bderis \u0101tri izvietojam\u0101s tehnolo\u0123ij\u0101s.<\/p>\n\t\t<h2>\n\t\t\tNozares vado\u0161ie produkti\n\t\t<\/h2>\n\t\t\t\t\t\t<h3>Tehnolo\u0123ija<\/h3>\t\t\t\t\t\n\t\t\t<p>Nozares pieredzes, izt\u0113les un dzi\u013cas tehnolo\u0123iju izpratnes sapl\u016b\u0161ana \u013cauj CiTech izstr\u0101d\u0101t patiesi unik\u0101lus produktus.<\/p>\t\t\n\t\t\t\t\n\t\t\t\t\t<a href=\"https:\/\/citech.com.au\/lv\/products\/technology\/\" role=\"button\" target=\"_self\">\n\t\t\t\t\t\tSkat\u012bt tehnolo\u0123iju \u00bb\t\t\t\t\t<\/a>\n\t\t\t\t\n\t\t\t\t\t\t<h3>Nexus 16<\/h3>\t\t\t\t\t\n\t\t\t<p>NEXUS\u00a016 b\u016bs pirmais \u0161\u0101da veida t\u0101lrunis, kas nodro\u0161in\u0101s pa\u0161izvietojamu sakaru platformu ar nozar\u0113 vado\u0161aj\u0101m specifik\u0101cij\u0101m.<\/p>\t\t\n\t\t\t\t\n\t\t\t\t\t<a href=\"https:\/\/citech.com.au\/lv\/products\/nexus-16\/\" role=\"button\" target=\"_self\">\n\t\t\t\t\t\tSkat\u012bt Nexus\u00a016 \u00bb\t\t\t\t\t<\/a>\n\t\t\t\t\n\t\t\t\t\t\t<h3>Nexus 20<\/h3>\t\t\t\t\t\n\t\t\t<p>The next step of evolution in the Nexus product line, the Nexus 20 builds on everything that made the Nexus 16 great &#8211; now with improved height, faster deployment, enhanced power systems.<\/p>\t\t\n\t\t\t\t\n\t\t\t\t\t<a href=\"https:\/\/citech.com.au\/lv\/products\/nexus-20\/\" role=\"button\" target=\"_self\">\n\t\t\t\t\t\tView Nexus 20 \u00bb\t\t\t\t\t<\/a>\n\t\t\t\t\n\t\t\t\t\t\t<h3>CiNet<\/h3>\t\t\t\t\t\n\t\t\t<p>CiNet was built to support the Nexus range of products and provide seamless integration into the operator&#8217;s own Network Management Systems.<\/p>\t\t\n\t\t\t\t\n\t\t\t\t\t<a href=\"https:\/\/citech.com.au\/lv\/products\/cinet\/\" role=\"button\" target=\"_self\">\n\t\t\t\t\t\tSkat\u012bt CiNet \u00bb\t\t\t\t\t<\/a>","protected":false},"excerpt":{"rendered":"<p>Our Products CiTech is proud to present our range of industry-leading technology, leading the way in rapidly deployable technology. Industry-Leading Products Technology Fusing industry experience, imagination and a deep understanding of technology allow CiTech to develop products that are truly unique. View technology \u00bb Nexus 16 NEXUS 16 will be the first of its type&hellip;<\/p>","protected":false},"author":1,"featured_media":0,"parent":0,"menu_order":0,"comment_status":"closed","ping_status":"closed","template":"","meta":{"_acf_changed":false,"footnotes":""},"class_list":["post-13","page","type-page","status-publish","hentry"],"acf":[],"_links":{"self":[{"href":"https:\/\/citech.com.au\/lv\/wp-json\/wp\/v2\/pages\/13","targetHints":{"allow":["GET"]}}],"collection":[{"href":"https:\/\/citech.com.au\/lv\/wp-json\/wp\/v2\/pages"}],"about":[{"href":"https:\/\/citech.com.au\/lv\/wp-json\/wp\/v2\/types\/page"}],"author":[{"embeddable":true,"href":"https:\/\/citech.com.au\/lv\/wp-json\/wp\/v2\/users\/1"}],"replies":[{"embeddable":true,"href":"https:\/\/citech.com.au\/lv\/wp-json\/wp\/v2\/comments?post=13"}],"version-history":[{"count":4,"href":"https:\/\/citech.com.au\/lv\/wp-json\/wp\/v2\/pages\/13\/revisions"}],"predecessor-version":[{"id":485,"href":"https:\/\/citech.com.au\/lv\/wp-json\/wp\/v2\/pages\/13\/revisions\/485"}],"wp:attachment":[{"href":"https:\/\/citech.com.au\/lv\/wp-json\/wp\/v2\/media?parent=13"}],"curies":[{"name":"wp","href":"https:\/\/api.w.org\/{rel}","templated":true}]}}