{"id":14,"date":"2023-03-13T21:51:41","date_gmt":"2023-03-13T13:51:41","guid":{"rendered":"http:\/\/citech.com.au\/?page_id=14"},"modified":"2025-02-05T22:07:09","modified_gmt":"2025-02-05T14:07:09","slug":"contact","status":"publish","type":"page","link":"https:\/\/citech.com.au\/lv\/contact\/","title":{"rendered":"Sazin\u0101ties"},"content":{"rendered":"<h1>\n\t\t\tSazinieties ar CiTech\n\t\t<\/h1>\n\t\t\t<p>Interested in our products or industry-leading technology?\u00a0Fill out the form below and we&#8217;ll be in touch.<\/p>\n\t\t<h2>\n\t\t\tSazinieties\n\t\t<\/h2>\n\t\t\t<p>Lielas ietilp\u012bbas, \u0101tri izvietojamas tehnolo\u0123ijas izveide, kas nodro\u0161ina b\u016btiskus pakalpojumus tur, kur tie visvair\u0101k nepiecie\u0161ami.<\/p>\t\t\n\t\t<h3>\n\t\t\tAustralia\n\t\t<\/h3>\n\t\t\t<p><strong>Email:<\/strong> <a href=\"mailto:info@citech.com.au\">info@citech.com.au<\/a><strong>Phone:<\/strong> <a href=\"tel:+61867066031\">+61 8 6706 6031<\/a><strong>Address:<\/strong> 176 Marine Terrace, South Fremantle WA 6162<\/p>\t\t\n\t\t<h3>\n\t\t\tCanada\n\t\t<\/h3>\n\t\t\t<p><strong>Email:<\/strong> <a href=\"mailto:info@citech.com.au\">info@citech.com.au<\/a><strong>Phone:<\/strong> <a href=\"tel:+17789001440\">+1 778 900 1440<\/a><strong>Address:<\/strong> 2600,1066 West Hastings Street, Vancouver BC V6E 3X1<\/p>\t\t\n                            \n                        <form method='post' enctype='multipart\/form-data' target='gform_ajax_frame_1' id='gform_1'  action='\/lv\/?page_id=14&#038;fl_builder#gf_1' data-formid='1' novalidate data-trp-original-action=\"\/?page_id=14&#038;fl_builder#gf_1\">\n                        <fieldset id=\"field_1_1\"  data-js-reload=\"field_1_1\"><legend class='gfield_label gform-field-label gfield_label_before_complex'>Name(Required)<\/legend>\n                                                    <input type='text' name='input_1.3' id='input_1_1_3' value='' tabindex='101'  aria-required='true'     \/>\n                                                    <label for='input_1_1_3' class='gform-field-label gform-field-label--type-sub hidden_sub_label screen-reader-text'>First<\/label>\n                        <\/fieldset><label class='gfield_label gform-field-label' for='input_1_3'>Phone(Required)<\/label><input name='input_3' id='input_1_3' type='tel' value='' class='large' tabindex='105'  aria-required=\"true\" aria-invalid=\"false\"   \/><label class='gfield_label gform-field-label' for='input_1_4'>Email(Required)<\/label>\n                            <input name='input_4' id='input_1_4' type='email' value='' class='large' tabindex='106'   aria-required=\"true\" aria-invalid=\"false\"  \/>\n                        <label class='gfield_label gform-field-label' for='input_1_5'>Enquiry(Required)<\/label><textarea name='input_5' id='input_1_5' class='textarea small' tabindex='107'    aria-required=\"true\" aria-invalid=\"false\"   rows='10' cols='50'><\/textarea><label class='gfield_label gform-field-label' for='input_1_6'>CAPTCHA<\/label>\n         <input type='submit' id='gform_submit_button_1' class='gform_button button' onclick='gform.submission.handleButtonClick(this);' value='Iesniegt' tabindex='109' \/> <input type='hidden' name='gform_ajax' value='form_id=1&amp;title=&amp;description=1&amp;tabindex=100&amp;theme=gravity-theme&amp;hash=662756587b30488f984053eafe67b7d3' \/>\n            <input type='hidden' class='gform_hidden' name='gform_submission_method' data-js='gform_submission_method_1' value='iframe' \/>\n            <input type='hidden' class='gform_hidden' name='gform_theme' data-js='gform_theme_1' id='gform_theme_1' value='gravity-theme' \/>\n            <input type='hidden' class='gform_hidden' name='gform_style_settings' data-js='gform_style_settings_1' id='gform_style_settings_1' value='' \/>\n            <input type='hidden' class='gform_hidden' name='is_submit_1' value='1' \/>\n            <input type='hidden' class='gform_hidden' name='gform_submit' value='1' \/>\n            <input type='hidden' class='gform_hidden' name='gform_unique_id' value='' \/>\n            <input type='hidden' class='gform_hidden' name='state_1' value='WyJbXSIsIjcxNzNkNTA0ZjE1NmFkZDYzOTMwNGNkN2FhMDRlMDg5Il0=' \/>\n            <input type='hidden' autocomplete='off' class='gform_hidden' name='gform_target_page_number_1' id='gform_target_page_number_1' value='0' \/>\n            <input type='hidden' autocomplete='off' class='gform_hidden' name='gform_source_page_number_1' id='gform_source_page_number_1' value='1' \/>\n            <input type='hidden' name='gform_field_values' value='' \/>\n                        <input type=\"hidden\" name=\"trp-form-language\" value=\"lv\"\/><\/form>\n\t\t                <iframe style='display:none;width:0px;height:0px;' src='about:blank' name='gform_ajax_frame_1' id='gform_ajax_frame_1' title='This iframe contains the logic required to handle Ajax powered Gravity Forms.'><\/iframe>","protected":false},"excerpt":{"rendered":"<p>Contact CiTech Interested in our products or industry-leading technology?\u00a0Fill out the form below and we&#8217;ll be in touch. Get In Touch Creating high-capacity, rapidly deployable technology that delivers essential services to where they are needed most. Australia Email: info@citech.com.auPhone: +61 8 6706 6031Address: 176 Marine Terrace, South Fremantle WA 6162 Canada Email: info@citech.com.auPhone: +1 778&hellip;<\/p>","protected":false},"author":1,"featured_media":0,"parent":0,"menu_order":0,"comment_status":"closed","ping_status":"closed","template":"","meta":{"_acf_changed":false,"footnotes":""},"class_list":["post-14","page","type-page","status-publish","hentry"],"acf":[],"_links":{"self":[{"href":"https:\/\/citech.com.au\/lv\/wp-json\/wp\/v2\/pages\/14","targetHints":{"allow":["GET"]}}],"collection":[{"href":"https:\/\/citech.com.au\/lv\/wp-json\/wp\/v2\/pages"}],"about":[{"href":"https:\/\/citech.com.au\/lv\/wp-json\/wp\/v2\/types\/page"}],"author":[{"embeddable":true,"href":"https:\/\/citech.com.au\/lv\/wp-json\/wp\/v2\/users\/1"}],"replies":[{"embeddable":true,"href":"https:\/\/citech.com.au\/lv\/wp-json\/wp\/v2\/comments?post=14"}],"version-history":[{"count":4,"href":"https:\/\/citech.com.au\/lv\/wp-json\/wp\/v2\/pages\/14\/revisions"}],"predecessor-version":[{"id":411,"href":"https:\/\/citech.com.au\/lv\/wp-json\/wp\/v2\/pages\/14\/revisions\/411"}],"wp:attachment":[{"href":"https:\/\/citech.com.au\/lv\/wp-json\/wp\/v2\/media?parent=14"}],"curies":[{"name":"wp","href":"https:\/\/api.w.org\/{rel}","templated":true}]}}