{"id":205,"date":"2023-04-14T09:40:54","date_gmt":"2023-04-14T01:40:54","guid":{"rendered":"http:\/\/citech.com.au\/?page_id=205"},"modified":"2025-02-05T21:54:38","modified_gmt":"2025-02-05T13:54:38","slug":"careers","status":"publish","type":"page","link":"https:\/\/citech.com.au\/lv\/careers\/","title":{"rendered":"Karjeras"},"content":{"rendered":"<h1>\n\t\t\tKarjeras\n\t\t<\/h1>\n\t\t\t<p>Apskatiet m\u016bsu pa\u0161reiz\u0113j\u0101s iesp\u0113jas un piesakieties tie\u0161saist\u0113.<\/p>\n\t\t<h2>\n\t\t\tPa\u0161reiz\u0113j\u0101s iesp\u0113jas\n\t\t<\/h2>\n\t<meta itemscope itemprop=\"mainEntityOfPage\" itemtype=\"https:\/\/schema.org\/WebPage\" itemid=\"http:\/\/243\" content=\"Factory Hand \/ Metal Processor\" \/><meta itemprop=\"datePublished\" content=\"2023-05-03\" \/><meta itemprop=\"dateModified\" content=\"2023-05-05\" \/><meta itemprop=\"name\" content=\"Citech\"\/><meta itemprop=\"url\" content=\"https:\/\/citech.com.au\/author\/citech\/\" \/><meta itemprop=\"name\" content=\"citech\" \/><meta itemprop=\"interactionType\" content=\"https:\/\/schema.org\/CommentAction\" \/><meta itemprop=\"userInteractionCount\" content=\"0\" \/>\n    <h3>R\u016bpn\u012bcas rokas \/ met\u0101la procesors<\/h3>\n    \n    \t<p>Critical Infrastructure Technologies ir augstas kapacit\u0101tes autonomu sakaru sist\u0113mu ra\u017eot\u0101js, kas atrodas Dienvidfr\u012bmantl\u0101, Rietumaustr\u0101lij\u0101.<\/p>\n    \n    \n    \t<a href=\"https:\/\/citech.com.au\/lv\/careers\/factory-hand-metal-processor\/\"> View role &#038; apply<\/a>\n    \n\t\t<!-- .pp-content-posts -->","protected":false},"excerpt":{"rendered":"<p>Careers View our current opportunities and apply online. Current Opportunities Factory Hand \/ Metal Processor Critical Infrastructure Technologies is a manufacturer of high-capacity autonomous communications systems based in South Fremantle, West Australia. View role &#038; apply<\/p>","protected":false},"author":1,"featured_media":0,"parent":0,"menu_order":0,"comment_status":"closed","ping_status":"closed","template":"","meta":{"_acf_changed":false,"footnotes":""},"class_list":["post-205","page","type-page","status-publish","hentry"],"acf":[],"_links":{"self":[{"href":"https:\/\/citech.com.au\/lv\/wp-json\/wp\/v2\/pages\/205","targetHints":{"allow":["GET"]}}],"collection":[{"href":"https:\/\/citech.com.au\/lv\/wp-json\/wp\/v2\/pages"}],"about":[{"href":"https:\/\/citech.com.au\/lv\/wp-json\/wp\/v2\/types\/page"}],"author":[{"embeddable":true,"href":"https:\/\/citech.com.au\/lv\/wp-json\/wp\/v2\/users\/1"}],"replies":[{"embeddable":true,"href":"https:\/\/citech.com.au\/lv\/wp-json\/wp\/v2\/comments?post=205"}],"version-history":[{"count":2,"href":"https:\/\/citech.com.au\/lv\/wp-json\/wp\/v2\/pages\/205\/revisions"}],"predecessor-version":[{"id":408,"href":"https:\/\/citech.com.au\/lv\/wp-json\/wp\/v2\/pages\/205\/revisions\/408"}],"wp:attachment":[{"href":"https:\/\/citech.com.au\/lv\/wp-json\/wp\/v2\/media?parent=205"}],"curies":[{"name":"wp","href":"https:\/\/api.w.org\/{rel}","templated":true}]}}