{"id":3,"date":"2023-03-13T13:24:53","date_gmt":"2023-03-13T13:24:53","guid":{"rendered":"http:\/\/citech.com.au\/?page_id=3"},"modified":"2023-07-07T09:06:19","modified_gmt":"2023-07-07T01:06:19","slug":"privacy-policy","status":"publish","type":"page","link":"https:\/\/citech.com.au\/lv\/privacy-policy\/","title":{"rendered":"Priv\u0101tuma politika"},"content":{"rendered":"<p>Citech is committed to providing quality services to you and this policy outlines our ongoing obligations to you in respect of how we manage your Personal Information.We have adopted the Australian Privacy Principles (APPs) contained in the Privacy Act 1988 (Cth) (the Privacy Act). The NPPs govern the way in which we collect, use, disclose, store, secure and dispose of your Personal Information.A copy of the Australian Privacy Principles may be obtained from the website of The Office of the Australian Information Commissioner at www.aoic.gov.au.<\/p>\r\n<h3>Kas ir personas inform\u0101cija un k\u0101p\u0113c m\u0113s to v\u0101cam?<\/h3>\r\n<p>Personal Information is information or an opinion that identifies an individual. Examples of Personal Information we collect include: names, addresses, email addresses, phone and facsimile numbers.This Personal Information is obtained in many ways including interviews, correspondence, by telephone and facsimile, by email, via our website, from your website, from media and publications, from other publicly available sources, from cookies and from third parties. We don&#8217;t guarantee website links or policy of authorised third parties.We collect your Personal Information for the primary purpose of providing our services to you, providing information to our clients and marketing. We may also use your Personal Information for secondary purposes closely related to the primary purpose, in circumstances where you would reasonably expect such use or disclosure. You may unsubscribe from our mailing\/marketing lists at any time by contacting us in writing.When we collect Personal Information we will, where appropriate and where possible, explain to you why we are collecting the information and how we plan to use it.<\/p>\r\n<h3>Sensit\u012bva inform\u0101cija<\/h3>\r\n<p>Sensitive information is defined in the Privacy Act to include information or opinion about such things as an individual&#8217;s racial or ethnic origin, political opinions, membership of a political association, religious or philosophical beliefs, membership of a trade union or other professional body, criminal record or health information.Sensitive information will be used by us only:<\/p>\r\n<ul>\r\n<li>Prim\u0101rajam m\u0113r\u0137im, kuram tas ieg\u016bts<\/li>\r\n<li>Sekund\u0101ram m\u0113r\u0137im, kas ir tie\u0161i saist\u012bts ar prim\u0101ro m\u0113r\u0137i<\/li>\r\n<li>Ar j\u016bsu piekri\u0161anu; vai ja to pieprasa vai at\u013cauj likums.<\/li>\r\n<\/ul>\r\n<h3>Tre\u0161\u0101s puses<\/h3>\r\n<p>Ja tas ir sapr\u0101t\u012bgi un praktiski iesp\u0113jams, m\u0113s apkoposim j\u016bsu Personisko inform\u0101ciju tikai no jums. Tom\u0113r da\u017eos gad\u012bjumos mums inform\u0101ciju var sniegt tre\u0161\u0101s puses. \u0160\u0101d\u0101 gad\u012bjum\u0101 m\u0113s veiksim sapr\u0101t\u012bgas darb\u012bbas, lai nodro\u0161in\u0101tu, ka j\u016bs esat inform\u0113ts par inform\u0101ciju, ko mums sniedz tre\u0161\u0101 puse.<\/p>\r\n<h3>Personisk\u0101s inform\u0101cijas izpau\u0161ana<\/h3>\r\n<p>J\u016bsu personas inform\u0101cija var tikt atkl\u0101ta vair\u0101kos gad\u012bjumos, tostarp \u0161\u0101dos gad\u012bjumos:<\/p>\r\n<ul>\r\n<li>Tre\u0161\u0101s puses, ja j\u016bs piekr\u012btat izmanto\u0161anai vai izpau\u0161anai; un<\/li>\r\n<li>Ja to pieprasa vai at\u013cauj likums.<\/li>\r\n<\/ul>\r\n<h3>Personisk\u0101s inform\u0101cijas dro\u0161\u012bba<\/h3>\r\n<p>Your Personal Information is stored in a manner that reasonably protects it from misuse and loss and from unauthorized access, modification or disclosure.When your Personal Information is no longer needed for the purpose for which it was obtained, we will take reasonable steps to destroy or permanently de-identify your Personal Information. However, most of the Personal Information is or will be stored in client files which will be kept by us for a minimum of 7 years.<\/p>\r\n<h3>Piek\u013cuve j\u016bsu personiskajai inform\u0101cijai<\/h3>\r\n<p>You may access the Personal Information we hold about you and to update and\/or correct it, subject to certain exceptions. If you wish to access your Personal Information, please contact us in writing.Citech will not charge any fee for your access request, but may charge an administrative fee for providing a copy of your Personal Information.In order to protect your Personal Information we may require identification from you before releasing the requested information.<\/p>\r\n<h3>J\u016bsu person\u012bg\u0101s inform\u0101cijas kvalit\u0101tes uztur\u0113\u0161ana<\/h3>\r\n<p>Mums ir svar\u012bgi, lai j\u016bsu personas inform\u0101cija b\u016btu atjaunin\u0101ta. M\u0113s veiksim sapr\u0101t\u012bgas darb\u012bbas, lai nodro\u0161in\u0101tu, ka j\u016bsu personas inform\u0101cija ir prec\u012bza, piln\u012bga un atjaunin\u0101ta. Ja atkl\u0101jat, ka m\u016bsu r\u012bc\u012bb\u0101 eso\u0161\u0101 inform\u0101cija nav atjaunin\u0101ta vai ir neprec\u012bza, l\u016bdzu, inform\u0113jiet m\u016bs, cik dr\u012bz vien iesp\u0113jams, lai m\u0113s var\u0113tu atjaunin\u0101t savus ierakstus un nodro\u0161in\u0101t, ka varam turpin\u0101t sniegt jums kvalitat\u012bvus pakalpojumus.<\/p>\r\n<h3>Politikas atjaunin\u0101jumi<\/h3>\r\n<p>\u0160\u012b politika laiku pa laikam var main\u012bties un ir pieejama m\u016bsu t\u012bmek\u013ca vietn\u0113.<\/p>\r\n<h3>Priv\u0101tuma politika S\u016bdz\u012bbas un jaut\u0101jumi<\/h3>\r\n<p class=\"translation-block\">Ja jums ir k\u0101di jaut\u0101jumi vai s\u016bdz\u012bbas par m\u016bsu konfidencialit\u0101tes politiku, l\u016bdzu, <a href=\"https:\/\/citech.com.au\/lv\/contact\/\" target=\"_self\">sazinieties ar mums<\/a>.<\/p>","protected":false},"excerpt":{"rendered":"<p>Citech is committed to providing quality services to you and this policy outlines our ongoing obligations to you in respect of how we manage your Personal Information.We have adopted the Australian Privacy Principles (APPs) contained in the Privacy Act 1988 (Cth) (the Privacy Act). The NPPs govern the way in which we collect, use, disclose,&hellip;<\/p>","protected":false},"author":1,"featured_media":0,"parent":0,"menu_order":0,"comment_status":"closed","ping_status":"open","template":"","meta":{"_acf_changed":false,"footnotes":""},"class_list":["post-3","page","type-page","status-publish","hentry"],"acf":[],"_links":{"self":[{"href":"https:\/\/citech.com.au\/lv\/wp-json\/wp\/v2\/pages\/3","targetHints":{"allow":["GET"]}}],"collection":[{"href":"https:\/\/citech.com.au\/lv\/wp-json\/wp\/v2\/pages"}],"about":[{"href":"https:\/\/citech.com.au\/lv\/wp-json\/wp\/v2\/types\/page"}],"author":[{"embeddable":true,"href":"https:\/\/citech.com.au\/lv\/wp-json\/wp\/v2\/users\/1"}],"replies":[{"embeddable":true,"href":"https:\/\/citech.com.au\/lv\/wp-json\/wp\/v2\/comments?post=3"}],"version-history":[{"count":2,"href":"https:\/\/citech.com.au\/lv\/wp-json\/wp\/v2\/pages\/3\/revisions"}],"predecessor-version":[{"id":347,"href":"https:\/\/citech.com.au\/lv\/wp-json\/wp\/v2\/pages\/3\/revisions\/347"}],"wp:attachment":[{"href":"https:\/\/citech.com.au\/lv\/wp-json\/wp\/v2\/media?parent=3"}],"curies":[{"name":"wp","href":"https:\/\/api.w.org\/{rel}","templated":true}]}}