{"id":464,"date":"2025-09-21T13:07:25","date_gmt":"2025-09-21T05:07:25","guid":{"rendered":"https:\/\/citech.com.au\/?page_id=464"},"modified":"2025-09-21T13:07:25","modified_gmt":"2025-09-21T05:07:25","slug":"nexus-20","status":"publish","type":"page","link":"https:\/\/citech.com.au\/lv\/products\/nexus-20\/","title":{"rendered":"Nexus 20"},"content":{"rendered":"<h1>\n\t\t\tNexus 20\n\t\t<\/h1>\n\t\t\t<p>The next step of evolution in the Nexus product line, the Nexus 20 builds on everything that made the Nexus 16 great &#8211; now with improved height, faster deployment, enhanced power systems.<\/p>\t\t\n\t\t\t\t\t\t\t\t\t<img loading=\"lazy\" decoding=\"async\" src=\"https:\/\/citech.com.au\/wp-content\/uploads\/2025\/09\/NX20_Overview_01.png\" alt=\"NX20_Overview_01\" itemprop=\"image\" height=\"1632\" width=\"816\" srcset=\"https:\/\/citech.com.au\/wp-content\/uploads\/2025\/09\/NX20_Overview_01.png 816w, https:\/\/citech.com.au\/wp-content\/uploads\/2025\/09\/NX20_Overview_01-150x300.png 150w, https:\/\/citech.com.au\/wp-content\/uploads\/2025\/09\/NX20_Overview_01-512x1024.png 512w, https:\/\/citech.com.au\/wp-content\/uploads\/2025\/09\/NX20_Overview_01-768x1536.png 768w, https:\/\/citech.com.au\/wp-content\/uploads\/2025\/09\/NX20_Overview_01-6x12.png 6w\" sizes=\"auto, (max-width: 816px) 100vw, 816px\" title=\"NX20_Overview_01\" onerror=\"this.style.display='none'\"  \/>\n\t\t<h2>\n\t\t\tM\u0113r\u0137tiec\u012bga att\u012bst\u012bba\n\t\t<\/h2>\n\t\t\t<p><strong>Klientu vad\u012bts<\/strong>The first release of the Nexus 16 performed beyond expectations, including one unit surviving a direct hit from a category 4 cyclone.Building on this robust and reliable base, Citech Engineers were tasked by the Ministry of Defence of Ukraine to build a taller, high-capacity tower to increase range and capability in even thickly wooded areas.The result is the <strong>Nexus 20<\/strong>: Standarta apr\u012bkojum\u0101 ir 20 m izv\u0113r\u0161ams masts, k\u0101 ar\u012b papildu teleskopiskais pagarin\u0101jums, kas palielina kop\u0113jo augstumu virs 24 m. Papildus palielin\u0101tajam sniedzam\u012bbas r\u0101diusam Nexus-20 pied\u0101v\u0101 uzlabotu jaudu, \u0101tr\u0101kas izv\u0113r\u0161anas sist\u0113mas, papla\u0161in\u0101tas kravnes\u012bbas iesp\u0113jas un r\u016bd\u012btu pamatni.<\/p>\t\t\n\t\t\t\t\t\t<h3>Augst\u0101ks tornis<\/h3>\t\t\t\t\t\n\t\t\t<p>With a broadcast range of over <strong>20 km<\/strong> and point-to-point capability of over <strong>36 km<\/strong>, the Nexus-20 extends communications further than ever.The additional height doesn&#8217;t just mean longer distances, it also improves performance for other technologies such as <strong>surveillance systems<\/strong> and <strong>UAS detection<\/strong>, both of which benefit directly from the elevated sensor platforms.<\/p>\t\t\n\t\t\t\t\t\t<h3>\u0100tr\u0101ka izvieto\u0161ana<\/h3>\t\t\t\t\t\n\t\t\t<p>Upgraded leadscrews, motors and hydraulics enable a faster deployment than the Nexus 16.While the Nexus-16 was more than fast enough for industrial deployments like mine sites, the Nexus 20 gives <strong>emergency services<\/strong> and <strong>military operators<\/strong> the critical advantage of faster setup or pack-down &#8211; where every minute can mean lives.<\/p>\t\t\n\t\t\t\t\t\t<h3>Jaunin\u0101tas baro\u0161anas opcijas<\/h3>\t\t\t\t\t\n\t\t\t<p>In sun-drenched Australia, the Nexus 16 power systems proved more than sufficient. But in dark European winters and forested environments, solar alone isn&#8217;t enough.The Nexus 20 addresses this with 50% larger generators fitted as standard, with the option to equip even more powerful units if required. Its battery system begins at 130kWh and can be scaled up to 310kWh, ensuring reliable operation anywhere in the world.<\/p>\t\t\n\t\t\t\t\t\t<h3>Uzlabota izdz\u012bvo\u0161ana<\/h3>\t\t\t\t\t\n\t\t\t<p>The Nexus-20 is engineered for resilience in contested environments. It can be fitted with an armoured enclosure, providing G2\/S1 protection as standard, with upgrade options to R2 without reducing usable space.The retracted mast and external plant can also be enclosed with ballistic cladding, offering G1 protection as standard and upgrades up to R2.<\/p>\t\t\n\t\t<h2>\n\t\t\tVair\u0101ku misiju iesp\u0113ja\n\t\t<\/h2>\n\t\t\t<p><strong>Dinamiskas vides atbalsts<\/strong>Nexus-20 atbalsta pla\u0161u kritiski svar\u012bgu kravu kl\u0101stu, padarot to piel\u0101gojamu sakaru, nov\u0113ro\u0161anas un aizsardz\u012bbas lietojumprogramm\u0101m.<ul><li class=\"translation-block\"><strong>Dienas un nakts redzam\u012bbas optika<\/strong> ar noteik\u0161anas diapazonu l\u012bdz 15 km attiec\u012bb\u0101 pret zemes m\u0113r\u0137iem<\/li><li class=\"translation-block\"><strong>Infrasarkanie un termiskie sensori<\/strong> person\u0101la un transportl\u012bdzek\u013cu identific\u0113\u0161anai l\u012bdz 10 km att\u0101lum\u0101<\/li><li class=\"translation-block\"><strong>Ienaidnieka bezpilota lidapar\u0101tu (UAV) noteik\u0161ana un izseko\u0161ana<\/strong>, izmantojot elektrooptisk\u0101s, radara vai elektromagn\u0113tisk\u0101s sist\u0113mas<\/li><li class=\"translation-block\"><strong>Akt\u012bvi bezpilota lidapar\u0101tu (UAV) pretpas\u0101kumi<\/strong> apstr\u012bd\u0113t\u0101m vid\u0113m<\/li><li class=\"translation-block\"><strong>Radara integr\u0101cija<\/strong>, un tor\u0146a augstas stabilit\u0101tes dizains atbalsta kravu l\u012bdz 150 kg, tostarp popul\u0101ros 360 gr\u0101du mode\u013cus<\/li><li class=\"translation-block\"><strong>Digit\u0101lie sakaru savienojumi<\/strong>, tostarp mikrovi\u013c\u0146u, digit\u0101l\u0101 radio, optisk\u0101s \u0161\u0137iedras un kompaktie satel\u012btu risin\u0101jumi, piem\u0113ram, Starlink un Viasat<\/li><\/ul>Pateicoties modul\u0101rajai, no kravnes\u012bbas neatkar\u012bgajai konstrukcijai, Nexus-20 var ar\u012b p\u0101rkonfigur\u0113t darb\u012bbas lauk\u0101. Kravnes\u012bbu var pievienot, no\u0146emt vai nomain\u012bt atbilsto\u0161i main\u012bgaj\u0101m pras\u012bb\u0101m, \u013caujot operatoriem \u0101tri piel\u0101goties un p\u0101rapr\u012bkot sist\u0113mu da\u017e\u0101d\u0101m misij\u0101m, neatgrie\u017eoties b\u0101z\u0113.<\/p>\t\t\n\t\t\t\t\t\t\t\t\t<img loading=\"lazy\" decoding=\"async\" src=\"https:\/\/citech.com.au\/wp-content\/uploads\/2025\/09\/NX20_Payload_Droneshield_01.png\" alt=\"Mixed Communications Payload with Drone Detection and Countermeasures.\" itemprop=\"image\" height=\"1700\" width=\"2200\" srcset=\"https:\/\/citech.com.au\/wp-content\/uploads\/2025\/09\/NX20_Payload_Droneshield_01.png 2200w, https:\/\/citech.com.au\/wp-content\/uploads\/2025\/09\/NX20_Payload_Droneshield_01-300x232.png 300w, https:\/\/citech.com.au\/wp-content\/uploads\/2025\/09\/NX20_Payload_Droneshield_01-1024x791.png 1024w, https:\/\/citech.com.au\/wp-content\/uploads\/2025\/09\/NX20_Payload_Droneshield_01-768x593.png 768w, https:\/\/citech.com.au\/wp-content\/uploads\/2025\/09\/NX20_Payload_Droneshield_01-1536x1187.png 1536w, https:\/\/citech.com.au\/wp-content\/uploads\/2025\/09\/NX20_Payload_Droneshield_01-2048x1583.png 2048w, https:\/\/citech.com.au\/wp-content\/uploads\/2025\/09\/NX20_Payload_Droneshield_01-16x12.png 16w\" sizes=\"auto, (max-width: 2200px) 100vw, 2200px\" title=\"NX20_Payload_Droneshield_01\" onerror=\"this.style.display='none'\"  \/>\n\t\t\t\t\t\t\t\t\t\t\tJaukta sakaru slodze ar dronu atkl\u0101\u0161anu un pretpas\u0101kumiem.\n\t\t\t\t\t\t\t\t\t<img loading=\"lazy\" decoding=\"async\" src=\"https:\/\/citech.com.au\/wp-content\/uploads\/2025\/09\/NX20_Payload_Telco_01.png\" alt=\"Telco: Microwave and 3-sector LTE package.\" itemprop=\"image\" height=\"1926\" width=\"1926\" srcset=\"https:\/\/citech.com.au\/wp-content\/uploads\/2025\/09\/NX20_Payload_Telco_01.png 1926w, https:\/\/citech.com.au\/wp-content\/uploads\/2025\/09\/NX20_Payload_Telco_01-300x300.png 300w, https:\/\/citech.com.au\/wp-content\/uploads\/2025\/09\/NX20_Payload_Telco_01-1024x1024.png 1024w, https:\/\/citech.com.au\/wp-content\/uploads\/2025\/09\/NX20_Payload_Telco_01-150x150.png 150w, https:\/\/citech.com.au\/wp-content\/uploads\/2025\/09\/NX20_Payload_Telco_01-768x768.png 768w, https:\/\/citech.com.au\/wp-content\/uploads\/2025\/09\/NX20_Payload_Telco_01-1536x1536.png 1536w, https:\/\/citech.com.au\/wp-content\/uploads\/2025\/09\/NX20_Payload_Telco_01-12x12.png 12w\" sizes=\"auto, (max-width: 1926px) 100vw, 1926px\" title=\"NX20_Payload_Telco_01\" onerror=\"this.style.display='none'\"  \/>\n\t\t\t\t\t\t\t\t\t\t\tTelco: Microwave and 3-sector LTE package.\n\t\t\t\t\t\t\t\t\t<img loading=\"lazy\" decoding=\"async\" src=\"https:\/\/citech.com.au\/wp-content\/uploads\/2025\/09\/NX20_Payload_C4ISR.png\" alt=\"Surveillance: Optical and FLIR.\" itemprop=\"image\" height=\"1064\" width=\"1064\" srcset=\"https:\/\/citech.com.au\/wp-content\/uploads\/2025\/09\/NX20_Payload_C4ISR.png 1064w, https:\/\/citech.com.au\/wp-content\/uploads\/2025\/09\/NX20_Payload_C4ISR-300x300.png 300w, https:\/\/citech.com.au\/wp-content\/uploads\/2025\/09\/NX20_Payload_C4ISR-1024x1024.png 1024w, https:\/\/citech.com.au\/wp-content\/uploads\/2025\/09\/NX20_Payload_C4ISR-150x150.png 150w, https:\/\/citech.com.au\/wp-content\/uploads\/2025\/09\/NX20_Payload_C4ISR-768x768.png 768w, https:\/\/citech.com.au\/wp-content\/uploads\/2025\/09\/NX20_Payload_C4ISR-12x12.png 12w\" sizes=\"auto, (max-width: 1064px) 100vw, 1064px\" title=\"NX20_Payload_C4ISR\" onerror=\"this.style.display='none'\"  \/>\n\t\t\t\t\t\t\t\t\t\t\tNov\u0113ro\u0161ana: optisk\u0101 un FLIR.\n\t\t\t\t\t\t\t\t\t<img loading=\"lazy\" decoding=\"async\" src=\"https:\/\/citech.com.au\/wp-content\/uploads\/2025\/09\/NX20_Payload_Legacy_01.png\" alt=\"Legacy Comms: Microwave, VHF\/UHF, WiFi, Dual PtMP, CCTV.\" itemprop=\"image\" height=\"1432\" width=\"1432\" srcset=\"https:\/\/citech.com.au\/wp-content\/uploads\/2025\/09\/NX20_Payload_Legacy_01.png 1432w, https:\/\/citech.com.au\/wp-content\/uploads\/2025\/09\/NX20_Payload_Legacy_01-300x300.png 300w, https:\/\/citech.com.au\/wp-content\/uploads\/2025\/09\/NX20_Payload_Legacy_01-1024x1024.png 1024w, https:\/\/citech.com.au\/wp-content\/uploads\/2025\/09\/NX20_Payload_Legacy_01-150x150.png 150w, https:\/\/citech.com.au\/wp-content\/uploads\/2025\/09\/NX20_Payload_Legacy_01-768x768.png 768w, https:\/\/citech.com.au\/wp-content\/uploads\/2025\/09\/NX20_Payload_Legacy_01-12x12.png 12w\" sizes=\"auto, (max-width: 1432px) 100vw, 1432px\" title=\"NX20_Payload_Legacy_01\" onerror=\"this.style.display='none'\"  \/>\n\t\t\t\t\t\t\t\t\t\t\tMantotie sakari: mikrovi\u013c\u0146u kr\u0101sns, VHF\/UHF, WiFi, divk\u0101r\u0161s PtMP, videonov\u0113ro\u0161ana.\n\t\t\t\t\t\t\t\t\t<img loading=\"lazy\" decoding=\"async\" src=\"https:\/\/citech.com.au\/wp-content\/uploads\/2025\/09\/NX20_Payload_AllExternal_01.png\" alt=\"Rapid Telco: Microwave and 2-sector LTE, external RRH\/ODUs.\" itemprop=\"image\" height=\"1672\" width=\"1672\" srcset=\"https:\/\/citech.com.au\/wp-content\/uploads\/2025\/09\/NX20_Payload_AllExternal_01.png 1672w, https:\/\/citech.com.au\/wp-content\/uploads\/2025\/09\/NX20_Payload_AllExternal_01-300x300.png 300w, https:\/\/citech.com.au\/wp-content\/uploads\/2025\/09\/NX20_Payload_AllExternal_01-1024x1024.png 1024w, https:\/\/citech.com.au\/wp-content\/uploads\/2025\/09\/NX20_Payload_AllExternal_01-150x150.png 150w, https:\/\/citech.com.au\/wp-content\/uploads\/2025\/09\/NX20_Payload_AllExternal_01-768x768.png 768w, https:\/\/citech.com.au\/wp-content\/uploads\/2025\/09\/NX20_Payload_AllExternal_01-1536x1536.png 1536w, https:\/\/citech.com.au\/wp-content\/uploads\/2025\/09\/NX20_Payload_AllExternal_01-12x12.png 12w\" sizes=\"auto, (max-width: 1672px) 100vw, 1672px\" title=\"NX20_Payload_AllExternal_01\" onerror=\"this.style.display='none'\"  \/>\n\t\t\t\t\t\t\t\t\t\t\tRapid Teleco: mikrovi\u013c\u0146u un divu sektoru LTE, \u0101r\u0113jie RRH\/ODU.\n\t\t<h2>\n\t\t\tNexus 24: Nexus 20 ar teleskopisku pagarin\u0101jumu\n\t\t<\/h2>\n\t\t\t<p>The <strong>Nexus 24<\/strong> is an evolution of the Nexus 20, fitted with a <strong>4-metre telescopic headframe extension<\/strong> that increases total mast height to more than 24 metres.This added reach provides even greater line-of-sight for communications, surveillance, radar, and counter-UAS payloads &#8211; further enhancing performance in dense terrain or challenging operational environments.<\/p>\t\t\n\t\t\t\t\t\t\t\t\t<img loading=\"lazy\" decoding=\"async\" src=\"https:\/\/citech.com.au\/wp-content\/uploads\/2025\/09\/NX24_Overview_01.png\" alt=\"NX24_Overview_01\" itemprop=\"image\" height=\"2104\" width=\"1403\" srcset=\"https:\/\/citech.com.au\/wp-content\/uploads\/2025\/09\/NX24_Overview_01.png 1403w, https:\/\/citech.com.au\/wp-content\/uploads\/2025\/09\/NX24_Overview_01-200x300.png 200w, https:\/\/citech.com.au\/wp-content\/uploads\/2025\/09\/NX24_Overview_01-683x1024.png 683w, https:\/\/citech.com.au\/wp-content\/uploads\/2025\/09\/NX24_Overview_01-768x1152.png 768w, https:\/\/citech.com.au\/wp-content\/uploads\/2025\/09\/NX24_Overview_01-1024x1536.png 1024w, https:\/\/citech.com.au\/wp-content\/uploads\/2025\/09\/NX24_Overview_01-1366x2048.png 1366w, https:\/\/citech.com.au\/wp-content\/uploads\/2025\/09\/NX24_Overview_01-8x12.png 8w\" sizes=\"auto, (max-width: 1403px) 100vw, 1403px\" title=\"NX24_Overview_01\" onerror=\"this.style.display='none'\"  \/>\n\t\t\t\t\t\t\t\t\t<img loading=\"lazy\" decoding=\"async\" src=\"https:\/\/citech.com.au\/wp-content\/uploads\/2025\/09\/NX24_Payload_Descriptive_01.png\" alt=\"24m Surveillance (Multispectral)UAS Detection (Radar + EM) LTE Panel Antennas600mm Microwave.\" itemprop=\"image\" height=\"1920\" width=\"855\" srcset=\"https:\/\/citech.com.au\/wp-content\/uploads\/2025\/09\/NX24_Payload_Descriptive_01.png 855w, https:\/\/citech.com.au\/wp-content\/uploads\/2025\/09\/NX24_Payload_Descriptive_01-134x300.png 134w, https:\/\/citech.com.au\/wp-content\/uploads\/2025\/09\/NX24_Payload_Descriptive_01-456x1024.png 456w, https:\/\/citech.com.au\/wp-content\/uploads\/2025\/09\/NX24_Payload_Descriptive_01-768x1725.png 768w, https:\/\/citech.com.au\/wp-content\/uploads\/2025\/09\/NX24_Payload_Descriptive_01-684x1536.png 684w, https:\/\/citech.com.au\/wp-content\/uploads\/2025\/09\/NX24_Payload_Descriptive_01-5x12.png 5w\" sizes=\"auto, (max-width: 855px) 100vw, 855px\" title=\"NX24_Payload_Descriptive_01\" onerror=\"this.style.display='none'\"  \/>\n\t\t\t\t\t\t\t\t\t\t\t24 m nov\u0113ro\u0161ana (multispektr\u0101la)\nUAS noteik\u0161ana (radars + elektromagn\u0113tisk\u0101 starojuma) LTE pane\u013ca antenas\n600 mm mikrovi\u013c\u0146u uztv\u0113r\u0113js.\n\t\t\t\t\t\t\t\t\t<img loading=\"lazy\" decoding=\"async\" src=\"https:\/\/citech.com.au\/wp-content\/uploads\/2025\/09\/NX24_Payload_Comms_01.png\" alt=\"24m 3-sector LTE Panel Ant Headframe mounted RRH Dual 600mm Microwave.\" itemprop=\"image\" height=\"1920\" width=\"512\" srcset=\"https:\/\/citech.com.au\/wp-content\/uploads\/2025\/09\/NX24_Payload_Comms_01.png 512w, https:\/\/citech.com.au\/wp-content\/uploads\/2025\/09\/NX24_Payload_Comms_01-80x300.png 80w, https:\/\/citech.com.au\/wp-content\/uploads\/2025\/09\/NX24_Payload_Comms_01-273x1024.png 273w, https:\/\/citech.com.au\/wp-content\/uploads\/2025\/09\/NX24_Payload_Comms_01-3x12.png 3w\" sizes=\"auto, (max-width: 512px) 100vw, 512px\" title=\"NX24_Payload_Comms_01\" onerror=\"this.style.display='none'\"  \/>\n\t\t\t\t\t\t\t\t\t\t\t24 m 3 sektoru LTE pane\u013ca antenas galvas r\u0101mim mont\u0113jams RRH divk\u0101r\u0161s 600 mm mikrovi\u013c\u0146u uztv\u0113r\u0113js.\n\t\t\t\t\t\t\t\t\t<img loading=\"lazy\" decoding=\"async\" src=\"https:\/\/citech.com.au\/wp-content\/uploads\/2025\/09\/NX24_Payload_LTE_01.png\" alt=\"24m Surveillance 6-sector LTE Panel AntDual 600mm Microwave.\" itemprop=\"image\" height=\"1920\" width=\"480\" srcset=\"https:\/\/citech.com.au\/wp-content\/uploads\/2025\/09\/NX24_Payload_LTE_01.png 480w, https:\/\/citech.com.au\/wp-content\/uploads\/2025\/09\/NX24_Payload_LTE_01-75x300.png 75w, https:\/\/citech.com.au\/wp-content\/uploads\/2025\/09\/NX24_Payload_LTE_01-256x1024.png 256w, https:\/\/citech.com.au\/wp-content\/uploads\/2025\/09\/NX24_Payload_LTE_01-384x1536.png 384w, https:\/\/citech.com.au\/wp-content\/uploads\/2025\/09\/NX24_Payload_LTE_01-3x12.png 3w\" sizes=\"auto, (max-width: 480px) 100vw, 480px\" title=\"NX24_Payload_LTE_01\" onerror=\"this.style.display='none'\"  \/>\n\t\t\t\t\t\t\t\t\t\t\t24 m nov\u0113ro\u0161ana\n6 sektoru LTE pane\u013ca antena\nDivk\u0101r\u0161s 600 mm mikrovi\u013c\u0146u uztv\u0113r\u0113js.\n\t\t<h2>\n\t\t\tNexus 20: Darb\u012bb\u0101\n\t\t<\/h2>\n\t\t\t<video src=\"https:\/\/citech.com.au\/wp-content\/uploads\/2025\/09\/Cammo-Animation-Rev-C.mp4\" autoplay=\"\" webkit-playsinline=\"\" playsinline=\"\" loop=\"\" controls=\"\" muted=\"muted\"><\/video>","protected":false},"excerpt":{"rendered":"<p>Nexus 20 The next step of evolution in the Nexus product line, the Nexus 20 builds on everything that made the Nexus 16 great &#8211; now with improved height, faster deployment, enhanced power systems. Targeted Development Driven By CustomersThe first release of the Nexus 16 performed beyond expectations, including one unit surviving a direct hit&hellip;<\/p>","protected":false},"author":1,"featured_media":0,"parent":13,"menu_order":0,"comment_status":"closed","ping_status":"closed","template":"","meta":{"_acf_changed":false,"footnotes":""},"class_list":["post-464","page","type-page","status-publish","hentry"],"acf":[],"_links":{"self":[{"href":"https:\/\/citech.com.au\/lv\/wp-json\/wp\/v2\/pages\/464","targetHints":{"allow":["GET"]}}],"collection":[{"href":"https:\/\/citech.com.au\/lv\/wp-json\/wp\/v2\/pages"}],"about":[{"href":"https:\/\/citech.com.au\/lv\/wp-json\/wp\/v2\/types\/page"}],"author":[{"embeddable":true,"href":"https:\/\/citech.com.au\/lv\/wp-json\/wp\/v2\/users\/1"}],"replies":[{"embeddable":true,"href":"https:\/\/citech.com.au\/lv\/wp-json\/wp\/v2\/comments?post=464"}],"version-history":[{"count":2,"href":"https:\/\/citech.com.au\/lv\/wp-json\/wp\/v2\/pages\/464\/revisions"}],"predecessor-version":[{"id":481,"href":"https:\/\/citech.com.au\/lv\/wp-json\/wp\/v2\/pages\/464\/revisions\/481"}],"up":[{"embeddable":true,"href":"https:\/\/citech.com.au\/lv\/wp-json\/wp\/v2\/pages\/13"}],"wp:attachment":[{"href":"https:\/\/citech.com.au\/lv\/wp-json\/wp\/v2\/media?parent=464"}],"curies":[{"name":"wp","href":"https:\/\/api.w.org\/{rel}","templated":true}]}}