{"id":54,"date":"2023-03-22T20:43:06","date_gmt":"2023-03-22T12:43:06","guid":{"rendered":"http:\/\/citech.com.au\/?page_id=54"},"modified":"2025-02-05T22:21:41","modified_gmt":"2025-02-05T14:21:41","slug":"technology","status":"publish","type":"page","link":"https:\/\/citech.com.au\/lv\/products\/technology\/","title":{"rendered":"Tehnolo\u0123ija"},"content":{"rendered":"<h1>\n\t\t\tM\u016bsu tehnolo\u0123ija\n\t\t<\/h1>\n\t\t\t<p>Nozares pieredzes, izt\u0113les un dzi\u013cas tehnolo\u0123iju izpratnes sapl\u016b\u0161ana \u013cauj CiTech izstr\u0101d\u0101t patiesi unik\u0101lus produktus.<\/p>\n\t\t<h2>\n\t\t\tDesign and Development\n\t\t<\/h2>\n\t<p>Fusing industry experience, imagination and a deep understanding of technology allow CiTech&#8217;s team of engineers to envisage and develop products that are truly unique.<\/p>\n<p>Dizaini, kuros izmantoti jaud\u012bgi datoriz\u0113ti projekt\u0113\u0161anas un anal\u012bzes r\u012bki, k\u0101 ar\u012b piek\u013cuve jaun\u0101kajiem materi\u0101lu tehnolo\u0123iju sasniegumiem, \u013cauj izstr\u0101d\u0101t produktus, kas pirms 10 gadiem b\u016btu biju\u0161i gandr\u012bz neiesp\u0113jami.<\/p>\n<p>Pieredze meh\u0101niskaj\u0101 projekt\u0113\u0161an\u0101, iegultaj\u0101s vad\u012bbas sist\u0113m\u0101s, ma\u0161\u012bnm\u0101c\u012bb\u0101 un kiberdro\u0161\u012bb\u0101 noz\u012bm\u0113, ka produkti jau pa\u0161\u0101 s\u0101kum\u0101 ir dro\u0161i, uzticami, efekt\u012bvi un, pats galvenais, dro\u0161i.<\/p>\n<p>We take pride in our technology patents &#8211; granted and pending.<\/p>\n\t<a href=\"https:\/\/citech.com.au\/lv\/products\/nexus-16\/\" target=\"_self\" role=\"button\" aria-label=\"Nexus 16\">\n\t\t\t\t\t\tNexus 16\n\t\t\t\t\t<\/a>\n\t\t\t\t\t\t\t\t\t<img loading=\"lazy\" decoding=\"async\" src=\"https:\/\/citech.com.au\/wp-content\/uploads\/2023\/05\/nexus-16-stabilisation.png\" alt=\"nexus-16-stabilisation\" itemprop=\"image\" height=\"400\" width=\"600\" srcset=\"https:\/\/citech.com.au\/wp-content\/uploads\/2023\/05\/nexus-16-stabilisation.png 600w, https:\/\/citech.com.au\/wp-content\/uploads\/2023\/05\/nexus-16-stabilisation-300x200.png 300w\" sizes=\"auto, (max-width: 600px) 100vw, 600px\" title=\"nexus-16-stabilisation\" onerror=\"this.style.display='none'\"  \/>","protected":false},"excerpt":{"rendered":"<p>Our Technology Fusing industry experience, imagination and a deep understanding of technology allow CiTech to develop products that are truly unique. Design and Development Fusing industry experience, imagination and a deep understanding of technology allow CiTech&#8217;s team of engineers to envisage and develop products that are truly unique. Designs leveraging powerful computer-aided design and analysis&hellip;<\/p>","protected":false},"author":1,"featured_media":0,"parent":13,"menu_order":0,"comment_status":"closed","ping_status":"closed","template":"","meta":{"_acf_changed":false,"footnotes":""},"class_list":["post-54","page","type-page","status-publish","hentry"],"acf":[],"_links":{"self":[{"href":"https:\/\/citech.com.au\/lv\/wp-json\/wp\/v2\/pages\/54","targetHints":{"allow":["GET"]}}],"collection":[{"href":"https:\/\/citech.com.au\/lv\/wp-json\/wp\/v2\/pages"}],"about":[{"href":"https:\/\/citech.com.au\/lv\/wp-json\/wp\/v2\/types\/page"}],"author":[{"embeddable":true,"href":"https:\/\/citech.com.au\/lv\/wp-json\/wp\/v2\/users\/1"}],"replies":[{"embeddable":true,"href":"https:\/\/citech.com.au\/lv\/wp-json\/wp\/v2\/comments?post=54"}],"version-history":[{"count":3,"href":"https:\/\/citech.com.au\/lv\/wp-json\/wp\/v2\/pages\/54\/revisions"}],"predecessor-version":[{"id":415,"href":"https:\/\/citech.com.au\/lv\/wp-json\/wp\/v2\/pages\/54\/revisions\/415"}],"up":[{"embeddable":true,"href":"https:\/\/citech.com.au\/lv\/wp-json\/wp\/v2\/pages\/13"}],"wp:attachment":[{"href":"https:\/\/citech.com.au\/lv\/wp-json\/wp\/v2\/media?parent=54"}],"curies":[{"name":"wp","href":"https:\/\/api.w.org\/{rel}","templated":true}]}}