{"id":55,"date":"2023-03-22T20:43:21","date_gmt":"2023-03-22T12:43:21","guid":{"rendered":"http:\/\/citech.com.au\/?page_id=55"},"modified":"2025-09-21T12:41:33","modified_gmt":"2025-09-21T04:41:33","slug":"nexus-16","status":"publish","type":"page","link":"https:\/\/citech.com.au\/lv\/products\/nexus-16\/","title":{"rendered":"Nexus 16"},"content":{"rendered":"<h1>\n\t\t\tNexus 16\n\t\t<\/h1>\n\t\t\t<p>NEXUS\u00a016 b\u016bs pirmais \u0161\u0101da veida t\u0101lrunis, kas nodro\u0161in\u0101s pa\u0161izvietojamu sakaru platformu ar nozar\u0113 vado\u0161aj\u0101m specifik\u0101cij\u0101m.<\/p>\n\t\t\t\t\t\t\t\t\t<img loading=\"lazy\" decoding=\"async\" src=\"https:\/\/citech.com.au\/wp-content\/uploads\/2023\/04\/nexus-extended-transparent.png\" alt=\"nexus-extended-transparent\" itemprop=\"image\" height=\"1024\" width=\"566\" srcset=\"https:\/\/citech.com.au\/wp-content\/uploads\/2023\/04\/nexus-extended-transparent.png 566w, https:\/\/citech.com.au\/wp-content\/uploads\/2023\/04\/nexus-extended-transparent-166x300.png 166w\" sizes=\"auto, (max-width: 566px) 100vw, 566px\" title=\"nexus-extended-transparent\" onerror=\"this.style.display='none'\"  \/>\n\t\t<h2>\n\t\t\tIepaz\u012bstin\u0101m ar Nexus\u00a016\n\t\t<\/h2>\n\t\t\t<p>The Nexus 16 is a 20ft container sized, technology-agnostic platform that supports a walk-in equipment room, batteries, solar arrays and generators along with a 16m folding tower.Able to be transported to site on any truck that can take a standard 20ft container, the Nexis 16 can unload itself, adapt to sloping or uneven ground and then deploy 16m cyclone rated tower. &#8211; All within 30 minutes.<\/p>\t\t\n\t\t\t\t\t\t<h3>Uzlabota dro\u0161\u012bba<\/h3>\t\t\t\t\t\n\t\t\t<p>M\u016bsu Nexus\u00a016 \u0101tri izb\u012bd\u0101mie tor\u0146i ir pa\u0161izkraujo\u0161i, meh\u0101niski blo\u0137\u0113ti un ar zemsprieguma str\u0101vu, ar l\u012bdzstr\u0101vas baro\u0161anu, t\u0101p\u0113c nav nepiecie\u0161ami celt\u0146i, tor\u0146u montieri un elektri\u0137i.<\/p>\t\t\n\t\t\t\t\t\t<h3>Paaugstin\u0101ta Efektivit\u0101te<\/h3>\t\t\t\t\t\n\t\t\t<p>Visbeidzot, risin\u0101jums, kas nodro\u0161ina augstas kapacit\u0101tes (LTE) l\u012bme\u0146a sakarus tur, kur un kad tas ir nepiecie\u0161ams. Sp\u0113c\u012bgs un piln\u012bb\u0101 lieks atbalsts j\u016bsu dz\u012bvei, misijai vai biznesam kritisk\u0101m lietojumprogramm\u0101m.<\/p>\t\t\n\t\t\t\t\t\t<h3>Izmaksu ietaup\u012bjumi<\/h3>\t\t\t\t\t\n\t\t\t<p>Nexus\u00a016 pa\u0161izvietojo\u0161\u0101s sakaru platformas var atbalst\u012bt gandr\u012bz jebkuru apr\u012bkojuma lietder\u012bgo slodzi, un t\u0101s var izkraut un darboties maz\u0101k nek\u0101 30\u00a0min\u016b\u0161u laik\u0101. Nav nepiecie\u0161ami pamata darbi vai apm\u0101c\u012bti operatori.<\/p>\t\t\n\t\t\t\t\t\t<h3>Ietekmes uz vidi samazin\u0101\u0161ana<\/h3>\t\t\t\t\t\n\t\t\t<p>T\u0101 k\u0101 nav nepiecie\u0161ams izl\u012bdzin\u0101t zemi vai iekl\u0101t betonu, N16 ir spalvu piesk\u0101riens videi. Izmantojot 4,8 kW saules pane\u013cus, lai darbin\u0101tu kravnes\u012bbu, ir nepiecie\u0161ama minim\u0101la d\u012bze\u013cdegviela vai piek\u013cuve vietnei.<\/p>\t\t\n\t\t\t\t\t\t<figure>\n\t\t\t\t\t\t\t<img loading=\"lazy\" decoding=\"async\" src=\"https:\/\/citech.com.au\/wp-content\/uploads\/2023\/05\/nexus-16-1.jpg\" alt=\"Nexus 16 wiring and organisation.\" srcset=\"https:\/\/citech.com.au\/wp-content\/uploads\/2023\/05\/nexus-16-1.jpg 1200w, https:\/\/citech.com.au\/wp-content\/uploads\/2023\/05\/nexus-16-1-300x200.jpg 300w, https:\/\/citech.com.au\/wp-content\/uploads\/2023\/05\/nexus-16-1-1024x683.jpg 1024w, https:\/\/citech.com.au\/wp-content\/uploads\/2023\/05\/nexus-16-1-768x512.jpg 768w\" width=\"1200\" height=\"800\" \/>\n\t\t\t\t\t\t\t\t\t\t\t\t\t<\/figure>\n\t\t\t\t\t\t<figure>\n\t\t\t\t\t\t\t<img loading=\"lazy\" decoding=\"async\" src=\"https:\/\/citech.com.au\/wp-content\/uploads\/2023\/05\/nexus-16-6.jpg\" alt=\"Wiring and structure of the Nexus 16.\" srcset=\"https:\/\/citech.com.au\/wp-content\/uploads\/2023\/05\/nexus-16-6.jpg 1200w, https:\/\/citech.com.au\/wp-content\/uploads\/2023\/05\/nexus-16-6-300x200.jpg 300w, https:\/\/citech.com.au\/wp-content\/uploads\/2023\/05\/nexus-16-6-1024x683.jpg 1024w, https:\/\/citech.com.au\/wp-content\/uploads\/2023\/05\/nexus-16-6-768x512.jpg 768w\" width=\"1200\" height=\"800\" \/>\n\t\t\t\t\t\t\t\t\t\t\t\t\t<\/figure>\n\t\t\t\t\t\t<figure>\n\t\t\t\t\t\t\t<img loading=\"lazy\" decoding=\"async\" src=\"https:\/\/citech.com.au\/wp-content\/uploads\/2023\/05\/nexus-16-5.jpg\" alt=\"Unique pin system on the Nexus 16.\" srcset=\"https:\/\/citech.com.au\/wp-content\/uploads\/2023\/05\/nexus-16-5.jpg 1200w, https:\/\/citech.com.au\/wp-content\/uploads\/2023\/05\/nexus-16-5-300x200.jpg 300w, https:\/\/citech.com.au\/wp-content\/uploads\/2023\/05\/nexus-16-5-1024x683.jpg 1024w, https:\/\/citech.com.au\/wp-content\/uploads\/2023\/05\/nexus-16-5-768x512.jpg 768w\" width=\"1200\" height=\"800\" \/>\n\t\t\t\t\t\t\t\t\t\t\t\t\t<\/figure>\n\t\t\t\t\t\t<figure>\n\t\t\t\t\t\t\t<img loading=\"lazy\" decoding=\"async\" src=\"https:\/\/citech.com.au\/wp-content\/uploads\/2023\/05\/nexus-16-4.jpg\" alt=\"Valves and tank mounts on the Nexus 16.\" srcset=\"https:\/\/citech.com.au\/wp-content\/uploads\/2023\/05\/nexus-16-4.jpg 1200w, https:\/\/citech.com.au\/wp-content\/uploads\/2023\/05\/nexus-16-4-300x200.jpg 300w, https:\/\/citech.com.au\/wp-content\/uploads\/2023\/05\/nexus-16-4-1024x683.jpg 1024w, https:\/\/citech.com.au\/wp-content\/uploads\/2023\/05\/nexus-16-4-768x512.jpg 768w\" width=\"1200\" height=\"800\" \/>\n\t\t\t\t\t\t\t\t\t\t\t\t\t<\/figure>\n\t\t\t\t\t\t<figure>\n\t\t\t\t\t\t\t<img loading=\"lazy\" decoding=\"async\" src=\"https:\/\/citech.com.au\/wp-content\/uploads\/2023\/05\/nexus-16-3.jpg\" alt=\"Unique screw lifting system in the Nexus 16.\" srcset=\"https:\/\/citech.com.au\/wp-content\/uploads\/2023\/05\/nexus-16-3.jpg 1200w, https:\/\/citech.com.au\/wp-content\/uploads\/2023\/05\/nexus-16-3-300x200.jpg 300w, https:\/\/citech.com.au\/wp-content\/uploads\/2023\/05\/nexus-16-3-1024x683.jpg 1024w, https:\/\/citech.com.au\/wp-content\/uploads\/2023\/05\/nexus-16-3-768x512.jpg 768w\" width=\"1200\" height=\"800\" \/>\n\t\t\t\t\t\t\t\t\t\t\t\t\t<\/figure>\n\t\t\t\t\t\t<figure>\n\t\t\t\t\t\t\t<img loading=\"lazy\" decoding=\"async\" src=\"https:\/\/citech.com.au\/wp-content\/uploads\/2023\/05\/nexus-16-2.jpg\" alt=\"Hydraulic systems within the Nexus 16 system.\" srcset=\"https:\/\/citech.com.au\/wp-content\/uploads\/2023\/05\/nexus-16-2.jpg 1200w, https:\/\/citech.com.au\/wp-content\/uploads\/2023\/05\/nexus-16-2-300x200.jpg 300w, https:\/\/citech.com.au\/wp-content\/uploads\/2023\/05\/nexus-16-2-1024x683.jpg 1024w, https:\/\/citech.com.au\/wp-content\/uploads\/2023\/05\/nexus-16-2-768x512.jpg 768w\" width=\"1200\" height=\"800\" \/>\n\t\t\t\t\t\t\t\t\t\t\t\t\t<\/figure>\n\t\t<h2>\n\t\t\tK\u0101 darbojas Nexus\u00a016\n\t\t<\/h2>\n\t\t\t<p>Powered by cutting-edge PLC technology, the Nexus 16 self-deploying platform has been designed form the ground up to be completely autonomous in deployment and operation.All critical systems are duplicated resulting in an infrastructure asset that can be relied upon in the harshest of environments.The advanced autonomous systems allow the N16 to be deployed and set to operate by a single operator with minimal training.<a href=\"https:\/\/citech.com.au\/wp-content\/uploads\/2023\/04\/NEXUS-16-Brochure-v2.pdf\" target=\"_blank\" rel=\"noopener\"><strong>Nexus\u00a016 bro\u0161\u016bra \u00bb<\/strong><\/a><\/p>\t\t\n\t\t\t\t\t\t\t\t\t<img loading=\"lazy\" decoding=\"async\" src=\"https:\/\/citech.com.au\/wp-content\/uploads\/2023\/05\/nexus-16-transportation.png\" alt=\"nexus-16-transportation\" itemprop=\"image\" height=\"400\" width=\"600\" srcset=\"https:\/\/citech.com.au\/wp-content\/uploads\/2023\/05\/nexus-16-transportation.png 600w, https:\/\/citech.com.au\/wp-content\/uploads\/2023\/05\/nexus-16-transportation-300x200.png 300w\" sizes=\"auto, (max-width: 600px) 100vw, 600px\" title=\"nexus-16-transportation\" onerror=\"this.style.display='none'\"  \/>\n\t\t\t01.\u00a0darb\u012bba\n\t\t<h3>\n\t\t\tTransports\n\t\t<\/h3>\n\t\t\t<p>The Nexus 16 complies with the dimensions of an in-gauge 20 foot high-cube container complete with all 8 container locks.At an operating weight of 9.6T, Nexus can be lifted, stored and transported by any asset that can handle sea containers.<\/p>\t\t\n\t\t\t02.\u00a0darb\u012bba\n\t\t<h3>\n\t\t\tIzkrau\u0161ana\n\t\t<\/h3>\n\t\t\t<p>Kad Nexus\u00a016 ir non\u0101cis j\u016bsu vietn\u0113, nospie\u017eot vienu bezvadu pults pogu, tiks iesl\u0113gta hidraulika, un NX16 autom\u0101tiski pacelsies no transport\u0113\u0161anas kravas automa\u0161\u012bnas un nos\u0113d\u012bsies uz zemes. No zemes l\u012bme\u0146a darbu var veikt apr\u012bkojuma telp\u0101 vai torn\u012b, samazinot dro\u0161\u012bbas apsv\u0113rumus.<\/p>\t\t\n\t\t\t\t\t\t\t\t\t<img loading=\"lazy\" decoding=\"async\" src=\"https:\/\/citech.com.au\/wp-content\/uploads\/2023\/05\/nexus-16-unloading.png\" alt=\"nexus-16-unloading\" itemprop=\"image\" height=\"400\" width=\"600\" srcset=\"https:\/\/citech.com.au\/wp-content\/uploads\/2023\/05\/nexus-16-unloading.png 600w, https:\/\/citech.com.au\/wp-content\/uploads\/2023\/05\/nexus-16-unloading-300x200.png 300w\" sizes=\"auto, (max-width: 600px) 100vw, 600px\" title=\"nexus-16-unloading\" onerror=\"this.style.display='none'\"  \/>\n\t\t\t\t\t\t\t\t\t<img loading=\"lazy\" decoding=\"async\" src=\"https:\/\/citech.com.au\/wp-content\/uploads\/2023\/05\/nexus-16-stabilisation.png\" alt=\"nexus-16-stabilisation\" itemprop=\"image\" height=\"400\" width=\"600\" srcset=\"https:\/\/citech.com.au\/wp-content\/uploads\/2023\/05\/nexus-16-stabilisation.png 600w, https:\/\/citech.com.au\/wp-content\/uploads\/2023\/05\/nexus-16-stabilisation-300x200.png 300w\" sizes=\"auto, (max-width: 600px) 100vw, 600px\" title=\"nexus-16-stabilisation\" onerror=\"this.style.display='none'\"  \/>\n\t\t\t03.\u00a0darb\u012bba\n\t\t<h3>\n\t\t\tStabiliz\u0101cija\n\t\t<\/h3>\n\t\t\t<p>P\u0113c visu p\u0101rbau\u017eu vai izmai\u0146u pabeig\u0161anas, v\u0113lreiz nospie\u017eot pogu, 4 dubult\u0101 savienojuma k\u0101jas izvirz\u012bs un autom\u0101tiski izl\u012bdzin\u0101s un stabiliz\u0113s platformu. Autonomais nivel\u0113\u0161anas algoritms var nodro\u0161in\u0101t nel\u012bdzenu zemi un +\/-10 gr\u0101du nog\u0101zes.<\/p>\t\t\n\t\t\t04.\u00a0darb\u012bba\n\t\t<h3>\n\t\t\tJauda\n\t\t<\/h3>\n\t\t\t<p>Kad NX16 ir l\u012bdzens un stabils, saules bloks tiks autom\u0101tiski izvietots. Ieg\u016btie 4,8 kW pane\u013ci var iztur\u0113t 800\u00a0W iek\u0101rtas slodzi gandr\u012bz neierobe\u017eotu laiku un noslogo l\u012bdz 1,2\u00a0kW gadu starp \u0123eneratora uzpild\u012b\u0161anu. Slodzes l\u012bdz 7 kW var atbalst\u012bt ar papildu d\u012bze\u013cdegvielas izmanto\u0161anu un v\u0113l vair\u0101k ar jaudas uzlabojumiem.<\/p>\t\t\n\t\t\t\t\t\t\t\t\t<img loading=\"lazy\" decoding=\"async\" src=\"https:\/\/citech.com.au\/wp-content\/uploads\/2023\/05\/nexus-16-power.png\" alt=\"nexus-16-power\" itemprop=\"image\" height=\"400\" width=\"600\" srcset=\"https:\/\/citech.com.au\/wp-content\/uploads\/2023\/05\/nexus-16-power.png 600w, https:\/\/citech.com.au\/wp-content\/uploads\/2023\/05\/nexus-16-power-300x200.png 300w\" sizes=\"auto, (max-width: 600px) 100vw, 600px\" title=\"nexus-16-power\" onerror=\"this.style.display='none'\"  \/>\n\t\t\t\t\t\t\t\t\t<img loading=\"lazy\" decoding=\"async\" src=\"https:\/\/citech.com.au\/wp-content\/uploads\/2023\/05\/nexus-16-expansion.png\" alt=\"nexus-16-expansion\" itemprop=\"image\" height=\"400\" width=\"600\" srcset=\"https:\/\/citech.com.au\/wp-content\/uploads\/2023\/05\/nexus-16-expansion.png 600w, https:\/\/citech.com.au\/wp-content\/uploads\/2023\/05\/nexus-16-expansion-300x200.png 300w\" sizes=\"auto, (max-width: 600px) 100vw, 600px\" title=\"nexus-16-expansion\" onerror=\"this.style.display='none'\"  \/>\n\t\t\t05.\u00a0darb\u012bba\n\t\t<h3>\n\t\t\tPapla\u0161in\u0101\u0161an\u0101s\n\t\t<\/h3>\n\t\t\t<p>Tower lift comes next and like all other tasks, is a 1 button deploy. Driven by a locking lead screw in the base, the scissor-based tower will lift to a full height of 16 meters. Supporting large payloads weighing up to 250kG in 100km\/h winds with compete stability and safety.Electrically driven and self-aligning antenna mounts completes the installation by locking onto the coordinates of far end microwave radio systems.<\/p>\t\t\n\t\t\t06.\u00a0darb\u012bba\n\t\t<h3>\n\t\t\tBuilt-in Reliability &#038; Safety\n\t\t<\/h3>\n\t\t\t<p>The heavily researched and patented 16-meter tower is driven at the base by a lead screw which must be driven to raise or lower the tower thereby eliminating safety issues that plague stored energy systems using pneumatics or hydraulics.In addition to the vastly improved safety case, the screw drive and completely mechanical construction of the tower translates to many years of reliable operation in the world&#8217;s most demanding environments.<\/p>\t\t\n\t\t\t\t\t\t\t\t\t<img loading=\"lazy\" decoding=\"async\" src=\"https:\/\/citech.com.au\/wp-content\/uploads\/2023\/05\/nexus-16-built-in-reliability-safety.png\" alt=\"nexus-16-built-in-reliability-safety\" itemprop=\"image\" height=\"400\" width=\"600\" srcset=\"https:\/\/citech.com.au\/wp-content\/uploads\/2023\/05\/nexus-16-built-in-reliability-safety.png 600w, https:\/\/citech.com.au\/wp-content\/uploads\/2023\/05\/nexus-16-built-in-reliability-safety-300x200.png 300w\" sizes=\"auto, (max-width: 600px) 100vw, 600px\" title=\"nexus-16-built-in-reliability-safety\" onerror=\"this.style.display='none'\"  \/>\n\t\t<h2>\n\t\t\tSpecifik\u0101cijas\n\t\t<\/h2>\n\t\t\t\tFons\n\t\t\t\t<p>Visas nozares, vald\u012bba, milit\u0101rie sp\u0113ki un sabiedr\u012bba ir atkar\u012bgas no sakaru un elektroener\u0123ijas sist\u0113m\u0101m, lai sniegtu svar\u012bgus pakalpojumus, aizsarg\u0101tu dz\u012bv\u012bbas un uzlabotu darb\u012bbas efektivit\u0101ti. Sakaru infrastrukt\u016bra ir k\u013cuvusi par b\u016btisku veicin\u0101t\u0101ju visiem.<\/p>\n<p>Ar\u012b akumulatoru tehnolo\u0123ija ir piedz\u012bvojusi b\u016btiskas izmai\u0146as, jo litija atvasin\u0101jumi domin\u0113 tirg\u016b un pres\u0113, pasaulei cen\u0161oties p\u0113c lielas ietilp\u012bbas, t\u012br\u0101kas un p\u0101rn\u0113s\u0101jam\u0101kas ener\u0123ijas.<\/p>\n\t\t\t\tDizaina m\u0113r\u0137i\n\t\t\t\t<p>Nepiecie\u0161am\u012bba p\u0113c lielas ietilp\u012bbas, \u0101tri izvietojam\u0101m tehnolo\u0123iju platform\u0101m attiecas uz liel\u0101ko da\u013cu resursu sektora aizsardz\u012bbas un neatliekam\u0101s pal\u012bdz\u012bbas dienestu oper\u0101ciju.<\/p>\n<p>CiTech ar savu NEXUS\u00a016 b\u016bs pirmais \u0161\u0101da veida ier\u012bce, kas nodro\u0161in\u0101s pa\u0161izv\u0113r\u0161amu sakaru platformu ar \u0161\u0101d\u0101m specifik\u0101cij\u0101m:<\/p>\n<ul>\n<li>Dro\u0161a, \u0101tra konteineriem l\u012bdz\u012bga transport\u0113\u0161ana, izvieto\u0161ana un atjauno\u0161ana.<\/li>\n<li>R\u016bd\u012bts, lai iztur\u0113tu ekstrem\u0101lu vidi (ieguves putek\u013ci, apgaismojums, ciklonisks lietus un v\u0113j\u0161).<\/li>\n<li>Piln\u012bb\u0101 redund\u0113jo\u0161as sist\u0113mas, \u013coti augsta k\u013c\u016bdu tolerance, pa\u0161diagnostika un statusa zi\u0146o\u0161ana.<\/li>\n<li>Dro\u0161i apkalpo da\u013c\u0113ji kvalific\u0113ti operatori ar \u013coti augstiem dro\u0161\u012bbas r\u0101d\u012bt\u0101jiem (visu izstr\u0101d\u0101jumu darbina dro\u0161a zemsprieguma l\u012bdzstr\u0101va).<\/li>\n<li>Atbalsta pla\u0161u apr\u012bkojuma kravnes\u012bbu 16 metru augstum\u0101 virs zemes un l\u012bdz 250 kg mas\u0101.<\/li>\n<li>Autonom\u0101 darb\u012bba un att\u0101l\u0101 uzraudz\u012bba.<\/li>\n<li>L\u012bderis sav\u0101 klas\u0113 tor\u0146a augstuma un iztur\u012bbas zi\u0146\u0101.<\/li>\n<li>Var piln\u012bb\u0101 darbin\u0101t ar saules ener\u0123iju l\u012bdz pat gadam (atkar\u012bb\u0101 no apr\u012bkojuma slodzes).<\/li>\n<\/ul>\n\t\t\t\tSpecifik\u0101cijas\n\t\t\t\t<p><strong>New category &#8211; Self-Deploying Communications Skid (NEXUS 16) &#8211; Critical Performance Metrics<\/strong><\/p>\n<p>NEXUS\u00a016 ir \u012bpa\u0161i izstr\u0101d\u0101ts, lai nov\u0113rstu eso\u0161o produktu k\u013c\u016bmes un darb\u012bbas ierobe\u017eojumus, nodro\u0161inot \u0101tri izvietojamu lielas ietilp\u012bbas t\u012bkla infrastrukt\u016bru.<\/p>\n<p><strong>Veiktsp\u0113jas kopsavilkums<\/strong><\/p>\n<p>NEXUS\u00a016 baro\u0161anas sist\u0113ma ir izstr\u0101d\u0101ta t\u0101, lai nodro\u0161in\u0101tu 1200\u00a0W lietder\u012bgo slodzi ar uzticamu jaudu visa gada garum\u0101 visnaid\u012bg\u0101kaj\u0101 vid\u0113. PV bloks b\u016bs prim\u0101rais ener\u0123ijas avots ar l\u012bdzstr\u0101vas d\u012bze\u013c\u0123eneratoriem (2) k\u0101 rezerves vai izsauktu neparastas slodzes laik\u0101 (Taktisk\u0101 nepiecie\u0161am\u012bba pievienot iev\u0113rojami vair\u0101k apr\u012bkojuma).<\/p>\n<p>Akt\u012bvaj\u0101m sist\u0113m\u0101m nav kop\u012bga atteices punkta. Pas\u012bv\u0101s sist\u0113mas, piem\u0113ram, kabe\u013ci un sadale, ir izstr\u0101d\u0101tas k\u0101 N+0, kur MTBF ir pietiekami ilgs, lai lieko sist\u0113mu sare\u017e\u0123\u012bt\u012bbas un p\u0101rsl\u0113g\u0161anas rezult\u0101t\u0101 sist\u0113ma kopum\u0101 b\u016btu maz\u0101k uzticama.<\/p>\n<ul>\n<li><strong>Kop\u0113jie izm\u0113ri:<\/strong> 6 x 2.4 x 2.8M<br \/><em>Koment\u0101ri: atbilst 20 p\u0113du (augsta kuba) konteinera specifik\u0101cij\u0101m<\/em><\/li>\n<li><strong>Sausais svars:<\/strong> 9.6T<br \/><em>Koment\u0101ri: Var p\u0101rvad\u0101t ar pilnu degvielas kravu (1T)<\/em><\/li>\n<li><strong>Antenas augstums:<\/strong> 16.5m<br \/><em>Koment\u0101ri: Piln\u012bb\u0101 meh\u0101niska pamatne ar \u0161\u0137\u0113r\u0113m balst\u012bta konstrukcija.<\/em><\/li>\n<li><strong>Antenas ietilp\u012bba:<\/strong> 250kg<br \/><em>Koment\u0101ri: Piem\u0113rots lielai antenai (radars vai Comms)<\/em><\/li>\n<li><strong>Operation Wind limits &#8211; (600mm microwave link):<\/strong> 28m\/s<br \/><em>Koment\u0101ri: br\u012bdis, kad masta novirze ietekm\u0113s mikrovi\u013c\u0146u darb\u012bbu (1,5 gr\u0101di)<\/em><\/li>\n<li><strong>Izdz\u012bvo\u0161anas v\u0113ja ierobe\u017eojumi:<\/strong> 35m\/s<br \/><em>Piez\u012bmes: Iesp\u0113jama neelast\u012bga deform\u0101cija<\/em><\/li>\n<li><strong>Saules ener\u0123ija:<\/strong> 4.8kW<br \/><em>Koment\u0101ri: Liekas virknes un kontrolieri<\/em><\/li>\n<li><strong>\u0122eneratora jauda:<\/strong> 2 x 4kW<br \/><em>Koment\u0101ri: Lieka konfigur\u0101cija<\/em><\/li>\n<li><strong>\u0122eneratora degvielas jauda:<\/strong> 2 x 500L<br \/><em>Koment\u0101ri: Lieka konfigur\u0101cija<\/em><\/li>\n<li><strong>Akumulatora ietilp\u012bba:<\/strong> L\u012bdz 130 kWh<br \/><em>Koment\u0101ri: var palielin\u0101t l\u012bdz 216 kWh<\/em><\/li>\n<li><strong>Kravas apr\u012bkojuma ietilp\u012bba:<\/strong> 60RU<br \/><em>Koment\u0101ri: 2 x 800 x 800 + 1\/2 x 600 x 600 stat\u012bvs<\/em><\/li>\n<li><strong>Akumulatora autonomija pie 1 kW slodzes:<\/strong> 4 dienas<br \/><em>Koment\u0101ri: pie\u0146em, ka nav pieejama saules ener\u0123ija vai \u0123eneratora ener\u0123ija<\/em><\/li>\n<li><strong>Kontrol\u0113ts klimats (A\/con):<\/strong> 2 x l\u012bdzstr\u0101vas baro\u0161ana<br \/><em>Koment\u0101ri: Lieka konfigur\u0101cija<\/em><\/li>\n<li><strong>Hidrauliskie s\u016bk\u0146i:<\/strong> 2 x l\u012bdzstr\u0101vas baro\u0161ana<br \/><em>Koment\u0101ri: Lieka konfigur\u0101cija<\/em><\/li>\n<\/ul>\n\t\t\t\tSp\u0113ks un elast\u012bba\n\t\t\t\t<p><strong>Izmantojot jaunin\u0101jumus, NEXUS\u00a016 nodro\u0161ina iev\u0113rojamas iesp\u0113jas.<\/strong><\/p>\n<p>Izmantojot patent\u0113tas tehnolo\u0123ijas, kas v\u0113l nekad nav izmantotas sakaru nozar\u0113, NEXUS 16 p\u0101rvar divus no liel\u0101kajiem pa\u0161reiz\u0113jo \u0101tri izvietojamo sist\u0113mu ierobe\u017eojumiem.<\/p>\n<ul>\n<li>Tor\u0146a stiprums.<\/li>\n<li>Sp\u0113ja \u0101tri patst\u0101v\u012bgi izvietoties un darboties gandr\u012bz jebkur\u0101 situ\u0101cij\u0101.<\/li>\n<\/ul>\n\t\t\t\tTor\u0146a stiprums un ietilp\u012bba\n\t\t\t\t<p>Developed on a revolutionary multi segment system, the tower is 4 times stronger than a conventional telescopic product which means its able to carry 4 times the equipment and maintain its performance in near cyclonic winds. &#8211; It is also much more reliable in operation and safer to work on.<\/p>\n\t\t\t\t\u0100tra izvieto\u0161ana un darb\u012bba\n\t\t\t\t<p>Hydraulic legs coupled to a machine learning control system allow the NEXUS 16 to lift itself off a truck and lower itself back onto the ground &#8211; fully automatically. Once safely on the ground, the system can then extend its legs out to form a very wide support base for maximum stability and then self-level.<\/p>\n<p>Tas noz\u012bm\u0113, ka to var izvietot un darboties gandr\u012bz visur, kur var piek\u013c\u016bt bezce\u013ca kravas automa\u0161\u012bna.<\/p>\n<p>Visas \u0161\u012bs funkcijas ir b\u016btiskas aizsardz\u012bbas un neatliekam\u0101s pal\u012bdz\u012bbas dienestiem.<\/p>\n\t\t\t\tB\u016btiski uzlabojumi operatoru dro\u0161\u012bb\u0101\n\t\t\t\t<p>NEXUS\u00a016 ir ieb\u016bv\u0113ti daudzi dro\u0161\u012bbas jaunin\u0101jumi, ta\u010du ir tr\u012bs b\u016btiski jaunin\u0101jumi, kas atrisina galven\u0101s dro\u0161\u012bbas probl\u0113mas ar pa\u0161reiz\u0113j\u0101m tehnolo\u0123ij\u0101m.<\/p>\n<ul>\n<li>The NEXUS 16 is carried by a standard truck and will self-unload remotely from a safe distance &#8211; Reducing the risk of towing accidents and rollovers.<\/li>\n<li>Maintenance access to the radio antennas is via two walkways. &#8211; No climbing towers or hanging over narrow platforms trying to work on antennas.<\/li>\n<li>Piln\u012bb\u0101 meh\u0101nisks tor\u0146a dizains. Nav atkar\u012bga pneimatika vai hidraulika, lai notur\u0113tu slodzi. Tornis tiek uzbraukts un tornis tiek nobraukts ar svina skr\u016bvi.<\/li>\n<\/ul>\n\t\t\t\tJaudas autonomija\n\t\t\t\t<p><strong>Lielas jaudas saules bloki nodro\u0161ina ener\u0123ijas autonomiju.<\/strong><\/p>\n<p>Salok\u0101mais 5 kW saules pane\u013cu bloks var darbin\u0101t vesel\u012bgu 800\u00a0W apr\u012bkojuma slodzi, neizmantojot rezerves d\u012bze\u013c\u0123eneratorus. Ar lielu apr\u012bkojuma slodzi (1,2 kW) ieb\u016bv\u0113t\u0101 d\u012bze\u013cdegvielas uzglab\u0101\u0161anas un garo apkopes interv\u0101lu \u0123eneratori var darboties l\u012bdz pat gadam bez degvielas uzpildes.<\/p>\n<p><em>Piez\u012bme: maksim\u0101l\u0101 pieejam\u0101 jauda kravnes\u012bbas apr\u012bkojumam ir liel\u0101ka par 7 kW. Vien\u012bg\u0101 ietekme ir liel\u0101ka d\u012bze\u013cdegvielas pat\u0113ri\u0146\u0161.<\/em><\/p>\n\t\t\t\tSpalvu viegls piesk\u0101riens uz zemes\n\t\t\t\t<p>Balstoties tikai uz \u010detr\u0101m k\u0101j\u0101m un viena pamatnes st\u016bra, kop\u0113jais trieciens pret zemi var b\u016bt maz\u0101ks par 1 kvadr\u0101tmetru. Apvienojot to ar pa\u0161stabiliz\u0101ciju, nav nepiecie\u0161ams darbs, kas trauc\u0113 zemi. Nek\u0101das t\u012br\u012b\u0161anas, pild\u012b\u0161anas, urb\u0161anas vai izl\u012bdzin\u0101\u0161anas. Citiem v\u0101rdiem sakot, \u0101tri un videi draudz\u012bgi.<\/p>\n\t\t\t\tAizz\u012bmogot\u0101 un triecieniztur\u012bg\u0101 apr\u012bkojuma telpa\n\t\t\t\t<p>Standarta komplekt\u0101cij\u0101 ietilpst:<\/p>\n<ul>\n<li>Klientu apr\u012bkojumam ir pieejami 4 apr\u012bkojuma plaukti ar 3.<\/li>\n<li>Liekas un uzraudz\u012btas gaisa kondicion\u0113\u0161anas sist\u0113mas.<\/li>\n<li>Lieki jaudas sadale. Liekas un uzraudz\u012btas litija akumulatoru sist\u0113mas.<\/li>\n<li>Kabe\u013cu vad\u012bba, p\u0101rsprieguma novirz\u012bt\u0101ji, apgaismojums, ugunsgr\u0113ka un ielau\u0161an\u0101s uzraudz\u012bba.<\/li>\n<\/ul>\n\t\t\t<video src=\"https:\/\/citech.com.au\/wp-content\/uploads\/2023\/04\/Mechanical-Animation.mp4\" autoplay=\"\" webkit-playsinline=\"\" playsinline=\"\" loop=\"\" controls=\"\" muted=\"muted\"><\/video>\n\t\t<h3>\n\t\t\tGr\u0101matas prezent\u0101cija\n\t\t<\/h3>\n\t\t\t<p>Want to see the Nexus 16 rapidly deployable system in person?Based in Fremantle, Western Australia, our experienced team will happily organise a demonstration to showcase the capabilities of Nexus 16 and what sets it apart from previous portable communication tower infrastructure.<\/p>\t\t\n\t<a href=\"https:\/\/citech.com.au\/lv\/contact\/\" target=\"_self\" role=\"button\" aria-label=\"Rezerv\u0113jiet t\u016bl\u012bt\">\n\t\t\t\t\t\tRezerv\u0113jiet t\u016bl\u012bt\n\t\t\t\t\t<\/a>","protected":false},"excerpt":{"rendered":"<p>Nexus 16 NEXUS 16 will be the first of its type to deliver a self-deployable communications platform with industry-leading specifications. Introducing Nexus 16 The Nexus 16 is a 20ft container sized, technology-agnostic platform that supports a walk-in equipment room, batteries, solar arrays and generators along with a 16m folding tower.Able to be transported to site&hellip;<\/p>","protected":false},"author":1,"featured_media":0,"parent":13,"menu_order":0,"comment_status":"closed","ping_status":"closed","template":"","meta":{"_acf_changed":false,"footnotes":""},"class_list":["post-55","page","type-page","status-publish","hentry"],"acf":[],"_links":{"self":[{"href":"https:\/\/citech.com.au\/lv\/wp-json\/wp\/v2\/pages\/55","targetHints":{"allow":["GET"]}}],"collection":[{"href":"https:\/\/citech.com.au\/lv\/wp-json\/wp\/v2\/pages"}],"about":[{"href":"https:\/\/citech.com.au\/lv\/wp-json\/wp\/v2\/types\/page"}],"author":[{"embeddable":true,"href":"https:\/\/citech.com.au\/lv\/wp-json\/wp\/v2\/users\/1"}],"replies":[{"embeddable":true,"href":"https:\/\/citech.com.au\/lv\/wp-json\/wp\/v2\/comments?post=55"}],"version-history":[{"count":4,"href":"https:\/\/citech.com.au\/lv\/wp-json\/wp\/v2\/pages\/55\/revisions"}],"predecessor-version":[{"id":463,"href":"https:\/\/citech.com.au\/lv\/wp-json\/wp\/v2\/pages\/55\/revisions\/463"}],"up":[{"embeddable":true,"href":"https:\/\/citech.com.au\/lv\/wp-json\/wp\/v2\/pages\/13"}],"wp:attachment":[{"href":"https:\/\/citech.com.au\/lv\/wp-json\/wp\/v2\/media?parent=55"}],"curies":[{"name":"wp","href":"https:\/\/api.w.org\/{rel}","templated":true}]}}