{"id":56,"date":"2023-03-22T20:43:54","date_gmt":"2023-03-22T12:43:54","guid":{"rendered":"http:\/\/citech.com.au\/?page_id=56"},"modified":"2025-09-21T12:53:55","modified_gmt":"2025-09-21T04:53:55","slug":"cinet","status":"publish","type":"page","link":"https:\/\/citech.com.au\/lv\/products\/cinet\/","title":{"rendered":"CiNet"},"content":{"rendered":"<h1>\n\t\t\tCiNet\n\t\t<\/h1>\n\t\t\t<p>CiNet was built to support the Nexus range of products and provide seamless integration into the operator&#8217;s own Network Management Systems.<\/p>\n\t\t<h2>\n\t\t\tT\u012bkla p\u0101rvald\u012bbas sist\u0113ma\n\t\t<\/h2>\n\t<p>Developed in conjunction with the Nexus embedded control and telemetry systems, CiNet was built to support the Nexus range of products and provide seamless integration into the operator&#8217;s own Network Management Systems.<\/p>\n\t<p>With the ability to run stand alone, hosted in CiTech&#8217;s secure Network Operations Centre or hosted entirely within a client&#8217;s secure web or cloud storage CiNet is powerful and flexible.<\/p>\n\t\t\t\t\t\t<h3>T\u012bmekl\u012b<\/h3>\t\t\t\t\t\n\t\t\t<p>Nav nepiecie\u0161ama \u012bpa\u0161a aparat\u016bra. Var izmantot ar liel\u0101ko da\u013cu moderno t\u012bmek\u013ca p\u0101rl\u016bkprogrammu.<\/p>\t\t\n\t\t\t\t\t\t<h3>Docker konteineru b\u0101zes<\/h3>\t\t\t\t\t\n\t\t\t<p>Elast\u012bga resursu koplieto\u0161ana nodro\u0161ina dubl\u0113\u0161anu un \u0101tr\u0101ku reakcijas laiku.<\/p>\t\t\n\t\t\t\t\t\t<h3>T\u012bkla elast\u012bba<\/h3>\t\t\t\t\t\n\t\t\t<p>Elast\u012bba, lai izmantotu klientu dro\u0161u t\u012bklu vai publisko mitin\u0101\u0161anu, tostarp darbo\u0161anos iek\u0161\u0113j\u0101\/priv\u0101t\u0101 m\u0101ko\u0146pakalpojum\u0101 vai publiskajos m\u0101ko\u0146pakalpojumos.<\/p>\t\t\n\t\t\t\t\t\t<h3>Uz likumiem balst\u012bta uzraudz\u012bba<\/h3>\t\t\t\t\t\n\t\t\t<p>Rules-based alarms\/warnings\/alerts for monitoring that can be customised to meet the client&#8217;s priorities and reduce complexity.<\/p>\t\t\n\t\t\t\t\t\t<h3>Piel\u0101gots inform\u0101cijas panelis<\/h3>\t\t\t\t\t\n\t\t\t<p>Integr\u0101cija tre\u0161\u0101s puses lietojumprogramm\u0101s (piem\u0113ram, Power BI) augsta l\u012bme\u0146a anal\u012bzei.<\/p>\t\t\n\t\t\t\t\t\t<h3>Att\u0101l\u0101 datu v\u0101k\u0161ana<\/h3>\t\t\t\t\t\n\t\t\t<p>Att\u0101lu datu v\u0101k\u0161anu no Modbus, IOT, Serial, 485 ier\u012bc\u0113m var konfigur\u0113t, lai uzraudz\u012btu tre\u0161\u0101s puses klientu apr\u012bkojumu viet\u0113j\u0101 NMS.<\/p>\t\t\n\t\t\t\t\t\t\t\t\t<img loading=\"lazy\" decoding=\"async\" src=\"https:\/\/citech.com.au\/wp-content\/uploads\/2023\/03\/cinet-asset-view.jpg\" alt=\"CiNet asset view.\" itemprop=\"image\" height=\"895\" width=\"1576\" srcset=\"https:\/\/citech.com.au\/wp-content\/uploads\/2023\/03\/cinet-asset-view.jpg 1576w, https:\/\/citech.com.au\/wp-content\/uploads\/2023\/03\/cinet-asset-view-300x170.jpg 300w, https:\/\/citech.com.au\/wp-content\/uploads\/2023\/03\/cinet-asset-view-1024x582.jpg 1024w, https:\/\/citech.com.au\/wp-content\/uploads\/2023\/03\/cinet-asset-view-768x436.jpg 768w, https:\/\/citech.com.au\/wp-content\/uploads\/2023\/03\/cinet-asset-view-1536x872.jpg 1536w\" sizes=\"auto, (max-width: 1576px) 100vw, 1576px\" title=\"cinet-asset-view\" onerror=\"this.style.display='none'\"  \/>\n\t\t\t\t\t\t\t\t\t\t\tCiNet l\u012bdzek\u013cu skats.\n\t\t\t\t\t\t\t\t\t<img loading=\"lazy\" decoding=\"async\" src=\"https:\/\/citech.com.au\/wp-content\/uploads\/2023\/03\/nexus-status-summary-page.png\" alt=\"Nexus status summary page.\" itemprop=\"image\" height=\"690\" width=\"1384\" srcset=\"https:\/\/citech.com.au\/wp-content\/uploads\/2023\/03\/nexus-status-summary-page.png 1384w, https:\/\/citech.com.au\/wp-content\/uploads\/2023\/03\/nexus-status-summary-page-300x150.png 300w, https:\/\/citech.com.au\/wp-content\/uploads\/2023\/03\/nexus-status-summary-page-1024x511.png 1024w, https:\/\/citech.com.au\/wp-content\/uploads\/2023\/03\/nexus-status-summary-page-768x383.png 768w\" sizes=\"auto, (max-width: 1384px) 100vw, 1384px\" title=\"nexus-status-summary-page\" onerror=\"this.style.display='none'\"  \/>\n\t\t\t\t\t\t\t\t\t\t\tNexus statusa kopsavilkuma lapa.\n\t\t\t\t\t\t\t\t\t<img loading=\"lazy\" decoding=\"async\" src=\"https:\/\/citech.com.au\/wp-content\/uploads\/2023\/03\/intuitive-dashboard-for-all-nexus-elements.png\" alt=\"Intuitive dashboard for all Nexus Elements.\" itemprop=\"image\" height=\"736\" width=\"1384\" srcset=\"https:\/\/citech.com.au\/wp-content\/uploads\/2023\/03\/intuitive-dashboard-for-all-nexus-elements.png 1384w, https:\/\/citech.com.au\/wp-content\/uploads\/2023\/03\/intuitive-dashboard-for-all-nexus-elements-300x160.png 300w, https:\/\/citech.com.au\/wp-content\/uploads\/2023\/03\/intuitive-dashboard-for-all-nexus-elements-1024x545.png 1024w, https:\/\/citech.com.au\/wp-content\/uploads\/2023\/03\/intuitive-dashboard-for-all-nexus-elements-768x408.png 768w\" sizes=\"auto, (max-width: 1384px) 100vw, 1384px\" title=\"intuitive-dashboard-for-all-nexus-elements\" onerror=\"this.style.display='none'\"  \/>\n\t\t\t\t\t\t\t\t\t\t\tIntuit\u012bvs inform\u0101cijas panelis visiem Nexus elementiem.\n\t\t\t\t\t\t\t\t\t<img loading=\"lazy\" decoding=\"async\" src=\"https:\/\/citech.com.au\/wp-content\/uploads\/2023\/03\/self-aligning-microwave-system.png\" alt=\"Self aligning microwave system uses public and private information to locate and lock onto radio towers.\" itemprop=\"image\" height=\"791\" width=\"1384\" srcset=\"https:\/\/citech.com.au\/wp-content\/uploads\/2023\/03\/self-aligning-microwave-system.png 1384w, https:\/\/citech.com.au\/wp-content\/uploads\/2023\/03\/self-aligning-microwave-system-300x171.png 300w, https:\/\/citech.com.au\/wp-content\/uploads\/2023\/03\/self-aligning-microwave-system-1024x585.png 1024w, https:\/\/citech.com.au\/wp-content\/uploads\/2023\/03\/self-aligning-microwave-system-768x439.png 768w\" sizes=\"auto, (max-width: 1384px) 100vw, 1384px\" title=\"self-aligning-microwave-system\" onerror=\"this.style.display='none'\"  \/>\n\t\t\t\t\t\t\t\t\t\t\tPa\u0161izl\u012bdzino\u0161\u0101 mikrovi\u013c\u0146u sist\u0113ma izmanto publisko un priv\u0101to inform\u0101ciju, lai atrastu radio tor\u0146us un fiks\u0113tos tajos.\n\t<a href=\"https:\/\/citech.com.au\/lv\/contact\/\" target=\"_self\" role=\"button\" aria-label=\"Sazin\u0101ties\">\n\t\t\t\t\t\tSazin\u0101ties\n\t\t\t\t\t<\/a>","protected":false},"excerpt":{"rendered":"<p>CiNet CiNet was built to support the Nexus range of products and provide seamless integration into the operator&#8217;s own Network Management Systems. Network Management System Developed in conjunction with the Nexus embedded control and telemetry systems, CiNet was built to support the Nexus range of products and provide seamless integration into the operator&#8217;s own Network&hellip;<\/p>","protected":false},"author":1,"featured_media":0,"parent":13,"menu_order":0,"comment_status":"closed","ping_status":"closed","template":"","meta":{"_acf_changed":false,"footnotes":""},"class_list":["post-56","page","type-page","status-publish","hentry"],"acf":[],"_links":{"self":[{"href":"https:\/\/citech.com.au\/lv\/wp-json\/wp\/v2\/pages\/56","targetHints":{"allow":["GET"]}}],"collection":[{"href":"https:\/\/citech.com.au\/lv\/wp-json\/wp\/v2\/pages"}],"about":[{"href":"https:\/\/citech.com.au\/lv\/wp-json\/wp\/v2\/types\/page"}],"author":[{"embeddable":true,"href":"https:\/\/citech.com.au\/lv\/wp-json\/wp\/v2\/users\/1"}],"replies":[{"embeddable":true,"href":"https:\/\/citech.com.au\/lv\/wp-json\/wp\/v2\/comments?post=56"}],"version-history":[{"count":4,"href":"https:\/\/citech.com.au\/lv\/wp-json\/wp\/v2\/pages\/56\/revisions"}],"predecessor-version":[{"id":470,"href":"https:\/\/citech.com.au\/lv\/wp-json\/wp\/v2\/pages\/56\/revisions\/470"}],"up":[{"embeddable":true,"href":"https:\/\/citech.com.au\/lv\/wp-json\/wp\/v2\/pages\/13"}],"wp:attachment":[{"href":"https:\/\/citech.com.au\/lv\/wp-json\/wp\/v2\/media?parent=56"}],"curies":[{"name":"wp","href":"https:\/\/api.w.org\/{rel}","templated":true}]}}