{"id":57,"date":"2023-03-22T20:44:10","date_gmt":"2023-03-22T12:44:10","guid":{"rendered":"http:\/\/citech.com.au\/?page_id=57"},"modified":"2025-02-05T21:25:00","modified_gmt":"2025-02-05T13:25:00","slug":"team","status":"publish","type":"page","link":"https:\/\/citech.com.au\/lv\/about\/team\/","title":{"rendered":"M\u016bsu komanda"},"content":{"rendered":"<h1>\n\t\t\tIepaz\u012bstieties ar komandu\n\t\t<\/h1>\n\t\t\t<p>CiTech komandu atbalsta pieredz\u0113jusi vad\u012bbas un ra\u017eo\u0161anas komanda, kas izstr\u0101d\u0101 nozar\u0113 vado\u0161\u0101s tehnolo\u0123ijas.<\/p>\n\t\t<h2>\n\t\t\tM\u016bsu vad\u012bbas komanda\n\t\t<\/h2>\n\t<meta itemscope itemprop=\"mainEntityOfPage\" itemtype=\"https:\/\/schema.org\/WebPage\" itemid=\"http:\/\/131\" content=\"Imants Kins\" \/><meta itemprop=\"datePublished\" content=\"2023-04-03\" \/><meta itemprop=\"dateModified\" content=\"2023-07-07\" \/><meta itemprop=\"name\" content=\"Citech\"\/><meta itemprop=\"url\" content=\"https:\/\/citech.com.au\/author\/citech\/\" \/><meta itemprop=\"name\" content=\"citech\" \/><meta itemprop=\"url\" content=\"https:\/\/citech.com.au\/wp-content\/uploads\/2023\/04\/imants.jpg\" \/><meta itemprop=\"width\" content=\"600\" \/><meta itemprop=\"height\" content=\"800\" \/><meta itemprop=\"interactionType\" content=\"https:\/\/schema.org\/CommentAction\" \/><meta itemprop=\"userInteractionCount\" content=\"0\" \/>\n\t<a href='https:\/\/citech.com.au\/lv\/about\/team\/imants-kins\/' title='Imants Kins'><img width=\"600\" height=\"800\" src=\"https:\/\/citech.com.au\/wp-content\/uploads\/2023\/04\/imants.jpg\" alt=\"Imants Kins - Citech.\" itemprop=\"image\" decoding=\"async\" loading=\"lazy\" srcset=\"https:\/\/citech.com.au\/wp-content\/uploads\/2023\/04\/imants.jpg 600w, https:\/\/citech.com.au\/wp-content\/uploads\/2023\/04\/imants-225x300.jpg 225w\" sizes=\"auto, (max-width: 600px) 100vw, 600px\" \/><\/a>\n    <h3>Imants Kins<\/h3>\n    \n    \tPriek\u0161s\u0113d\u0113t\u0101js\n    \n    \n    \t<p>Imantam ir vair\u0101k nek\u0101 40 gadu pieredze resursu un tehnolo\u0123iju sektoros publiskaj\u0101 un priv\u0101taj\u0101 sektor\u0101.<\/p>\n    \n    \n    \t<a href=\"https:\/\/citech.com.au\/lv\/about\/team\/imants-kins\/\"> Meet Imants Kins<\/a>\n    \n\t<meta itemscope itemprop=\"mainEntityOfPage\" itemtype=\"https:\/\/schema.org\/WebPage\" itemid=\"http:\/\/133\" content=\"Brenton Scott\" \/><meta itemprop=\"datePublished\" content=\"2023-04-03\" \/><meta itemprop=\"dateModified\" content=\"2023-07-07\" \/><meta itemprop=\"name\" content=\"Citech\"\/><meta itemprop=\"url\" content=\"https:\/\/citech.com.au\/author\/citech\/\" \/><meta itemprop=\"name\" content=\"citech\" \/><meta itemprop=\"url\" content=\"https:\/\/citech.com.au\/wp-content\/uploads\/2023\/04\/brenton-chief-executive-officer-citech.jpg\" \/><meta itemprop=\"width\" content=\"600\" \/><meta itemprop=\"height\" content=\"800\" \/><meta itemprop=\"interactionType\" content=\"https:\/\/schema.org\/CommentAction\" \/><meta itemprop=\"userInteractionCount\" content=\"0\" \/>\n\t<a href='https:\/\/citech.com.au\/lv\/about\/team\/brenton-scott\/' title='Brenton Scott'><img width=\"600\" height=\"800\" src=\"https:\/\/citech.com.au\/wp-content\/uploads\/2023\/04\/brenton-chief-executive-officer-citech.jpg\" alt=\"Brenton Scott Citech.\" itemprop=\"image\" decoding=\"async\" loading=\"lazy\" srcset=\"https:\/\/citech.com.au\/wp-content\/uploads\/2023\/04\/brenton-chief-executive-officer-citech.jpg 600w, https:\/\/citech.com.au\/wp-content\/uploads\/2023\/04\/brenton-chief-executive-officer-citech-225x300.jpg 225w\" sizes=\"auto, (max-width: 600px) 100vw, 600px\" \/><\/a>\n    <h3>Brenton Scott<\/h3>\n    \n    \tIzpilddirektors (direktors)\n    \n    \n    \t<p>Brentons ir CiTech l\u012bdzdibin\u0101t\u0101js un sniedz pla\u0161u pieredzi akciju tirgos, kapit\u0101la piesaist\u0113 un valsts uz\u0146\u0113mumu gr\u0101matved\u012bb\u0101 un audit\u0101.<\/p>\n    \n    \n    \t<a href=\"https:\/\/citech.com.au\/lv\/about\/team\/brenton-scott\/\"> Meet Brenton Scott<\/a>\n    \n\t<meta itemscope itemprop=\"mainEntityOfPage\" itemtype=\"https:\/\/schema.org\/WebPage\" itemid=\"http:\/\/138\" content=\"Andrew Hill\" \/><meta itemprop=\"datePublished\" content=\"2023-04-12\" \/><meta itemprop=\"dateModified\" content=\"2023-07-07\" \/><meta itemprop=\"name\" content=\"Citech\"\/><meta itemprop=\"url\" content=\"https:\/\/citech.com.au\/author\/citech\/\" \/><meta itemprop=\"name\" content=\"citech\" \/><meta itemprop=\"url\" content=\"https:\/\/citech.com.au\/wp-content\/uploads\/2023\/04\/andrew-hill.jpg\" \/><meta itemprop=\"width\" content=\"600\" \/><meta itemprop=\"height\" content=\"800\" \/><meta itemprop=\"interactionType\" content=\"https:\/\/schema.org\/CommentAction\" \/><meta itemprop=\"userInteractionCount\" content=\"0\" \/>\n\t<a href='https:\/\/citech.com.au\/lv\/about\/team\/andrew-hill\/' title='Andrew Hill'><img width=\"600\" height=\"800\" src=\"https:\/\/citech.com.au\/wp-content\/uploads\/2023\/04\/andrew-hill.jpg\" alt=\"Andrew Hill Citech.\" itemprop=\"image\" decoding=\"async\" loading=\"lazy\" srcset=\"https:\/\/citech.com.au\/wp-content\/uploads\/2023\/04\/andrew-hill.jpg 600w, https:\/\/citech.com.au\/wp-content\/uploads\/2023\/04\/andrew-hill-225x300.jpg 225w\" sizes=\"auto, (max-width: 600px) 100vw, 600px\" \/><\/a>\n    <h3>Andrew Hill<\/h3>\n    \n    \tElektronikas in\u017eenieris\n    \n    \n    \t<p>Endrj\u016b kop\u0101 ar Brentonu Skotu ir CiTech dibin\u0101t\u0101ji un sniedz iedvesmu uz\u0146\u0113muma unik\u0101lajam produktu un tehnolo\u0123iju kopumam.<\/p>\n    \n    \n    \t<a href=\"https:\/\/citech.com.au\/lv\/about\/team\/andrew-hill\/\"> Meet Andrew Hill<\/a>\n    \n\t<meta itemscope itemprop=\"mainEntityOfPage\" itemtype=\"https:\/\/schema.org\/WebPage\" itemid=\"http:\/\/139\" content=\"Eugene Hodgson\" \/><meta itemprop=\"datePublished\" content=\"2023-04-12\" \/><meta itemprop=\"dateModified\" content=\"2023-07-07\" \/><meta itemprop=\"name\" content=\"Citech\"\/><meta itemprop=\"url\" content=\"https:\/\/citech.com.au\/author\/citech\/\" \/><meta itemprop=\"name\" content=\"citech\" \/><meta itemprop=\"url\" content=\"https:\/\/citech.com.au\/wp-content\/uploads\/2023\/04\/eugene-hodgson-citech.jpg\" \/><meta itemprop=\"width\" content=\"600\" \/><meta itemprop=\"height\" content=\"800\" \/><meta itemprop=\"interactionType\" content=\"https:\/\/schema.org\/CommentAction\" \/><meta itemprop=\"userInteractionCount\" content=\"0\" \/>\n\t<a href='https:\/\/citech.com.au\/lv\/about\/team\/eugene-hodgson\/' title='Eugene Hodgson'><img width=\"600\" height=\"800\" src=\"https:\/\/citech.com.au\/wp-content\/uploads\/2023\/04\/eugene-hodgson-citech.jpg\" alt=\"Eugene Hodson Citech.\" itemprop=\"image\" decoding=\"async\" loading=\"lazy\" srcset=\"https:\/\/citech.com.au\/wp-content\/uploads\/2023\/04\/eugene-hodgson-citech.jpg 600w, https:\/\/citech.com.au\/wp-content\/uploads\/2023\/04\/eugene-hodgson-citech-225x300.jpg 225w\" sizes=\"auto, (max-width: 600px) 100vw, 600px\" \/><\/a>\n    <h3>Eugene Hodgson<\/h3>\n    \n    \tGalvenais finan\u0161u direktors (direktors)\n    \n    \n    \t<p>Jevge\u0146ijs pievienoj\u0101s CiTech p\u0113c pla\u0161\u0101s karjeras kapit\u0101la tirgos un valsts uz\u0146\u0113mumos, p\u0113d\u0113joreiz ie\u0146emot vado\u0161\u0101s lomas priv\u0101taj\u0101 nozar\u0113 k\u0101 finan\u0161u direktors.<\/p>\n    \n    \n    \t<a href=\"https:\/\/citech.com.au\/lv\/about\/team\/eugene-hodgson\/\"> Meet Eugene Hodgson<\/a>\n    \n\t<meta itemscope itemprop=\"mainEntityOfPage\" itemtype=\"https:\/\/schema.org\/WebPage\" itemid=\"http:\/\/140\" content=\"Rich Paolone\" \/><meta itemprop=\"datePublished\" content=\"2023-04-12\" \/><meta itemprop=\"dateModified\" content=\"2023-07-07\" \/><meta itemprop=\"name\" content=\"Citech\"\/><meta itemprop=\"url\" content=\"https:\/\/citech.com.au\/author\/citech\/\" \/><meta itemprop=\"name\" content=\"citech\" \/><meta itemprop=\"url\" content=\"https:\/\/citech.com.au\/wp-content\/uploads\/2023\/04\/rich-palone.jpg\" \/><meta itemprop=\"width\" content=\"600\" \/><meta itemprop=\"height\" content=\"800\" \/><meta itemprop=\"interactionType\" content=\"https:\/\/schema.org\/CommentAction\" \/><meta itemprop=\"userInteractionCount\" content=\"0\" \/>\n\t<a href='https:\/\/citech.com.au\/lv\/about\/team\/rich-paolone\/' title='Rich Paolone'><img width=\"600\" height=\"800\" src=\"https:\/\/citech.com.au\/wp-content\/uploads\/2023\/04\/rich-palone.jpg\" alt=\"Richard Paolone Citech.\" itemprop=\"image\" decoding=\"async\" loading=\"lazy\" srcset=\"https:\/\/citech.com.au\/wp-content\/uploads\/2023\/04\/rich-palone.jpg 600w, https:\/\/citech.com.au\/wp-content\/uploads\/2023\/04\/rich-palone-225x300.jpg 225w\" sizes=\"auto, (max-width: 600px) 100vw, 600px\" \/><\/a>\n    <h3>Rich Paolone<\/h3>\n    \n    \tNeatkar\u012bgais direktors\n    \n    \n    \t<p>Ri\u010dards atrodas Toronto, un ir v\u0113rtspap\u012bru jurists, kas darbojas priv\u0101t\u0101 praks\u0113 ar pieredzi valsts uz\u0146\u0113mumos, kapit\u0101la tirgos, apvieno\u0161an\u0101s un p\u0101r\u0146em\u0161anas jom\u0101.<\/p>\n    \n    \n    \t<a href=\"https:\/\/citech.com.au\/lv\/about\/team\/rich-paolone\/\"> Meet Rich Paolone<\/a>\n    \n\t\t<!-- .pp-content-posts -->\n\t\t<h2>\n\t\t\tM\u016bsu komandas vad\u012bt\u0101ji\n\t\t<\/h2>\n\t<meta itemscope itemprop=\"mainEntityOfPage\" itemtype=\"https:\/\/schema.org\/WebPage\" itemid=\"http:\/\/141\" content=\"Rodney Louden\" \/><meta itemprop=\"datePublished\" content=\"2023-04-12\" \/><meta itemprop=\"dateModified\" content=\"2023-07-07\" \/><meta itemprop=\"name\" content=\"Citech\"\/><meta itemprop=\"url\" content=\"https:\/\/citech.com.au\/author\/citech\/\" \/><meta itemprop=\"name\" content=\"citech\" \/><meta itemprop=\"url\" content=\"https:\/\/citech.com.au\/wp-content\/uploads\/2023\/04\/rodney-louden-citech-sdp.jpg\" \/><meta itemprop=\"width\" content=\"600\" \/><meta itemprop=\"height\" content=\"800\" \/><meta itemprop=\"interactionType\" content=\"https:\/\/schema.org\/CommentAction\" \/><meta itemprop=\"userInteractionCount\" content=\"0\" \/>\n\t<a href='https:\/\/citech.com.au\/lv\/about\/team\/rodney-louden\/' title='Rodney Louden'><img width=\"600\" height=\"800\" src=\"https:\/\/citech.com.au\/wp-content\/uploads\/2023\/04\/rodney-louden-citech-sdp.jpg\" alt=\"Rodney Louden Citech.\" itemprop=\"image\" decoding=\"async\" loading=\"lazy\" srcset=\"https:\/\/citech.com.au\/wp-content\/uploads\/2023\/04\/rodney-louden-citech-sdp.jpg 600w, https:\/\/citech.com.au\/wp-content\/uploads\/2023\/04\/rodney-louden-citech-sdp-225x300.jpg 225w\" sizes=\"auto, (max-width: 600px) 100vw, 600px\" \/><\/a>\n    <h3>Rodney Louden<\/h3>\n    \n    \tSDP att\u012bst\u012bbas vad\u012bt\u0101js\n    \n    \n    \t<p>With his disciplined approach to engineering and leadership skills, Rodney guides CiTech&#8217;s development team through the product creation process.<\/p>\n    \n    \n    \t<a href=\"https:\/\/citech.com.au\/lv\/about\/team\/rodney-louden\/\"> Meet Rodney Louden<\/a>\n    \n\t<meta itemscope itemprop=\"mainEntityOfPage\" itemtype=\"https:\/\/schema.org\/WebPage\" itemid=\"http:\/\/142\" content=\"Greg Taylor\" \/><meta itemprop=\"datePublished\" content=\"2023-04-12\" \/><meta itemprop=\"dateModified\" content=\"2023-07-07\" \/><meta itemprop=\"name\" content=\"Citech\"\/><meta itemprop=\"url\" content=\"https:\/\/citech.com.au\/author\/citech\/\" \/><meta itemprop=\"name\" content=\"citech\" \/><meta itemprop=\"url\" content=\"https:\/\/citech.com.au\/wp-content\/uploads\/2023\/04\/greg-taylor.jpg\" \/><meta itemprop=\"width\" content=\"600\" \/><meta itemprop=\"height\" content=\"800\" \/><meta itemprop=\"interactionType\" content=\"https:\/\/schema.org\/CommentAction\" \/><meta itemprop=\"userInteractionCount\" content=\"0\" \/>\n\t<a href='https:\/\/citech.com.au\/lv\/about\/team\/greg-taylor\/' title='Greg Taylor'><img width=\"600\" height=\"800\" src=\"https:\/\/citech.com.au\/wp-content\/uploads\/2023\/04\/greg-taylor.jpg\" alt=\"Greg Taylor Citech.\" itemprop=\"image\" decoding=\"async\" loading=\"lazy\" srcset=\"https:\/\/citech.com.au\/wp-content\/uploads\/2023\/04\/greg-taylor.jpg 600w, https:\/\/citech.com.au\/wp-content\/uploads\/2023\/04\/greg-taylor-225x300.jpg 225w\" sizes=\"auto, (max-width: 600px) 100vw, 600px\" \/><\/a>\n    <h3>Greg Taylor<\/h3>\n    \n    \tLietojumprogrammu izstr\u0101des in\u017eenieris\n    \n    \n    \t<p>Balstoties uz zin\u0101\u0161an\u0101m elektronikas un programmat\u016bras izstr\u0101d\u0113, Gregam ir gadu desmitiem ilga pla\u0161a pieredze sakaru t\u012bklos, lauka apkalpo\u0161an\u0101, lietojumprogrammu izstr\u0101d\u0113 un ra\u017eo\u0161anas sist\u0113m\u0101s.<\/p>\n    \n    \n    \t<a href=\"https:\/\/citech.com.au\/lv\/about\/team\/greg-taylor\/\"> Meet Greg Taylor<\/a>\n    \n\t<meta itemscope itemprop=\"mainEntityOfPage\" itemtype=\"https:\/\/schema.org\/WebPage\" itemid=\"http:\/\/373\" content=\"Janelle Theron\" \/><meta itemprop=\"datePublished\" content=\"2023-04-12\" \/><meta itemprop=\"dateModified\" content=\"2023-07-11\" \/><meta itemprop=\"name\" content=\"Citech\"\/><meta itemprop=\"url\" content=\"https:\/\/citech.com.au\/author\/citech\/\" \/><meta itemprop=\"name\" content=\"citech\" \/><meta itemprop=\"url\" content=\"https:\/\/citech.com.au\/wp-content\/uploads\/2023\/07\/janelle-theron-control-systems-engineer.jpg\" \/><meta itemprop=\"width\" content=\"600\" \/><meta itemprop=\"height\" content=\"800\" \/><meta itemprop=\"interactionType\" content=\"https:\/\/schema.org\/CommentAction\" \/><meta itemprop=\"userInteractionCount\" content=\"0\" \/>\n\t<a href='https:\/\/citech.com.au\/lv\/about\/team\/janelle-theron\/' title='Janelle Theron'><img width=\"600\" height=\"800\" src=\"https:\/\/citech.com.au\/wp-content\/uploads\/2023\/07\/janelle-theron-control-systems-engineer.jpg\" alt=\"Janelle Theron, Control Systems Engineer at CiTech.\" itemprop=\"image\" decoding=\"async\" loading=\"lazy\" srcset=\"https:\/\/citech.com.au\/wp-content\/uploads\/2023\/07\/janelle-theron-control-systems-engineer.jpg 600w, https:\/\/citech.com.au\/wp-content\/uploads\/2023\/07\/janelle-theron-control-systems-engineer-225x300.jpg 225w\" sizes=\"auto, (max-width: 600px) 100vw, 600px\" \/><\/a>\n    <h3>Janelle Theron<\/h3>\n    \n    \tSteuerungssysteme in\u017eenieris\n    \n    \n    \t<p>D\u017eenelai ir ma\u0123istra gr\u0101ds biomedic\u012bnas in\u017eenierij\u0101, kas apg\u016bst prasmes programmat\u016bras izstr\u0101d\u0113, r\u016bpniecisko procesu vad\u012bbas sist\u0113m\u0101s, test\u0113\u0161an\u0101 un m\u0113r\u012b\u0161an\u0101.<\/p>\n    \n    \n    \t<a href=\"https:\/\/citech.com.au\/lv\/about\/team\/janelle-theron\/\"> Meet Janelle Theron<\/a>\n    \n\t<meta itemscope itemprop=\"mainEntityOfPage\" itemtype=\"https:\/\/schema.org\/WebPage\" itemid=\"http:\/\/146\" content=\"Andrew Ford\" \/><meta itemprop=\"datePublished\" content=\"2023-04-12\" \/><meta itemprop=\"dateModified\" content=\"2023-07-07\" \/><meta itemprop=\"name\" content=\"Citech\"\/><meta itemprop=\"url\" content=\"https:\/\/citech.com.au\/author\/citech\/\" \/><meta itemprop=\"name\" content=\"citech\" \/><meta itemprop=\"url\" content=\"https:\/\/citech.com.au\/wp-content\/uploads\/2023\/04\/andrew-ford-bio.jpg\" \/><meta itemprop=\"width\" content=\"600\" \/><meta itemprop=\"height\" content=\"800\" \/><meta itemprop=\"interactionType\" content=\"https:\/\/schema.org\/CommentAction\" \/><meta itemprop=\"userInteractionCount\" content=\"0\" \/>\n\t<a href='https:\/\/citech.com.au\/lv\/about\/team\/andrew-ford\/' title='Andrew Ford'><img width=\"600\" height=\"800\" src=\"https:\/\/citech.com.au\/wp-content\/uploads\/2023\/04\/andrew-ford-bio.jpg\" alt=\"Andrew Ford Citech.\" itemprop=\"image\" decoding=\"async\" loading=\"lazy\" srcset=\"https:\/\/citech.com.au\/wp-content\/uploads\/2023\/04\/andrew-ford-bio.jpg 600w, https:\/\/citech.com.au\/wp-content\/uploads\/2023\/04\/andrew-ford-bio-225x300.jpg 225w\" sizes=\"auto, (max-width: 600px) 100vw, 600px\" \/><\/a>\n    <h3>Andrew Ford<\/h3>\n    \n    \tVado\u0161ais meh\u0101ni\u0137is\n    \n    \n    \t<p>Andrew has been involved in the development of the company&#8217;s products since inception and now leads the mechanical engineering team responsible for design, testing and certification.<\/p>\n    \n    \n    \t<a href=\"https:\/\/citech.com.au\/lv\/about\/team\/andrew-ford\/\"> Meet Andrew Ford<\/a>\n    \n\t<meta itemscope itemprop=\"mainEntityOfPage\" itemtype=\"https:\/\/schema.org\/WebPage\" itemid=\"http:\/\/253\" content=\"Jonathan Knight\" \/><meta itemprop=\"datePublished\" content=\"2023-05-05\" \/><meta itemprop=\"dateModified\" content=\"2023-07-07\" \/><meta itemprop=\"name\" content=\"Citech\"\/><meta itemprop=\"url\" content=\"https:\/\/citech.com.au\/author\/citech\/\" \/><meta itemprop=\"name\" content=\"citech\" \/><meta itemprop=\"url\" content=\"https:\/\/citech.com.au\/wp-content\/uploads\/2023\/05\/jonathan-knight.jpg\" \/><meta itemprop=\"width\" content=\"600\" \/><meta itemprop=\"height\" content=\"800\" \/><meta itemprop=\"interactionType\" content=\"https:\/\/schema.org\/CommentAction\" \/><meta itemprop=\"userInteractionCount\" content=\"0\" \/>\n\t<a href='https:\/\/citech.com.au\/lv\/about\/team\/jonathan-knight\/' title='Jonathan Knight'><img width=\"600\" height=\"800\" src=\"https:\/\/citech.com.au\/wp-content\/uploads\/2023\/05\/jonathan-knight.jpg\" alt=\"Jonathan Knight Citech.\" itemprop=\"image\" decoding=\"async\" loading=\"lazy\" srcset=\"https:\/\/citech.com.au\/wp-content\/uploads\/2023\/05\/jonathan-knight.jpg 600w, https:\/\/citech.com.au\/wp-content\/uploads\/2023\/05\/jonathan-knight-225x300.jpg 225w\" sizes=\"auto, (max-width: 600px) 100vw, 600px\" \/><\/a>\n    <h3>Jonathan Knight<\/h3>\n    \n    \tKvalit\u0101tes un vad\u012bbas sist\u0113mas\n    \n    \n    \t<p>Jonathan str\u0101d\u0101 ar CiTech komandu, lai izveidotu vi\u0146u kvalit\u0101tes vad\u012bbas sist\u0113mu un ieg\u016btu ISO 9001 sertifik\u0101tu.<\/p>\n    \n    \n    \t<a href=\"https:\/\/citech.com.au\/lv\/about\/team\/jonathan-knight\/\"> Meet Jonathan Knight<\/a>\n    \n\t\t<!-- .pp-content-posts -->\n\t\t<h2>\n\t\t\tManagement &#038; Engineering\n\t\t<\/h2>\n\t<meta itemscope itemprop=\"mainEntityOfPage\" itemtype=\"https:\/\/schema.org\/WebPage\" itemid=\"http:\/\/145\" content=\"Jay Ellis\" \/><meta itemprop=\"datePublished\" content=\"2023-04-12\" \/><meta itemprop=\"dateModified\" content=\"2023-07-07\" \/><meta itemprop=\"name\" content=\"Citech\"\/><meta itemprop=\"url\" content=\"https:\/\/citech.com.au\/author\/citech\/\" \/><meta itemprop=\"name\" content=\"citech\" \/><meta itemprop=\"url\" content=\"https:\/\/citech.com.au\/wp-content\/uploads\/2023\/04\/jay.jpg\" \/><meta itemprop=\"width\" content=\"600\" \/><meta itemprop=\"height\" content=\"800\" \/><meta itemprop=\"interactionType\" content=\"https:\/\/schema.org\/CommentAction\" \/><meta itemprop=\"userInteractionCount\" content=\"0\" \/>\n\t<a href='https:\/\/citech.com.au\/lv\/about\/team\/jay-ellis\/' title='Jay Ellis'><img width=\"600\" height=\"800\" src=\"https:\/\/citech.com.au\/wp-content\/uploads\/2023\/04\/jay.jpg\" alt=\"\" itemprop=\"image\" decoding=\"async\" loading=\"lazy\" srcset=\"https:\/\/citech.com.au\/wp-content\/uploads\/2023\/04\/jay.jpg 600w, https:\/\/citech.com.au\/wp-content\/uploads\/2023\/04\/jay-225x300.jpg 225w\" sizes=\"auto, (max-width: 600px) 100vw, 600px\" \/><\/a>\n    <h3>Jay Ellis<\/h3>\n    \n    \tWorkshop &#038; Warehouse Manager\n    \n    \n    \t<p>D\u017eejs ir santehni\u0137is ar vair\u0101k nek\u0101 12 gadu pieredzi industri\u0101lo sist\u0113mu, tostarp b\u016bvniec\u012bbas, augstspiediena cauru\u013cvadu, t\u0113rauda ra\u017eo\u0161anas un dro\u0161\u012bbas vad\u012bbas jom\u0101.<\/p>\n    \n    \n    \t<a href=\"https:\/\/citech.com.au\/lv\/about\/team\/jay-ellis\/\"> Meet Jay Ellis<\/a>\n    \n\t<meta itemscope itemprop=\"mainEntityOfPage\" itemtype=\"https:\/\/schema.org\/WebPage\" itemid=\"http:\/\/147\" content=\"Theo Lotter\" \/><meta itemprop=\"datePublished\" content=\"2023-04-12\" \/><meta itemprop=\"dateModified\" content=\"2023-07-07\" \/><meta itemprop=\"name\" content=\"Citech\"\/><meta itemprop=\"url\" content=\"https:\/\/citech.com.au\/author\/citech\/\" \/><meta itemprop=\"name\" content=\"citech\" \/><meta itemprop=\"url\" content=\"https:\/\/citech.com.au\/wp-content\/uploads\/2023\/04\/theo.jpg\" \/><meta itemprop=\"width\" content=\"600\" \/><meta itemprop=\"height\" content=\"800\" \/><meta itemprop=\"interactionType\" content=\"https:\/\/schema.org\/CommentAction\" \/><meta itemprop=\"userInteractionCount\" content=\"0\" \/>\n\t<a href='https:\/\/citech.com.au\/lv\/about\/team\/theo-lotter\/' title='Theo Lotter'><img width=\"600\" height=\"800\" src=\"https:\/\/citech.com.au\/wp-content\/uploads\/2023\/04\/theo.jpg\" alt=\"\" itemprop=\"image\" decoding=\"async\" loading=\"lazy\" srcset=\"https:\/\/citech.com.au\/wp-content\/uploads\/2023\/04\/theo.jpg 600w, https:\/\/citech.com.au\/wp-content\/uploads\/2023\/04\/theo-225x300.jpg 225w\" sizes=\"auto, (max-width: 600px) 100vw, 600px\" \/><\/a>\n    <h3>Theo Lotter<\/h3>\n    \n    \tMa\u0161\u012bnb\u016bve\n    \n    \n    \t<p>Ar ma\u0161\u012bnb\u016bves in\u017eeniera diplomu un 25 gadu pieredzi mobilo iek\u0101rtu, telekomunik\u0101ciju un ra\u017eo\u0161anas in\u017eenierij\u0101.<\/p>\n    \n    \n    \t<a href=\"https:\/\/citech.com.au\/lv\/about\/team\/theo-lotter\/\"> Meet Theo Lotter<\/a>\n    \n\t<meta itemscope itemprop=\"mainEntityOfPage\" itemtype=\"https:\/\/schema.org\/WebPage\" itemid=\"http:\/\/250\" content=\"Joshua Scott\" \/><meta itemprop=\"datePublished\" content=\"2023-05-05\" \/><meta itemprop=\"dateModified\" content=\"2023-07-07\" \/><meta itemprop=\"name\" content=\"Citech\"\/><meta itemprop=\"url\" content=\"https:\/\/citech.com.au\/author\/citech\/\" \/><meta itemprop=\"name\" content=\"citech\" \/><meta itemprop=\"url\" content=\"https:\/\/citech.com.au\/wp-content\/uploads\/2023\/05\/joshua-scott.jpg\" \/><meta itemprop=\"width\" content=\"600\" \/><meta itemprop=\"height\" content=\"800\" \/><meta itemprop=\"interactionType\" content=\"https:\/\/schema.org\/CommentAction\" \/><meta itemprop=\"userInteractionCount\" content=\"0\" \/>\n\t<a href='https:\/\/citech.com.au\/lv\/about\/team\/joshua-scott\/' title='Joshua Scott'><img width=\"600\" height=\"800\" src=\"https:\/\/citech.com.au\/wp-content\/uploads\/2023\/05\/joshua-scott.jpg\" alt=\"Joshua Scott Citech.\" itemprop=\"image\" decoding=\"async\" loading=\"lazy\" srcset=\"https:\/\/citech.com.au\/wp-content\/uploads\/2023\/05\/joshua-scott.jpg 600w, https:\/\/citech.com.au\/wp-content\/uploads\/2023\/05\/joshua-scott-225x300.jpg 225w\" sizes=\"auto, (max-width: 600px) 100vw, 600px\" \/><\/a>\n    <h3>Joshua Scott<\/h3>\n    \n    \tTehniskais padomnieks\n    \n    \n    \t<p>Joshua koncentr\u0113jas uz IT sist\u0113mu un t\u012bklu uztur\u0113\u0161anu, lai nodro\u0161in\u0101tu optim\u0101lu veiktsp\u0113ju, izmantojot zin\u0101\u0161anas da\u017e\u0101d\u0101s tehnolo\u0123ij\u0101s un programm\u0113\u0161anas valod\u0101s.<\/p>\n    \n    \n    \t<a href=\"https:\/\/citech.com.au\/lv\/about\/team\/joshua-scott\/\"> Meet Joshua Scott<\/a>\n    \n\t\t<!-- .pp-content-posts -->","protected":false},"excerpt":{"rendered":"<p>Meet The Team The CiTech team is backed by an experienced management and production team that develop industry-leading technology. Our Management Team Imants Kins Chairman Imants has more than 40 years of experience in resources and technology sectors across the public and private sectors. Meet Imants Kins Brenton Scott Chief Executive Officer (Director) Brenton is&hellip;<\/p>","protected":false},"author":1,"featured_media":0,"parent":11,"menu_order":0,"comment_status":"closed","ping_status":"closed","template":"","meta":{"_acf_changed":false,"footnotes":""},"class_list":["post-57","page","type-page","status-publish","hentry"],"acf":[],"_links":{"self":[{"href":"https:\/\/citech.com.au\/lv\/wp-json\/wp\/v2\/pages\/57","targetHints":{"allow":["GET"]}}],"collection":[{"href":"https:\/\/citech.com.au\/lv\/wp-json\/wp\/v2\/pages"}],"about":[{"href":"https:\/\/citech.com.au\/lv\/wp-json\/wp\/v2\/types\/page"}],"author":[{"embeddable":true,"href":"https:\/\/citech.com.au\/lv\/wp-json\/wp\/v2\/users\/1"}],"replies":[{"embeddable":true,"href":"https:\/\/citech.com.au\/lv\/wp-json\/wp\/v2\/comments?post=57"}],"version-history":[{"count":2,"href":"https:\/\/citech.com.au\/lv\/wp-json\/wp\/v2\/pages\/57\/revisions"}],"predecessor-version":[{"id":404,"href":"https:\/\/citech.com.au\/lv\/wp-json\/wp\/v2\/pages\/57\/revisions\/404"}],"up":[{"embeddable":true,"href":"https:\/\/citech.com.au\/lv\/wp-json\/wp\/v2\/pages\/11"}],"wp:attachment":[{"href":"https:\/\/citech.com.au\/lv\/wp-json\/wp\/v2\/media?parent=57"}],"curies":[{"name":"wp","href":"https:\/\/api.w.org\/{rel}","templated":true}]}}