{"id":87,"date":"2023-03-23T12:56:47","date_gmt":"2023-03-23T04:56:47","guid":{"rendered":"http:\/\/citech.com.au\/?page_id=87"},"modified":"2025-02-05T22:29:53","modified_gmt":"2025-02-05T14:29:53","slug":"sectors","status":"publish","type":"page","link":"https:\/\/citech.com.au\/lv\/sectors\/","title":{"rendered":"Sektori"},"content":{"rendered":"<h1>\n\t\t\tNozares, kuras m\u0113s apkalpojam\n\t\t<\/h1>\n\t\t\t<p>Str\u0101d\u0101jot ar vair\u0101k\u0101m nozar\u0113m, m\u0113s ra\u017eojam individu\u0101lus risin\u0101jumus nozares probl\u0113mu risin\u0101\u0161anai.<\/p>\n\t\t<h2>\n\t\t\tKop\u0113j\u0101s nozares ietver\n\t\t<\/h2>\n\t\t\t\t\t\t\t\t\t<img loading=\"lazy\" decoding=\"async\" src=\"https:\/\/citech.com.au\/wp-content\/uploads\/bb-plugin\/cache\/resources-sector-panorama.jpg\" alt=\"citech working in the resources sector in Western Australia.\" itemprop=\"image\" height=\"1334\" width=\"2000\" title=\"citech working in the resources sector in Western Australia\" onerror=\"this.style.display='none'\"  \/>\n\t\t<h3>Resursu sektors<\/h3>\n\t\t\t<p>Darbinieku dro\u0161\u012bba un darb\u012bbas efektivit\u0101te ir iz\u0161\u0137iro\u0161i veiksmes faktori 21.\u00a0gadsimta raktuvju operatoriem. \u0160ai nozarei ir j\u0101izmanto lab\u0101k\u0101s dro\u0161\u0101s, jaud\u012bg\u0101s un uzticam\u0101s tehnolo\u0123ijas, ko CiTech izstr\u0101d\u0101 un pieg\u0101d\u0101.<\/p>\t\t\n\t\t\t\t\n\t\t\t\t\t<a href=\"https:\/\/citech.com.au\/lv\/sectors\/resources\/\" role=\"button\" target=\"_self\">\n\t\t\t\t\t\tResursu nozare \u00bb\t\t\t\t\t<\/a>\n\t\t\t\t\n\t\t\t\t\t\t\t\t\t<img loading=\"lazy\" decoding=\"async\" src=\"https:\/\/citech.com.au\/wp-content\/uploads\/bb-plugin\/cache\/citect-emergency-services-panorama.jpg\" alt=\"citect-emergency-services\" itemprop=\"image\" height=\"1334\" width=\"2000\" title=\"citect-emergency-services\" onerror=\"this.style.display='none'\"  \/>\n\t\t<h3>Neatliekam\u0101s pal\u012bdz\u012bbas dienesti<\/h3>\n\t\t\t<p>M\u016bsu \u0101tri izvietojamie infrastrukt\u016bras produkti var \u0101tri atjaunot publiskos sakarus un citus svar\u012bgus pakalpojumus maz\u0101k nek\u0101 stundas laik\u0101, kur un kad vien tie ir nepiecie\u0161ami.<\/p>\t\t\n\t\t\t\t\n\t\t\t\t\t<a href=\"https:\/\/citech.com.au\/lv\/sectors\/emergency-services\/\" role=\"button\" target=\"_self\">\n\t\t\t\t\t\tNeatliekam\u0101s pal\u012bdz\u012bbas dienesti \u00bb\t\t\t\t\t<\/a>\n\t\t\t\t\n\t\t\t\t\t\t\t\t\t<img loading=\"lazy\" decoding=\"async\" src=\"https:\/\/citech.com.au\/wp-content\/uploads\/bb-plugin\/cache\/citech-defence-panorama.jpg\" alt=\"citech-defence\" itemprop=\"image\" height=\"1334\" width=\"2000\" title=\"citech-defence\" onerror=\"this.style.display='none'\"  \/>\n\t\t<h3>Aizsardz\u012bbas sektors<\/h3>\n\t\t\t<p>CiTech izstr\u0101d\u0101 piln\u012bb\u0101 autonomus un \u0101tri izvietojamus l\u012bdzek\u013cus, kas sp\u0113j atbalst\u012bt pla\u0161u kritisko iek\u0101rtu kravnes\u012bbu, piem\u0113ram, sakarus un radarus, lai uzlabotu kaujas lauka efektivit\u0101ti.<\/p>\t\t\n\t\t\t\t\n\t\t\t\t\t<a href=\"https:\/\/citech.com.au\/lv\/sectors\/defence\/\" role=\"button\" target=\"_self\">\n\t\t\t\t\t\tAizsardz\u012bbas nozare \u00bb\t\t\t\t\t<\/a>","protected":false},"excerpt":{"rendered":"<p>Sectors We Service Working with multiple sectors, we manufacture bespoke solutions to solve industry issues. Common Sectors Include Resources Sector Safety of workers and operational efficiency are critical success factors for the 21st century mine operators. This sector needs to leverage the very best in safe, powerful and reliable technology that CiTech designs and delivers.&hellip;<\/p>","protected":false},"author":1,"featured_media":0,"parent":0,"menu_order":0,"comment_status":"closed","ping_status":"closed","template":"","meta":{"_acf_changed":false,"footnotes":""},"class_list":["post-87","page","type-page","status-publish","hentry"],"acf":[],"_links":{"self":[{"href":"https:\/\/citech.com.au\/lv\/wp-json\/wp\/v2\/pages\/87","targetHints":{"allow":["GET"]}}],"collection":[{"href":"https:\/\/citech.com.au\/lv\/wp-json\/wp\/v2\/pages"}],"about":[{"href":"https:\/\/citech.com.au\/lv\/wp-json\/wp\/v2\/types\/page"}],"author":[{"embeddable":true,"href":"https:\/\/citech.com.au\/lv\/wp-json\/wp\/v2\/users\/1"}],"replies":[{"embeddable":true,"href":"https:\/\/citech.com.au\/lv\/wp-json\/wp\/v2\/comments?post=87"}],"version-history":[{"count":4,"href":"https:\/\/citech.com.au\/lv\/wp-json\/wp\/v2\/pages\/87\/revisions"}],"predecessor-version":[{"id":419,"href":"https:\/\/citech.com.au\/lv\/wp-json\/wp\/v2\/pages\/87\/revisions\/419"}],"wp:attachment":[{"href":"https:\/\/citech.com.au\/lv\/wp-json\/wp\/v2\/media?parent=87"}],"curies":[{"name":"wp","href":"https:\/\/api.w.org\/{rel}","templated":true}]}}