{"id":99,"date":"2023-03-23T13:02:43","date_gmt":"2023-03-23T05:02:43","guid":{"rendered":"http:\/\/citech.com.au\/?page_id=99"},"modified":"2025-02-05T22:31:49","modified_gmt":"2025-02-05T14:31:49","slug":"resources","status":"publish","type":"page","link":"https:\/\/citech.com.au\/lv\/sectors\/resources\/","title":{"rendered":"Resursi"},"content":{"rendered":"<h1>\n\t\t\tResursu sektors\n\t\t<\/h1>\n\t\t\t<p>Raktuv\u0113m ir j\u0101izmanto vislab\u0101k\u0101s dro\u0161\u0101s, jaud\u012bg\u0101s un uzticam\u0101s tehnolo\u0123ijas, ko CiTech izstr\u0101d\u0101 un pieg\u0101d\u0101.<\/p>\n\t\t\t\t\t\t\t\t\t<img loading=\"lazy\" decoding=\"async\" src=\"https:\/\/citech.com.au\/wp-content\/uploads\/2023\/04\/nexus-extended-transparent.png\" alt=\"nexus-extended-transparent\" itemprop=\"image\" height=\"1024\" width=\"566\" srcset=\"https:\/\/citech.com.au\/wp-content\/uploads\/2023\/04\/nexus-extended-transparent.png 566w, https:\/\/citech.com.au\/wp-content\/uploads\/2023\/04\/nexus-extended-transparent-166x300.png 166w\" sizes=\"auto, (max-width: 566px) 100vw, 566px\" title=\"nexus-extended-transparent\" onerror=\"this.style.display='none'\"  \/>\n\t\t<h2>\n\t\t\tIepaz\u012bstin\u0101m ar Nexus\u00a016\n\t\t<\/h2>\n\t\t\t<p>Mining companies face some of the most difficult operating environments of any industry defined by very remote areas, hazardous working conditions and extremes in weather and other environmental challenges.Add to this, stringent compliance obligations, a mobile workforce and changing work conditions means that to remain profitable in a competitive environment successful mining companies leverage heavily off technology to maintain an edge.The <a href=\"https:\/\/citech.com.au\/lv\/products\/nexus-16\/\">Nexus 16<\/a> is the first in its class to package all the critical elements needed to support high-capacity communications systems essential to run a modern mining operation. Systems like LTE and digital radio networks that are the backbone of most autonomous mining operations and manage the safety of the people that work there.<strong>Nexus\u00a016 ir piem\u0113rots:<\/strong><\/p><ul><li>Att\u0101las un \u013coti naid\u012bgas vietas.<\/li><li>Atkl\u0101ta kalnr\u016bpniec\u012bba, tostarp \u013coti dzi\u013cas bedres.<\/li><li>Dinamiska darb\u012bbas vide. Past\u0101v\u012bgas topogr\u0101fijas izmai\u0146as kalnr\u016bpniec\u012bbas gait\u0101.<\/li><li>\u013boti lielas apsaimniekojam\u0101s teritorijas (simtiem kilometru) ar dzelzce\u013cu saist\u012bt\u0101m raktuv\u0113m.<\/li><li>Agres\u012bvi automatiz\u0101cijas pl\u0101ni.<\/li><\/ul>\t\t\n\t\t<h3>Uzlabota dro\u0161\u012bba<\/h3>\n\t\t\t<p>M\u016bsu Nexus\u00a016 \u0101tri izvietojamie tor\u0146i var \u0101tri nodro\u0161in\u0101t sakaru t\u012bklus att\u0101l\u0101s vai gr\u016bti sasniedzam\u0101s viet\u0101s, neizmantojot apm\u0101c\u012btus mont\u0113t\u0101jus.<\/p>\t\t\n\t\t<h3>Paaugstin\u0101ta Efektivit\u0101te<\/h3>\n\t\t\t<p>Izmantojot uzticamus sakaru t\u012bklus, darbinieki var \u0101tri un viegli piek\u013c\u016bt inform\u0101cijai un resursiem, \u013caujot vi\u0146iem str\u0101d\u0101t efekt\u012bv\u0101k un produkt\u012bv\u0101k.<\/p>\t\t\n\t\t<h3>Izmaksu ietaup\u012bjumi<\/h3>\n\t\t\t<p>Nexus\u00a016 telekomunik\u0101ciju tor\u0146i ilgtermi\u0146\u0101 var ietaup\u012bt resursus un ieguves r\u016bpniec\u012bbas naudu, samazinot nepiecie\u0161am\u012bbu p\u0113c past\u0101v\u012bgas infrastrukt\u016bras vai hidraulisko da\u013cu apkalpo\u0161anas.<\/p>\t\t\n\t\t<h3>Uzlabota ietekme uz vidi<\/h3>\n\t\t\t<p>\u0100tri izvietojamos Nexus\u00a016 tor\u0146us var viegli un ar minim\u0101liem trauc\u0113jumiem no\u0146emt, t\u0101d\u0113j\u0101di samazinot ietekmi uz vidi uz resursiem un kalnr\u016bpniec\u012bbas nozari.<\/p>\t\t\n\t\t<h3>\n\t\t\tDarb\u012bbas raktuv\u0113s\n\t\t<\/h3>\n\t\t\t<p>SDS pied\u0101v\u0101 visiem resursu sektora operatoriem ne tikai iesp\u0113ju samazin\u0101t CAPEX un OPEX, bet ar\u012b r\u012bkus, lai piln\u012bb\u0101 realiz\u0113tu augsto automatiz\u0101cijas l\u012bmeni, kas nepiecie\u0161ams, lai saglab\u0101tu konkur\u0113tsp\u0113ju nestabil\u0101 resursu tirg\u016b.<\/p>\t\t\n\t\t\t\t\t\t\t\t\t<img loading=\"lazy\" decoding=\"async\" src=\"https:\/\/citech.com.au\/wp-content\/uploads\/2023\/05\/minesite-example.jpg\" alt=\"Minesite example for Citech.\" itemprop=\"image\" height=\"960\" width=\"1200\" srcset=\"https:\/\/citech.com.au\/wp-content\/uploads\/2023\/05\/minesite-example.jpg 1200w, https:\/\/citech.com.au\/wp-content\/uploads\/2023\/05\/minesite-example-300x240.jpg 300w, https:\/\/citech.com.au\/wp-content\/uploads\/2023\/05\/minesite-example-1024x819.jpg 1024w, https:\/\/citech.com.au\/wp-content\/uploads\/2023\/05\/minesite-example-768x614.jpg 768w\" sizes=\"auto, (max-width: 1200px) 100vw, 1200px\" title=\"Minesite example for Citech\" onerror=\"this.style.display='none'\"  \/>\n\t\t\t\t\t\t\t\t\t\t\tPiem\u0113rs tam, k\u0101 tr\u012bs Nexus\u00a016 pa\u0161izvietojo\u0161\u0101s platformas var izvietot tuvu bedres malai, lai bedr\u0113 nodro\u0161in\u0101tu \u013coti liela joslas platuma LTE un digit\u0101l\u0101s radio saites. Turkl\u0101t visas tr\u012bs vietnes ir savienotas atpaka\u013c ar oper\u0101ciju centru, izmantojot liek\u0101s 10 Gbit\/s mikrovi\u013c\u0146u saites.\n\t\t<h3>\n\t\t\tIzp\u0113te un b\u016bvniec\u012bbas komunik\u0101cijas\n\t\t<\/h3>\n\t\t\t<p>Iesp\u0113jams, v\u0113l liel\u0101ks izaicin\u0101jums resursu uz\u0146\u0113mumiem ir nodro\u0161in\u0101t pils\u0113tas l\u012bme\u0146a komunik\u0101ciju izp\u0113tes un b\u016bvniec\u012bbas nometn\u0113m, lai saglab\u0101tu dro\u0161\u012bbu, efektivit\u0101ti un pils\u0113tas l\u012bme\u0146a \u0113rt\u012bbas \u013coti v\u0113rt\u012bgam darbasp\u0113kam.<\/p>\t\t\n\t\t\t\t\t\t\t\t\t<img loading=\"lazy\" decoding=\"async\" src=\"https:\/\/citech.com.au\/wp-content\/uploads\/2023\/05\/exploration-construction-communications-example.jpg\" alt=\"Exploration and Construction Communications.\" itemprop=\"image\" height=\"698\" width=\"1200\" srcset=\"https:\/\/citech.com.au\/wp-content\/uploads\/2023\/05\/exploration-construction-communications-example.jpg 1200w, https:\/\/citech.com.au\/wp-content\/uploads\/2023\/05\/exploration-construction-communications-example-300x175.jpg 300w, https:\/\/citech.com.au\/wp-content\/uploads\/2023\/05\/exploration-construction-communications-example-1024x596.jpg 1024w, https:\/\/citech.com.au\/wp-content\/uploads\/2023\/05\/exploration-construction-communications-example-768x447.jpg 768w\" sizes=\"auto, (max-width: 1200px) 100vw, 1200px\" title=\"Exploration and Construction Communications.\" onerror=\"this.style.display='none'\"  \/>\n\t\t\t\t\t\t\t\t\t\t\t\u0160aj\u0101 piem\u0113r\u0101 Nexus\u00a016 ir savienots p\u0101r\u012b ar Starlink komerci\u0101lo versiju, lai nodro\u0161in\u0101tu 200\u00a0Mb\/s lejupsaiti un 25\u00a0Mb\/s aug\u0161upsaites atvilces savienojumu ar publisko internetu un korporat\u012bvajiem t\u012bkliem. Kad ir izveidots savienojums, balss mobilo radio, datu sh\u0113mas un, iesp\u0113jams, LTE var p\u0101rraid\u012bt 15\u00a0km r\u0101dius\u0101 ap nometni.\n\t\t<h2>\n\t\t\tK\u0101 darbojas Nexus\u00a016\n\t\t<\/h2>\n\t\t\t<p>Unik\u0101lais Nexus\u00a016 dizains samazina vajadz\u012bbu p\u0113c sertific\u0113tiem stiprin\u0101jumiem, mazina ba\u017eas par dro\u0161\u012bbu un ietaupa ekspluat\u0101cijas izmaksas. Skatiet visu priek\u0161roc\u012bbu un specifik\u0101ciju kl\u0101stu, lejupiel\u0101d\u0113jot t\u0101l\u0101k nor\u0101d\u012bto PDF.<a href=\"https:\/\/citech.com.au\/wp-content\/uploads\/2023\/04\/NEXUS-16-Brochure-v2.pdf\" target=\"_blank\" rel=\"noopener\"><strong>Nexus\u00a016 bro\u0161\u016bra \u00bb<\/strong><\/a><\/p>\t\t\n\t\t\t\t\t\t\t\t\t<img loading=\"lazy\" decoding=\"async\" src=\"https:\/\/citech.com.au\/wp-content\/uploads\/2023\/05\/nexus-16-transportation.png\" alt=\"nexus-16-transportation\" itemprop=\"image\" height=\"400\" width=\"600\" srcset=\"https:\/\/citech.com.au\/wp-content\/uploads\/2023\/05\/nexus-16-transportation.png 600w, https:\/\/citech.com.au\/wp-content\/uploads\/2023\/05\/nexus-16-transportation-300x200.png 300w\" sizes=\"auto, (max-width: 600px) 100vw, 600px\" title=\"nexus-16-transportation\" onerror=\"this.style.display='none'\"  \/>\n\t\t\t01.\u00a0darb\u012bba\n\t\t<h3>\n\t\t\tTransports\n\t\t<\/h3>\n\t\t\t<p>The Nexus 16 complies with the dimensions of an in-gauge 20 foot high-cube container complete with all 8 container locks.At an operating weight of 9.6T, Nexus can be lifted, stored and transported by any asset that can handle sea containers.<\/p>\t\t\n\t\t\t\t\t\t\t\t\t<img loading=\"lazy\" decoding=\"async\" src=\"https:\/\/citech.com.au\/wp-content\/uploads\/2023\/05\/nexus-16-unloading.png\" alt=\"nexus-16-unloading\" itemprop=\"image\" height=\"400\" width=\"600\" srcset=\"https:\/\/citech.com.au\/wp-content\/uploads\/2023\/05\/nexus-16-unloading.png 600w, https:\/\/citech.com.au\/wp-content\/uploads\/2023\/05\/nexus-16-unloading-300x200.png 300w\" sizes=\"auto, (max-width: 600px) 100vw, 600px\" title=\"nexus-16-unloading\" onerror=\"this.style.display='none'\"  \/>\n\t\t\t02.\u00a0darb\u012bba\n\t\t<h3>\n\t\t\tIzkrau\u0161ana\n\t\t<\/h3>\n\t\t\t<p>Kad Nexus\u00a016 ir non\u0101cis j\u016bsu vietn\u0113, nospie\u017eot vienu bezvadu pults pogu, tiks iesl\u0113gta hidraulika, un NX16 autom\u0101tiski pacelsies no transport\u0113\u0161anas kravas automa\u0161\u012bnas un nos\u0113d\u012bsies uz zemes. No zemes l\u012bme\u0146a darbu var veikt apr\u012bkojuma telp\u0101 vai torn\u012b, samazinot dro\u0161\u012bbas apsv\u0113rumus.<\/p>\t\t\n\t\t\t\t\t\t\t\t\t<img loading=\"lazy\" decoding=\"async\" src=\"https:\/\/citech.com.au\/wp-content\/uploads\/2023\/05\/nexus-16-stabilisation.png\" alt=\"nexus-16-stabilisation\" itemprop=\"image\" height=\"400\" width=\"600\" srcset=\"https:\/\/citech.com.au\/wp-content\/uploads\/2023\/05\/nexus-16-stabilisation.png 600w, https:\/\/citech.com.au\/wp-content\/uploads\/2023\/05\/nexus-16-stabilisation-300x200.png 300w\" sizes=\"auto, (max-width: 600px) 100vw, 600px\" title=\"nexus-16-stabilisation\" onerror=\"this.style.display='none'\"  \/>\n\t\t\t03.\u00a0darb\u012bba\n\t\t<h3>\n\t\t\tStabiliz\u0101cija\n\t\t<\/h3>\n\t\t\t<p>P\u0113c visu p\u0101rbau\u017eu vai izmai\u0146u pabeig\u0161anas, v\u0113lreiz nospie\u017eot pogu, 4 dubult\u0101 savienojuma k\u0101jas izvirz\u012bs un autom\u0101tiski izl\u012bdzin\u0101s un stabiliz\u0113s platformu. Autonomais nivel\u0113\u0161anas algoritms var nodro\u0161in\u0101t nel\u012bdzenu zemi un +\/-10 gr\u0101du nog\u0101zes.<\/p>\t\t\n\t\t\t\t\t\t\t\t\t<img loading=\"lazy\" decoding=\"async\" src=\"https:\/\/citech.com.au\/wp-content\/uploads\/2023\/05\/nexus-16-power.png\" alt=\"nexus-16-power\" itemprop=\"image\" height=\"400\" width=\"600\" srcset=\"https:\/\/citech.com.au\/wp-content\/uploads\/2023\/05\/nexus-16-power.png 600w, https:\/\/citech.com.au\/wp-content\/uploads\/2023\/05\/nexus-16-power-300x200.png 300w\" sizes=\"auto, (max-width: 600px) 100vw, 600px\" title=\"nexus-16-power\" onerror=\"this.style.display='none'\"  \/>\n\t\t\t04.\u00a0darb\u012bba\n\t\t<h3>\n\t\t\tJauda\n\t\t<\/h3>\n\t\t\t<p>Kad NX16 ir l\u012bdzens un stabils, saules bloks tiks autom\u0101tiski izvietots. Ieg\u016btie 4,8 kW pane\u013ci var iztur\u0113t 800\u00a0W iek\u0101rtas slodzi gandr\u012bz neierobe\u017eotu laiku un noslogo l\u012bdz 1,2\u00a0kW gadu starp \u0123eneratora uzpild\u012b\u0161anu. Slodzes l\u012bdz 7 kW var atbalst\u012bt ar papildu d\u012bze\u013cdegvielas izmanto\u0161anu un v\u0113l vair\u0101k ar jaudas uzlabojumiem.<\/p>\t\t\n\t\t\t\t\t\t\t\t\t<img loading=\"lazy\" decoding=\"async\" src=\"https:\/\/citech.com.au\/wp-content\/uploads\/2023\/05\/nexus-16-expansion.png\" alt=\"nexus-16-expansion\" itemprop=\"image\" height=\"400\" width=\"600\" srcset=\"https:\/\/citech.com.au\/wp-content\/uploads\/2023\/05\/nexus-16-expansion.png 600w, https:\/\/citech.com.au\/wp-content\/uploads\/2023\/05\/nexus-16-expansion-300x200.png 300w\" sizes=\"auto, (max-width: 600px) 100vw, 600px\" title=\"nexus-16-expansion\" onerror=\"this.style.display='none'\"  \/>\n\t\t\t05.\u00a0darb\u012bba\n\t\t<h3>\n\t\t\tPapla\u0161in\u0101\u0161an\u0101s\n\t\t<\/h3>\n\t\t\t<p>Tower lift comes next and like all other tasks, is a 1 button deploy. Driven by a locking lead screw in the base, the scissor-based tower will lift to a full height of 16 meters. Supporting large payloads weighing up to 250kG in 100km\/h winds with compete stability and safety.Electrically driven and self-aligning antenna mounts completes the installation by locking onto the coordinates of far end microwave radio systems.<\/p>\t\t\n\t\t\t\t\t\t\t\t\t<img loading=\"lazy\" decoding=\"async\" src=\"https:\/\/citech.com.au\/wp-content\/uploads\/2023\/05\/nexus-16-built-in-reliability-safety.png\" alt=\"nexus-16-built-in-reliability-safety\" itemprop=\"image\" height=\"400\" width=\"600\" srcset=\"https:\/\/citech.com.au\/wp-content\/uploads\/2023\/05\/nexus-16-built-in-reliability-safety.png 600w, https:\/\/citech.com.au\/wp-content\/uploads\/2023\/05\/nexus-16-built-in-reliability-safety-300x200.png 300w\" sizes=\"auto, (max-width: 600px) 100vw, 600px\" title=\"nexus-16-built-in-reliability-safety\" onerror=\"this.style.display='none'\"  \/>\n\t\t\t06.\u00a0darb\u012bba\n\t\t<h3>\n\t\t\tBuilt-in Reliability &#038; Safety\n\t\t<\/h3>\n\t\t\t<p>The heavily researched and patented 16-meter tower is driven at the base by a lead screw which must be driven to raise or lower the tower thereby eliminating safety issues that plague stored energy systems using pneumatics or hydraulics.In addition to the vastly improved safety case, the screw drive and completely mechanical construction of the tower translates to many years of reliable operation in the world&#8217;s most demanding environments.<\/p>\t\t\n\t\t\t<video src=\"https:\/\/citech.com.au\/wp-content\/uploads\/2023\/04\/Mechanical-Animation.mp4\" autoplay=\"\" webkit-playsinline=\"\" playsinline=\"\" loop=\"\" controls=\"\" muted=\"muted\"><\/video>\n\t\t<h3>\n\t\t\tGr\u0101matas prezent\u0101cija\n\t\t<\/h3>\n\t\t\t<p>Want to see the Nexus 16 rapidly deployable system in person?Based in Fremantle, Western Australia, our experienced team will happily organise a demonstration to showcase the capabilities of Nexus 16 and what sets it apart from the current standard telecommunication towers used on minesites.<\/p>\t\t\n\t<a href=\"https:\/\/citech.com.au\/lv\/contact\/\" target=\"_self\" role=\"button\" aria-label=\"Rezerv\u0113jiet t\u016bl\u012bt\">\n\t\t\t\t\t\tRezerv\u0113jiet t\u016bl\u012bt\n\t\t\t\t\t<\/a>","protected":false},"excerpt":{"rendered":"<p>Resources Sector Minesites need to leverage the very best in safe, powerful and reliable technology that CiTech designs and delivers. Introducing Nexus 16 Mining companies face some of the most difficult operating environments of any industry defined by very remote areas, hazardous working conditions and extremes in weather and other environmental challenges.Add to this, stringent&hellip;<\/p>","protected":false},"author":1,"featured_media":0,"parent":87,"menu_order":0,"comment_status":"closed","ping_status":"closed","template":"","meta":{"_acf_changed":false,"footnotes":""},"class_list":["post-99","page","type-page","status-publish","hentry"],"acf":[],"_links":{"self":[{"href":"https:\/\/citech.com.au\/lv\/wp-json\/wp\/v2\/pages\/99","targetHints":{"allow":["GET"]}}],"collection":[{"href":"https:\/\/citech.com.au\/lv\/wp-json\/wp\/v2\/pages"}],"about":[{"href":"https:\/\/citech.com.au\/lv\/wp-json\/wp\/v2\/types\/page"}],"author":[{"embeddable":true,"href":"https:\/\/citech.com.au\/lv\/wp-json\/wp\/v2\/users\/1"}],"replies":[{"embeddable":true,"href":"https:\/\/citech.com.au\/lv\/wp-json\/wp\/v2\/comments?post=99"}],"version-history":[{"count":5,"href":"https:\/\/citech.com.au\/lv\/wp-json\/wp\/v2\/pages\/99\/revisions"}],"predecessor-version":[{"id":421,"href":"https:\/\/citech.com.au\/lv\/wp-json\/wp\/v2\/pages\/99\/revisions\/421"}],"up":[{"embeddable":true,"href":"https:\/\/citech.com.au\/lv\/wp-json\/wp\/v2\/pages\/87"}],"wp:attachment":[{"href":"https:\/\/citech.com.au\/lv\/wp-json\/wp\/v2\/media?parent=99"}],"curies":[{"name":"wp","href":"https:\/\/api.w.org\/{rel}","templated":true}]}}